{"id":1513,"date":"2023-07-19T11:32:09","date_gmt":"2023-07-19T10:32:09","guid":{"rendered":"https:\/\/youcat.dev\/?page_id=1513"},"modified":"2023-07-28T08:46:18","modified_gmt":"2023-07-28T07:46:18","slug":"youcat-digital","status":"publish","type":"page","link":"https:\/\/youcat.dev\/de\/youcat-digital\/","title":{"rendered":"YOUCAT Digital"},"content":{"rendered":"<span><span><a href=\"https:\/\/youcat.dev\/de\/\"><span class=\"icon yc-icon-yc-home-filled\"><\/span><\/a><\/span><\/span>\n\t<h1><strong><\/strong><\/h1>\n<p>Entdecke hier unsere digitalen Produkte, die Dir helfen werden, im Glauben zu wachsen und selbst zum Missionar zu werden.<\/p>\n\t\t\t\t<img loading=\"lazy\" decoding=\"async\" src=\"https:\/\/youcat.dev\/wp-content\/uploads\/2023\/07\/youcat-daily.webp\" alt=\"Youcat Daily App\" itemprop=\"image\" height=\"690\" width=\"345\" title=\"youcat-daily\" onerror=\"this.style.display='none'\"  \/>\n\t<h2>YOUCAT Daily App<\/h2>\n<p>Tag f\u00fcr Tag im Glauben wachsen. In 5 Minuten das Tagesevangelium und eine Frage aus dem YOUCAT oder DOCAT lesen.<\/p>\n<a href=\"https:\/\/youcat.dev\/de\/daily\/\">Mehr erfahren <\/a>\n\t\t\t\t<img loading=\"lazy\" decoding=\"async\" src=\"https:\/\/youcat.dev\/wp-content\/uploads\/2023\/07\/docat-app.webp\" alt=\"docat-app\" itemprop=\"image\" height=\"690\" width=\"345\" title=\"docat-app\" onerror=\"this.style.display='none'\"  \/>\n\t<h2>DOCAT-App<\/h2>\n<p>Mit dieser App kannst Du den DOCAT lesen, anhand von gef\u00fchrten Einheiten (Studyguides) die Soziallehre kennenlernen und Anregungen erhalten, was Du konkret tun kannst, um Deine Umgebung zu ver\u00e4ndern.<\/p>\n<a href=\"https:\/\/youcat.dev\/de\/docat-app\/\">Mehr erfahren <\/a>\n\t\t\t\t<img loading=\"lazy\" decoding=\"async\" src=\"https:\/\/youcat.dev\/wp-content\/uploads\/2023\/07\/youcat-credopedia.webp\" alt=\"youcat-credopedia\" itemprop=\"image\" height=\"690\" width=\"345\" title=\"youcat-credopedia\" onerror=\"this.style.display='none'\"  \/>\n\t<h2>Credopedia<\/h2>\n<p>Online-Nachschlagewerk zum katholischen Glauben.<\/p>\n<a href=\"https:\/\/youcat.dev\/de\/credopedia\/\">Credopdia  entdecken <\/a>\n\t\t\t\t<img loading=\"lazy\" decoding=\"async\" src=\"https:\/\/youcat.dev\/wp-content\/uploads\/2023\/07\/youcat-minicat.webp\" alt=\"youcat-minicat\" itemprop=\"image\" height=\"690\" width=\"345\" title=\"youcat-minicat\" onerror=\"this.style.display='none'\"  \/>\n\t<h2>Minicat<\/h2>\n<p>Online-Nachschlagewerk zum Kirchenjahr.<\/p>\n<a href=\"https:\/\/youcat.dev\/de\/minicat\/\">Minicat entdecken <\/a>\n\t\t\t\t<img loading=\"lazy\" decoding=\"async\" src=\"https:\/\/youcat.dev\/wp-content\/uploads\/2023\/07\/youcat-bonus-materials.webp\" alt=\"youcat-bonus-materials\" itemprop=\"image\" height=\"690\" width=\"345\" title=\"youcat-bonus-materials\" onerror=\"this.style.display='none'\"  \/>\n\t<h2>Zusatzmaterial<\/h2>\n<p>Den Glauben zu entdecken ist ein spannendes Abenteuer. Hier bieten wir kostenlos viele n\u00fctzliche Materialien an.<\/p>\n<a href=\"https:\/\/youcat.dev\/de\/bonus-material\/\">Zusatzmaterial <\/a>\n\t\t\t\t<img loading=\"lazy\" decoding=\"async\" src=\"https:\/\/youcat.dev\/wp-content\/uploads\/2023\/07\/youcat-newsletter-mockup.webp\" alt=\"youcat-newsletter-mockup\" itemprop=\"image\" height=\"690\" width=\"345\" title=\"youcat-newsletter-mockup\" onerror=\"this.style.display='none'\"  \/>\n\t<h2>Newsletter<\/h2>\nAbonnieren Sie unseren Newsletter und bleiben Sie \u00fcber alle Neuigkeiten rund um YOUCAT auf dem Laufenden.\n\n<a href=\"https:\/\/youcat.dev\/de\/newsletter\/\">Newsletter <\/a>\n\t\t\t\t<img loading=\"lazy\" decoding=\"async\" src=\"https:\/\/youcat.dev\/wp-content\/uploads\/2023\/07\/yc-arrow-to-right.svg\" alt=\"yc-pfeil-nach-rechts\" itemprop=\"image\" height=\"86\" width=\"567\" title=\"yc-pfeil-nach-rechts\" onerror=\"this.style.display='none'\"  \/>\n\t\t\t\t<img loading=\"lazy\" decoding=\"async\" src=\"https:\/\/youcat.dev\/wp-content\/uploads\/2023\/07\/yc-arrow-to-left.svg\" alt=\"yc-pfeil-nach-links\" itemprop=\"image\" height=\"86\" width=\"567\" title=\"yc-pfeil-nach-links\" onerror=\"this.style.display='none'\"  \/>\n\t\t\t\t<img loading=\"lazy\" decoding=\"async\" src=\"https:\/\/youcat.dev\/wp-content\/uploads\/2023\/07\/youcat-dialogische-katechese-featured.webp\" alt=\"youcat-dialogische-katechese-featured\" itemprop=\"image\" height=\"733\" width=\"460\" title=\"youcat-dialogische-katechese-featured\" onerror=\"this.style.display='none'\"  \/>\n\t<p>Neu<\/p>\n\t<h2><strong>Dialogische Katechese<\/strong><\/h2>\n<p>Ein innovatives Konzept f\u00fcr die Praxis<\/p>\n\t\t\t<a href=\"https:\/\/youcat.dev\/de\/products\/dialogische-katechese\/\" target=\"_self\" rel=\"noopener\">\n\t\t\t\t\t\t\tJetzt vorbestellen\n\t\t\t<\/a>","protected":false},"excerpt":{"rendered":"<p>Discover our digital products, which will help you to grow in faith and become missionaries yourself. YOUCAT Daily App Keep growing in faith with a daily 5-minute dose of the Holy Gospel from the Y-Bible and a YOUCAT or DOCAT question. Learn more DOCAT App With this app you can read DOCAT, get to know&hellip;<\/p>","protected":false},"author":7,"featured_media":0,"parent":0,"menu_order":0,"comment_status":"closed","ping_status":"closed","template":"","meta":{"_acf_changed":false,"inline_featured_image":false,"footnotes":""},"acf":[],"yoast_head":"<!-- This site is optimized with the Yoast SEO plugin v22.5 - https:\/\/yoast.com\/wordpress\/plugins\/seo\/ -->\n<title>YOUCAT Digital - YOUCAT<\/title>\n<meta name=\"robots\" content=\"noindex, follow, max-snippet:-1, max-image-preview:large, max-video-preview:-1\" \/>\n<meta property=\"og:locale\" content=\"de_DE\" \/>\n<meta property=\"og:type\" content=\"article\" \/>\n<meta property=\"og:title\" content=\"YOUCAT Digital - YOUCAT\" \/>\n<meta property=\"og:description\" content=\"Discover our digital products, which will help you to grow in faith and become missionaries yourself. YOUCAT Daily App Keep growing in faith with a daily 5-minute dose of the Holy Gospel from the Y-Bible and a YOUCAT or DOCAT question. Learn more DOCAT App With this app you can read DOCAT, get to know&hellip;\" \/>\n<meta property=\"og:url\" content=\"https:\/\/youcat.dev\/de\/youcat-digital\/\" \/>\n<meta property=\"og:site_name\" content=\"YOUCAT\" \/>\n<meta property=\"article:modified_time\" content=\"2023-07-28T07:46:18+00:00\" \/>\n<meta property=\"og:image\" content=\"https:\/\/youcat.dev\/wp-content\/uploads\/2023\/07\/youcat-daily.webp\" \/>\n<meta name=\"twitter:card\" content=\"summary_large_image\" \/>\n<script type=\"application\/ld+json\" class=\"yoast-schema-graph\">{\"@context\":\"https:\/\/schema.org\",\"@graph\":[{\"@type\":\"WebPage\",\"@id\":\"https:\/\/youcat.dev\/youcat-digital\/\",\"url\":\"https:\/\/youcat.dev\/youcat-digital\/\",\"name\":\"YOUCAT Digital - YOUCAT\",\"isPartOf\":{\"@id\":\"https:\/\/youcat.dev\/#website\"},\"primaryImageOfPage\":{\"@id\":\"https:\/\/youcat.dev\/youcat-digital\/#primaryimage\"},\"image\":{\"@id\":\"https:\/\/youcat.dev\/youcat-digital\/#primaryimage\"},\"thumbnailUrl\":\"https:\/\/youcat.dev\/wp-content\/uploads\/2023\/07\/youcat-daily.webp\",\"datePublished\":\"2023-07-19T10:32:09+00:00\",\"dateModified\":\"2023-07-28T07:46:18+00:00\",\"breadcrumb\":{\"@id\":\"https:\/\/youcat.dev\/youcat-digital\/#breadcrumb\"},\"inLanguage\":\"de-DE\",\"potentialAction\":[{\"@type\":\"ReadAction\",\"target\":[\"https:\/\/youcat.dev\/youcat-digital\/\"]}]},{\"@type\":\"ImageObject\",\"inLanguage\":\"de-DE\",\"@id\":\"https:\/\/youcat.dev\/youcat-digital\/#primaryimage\",\"url\":\"https:\/\/youcat.dev\/wp-content\/uploads\/2023\/07\/youcat-daily.webp\",\"contentUrl\":\"https:\/\/youcat.dev\/wp-content\/uploads\/2023\/07\/youcat-daily.webp\"},{\"@type\":\"BreadcrumbList\",\"@id\":\"https:\/\/youcat.dev\/youcat-digital\/#breadcrumb\",\"itemListElement\":[{\"@type\":\"ListItem\",\"position\":1,\"name\":\"\",\"item\":\"https:\/\/youcat.dev\/\"},{\"@type\":\"ListItem\",\"position\":2,\"name\":\"YOUCAT Digital\"}]},{\"@type\":\"WebSite\",\"@id\":\"https:\/\/youcat.dev\/#website\",\"url\":\"https:\/\/youcat.dev\/\",\"name\":\"YOUCAT\",\"description\":\"Der Glaube der katholischen Kirche: anschaulich erkl\u00e4rt, innovativ pr\u00e4sentiert, offiziell best\u00e4tigt.\",\"potentialAction\":[{\"@type\":\"SearchAction\",\"target\":{\"@type\":\"EntryPoint\",\"urlTemplate\":\"https:\/\/youcat.dev\/?s={search_term_string}\"},\"query-input\":\"required name=search_term_string\"}],\"inLanguage\":\"de-DE\"}]}<\/script>\n<!-- \/ Yoast SEO plugin. -->","yoast_head_json":{"title":"YOUCAT Digital - YOUCAT","robots":{"index":"noindex","follow":"follow","max-snippet":"max-snippet:-1","max-image-preview":"max-image-preview:large","max-video-preview":"max-video-preview:-1"},"og_locale":"de_DE","og_type":"article","og_title":"YOUCAT Digital - YOUCAT","og_description":"Discover our digital products, which will help you to grow in faith and become missionaries yourself. YOUCAT Daily App Keep growing in faith with a daily 5-minute dose of the Holy Gospel from the Y-Bible and a YOUCAT or DOCAT question. Learn more DOCAT App With this app you can read DOCAT, get to know&hellip;","og_url":"https:\/\/youcat.dev\/de\/youcat-digital\/","og_site_name":"YOUCAT","article_modified_time":"2023-07-28T07:46:18+00:00","og_image":[{"url":"https:\/\/youcat.dev\/wp-content\/uploads\/2023\/07\/youcat-daily.webp"}],"twitter_card":"summary_large_image","schema":{"@context":"https:\/\/schema.org","@graph":[{"@type":"WebPage","@id":"https:\/\/youcat.dev\/youcat-digital\/","url":"https:\/\/youcat.dev\/youcat-digital\/","name":"YOUCAT Digital - YOUCAT","isPartOf":{"@id":"https:\/\/youcat.dev\/#website"},"primaryImageOfPage":{"@id":"https:\/\/youcat.dev\/youcat-digital\/#primaryimage"},"image":{"@id":"https:\/\/youcat.dev\/youcat-digital\/#primaryimage"},"thumbnailUrl":"https:\/\/youcat.dev\/wp-content\/uploads\/2023\/07\/youcat-daily.webp","datePublished":"2023-07-19T10:32:09+00:00","dateModified":"2023-07-28T07:46:18+00:00","breadcrumb":{"@id":"https:\/\/youcat.dev\/youcat-digital\/#breadcrumb"},"inLanguage":"de-DE","potentialAction":[{"@type":"ReadAction","target":["https:\/\/youcat.dev\/youcat-digital\/"]}]},{"@type":"ImageObject","inLanguage":"de-DE","@id":"https:\/\/youcat.dev\/youcat-digital\/#primaryimage","url":"https:\/\/youcat.dev\/wp-content\/uploads\/2023\/07\/youcat-daily.webp","contentUrl":"https:\/\/youcat.dev\/wp-content\/uploads\/2023\/07\/youcat-daily.webp"},{"@type":"BreadcrumbList","@id":"https:\/\/youcat.dev\/youcat-digital\/#breadcrumb","itemListElement":[{"@type":"ListItem","position":1,"name":"","item":"https:\/\/youcat.dev\/"},{"@type":"ListItem","position":2,"name":"YOUCAT Digital"}]},{"@type":"WebSite","@id":"https:\/\/youcat.dev\/#website","url":"https:\/\/youcat.dev\/","name":"YOUCAT","description":"Der Glaube der katholischen Kirche: anschaulich erkl\u00e4rt, innovativ pr\u00e4sentiert, offiziell best\u00e4tigt.","potentialAction":[{"@type":"SearchAction","target":{"@type":"EntryPoint","urlTemplate":"https:\/\/youcat.dev\/?s={search_term_string}"},"query-input":"required name=search_term_string"}],"inLanguage":"de-DE"}]}},"_links":{"self":[{"href":"https:\/\/youcat.dev\/de\/wp-json\/wp\/v2\/pages\/1513"}],"collection":[{"href":"https:\/\/youcat.dev\/de\/wp-json\/wp\/v2\/pages"}],"about":[{"href":"https:\/\/youcat.dev\/de\/wp-json\/wp\/v2\/types\/page"}],"author":[{"embeddable":true,"href":"https:\/\/youcat.dev\/de\/wp-json\/wp\/v2\/users\/7"}],"replies":[{"embeddable":true,"href":"https:\/\/youcat.dev\/de\/wp-json\/wp\/v2\/comments?post=1513"}],"version-history":[{"count":23,"href":"https:\/\/youcat.dev\/de\/wp-json\/wp\/v2\/pages\/1513\/revisions"}],"predecessor-version":[{"id":3227,"href":"https:\/\/youcat.dev\/de\/wp-json\/wp\/v2\/pages\/1513\/revisions\/3227"}],"wp:attachment":[{"href":"https:\/\/youcat.dev\/de\/wp-json\/wp\/v2\/media?parent=1513"}],"curies":[{"name":"wp","href":"https:\/\/api.w.org\/{rel}","templated":true}]}}