{"id":2708,"date":"2023-07-23T21:12:33","date_gmt":"2023-07-23T20:12:33","guid":{"rendered":"https:\/\/youcat.dev\/?page_id=2708"},"modified":"2023-07-25T10:39:45","modified_gmt":"2023-07-25T09:39:45","slug":"youcat-foundation","status":"publish","type":"page","link":"https:\/\/youcat.dev\/de\/unsere-vision\/","title":{"rendered":"YOUCAT Foundation"},"content":{"rendered":"<span><span><a href=\"https:\/\/youcat.dev\/de\/\"><span class=\"icon yc-icon-yc-home-filled\"><\/span><\/a><\/span><\/span>\n\t<p>Die YOUCAT Foundation<\/p>\n<h1>Mission Statement<\/h1>\n<p><strong>Wir machen B\u00fccher und entwickeln digitale Produkte in partizipativen Prozessen, damit Menschen Gott begegnen k\u00f6nnen und den Glaubensschatz der katholischen Kirche (kennen-)lernen und lehren k\u00f6nnen.<\/strong><\/p>\n\t<h2>\u00dcber uns<\/h2>\n<p>Die YOUCAT Foundation gGmbH unterst\u00fctzt Menschen, die ihren katholischen Glauben leben und ihn weitergeben. Sie will Menschen auf ihrem Glaubensweg unterst\u00fctzen und ihnen Materialien f\u00fcr die Verk\u00fcndigung des Evangeliums an die Hand geben.<\/p>\n<p>Jeden Tag erreicht die YOUCAT Foundation weltweit Tausende junger Menschen mit digitalen und gedruckten Produkten und hilft ihnen dabei, authentische Zeugen des katholischen Glaubens zu werden. Die YOUCAT B\u00fccher wurden millionenfach gedruckt und bereits in \u00fcber 60 Sprachen \u00fcbersetzt, unz\u00e4hlige Studiengruppen wurden gestartet.<\/p>\n<p>Die YOUCAT Foundation ist eine gemeinn\u00fctzige Organisation und Tochtergesellschaft des p\u00e4pstlichen Hilfswerks Aid to the Church in Need. Sie ist selbstlos t\u00e4tig und verfolgt ausschlie\u00dflich gemeinn\u00fctzige Zwecke. Sie erh\u00e4lt keine Zuwendungen von staatlichen oder kirchlichen Stellen und finanziert sich durch Spenden und Buchverk\u00e4ufe.<\/p>\n\t\t\t<a href=\"https:\/\/youcat.dev\/de\/products\/\" target=\"_self\" rel=\"noopener\">\n\t\t\t\t\t\t\tAlle B\u00fccher anzeigen\n\t\t\t\t\t<\/a>","protected":false},"excerpt":{"rendered":"<p>The YOUCAT Foundation Mission Statement We make books and develop digital products in participative processes so that people can encounter God and (get to) know and teach the faith treasure of the Catholic Church. About us YOUCAT Foundation gGmbH supports people who live and teach their Catholic. YOUCAT wants to support people on their faith&hellip;<\/p>","protected":false},"author":8,"featured_media":0,"parent":0,"menu_order":0,"comment_status":"closed","ping_status":"closed","template":"","meta":{"_acf_changed":false,"inline_featured_image":false,"footnotes":""},"acf":[],"yoast_head":"<!-- This site is optimized with the Yoast SEO plugin v22.5 - https:\/\/yoast.com\/wordpress\/plugins\/seo\/ -->\n<title>YOUCAT Foundation - YOUCAT<\/title>\n<meta name=\"robots\" content=\"noindex, follow, max-snippet:-1, max-image-preview:large, max-video-preview:-1\" \/>\n<meta property=\"og:locale\" content=\"de_DE\" \/>\n<meta property=\"og:type\" content=\"article\" \/>\n<meta property=\"og:title\" content=\"YOUCAT Foundation - YOUCAT\" \/>\n<meta property=\"og:description\" content=\"The YOUCAT Foundation Mission Statement We make books and develop digital products in participative processes so that people can encounter God and (get to) know and teach the faith treasure of the Catholic Church. About us YOUCAT Foundation gGmbH supports people who live and teach their Catholic. YOUCAT wants to support people on their faith&hellip;\" \/>\n<meta property=\"og:url\" content=\"https:\/\/youcat.dev\/de\/unsere-vision\/\" \/>\n<meta property=\"og:site_name\" content=\"YOUCAT\" \/>\n<meta property=\"article:modified_time\" content=\"2023-07-25T09:39:45+00:00\" \/>\n<meta name=\"twitter:card\" content=\"summary_large_image\" \/>\n<meta name=\"twitter:label1\" content=\"Gesch\u00e4tzte Lesezeit\" \/>\n\t<meta name=\"twitter:data1\" content=\"1 Minute\" \/>\n<script type=\"application\/ld+json\" class=\"yoast-schema-graph\">{\"@context\":\"https:\/\/schema.org\",\"@graph\":[{\"@type\":\"WebPage\",\"@id\":\"https:\/\/youcat.dev\/youcat-foundation\/\",\"url\":\"https:\/\/youcat.dev\/youcat-foundation\/\",\"name\":\"YOUCAT Foundation - YOUCAT\",\"isPartOf\":{\"@id\":\"https:\/\/youcat.dev\/#website\"},\"datePublished\":\"2023-07-23T20:12:33+00:00\",\"dateModified\":\"2023-07-25T09:39:45+00:00\",\"breadcrumb\":{\"@id\":\"https:\/\/youcat.dev\/youcat-foundation\/#breadcrumb\"},\"inLanguage\":\"de-DE\",\"potentialAction\":[{\"@type\":\"ReadAction\",\"target\":[\"https:\/\/youcat.dev\/youcat-foundation\/\"]}]},{\"@type\":\"BreadcrumbList\",\"@id\":\"https:\/\/youcat.dev\/youcat-foundation\/#breadcrumb\",\"itemListElement\":[{\"@type\":\"ListItem\",\"position\":1,\"name\":\"\",\"item\":\"https:\/\/youcat.dev\/\"},{\"@type\":\"ListItem\",\"position\":2,\"name\":\"YOUCAT Foundation\"}]},{\"@type\":\"WebSite\",\"@id\":\"https:\/\/youcat.dev\/#website\",\"url\":\"https:\/\/youcat.dev\/\",\"name\":\"YOUCAT\",\"description\":\"Der Glaube der katholischen Kirche: anschaulich erkl\u00e4rt, innovativ pr\u00e4sentiert, offiziell best\u00e4tigt.\",\"potentialAction\":[{\"@type\":\"SearchAction\",\"target\":{\"@type\":\"EntryPoint\",\"urlTemplate\":\"https:\/\/youcat.dev\/?s={search_term_string}\"},\"query-input\":\"required name=search_term_string\"}],\"inLanguage\":\"de-DE\"}]}<\/script>\n<!-- \/ Yoast SEO plugin. -->","yoast_head_json":{"title":"YOUCAT Foundation - YOUCAT","robots":{"index":"noindex","follow":"follow","max-snippet":"max-snippet:-1","max-image-preview":"max-image-preview:large","max-video-preview":"max-video-preview:-1"},"og_locale":"de_DE","og_type":"article","og_title":"YOUCAT Foundation - YOUCAT","og_description":"The YOUCAT Foundation Mission Statement We make books and develop digital products in participative processes so that people can encounter God and (get to) know and teach the faith treasure of the Catholic Church. About us YOUCAT Foundation gGmbH supports people who live and teach their Catholic. YOUCAT wants to support people on their faith&hellip;","og_url":"https:\/\/youcat.dev\/de\/unsere-vision\/","og_site_name":"YOUCAT","article_modified_time":"2023-07-25T09:39:45+00:00","twitter_card":"summary_large_image","twitter_misc":{"Gesch\u00e4tzte Lesezeit":"1 Minute"},"schema":{"@context":"https:\/\/schema.org","@graph":[{"@type":"WebPage","@id":"https:\/\/youcat.dev\/youcat-foundation\/","url":"https:\/\/youcat.dev\/youcat-foundation\/","name":"YOUCAT Foundation - YOUCAT","isPartOf":{"@id":"https:\/\/youcat.dev\/#website"},"datePublished":"2023-07-23T20:12:33+00:00","dateModified":"2023-07-25T09:39:45+00:00","breadcrumb":{"@id":"https:\/\/youcat.dev\/youcat-foundation\/#breadcrumb"},"inLanguage":"de-DE","potentialAction":[{"@type":"ReadAction","target":["https:\/\/youcat.dev\/youcat-foundation\/"]}]},{"@type":"BreadcrumbList","@id":"https:\/\/youcat.dev\/youcat-foundation\/#breadcrumb","itemListElement":[{"@type":"ListItem","position":1,"name":"","item":"https:\/\/youcat.dev\/"},{"@type":"ListItem","position":2,"name":"YOUCAT Foundation"}]},{"@type":"WebSite","@id":"https:\/\/youcat.dev\/#website","url":"https:\/\/youcat.dev\/","name":"YOUCAT","description":"Der Glaube der katholischen Kirche: anschaulich erkl\u00e4rt, innovativ pr\u00e4sentiert, offiziell best\u00e4tigt.","potentialAction":[{"@type":"SearchAction","target":{"@type":"EntryPoint","urlTemplate":"https:\/\/youcat.dev\/?s={search_term_string}"},"query-input":"required name=search_term_string"}],"inLanguage":"de-DE"}]}},"_links":{"self":[{"href":"https:\/\/youcat.dev\/de\/wp-json\/wp\/v2\/pages\/2708"}],"collection":[{"href":"https:\/\/youcat.dev\/de\/wp-json\/wp\/v2\/pages"}],"about":[{"href":"https:\/\/youcat.dev\/de\/wp-json\/wp\/v2\/types\/page"}],"author":[{"embeddable":true,"href":"https:\/\/youcat.dev\/de\/wp-json\/wp\/v2\/users\/8"}],"replies":[{"embeddable":true,"href":"https:\/\/youcat.dev\/de\/wp-json\/wp\/v2\/comments?post=2708"}],"version-history":[{"count":12,"href":"https:\/\/youcat.dev\/de\/wp-json\/wp\/v2\/pages\/2708\/revisions"}],"predecessor-version":[{"id":3039,"href":"https:\/\/youcat.dev\/de\/wp-json\/wp\/v2\/pages\/2708\/revisions\/3039"}],"wp:attachment":[{"href":"https:\/\/youcat.dev\/de\/wp-json\/wp\/v2\/media?parent=2708"}],"curies":[{"name":"wp","href":"https:\/\/api.w.org\/{rel}","templated":true}]}}