{"id":2748,"date":"2023-07-24T05:55:48","date_gmt":"2023-07-24T04:55:48","guid":{"rendered":"https:\/\/youcat.dev\/?page_id=2748"},"modified":"2023-07-24T12:20:14","modified_gmt":"2023-07-24T11:20:14","slug":"terms-and-conditions","status":"publish","type":"page","link":"https:\/\/youcat.dev\/de\/agb\/","title":{"rendered":"AGB und Widerrufsrecht"},"content":{"rendered":"<span><span><a href=\"https:\/\/youcat.dev\/de\/\"><span class=\"icon yc-icon-yc-home-filled\"><\/span><\/a><\/span><\/span>\n\t<h1>AGB und Widerrufsrecht<\/h1>\n<h2>1. Allgemeines<\/h2>\n<p>(1) Nachstehende Allgemeine Gesch\u00e4ftsbedingungen gelten f\u00fcr alle Vertr\u00e4ge, Lieferungen und sonstige Leistungen der Firma YOUCAT Foundation gemeinn\u00fctzige GmbH, Bischof-Kindermann-Str. 23, 61462 K\u00f6nigstein im Taunus, (nachstehend: YOUCAT), gegen\u00fcber ihren Kunden. Es gilt stets die zum Zeitpunkt der Bestellung g\u00fcltige Fassung der Allgemeinen Gesch\u00e4ftsbedingungen.<\/p>\n<p>(2) Abweichenden Vorschriften der Kunden wird hiermit widersprochen. Abweichende Bedingungen erkennt YOUCAT nur an, wenn dies ausdr\u00fccklich und schriftlich vereinbart wurde. Im Einzelfall mit dem Kunden getroffene Vereinbarungen (auch Nebenabreden, Erg\u00e4nzungen und \u00c4nderungen) haben in jedem Fall Vorrang vor diesen Gesch\u00e4ftsbedingungen.<\/p>\n<p>(3) Business relations within the EU between YOUCAT and merchants, legal entities under public law and special assets under public law shall be governed by the law of the Federal Republic of Germany to the exclusion of the UN Convention on Contracts for the International Sale of Goods. The mandatory consumer protection regulations of the country in which the buyer has his habitual residence are excluded from the choice of law, since in business transactions with consumers within the European Union the law of the consumer&#8217;s place of residence may be applicable, provided that it is a matter of mandatory consumer law provisions.<\/p>\n<p>(4) If YOUCAT enters into business relations with buyers outside the EU, the law of the Federal Republic of Germany shall apply without exception to the exclusion of the UN Convention on Contracts for the International Sale of Goods. In such cases, the place of jurisdiction shall be Augsburg, whereby YOUCAT may also sue at the buyer&#8217;s place of business.<\/p>\n<p>(5) Furthermore, Augsburg shall be the place of jurisdiction for business transactions with merchants, legal entities under public law and special funds under public law within the EU. YOUCAT is also at liberty here to sue at the buyer&#8217;s place of business.<\/p>\n<p>(6) Die Vertragssprache ist deutsch.<\/p>\n<h2>2. Vertragsschluss<\/h2>\n<p>(1) Der Vertrag kommt dadurch zustande, dass wir Ihre Bestellung durch unsere Auftragsbest\u00e4tigung annehmen, sp\u00e4tetens mit Zusendung der Ware; die Annahme der Allgemeinen Gesch\u00e4ftsbedingungen ist Voraussetzung f\u00fcr das Zustandekommen des Vertrages. Wir best\u00e4tigen den Eingang der Bestellung per E-Mail. Vor verbindlicher Abgabe seiner Bestellung kann der Kunde alle Eingaben laufend \u00fcber die \u00fcblichen Tastatur- und Mausfunktionen korrigieren. Dar\u00fcber hinaus werden alle Eingaben vor verbindlicher Abgabe der Bestellung noch einmal in einem Best\u00e4tigungsfenster angezeigt und k\u00f6nnen auch dort mittels der \u00fcblichen Tastatur- und Mausfunktionen korrigiert werden. Mit der Auftragsbest\u00e4tigung \u00fcbersenden wir Ihnen den Vertragstext und diese Allgemeinen Gesch\u00e4ftsbedingungen.<\/p>\n<p>(2) Die Angebote auf dieser Webseite sind unverbindlich. Abweichungen und technische \u00c4nderungen gegen\u00fcber den dortigen Abbildungen oder Beschreibungen sind m\u00f6glich.<\/p>\n<h2>3. Lieferung und Zahlung<\/h2>\n<p>(1) Es gibt keine Mindestbestellmenge. Alle Preise enthalten die gesetzliche Mehrwertsteuer. Nach der Bestellung erh\u00e4lt der Kunde per E-Mail eine Auftragsbest\u00e4tigung, die eine Aufstellung der bestellten Ware enth\u00e4lt und in der die Bankverbindung angegeben ist. Der Kaufpreis ist, wenn individuell nicht abweichend vereinbart, unmittelbar nach Vertragsschluss durch \u00fcbliche Zahlungsmittel an YOUCAT zu zahlen.<\/p>\n<p>(2) Der Versand der bestellten Waren durch YOUCAT erfolgt nach Eingang des Kaufpreises. Die bestellten Waren werden, sofern individuell nicht abweichend vereinbart, an die vom Besteller angegebene Adresse geliefert. YOUCAT beh\u00e4lt sich vor, eine Teillieferung vorzunehmen, sofern dies f\u00fcr eine z\u00fcgige Abwicklung vorteilhaft erscheint und f\u00fcr den Kunden nicht unzumutbar ist. Vom Kunden gew\u00fcnschte Sonderversendungsformen werden mit dem orts\u00fcblichen Zuschlag berechnet.<\/p>\n<h2>4. Lieferzeiten<\/h2>\n<p>(1) Die Lieferfristen sind in den Artikelbeschreibungen angegeben.<\/p>\n<p>(2) YOUCAT reserves the right to release itself from the obligation to fulfil the contract or to withdraw from it if the goods are to be delivered by a supplier on the day of delivery and the delivery is not made in whole or in part. This self-delivery reservation shall only apply if YOUCAT is not responsible for the non-delivery. YOUCAT is not responsible for the absence of performance if a so-called congruent hedging transaction for the fulfilment of contractual obligations was concluded in good time with the supplier. If the goods are not delivered, YOUCAT will immediately inform the customer of this circumstance and refund the purchase price. The customer may determine that the refund amount shall be credited to the customer&#8217;s account and offset against future orders.<\/p>\n<h2>5. Gefahr\u00fcbergang<\/h2>\n<p>Ist der Kunde nicht Verbraucher, so geht die Gefahr gem. \u00a7 447 BGB mit \u00dcbergabe der Ware an das Transportunternehmen auf den Kunden \u00fcber. Sonst gilt \u00a7 446 BGB.<\/p>\n<h2>6. Eigentumsvorbehalt, Zur\u00fcckbehaltungsrecht<\/h2>\n<p>(1) The delivered goods shall remain the property of YOUCAT until all claims arising from the contract have been fulfilled; in the event that the customer is a legal entity under public law, a special fund under public law or an entrepreneur in the exercise of his commercial or independent professional activity, the delivered goods shall also remain the property of YOUCAT from the current business relationship until all claims to which YOUCAT is entitled in connection with the contract have been settled. In this case, YOUCAT undertakes to release the securities to which it is entitled at the customer&#8217;s request if their value exceeds the claims to be secured by more than 20%.<\/p>\n<p>(2) Zur Aus\u00fcbung eines Zur\u00fcckbehaltungsrechts ist der Kunde nur insoweit befugt, als sein Gegenanspruch auf demselben Vertragsverh\u00e4ltnis beruht.<\/p>\n<h2>7. Haftung f\u00fcr Sach- und Rechtsm\u00e4ngel<\/h2>\n<p>(1) YOUCAT gew\u00e4hrleistet, dass die verkaufte Ware zum Zeitpunkt des Gefahr\u00fcberganges frei von Material- und Fabrikationsfehlern ist. Die von YOUCAT in Katalogen, Prospekten und auf der Internetseite gemachten Angaben stellen keine Beschaffenheitsgarantie i.S.d. \u00a7 443 BGB dar.<\/p>\n<p>(2) Der Kunde kann M\u00e4ngel an den gelieferten Waren nur geltend machen, wenn er diese innerhalb der gesetzlichen Gew\u00e4hrleistungsfrist bei YOUCAT r\u00fcgt. Ma\u00dfgeblich ist der Zeitpunkt der Absendung der M\u00e4ngelr\u00fcge. Eine sp\u00e4tere Geltendmachung ist ausgeschlossen. Soweit an dem Vertrag nur Kaufleute beteiligt sind, gelten erg\u00e4nzend die \u00a7\u00a7 377 ff. HGB.<\/p>\n<p>(3) Liegen M\u00e4ngel vor und wurden diese rechtzeitig geltend gemacht, so ist YOUCAT zur Nacherf\u00fcllung berechtigt. Im \u00dcbrigen gelten hinsichtlich der Gew\u00e4hrleistung die gesetzlichen Bestimmungen.<\/p>\n<h2>8. Haftung<\/h2>\n<p>(1) Au\u00dferhalb der Haftung f\u00fcr Sach- und Rechtsm\u00e4ngel haftet YOUCAT unbeschr\u00e4nkt, soweit die Schadensursache auf Vorsatz oder grober Fahrl\u00e4ssigkeit beruht. Er haftet auch f\u00fcr die leicht fahrl\u00e4ssige Verletzung von wesentlichen Pflichten (Pflichten, deren Verletzung die Erreichung des Vertragszwecks gef\u00e4hrdet) sowie f\u00fcr die Verletzung von Kardinalpflichten (Pflichten, deren Erf\u00fcllung die ordnungsgem\u00e4\u00dfe Durchf\u00fchrung des Vertrages \u00fcberhaupt erst erm\u00f6glicht und auf deren Einhaltung der Kunde regelm\u00e4\u00dfig vertraut), jedoch jeweils nur f\u00fcr den vorhersehbaren, vertragstypischen Schaden. F\u00fcr die leicht fahrl\u00e4ssige Verletzung anderer als der vorstehenden Pflichten haftet YOUCAT nicht.<\/p>\n<p>(2) Die Haftungsbeschr\u00e4nkungen des vorstehenden Absatzes gelten nicht bei der Verletzung von Leben, K\u00f6rper und Gesundheit, f\u00fcr einen Mangel nach \u00dcbernahme einer Garantie f\u00fcr die Beschaffenheit des Produktes und bei arglistig verschwiegenen M\u00e4ngeln. Die Haftung nach dem Produkthaftungsgesetz bleibt unber\u00fchrt.<\/p>\n<p>(3) Ist die Haftung von YOUCAT ausgeschlossen oder beschr\u00e4nkt, so gilt dies ebenfalls f\u00fcr die pers\u00f6nliche Haftung seiner Angestellten, Vertreter und Erf\u00fcllungsgehilfen.<\/p>\n<h2>9. Datenspeicherung und Datenschutz<\/h2>\n<p>(1) The customer is aware of and agrees that the personal data required for processing the order will be stored by YOUCAT on data carriers. The customer expressly consents to the collection, processing and use of his personal data. The stored personal data will of course be treated confidentially by YOUCAT. The collection, processing and use of the customer&#8217;s personal data is carried out in compliance with our data protection declaration of the Federal Data Protection Act (BDSG), the Telemedia Act (TMG).<\/p>\n<p>(2) Dem Kunden steht das Recht zu, seine Einwilligung jederzeit mit Wirkung f\u00fcr die Zukunft zu widerrufen. YOUCAT ist in diesem Fall zur sofortigen L\u00f6schung der pers\u00f6nlichen Daten des Kunden verpflichtet. Bei laufenden Bestellvorg\u00e4ngen erfolgt die L\u00f6schung nach Abschluss des Bestellvorgangs.<\/p>\n<p>(3) Im \u00fcbrigen verweisen wir bez\u00fcglich des Datenschutzes auf unsere Datenschutzerkl\u00e4rung.<\/p>\n<h2>10. Sonstiges<\/h2>\n<p>Ausdr\u00fccklich widersprechen wir der Verwendung der Kontaktdaten des Impressums zur gewerblichen Werbung, wenn wir dem nicht ausdr\u00fccklich schriftlich zugestimmt haben oder bereits eine Gesch\u00e4ftsbeziehung besteht. Wir und alle auf dieser Webseite genannten Personen widersprechen hiermit jeder kommerziellen Verwendung und Weitergabe unserer\/ihrer Daten.<\/p>\n<h2>Informationen zur Aus\u00fcbung des Widerrufsrechts f\u00fcr Verbraucher<\/h2>\n<p>Verbrauchern steht ein Widerrufsrecht nach folgender Ma\u00dfgabe zu, wobei Verbraucher jede nat\u00fcrliche Person ist, die ein Rechtsgesch\u00e4ft zu Zwecken abschlie\u00dft, die \u00fcberwiegend weder ihrer gewerblichen noch ihrer selbst\u00e4ndigen beruflichen T\u00e4tigkeit zugerechnet werden k\u00f6nnen.<\/p>\n<h3>Widerrufsbelehrung<\/h3>\n<h4>Widerrufsrecht<\/h4>\n<p>Sie haben das Recht, binnen vierzehn Tagen ohne Angabe von Gr\u00fcnden diesen Vertrag zu widerrufen.<\/p>\n<p>Die Widerrufsfrist betr\u00e4gt vierzehn Tage ab dem Tag, an dem Sie oder ein von Ihnen benannter Dritter, der nicht der Bef\u00f6rderer ist, die letzte Ware in Besitz genommen haben bzw. hat.<\/p>\n<p>Um Ihr Widerrufsrecht auszu\u00fcben, m\u00fcssen Sie uns (YOUCAT Foundation gGmbH, Bischof-Kindermann-Str. 23, 61462 K\u00f6nigstein im Taunus, Telefon 0821-410 108 10, E-Mail widerruf@youcat.org) mittels einer eindeutigen Erkl\u00e4rung (z.B. ein mit der Post versandter Brief, Telefax oder E-Mail) \u00fcber Ihren Entschluss, diesen Vertrag zu widerrufen, informieren. Sie k\u00f6nnen daf\u00fcr das beigef\u00fcgte Muster-Widerrufsformular verwenden, das jedoch nicht vorgeschrieben ist. Machen Sie von dieser M\u00f6glichkeit Gebrauch, so werden wir Ihnen unverz\u00fcglich (z. B. per E-Mail) eine Best\u00e4tigung \u00fcber den Eingang eines solchen Widerrufs \u00fcbermitteln.<\/p>\n<p>Zur Wahrung der Widerrufsfrist reicht es aus, dass Sie die Mitteilung \u00fcber die Aus\u00fcbung des Widerrufsrechts vor Ablauf der Widerrufsfrist absenden.<\/p>\n<h4>Folgen des Widerrufs<\/h4>\n<p>Wenn Sie diesen Vertrag widerrufen, haben wir Ihnen alle Zahlungen, die wir von Ihnen erhalten haben, einschlie\u00dflich der Lieferkosten (mit Ausnahme der zus\u00e4tzlichen Kosten, die sich daraus ergeben, dass Sie eine andere Art der Lieferung als die von uns angebotene, g\u00fcnstigste Standardlieferung gew\u00e4hlt haben), unverz\u00fcglich und sp\u00e4testens binnen vierzehn Tagen ab dem Tag zur\u00fcckzuzahlen, an dem die Mitteilung \u00fcber Ihren Widerruf dieses Vertrags bei uns eingegangen ist. F\u00fcr diese R\u00fcckzahlung verwenden wir dasselbe Zahlungsmittel, das Sie bei der urspr\u00fcnglichen Transaktion eingesetzt haben, es sei denn, mit Ihnen wurde ausdr\u00fccklich etwas anderes vereinbart; in keinem Fall werden Ihnen wegen dieser R\u00fcckzahlung Entgelte berechnet. Wir k\u00f6nnen die R\u00fcckzahlung verweigern, bis wir die Waren wieder zur\u00fcckerhalten haben oder bis Sie den Nachweis erbracht haben, dass Sie die Waren zur\u00fcckgesandt haben, je nachdem, welches der fr\u00fchere Zeitpunkt ist.<\/p>\n<p>You must return the goods to &#8220;YOUCAT Return&#8221;, Fontis Media GmbH, Baukloh 1, 58515 L\u00fcdenscheid, Germany, immediately and in any case within fourteen days from the day on which you notify us of the revocation of this contract at the latest. The deadline is met if you dispatch the goods before the expiry of the fourteen-day deadline.<\/p>\n<p>Sie tragen die unmittelbaren Kosten der R\u00fccksendung der Waren.<\/p>\n<p>Sie m\u00fcssen f\u00fcr einen etwaigen Wertverlust der Waren nur aufkommen, wenn dieser Wertverlust auf einen zur Pr\u00fcfung der Beschaffenheit, Eigenschaften und Funktionsweise der Waren nicht notwendigen Umgang mit ihnen zur\u00fcckzuf\u00fchren ist.<\/p>\n<p>[Ende der Widerrufsbelehrung]<\/p>\n<p>YOUCAT AGB, Stand: 17.5.2017<\/p>","protected":false},"excerpt":{"rendered":"<p>Terms &amp; Conditions 1. General (1) The following general terms and conditions apply to all contracts, deliveries and other services of the company YOUCAT Foundation gemeinn\u00fctzige GmbH, Bischof-Kindermann-Str. 23, 61462 K\u00f6nigstein im Taunus, (hereinafter: YOUCAT), towards its customers. The version of the General Terms and Conditions valid at the time of the order shall always&hellip;<\/p>","protected":false},"author":8,"featured_media":0,"parent":0,"menu_order":0,"comment_status":"closed","ping_status":"closed","template":"","meta":{"_acf_changed":false,"inline_featured_image":false,"footnotes":""},"acf":[],"yoast_head":"<!-- This site is optimized with the Yoast SEO plugin v22.5 - https:\/\/yoast.com\/wordpress\/plugins\/seo\/ -->\n<title>Terms &amp; Conditions - YOUCAT<\/title>\n<meta name=\"robots\" content=\"noindex, follow, max-snippet:-1, max-image-preview:large, max-video-preview:-1\" \/>\n<meta property=\"og:locale\" content=\"de_DE\" \/>\n<meta property=\"og:type\" content=\"article\" \/>\n<meta property=\"og:title\" content=\"Terms &amp; Conditions - YOUCAT\" \/>\n<meta property=\"og:description\" content=\"Terms &amp; Conditions 1. General (1) The following general terms and conditions apply to all contracts, deliveries and other services of the company YOUCAT Foundation gemeinn\u00fctzige GmbH, Bischof-Kindermann-Str. 23, 61462 K\u00f6nigstein im Taunus, (hereinafter: YOUCAT), towards its customers. The version of the General Terms and Conditions valid at the time of the order shall always&hellip;\" \/>\n<meta property=\"og:url\" content=\"https:\/\/youcat.dev\/de\/agb\/\" \/>\n<meta property=\"og:site_name\" content=\"YOUCAT\" \/>\n<meta property=\"article:modified_time\" content=\"2023-07-24T11:20:14+00:00\" \/>\n<meta name=\"twitter:card\" content=\"summary_large_image\" \/>\n<meta name=\"twitter:label1\" content=\"Gesch\u00e4tzte Lesezeit\" \/>\n\t<meta name=\"twitter:data1\" content=\"1 Minute\" \/>\n<script type=\"application\/ld+json\" class=\"yoast-schema-graph\">{\"@context\":\"https:\/\/schema.org\",\"@graph\":[{\"@type\":\"WebPage\",\"@id\":\"https:\/\/youcat.dev\/terms-and-conditions\/\",\"url\":\"https:\/\/youcat.dev\/terms-and-conditions\/\",\"name\":\"Terms &amp; Conditions - YOUCAT\",\"isPartOf\":{\"@id\":\"https:\/\/youcat.dev\/#website\"},\"datePublished\":\"2023-07-24T04:55:48+00:00\",\"dateModified\":\"2023-07-24T11:20:14+00:00\",\"breadcrumb\":{\"@id\":\"https:\/\/youcat.dev\/terms-and-conditions\/#breadcrumb\"},\"inLanguage\":\"de-DE\",\"potentialAction\":[{\"@type\":\"ReadAction\",\"target\":[\"https:\/\/youcat.dev\/terms-and-conditions\/\"]}]},{\"@type\":\"BreadcrumbList\",\"@id\":\"https:\/\/youcat.dev\/terms-and-conditions\/#breadcrumb\",\"itemListElement\":[{\"@type\":\"ListItem\",\"position\":1,\"name\":\"\",\"item\":\"https:\/\/youcat.dev\/\"},{\"@type\":\"ListItem\",\"position\":2,\"name\":\"Terms &amp; Conditions\"}]},{\"@type\":\"WebSite\",\"@id\":\"https:\/\/youcat.dev\/#website\",\"url\":\"https:\/\/youcat.dev\/\",\"name\":\"YOUCAT\",\"description\":\"Der Glaube der katholischen Kirche: anschaulich erkl\u00e4rt, innovativ pr\u00e4sentiert, offiziell best\u00e4tigt.\",\"potentialAction\":[{\"@type\":\"SearchAction\",\"target\":{\"@type\":\"EntryPoint\",\"urlTemplate\":\"https:\/\/youcat.dev\/?s={search_term_string}\"},\"query-input\":\"required name=search_term_string\"}],\"inLanguage\":\"de-DE\"}]}<\/script>\n<!-- \/ Yoast SEO plugin. -->","yoast_head_json":{"title":"Terms &amp; Conditions - YOUCAT","robots":{"index":"noindex","follow":"follow","max-snippet":"max-snippet:-1","max-image-preview":"max-image-preview:large","max-video-preview":"max-video-preview:-1"},"og_locale":"de_DE","og_type":"article","og_title":"Terms &amp; Conditions - YOUCAT","og_description":"Terms &amp; Conditions 1. General (1) The following general terms and conditions apply to all contracts, deliveries and other services of the company YOUCAT Foundation gemeinn\u00fctzige GmbH, Bischof-Kindermann-Str. 23, 61462 K\u00f6nigstein im Taunus, (hereinafter: YOUCAT), towards its customers. The version of the General Terms and Conditions valid at the time of the order shall always&hellip;","og_url":"https:\/\/youcat.dev\/de\/agb\/","og_site_name":"YOUCAT","article_modified_time":"2023-07-24T11:20:14+00:00","twitter_card":"summary_large_image","twitter_misc":{"Gesch\u00e4tzte Lesezeit":"1 Minute"},"schema":{"@context":"https:\/\/schema.org","@graph":[{"@type":"WebPage","@id":"https:\/\/youcat.dev\/terms-and-conditions\/","url":"https:\/\/youcat.dev\/terms-and-conditions\/","name":"Terms &amp; Conditions - YOUCAT","isPartOf":{"@id":"https:\/\/youcat.dev\/#website"},"datePublished":"2023-07-24T04:55:48+00:00","dateModified":"2023-07-24T11:20:14+00:00","breadcrumb":{"@id":"https:\/\/youcat.dev\/terms-and-conditions\/#breadcrumb"},"inLanguage":"de-DE","potentialAction":[{"@type":"ReadAction","target":["https:\/\/youcat.dev\/terms-and-conditions\/"]}]},{"@type":"BreadcrumbList","@id":"https:\/\/youcat.dev\/terms-and-conditions\/#breadcrumb","itemListElement":[{"@type":"ListItem","position":1,"name":"","item":"https:\/\/youcat.dev\/"},{"@type":"ListItem","position":2,"name":"Terms &amp; Conditions"}]},{"@type":"WebSite","@id":"https:\/\/youcat.dev\/#website","url":"https:\/\/youcat.dev\/","name":"YOUCAT","description":"Der Glaube der katholischen Kirche: anschaulich erkl\u00e4rt, innovativ pr\u00e4sentiert, offiziell best\u00e4tigt.","potentialAction":[{"@type":"SearchAction","target":{"@type":"EntryPoint","urlTemplate":"https:\/\/youcat.dev\/?s={search_term_string}"},"query-input":"required name=search_term_string"}],"inLanguage":"de-DE"}]}},"_links":{"self":[{"href":"https:\/\/youcat.dev\/de\/wp-json\/wp\/v2\/pages\/2748"}],"collection":[{"href":"https:\/\/youcat.dev\/de\/wp-json\/wp\/v2\/pages"}],"about":[{"href":"https:\/\/youcat.dev\/de\/wp-json\/wp\/v2\/types\/page"}],"author":[{"embeddable":true,"href":"https:\/\/youcat.dev\/de\/wp-json\/wp\/v2\/users\/8"}],"replies":[{"embeddable":true,"href":"https:\/\/youcat.dev\/de\/wp-json\/wp\/v2\/comments?post=2748"}],"version-history":[{"count":7,"href":"https:\/\/youcat.dev\/de\/wp-json\/wp\/v2\/pages\/2748\/revisions"}],"predecessor-version":[{"id":2969,"href":"https:\/\/youcat.dev\/de\/wp-json\/wp\/v2\/pages\/2748\/revisions\/2969"}],"wp:attachment":[{"href":"https:\/\/youcat.dev\/de\/wp-json\/wp\/v2\/media?parent=2748"}],"curies":[{"name":"wp","href":"https:\/\/api.w.org\/{rel}","templated":true}]}}