{"id":2757,"date":"2023-07-24T06:04:08","date_gmt":"2023-07-24T05:04:08","guid":{"rendered":"https:\/\/youcat.dev\/?page_id=2757"},"modified":"2023-07-24T12:20:31","modified_gmt":"2023-07-24T11:20:31","slug":"disclaimer","status":"publish","type":"page","link":"https:\/\/youcat.dev\/de\/disclaimer\/","title":{"rendered":"Rechtliche Hinweise"},"content":{"rendered":"<span><span><a href=\"https:\/\/youcat.dev\/de\/\"><span class=\"icon yc-icon-yc-home-filled\"><\/span><\/a><\/span><\/span>\n\t<h1>Rechtliche Hinweise<\/h1>\n<h2>Verf\u00fcgbarkeit der Webseite<\/h2>\n<p>Wir bem\u00fchen uns, diese Webseite m\u00f6glichst unterbrechungsfrei abrufbar zu halten. Auch bei aller Sorgfalt k\u00f6nnen Ausfallzeiten aber nicht ausgeschlossen werden. Auch behalten wir uns vor, unser Angebot jederzeit zu \u00e4ndern oder einzustellen. F\u00fcr durch nicht fehlerfrei angelegte Dateien oder nicht fehlerfrei strukturierte Formate bedingte Unterbrechungen oder anderweitige St\u00f6rungen k\u00f6nnen wir keine Gew\u00e4hr \u00fcbernehmen.<\/p>\n<h2>Haftung f\u00fcr Inhalte<\/h2>\n<p>Die auf unseren Web-Seiten abrufbaren Beitr\u00e4ge werden mit gr\u00f6\u00dftm\u00f6glicher Sorgfalt erstellt. Sie dienen aber nur der allgemeinen Information und nicht der Beratung in konkreten F\u00e4llen. Wir sind bem\u00fcht, f\u00fcr die Richtigkeit und Aktualit\u00e4t aller auf der Website enthaltenen Informationen und Daten gem\u00e4\u00df \u00a7 7 Abs.1 TMG zu sorgen. F\u00fcr die Korrektheit, Vollst\u00e4ndigkeit und Aktualit\u00e4t der bereitgestellten Informationen und Daten wird jedoch keine Gew\u00e4hr \u00fcbernommen. Die Haftung f\u00fcr den Inhalt der abrufbaren Informationen wird ausgeschlossen, soweit es sich nicht um vors\u00e4tzliche oder grob fahrl\u00e4ssige Falschinformation handelt. Wir sind nach \u00a7\u00a7 8 bis 10 TMG insb. nicht verpflichtet, \u00fcbermittelte oder gespeicherte fremde Informationen zu \u00fcberwachen oder nach Umst\u00e4nden zu forschen, die auf eine rechtswidrige T\u00e4tigkeit hinweisen. Verpflichtungen zur Entfernung oder Sperrung der Nutzung von Informationen nach den allgemeinen Gesetzen bleiben hiervon unber\u00fchrt. Eine diesbez\u00fcgliche Haftung ist jedoch erst ab dem Zeitpunkt der Kenntnis einer konkreten Rechtsverletzung m\u00f6glich. Bei Bekanntwerden von entsprechenden Rechtsverletzungen werden wir diese Inhalte umgehend entfernen.<\/p>\n<p>Namentlich gekennzeichnete Beitr\u00e4ge geben die Meinung des jeweiligen Autors und nicht immer unsere Meinung wieder. Alleine durch die Nutzung der Webseite kommt keinerlei Vertragsverh\u00e4ltnis zwischen dem Nutzer und Youcat zustande.<\/p>\n<h2>Haftung f\u00fcr Links<\/h2>\n<p>Wir sind f\u00fcr den Inhalt von Webseiten, die \u00fcber einen Hyperlink erreicht werden, nicht verantwortlich. F\u00fcr den Inhalt der verlinkten Seiten sind ausschlie\u00dflich deren Betreiber verantwortlich. Wir machen uns die Inhalte dieser Internetseiten ausdr\u00fccklich nicht zu Eigen. Da Hyperlinks dynamische (lebende) Verweisungen sind, k\u00f6nnen wir f\u00fcr die inhaltliche Korrektheit, Vollst\u00e4ndigkeit und Verf\u00fcgbarkeit keine Gew\u00e4hr leisten, auch wenn wir bei der erstmaligen Verkn\u00fcpfung alle fremden Inhalte entsprechend \u00fcberpr\u00fcfen. Diese Kontrolle umfasst gerade auch, ob durch den Verweis eine m\u00f6gliche zivilrechtliche oder strafrechtliche Verantwortlichkeit ausgel\u00f6st wird. Allerdings \u00fcberpr\u00fcfen wir die Inhalte, auf die wir unserem Angebot verweisen, nicht st\u00e4ndig auf Ver\u00e4nderungen, die eine Verantwortlichkeit neu begr\u00fcnden k\u00f6nnten. Sofern wir feststellen oder von anderen darauf hingewiesen werden, dass ein konkretes Angebot, zu dem wir einen Link bereitgestellt haben, eine zivil- oder strafrechtliche Verantwortlichkeit ausl\u00f6st, werden wir den Verweis auf dieses Angebot unverz\u00fcglich aufheben.<\/p>\n<h2>Urheberrecht<\/h2>\n<p>Alle Inhalte, Werke und Strukturen auf diesen Webseiten unterliegen dem deutschen Urheber- und Leistungsschutzrecht. Die Ver\u00f6ffentlichung im World Wide Web oder in sonstigen Diensten des Internet bedeutet noch keine Einverst\u00e4ndniserkl\u00e4rung f\u00fcr eine anderweitige Nutzung durch Dritte. Vielmehr bed\u00fcrfen die Vervielf\u00e4ltigung, Bearbeitung, Verbreitung und jede Art der Verwertung au\u00dferhalb der Schranken des Urheberrechts der schriftlichen Zustimmung des jeweiligen Urhebers bzw. Rechteinhabers. Kopien von diesen Seiten sind nur f\u00fcr den privaten Bereich gestattet, nicht jedoch f\u00fcr kommerzielle Zwecke.<\/p>\n<p>Soweit die Inhalte auf dieser Seite nicht vom Betreiber erstellt wurden, werden die Urheberrechte Dritter beachtet, insb. werden Inhalte Dritter als solche gekennzeichnet. Sollten Sie trotzdem auf eine Urheberrechtsverletzung aufmerksam werden, bitten wir um einen entsprechenden Hinweis. Selbstredend werden wir bei Bekanntwerden von Rechtsverletzungen derartige Inhalte umgehend entfernen.<\/p>\n<p>Datenschutz <a href=\"https:\/\/youcat.dev\/de\/datenschutz\/\">Hier gelangen Sie zur Datenschutzerkl\u00e4rung<\/a><\/p>","protected":false},"excerpt":{"rendered":"<p>Disclaimer Availability of the website We make every effort to keep this website as accessible as possible without interruption. However, even with all due care, downtimes cannot be ruled out. We also reserve the right to change or discontinue our offer at any time. We cannot accept any liability for interruptions or other malfunctions caused&hellip;<\/p>","protected":false},"author":8,"featured_media":0,"parent":0,"menu_order":0,"comment_status":"closed","ping_status":"closed","template":"","meta":{"_acf_changed":false,"inline_featured_image":false,"footnotes":""},"acf":[],"yoast_head":"<!-- This site is optimized with the Yoast SEO plugin v22.5 - https:\/\/yoast.com\/wordpress\/plugins\/seo\/ -->\n<title>Disclaimer - YOUCAT<\/title>\n<meta name=\"robots\" content=\"noindex, follow, max-snippet:-1, max-image-preview:large, max-video-preview:-1\" \/>\n<meta property=\"og:locale\" content=\"de_DE\" \/>\n<meta property=\"og:type\" content=\"article\" \/>\n<meta property=\"og:title\" content=\"Disclaimer - YOUCAT\" \/>\n<meta property=\"og:description\" content=\"Disclaimer Availability of the website We make every effort to keep this website as accessible as possible without interruption. However, even with all due care, downtimes cannot be ruled out. We also reserve the right to change or discontinue our offer at any time. We cannot accept any liability for interruptions or other malfunctions caused&hellip;\" \/>\n<meta property=\"og:url\" content=\"https:\/\/youcat.dev\/de\/disclaimer\/\" \/>\n<meta property=\"og:site_name\" content=\"YOUCAT\" \/>\n<meta property=\"article:modified_time\" content=\"2023-07-24T11:20:31+00:00\" \/>\n<meta name=\"twitter:card\" content=\"summary_large_image\" \/>\n<meta name=\"twitter:label1\" content=\"Gesch\u00e4tzte Lesezeit\" \/>\n\t<meta name=\"twitter:data1\" content=\"1 Minute\" \/>\n<script type=\"application\/ld+json\" class=\"yoast-schema-graph\">{\"@context\":\"https:\/\/schema.org\",\"@graph\":[{\"@type\":\"WebPage\",\"@id\":\"https:\/\/youcat.dev\/disclaimer\/\",\"url\":\"https:\/\/youcat.dev\/disclaimer\/\",\"name\":\"Disclaimer - YOUCAT\",\"isPartOf\":{\"@id\":\"https:\/\/youcat.dev\/#website\"},\"datePublished\":\"2023-07-24T05:04:08+00:00\",\"dateModified\":\"2023-07-24T11:20:31+00:00\",\"breadcrumb\":{\"@id\":\"https:\/\/youcat.dev\/disclaimer\/#breadcrumb\"},\"inLanguage\":\"de-DE\",\"potentialAction\":[{\"@type\":\"ReadAction\",\"target\":[\"https:\/\/youcat.dev\/disclaimer\/\"]}]},{\"@type\":\"BreadcrumbList\",\"@id\":\"https:\/\/youcat.dev\/disclaimer\/#breadcrumb\",\"itemListElement\":[{\"@type\":\"ListItem\",\"position\":1,\"name\":\"\",\"item\":\"https:\/\/youcat.dev\/\"},{\"@type\":\"ListItem\",\"position\":2,\"name\":\"Disclaimer\"}]},{\"@type\":\"WebSite\",\"@id\":\"https:\/\/youcat.dev\/#website\",\"url\":\"https:\/\/youcat.dev\/\",\"name\":\"YOUCAT\",\"description\":\"Der Glaube der katholischen Kirche: anschaulich erkl\u00e4rt, innovativ pr\u00e4sentiert, offiziell best\u00e4tigt.\",\"potentialAction\":[{\"@type\":\"SearchAction\",\"target\":{\"@type\":\"EntryPoint\",\"urlTemplate\":\"https:\/\/youcat.dev\/?s={search_term_string}\"},\"query-input\":\"required name=search_term_string\"}],\"inLanguage\":\"de-DE\"}]}<\/script>\n<!-- \/ Yoast SEO plugin. -->","yoast_head_json":{"title":"Disclaimer - YOUCAT","robots":{"index":"noindex","follow":"follow","max-snippet":"max-snippet:-1","max-image-preview":"max-image-preview:large","max-video-preview":"max-video-preview:-1"},"og_locale":"de_DE","og_type":"article","og_title":"Disclaimer - YOUCAT","og_description":"Disclaimer Availability of the website We make every effort to keep this website as accessible as possible without interruption. However, even with all due care, downtimes cannot be ruled out. We also reserve the right to change or discontinue our offer at any time. We cannot accept any liability for interruptions or other malfunctions caused&hellip;","og_url":"https:\/\/youcat.dev\/de\/disclaimer\/","og_site_name":"YOUCAT","article_modified_time":"2023-07-24T11:20:31+00:00","twitter_card":"summary_large_image","twitter_misc":{"Gesch\u00e4tzte Lesezeit":"1 Minute"},"schema":{"@context":"https:\/\/schema.org","@graph":[{"@type":"WebPage","@id":"https:\/\/youcat.dev\/disclaimer\/","url":"https:\/\/youcat.dev\/disclaimer\/","name":"Disclaimer - YOUCAT","isPartOf":{"@id":"https:\/\/youcat.dev\/#website"},"datePublished":"2023-07-24T05:04:08+00:00","dateModified":"2023-07-24T11:20:31+00:00","breadcrumb":{"@id":"https:\/\/youcat.dev\/disclaimer\/#breadcrumb"},"inLanguage":"de-DE","potentialAction":[{"@type":"ReadAction","target":["https:\/\/youcat.dev\/disclaimer\/"]}]},{"@type":"BreadcrumbList","@id":"https:\/\/youcat.dev\/disclaimer\/#breadcrumb","itemListElement":[{"@type":"ListItem","position":1,"name":"","item":"https:\/\/youcat.dev\/"},{"@type":"ListItem","position":2,"name":"Disclaimer"}]},{"@type":"WebSite","@id":"https:\/\/youcat.dev\/#website","url":"https:\/\/youcat.dev\/","name":"YOUCAT","description":"Der Glaube der katholischen Kirche: anschaulich erkl\u00e4rt, innovativ pr\u00e4sentiert, offiziell best\u00e4tigt.","potentialAction":[{"@type":"SearchAction","target":{"@type":"EntryPoint","urlTemplate":"https:\/\/youcat.dev\/?s={search_term_string}"},"query-input":"required name=search_term_string"}],"inLanguage":"de-DE"}]}},"_links":{"self":[{"href":"https:\/\/youcat.dev\/de\/wp-json\/wp\/v2\/pages\/2757"}],"collection":[{"href":"https:\/\/youcat.dev\/de\/wp-json\/wp\/v2\/pages"}],"about":[{"href":"https:\/\/youcat.dev\/de\/wp-json\/wp\/v2\/types\/page"}],"author":[{"embeddable":true,"href":"https:\/\/youcat.dev\/de\/wp-json\/wp\/v2\/users\/8"}],"replies":[{"embeddable":true,"href":"https:\/\/youcat.dev\/de\/wp-json\/wp\/v2\/comments?post=2757"}],"version-history":[{"count":5,"href":"https:\/\/youcat.dev\/de\/wp-json\/wp\/v2\/pages\/2757\/revisions"}],"predecessor-version":[{"id":2970,"href":"https:\/\/youcat.dev\/de\/wp-json\/wp\/v2\/pages\/2757\/revisions\/2970"}],"wp:attachment":[{"href":"https:\/\/youcat.dev\/de\/wp-json\/wp\/v2\/media?parent=2757"}],"curies":[{"name":"wp","href":"https:\/\/api.w.org\/{rel}","templated":true}]}}