{"id":2768,"date":"2023-07-24T06:09:40","date_gmt":"2023-07-24T05:09:40","guid":{"rendered":"https:\/\/youcat.dev\/?page_id=2768"},"modified":"2023-07-24T12:19:50","modified_gmt":"2023-07-24T11:19:50","slug":"contact","status":"publish","type":"page","link":"https:\/\/youcat.dev\/de\/kontakt\/","title":{"rendered":"Kontakt"},"content":{"rendered":"<span><span><a href=\"https:\/\/youcat.dev\/de\/\"><span class=\"icon yc-icon-yc-home-filled\"><\/span><\/a><\/span><\/span>\n\t<h1 id=\"shipping-and-payment\">Kontakt<\/h1>\n<h2 id=\"shipping\">Hauptsitz<\/h2>\nBischof-Kindermann-Stra\u00dfe 23<br \/>\nD-61462 K\u00f6nigstein\/Ts.\n<strong>E-Mail:<\/strong> office@youcat.org<br \/>\n<strong>Phone:<\/strong> +49 821 410 108 11\n<h2>Verlag &amp; Rechte<\/h2>\n<p><strong>E-Mail:<\/strong> verlag@youcat.org<\/p>","protected":false},"excerpt":{"rendered":"<p>Contact Headquaters Bischof-Kindermann-Stra\u00dfe 23 D-61462 K\u00f6nigstein\/Ts. E-Mail: office@youcat.org Phone: +49 821 410 108 11 Publishing &amp; Foreign rights E-Mail: verlag@youcat.org<\/p>","protected":false},"author":8,"featured_media":0,"parent":0,"menu_order":0,"comment_status":"closed","ping_status":"closed","template":"","meta":{"_acf_changed":false,"inline_featured_image":false,"footnotes":""},"acf":[],"yoast_head":"<!-- This site is optimized with the Yoast SEO plugin v22.5 - https:\/\/yoast.com\/wordpress\/plugins\/seo\/ -->\n<title>Contact - YOUCAT<\/title>\n<meta name=\"robots\" content=\"noindex, follow, max-snippet:-1, max-image-preview:large, max-video-preview:-1\" \/>\n<meta property=\"og:locale\" content=\"de_DE\" \/>\n<meta property=\"og:type\" content=\"article\" \/>\n<meta property=\"og:title\" content=\"Contact - YOUCAT\" \/>\n<meta property=\"og:description\" content=\"Contact Headquaters Bischof-Kindermann-Stra\u00dfe 23 D-61462 K\u00f6nigstein\/Ts. E-Mail: office@youcat.org Phone: +49 821 410 108 11 Publishing &amp; Foreign rights E-Mail: verlag@youcat.org\" \/>\n<meta property=\"og:url\" content=\"https:\/\/youcat.dev\/de\/kontakt\/\" \/>\n<meta property=\"og:site_name\" content=\"YOUCAT\" \/>\n<meta property=\"article:modified_time\" content=\"2023-07-24T11:19:50+00:00\" \/>\n<meta name=\"twitter:card\" content=\"summary_large_image\" \/>\n<meta name=\"twitter:label1\" content=\"Gesch\u00e4tzte Lesezeit\" \/>\n\t<meta name=\"twitter:data1\" content=\"1 Minute\" \/>\n<script type=\"application\/ld+json\" class=\"yoast-schema-graph\">{\"@context\":\"https:\/\/schema.org\",\"@graph\":[{\"@type\":\"WebPage\",\"@id\":\"https:\/\/youcat.dev\/contact\/\",\"url\":\"https:\/\/youcat.dev\/contact\/\",\"name\":\"Contact - YOUCAT\",\"isPartOf\":{\"@id\":\"https:\/\/youcat.dev\/#website\"},\"datePublished\":\"2023-07-24T05:09:40+00:00\",\"dateModified\":\"2023-07-24T11:19:50+00:00\",\"breadcrumb\":{\"@id\":\"https:\/\/youcat.dev\/contact\/#breadcrumb\"},\"inLanguage\":\"de-DE\",\"potentialAction\":[{\"@type\":\"ReadAction\",\"target\":[\"https:\/\/youcat.dev\/contact\/\"]}]},{\"@type\":\"BreadcrumbList\",\"@id\":\"https:\/\/youcat.dev\/contact\/#breadcrumb\",\"itemListElement\":[{\"@type\":\"ListItem\",\"position\":1,\"name\":\"\",\"item\":\"https:\/\/youcat.dev\/\"},{\"@type\":\"ListItem\",\"position\":2,\"name\":\"Contact\"}]},{\"@type\":\"WebSite\",\"@id\":\"https:\/\/youcat.dev\/#website\",\"url\":\"https:\/\/youcat.dev\/\",\"name\":\"YOUCAT\",\"description\":\"Der Glaube der katholischen Kirche: anschaulich erkl\u00e4rt, innovativ pr\u00e4sentiert, offiziell best\u00e4tigt.\",\"potentialAction\":[{\"@type\":\"SearchAction\",\"target\":{\"@type\":\"EntryPoint\",\"urlTemplate\":\"https:\/\/youcat.dev\/?s={search_term_string}\"},\"query-input\":\"required name=search_term_string\"}],\"inLanguage\":\"de-DE\"}]}<\/script>\n<!-- \/ Yoast SEO plugin. -->","yoast_head_json":{"title":"Contact - YOUCAT","robots":{"index":"noindex","follow":"follow","max-snippet":"max-snippet:-1","max-image-preview":"max-image-preview:large","max-video-preview":"max-video-preview:-1"},"og_locale":"de_DE","og_type":"article","og_title":"Contact - YOUCAT","og_description":"Contact Headquaters Bischof-Kindermann-Stra\u00dfe 23 D-61462 K\u00f6nigstein\/Ts. E-Mail: office@youcat.org Phone: +49 821 410 108 11 Publishing &amp; Foreign rights E-Mail: verlag@youcat.org","og_url":"https:\/\/youcat.dev\/de\/kontakt\/","og_site_name":"YOUCAT","article_modified_time":"2023-07-24T11:19:50+00:00","twitter_card":"summary_large_image","twitter_misc":{"Gesch\u00e4tzte Lesezeit":"1 Minute"},"schema":{"@context":"https:\/\/schema.org","@graph":[{"@type":"WebPage","@id":"https:\/\/youcat.dev\/contact\/","url":"https:\/\/youcat.dev\/contact\/","name":"Contact - YOUCAT","isPartOf":{"@id":"https:\/\/youcat.dev\/#website"},"datePublished":"2023-07-24T05:09:40+00:00","dateModified":"2023-07-24T11:19:50+00:00","breadcrumb":{"@id":"https:\/\/youcat.dev\/contact\/#breadcrumb"},"inLanguage":"de-DE","potentialAction":[{"@type":"ReadAction","target":["https:\/\/youcat.dev\/contact\/"]}]},{"@type":"BreadcrumbList","@id":"https:\/\/youcat.dev\/contact\/#breadcrumb","itemListElement":[{"@type":"ListItem","position":1,"name":"","item":"https:\/\/youcat.dev\/"},{"@type":"ListItem","position":2,"name":"Contact"}]},{"@type":"WebSite","@id":"https:\/\/youcat.dev\/#website","url":"https:\/\/youcat.dev\/","name":"YOUCAT","description":"Der Glaube der katholischen Kirche: anschaulich erkl\u00e4rt, innovativ pr\u00e4sentiert, offiziell best\u00e4tigt.","potentialAction":[{"@type":"SearchAction","target":{"@type":"EntryPoint","urlTemplate":"https:\/\/youcat.dev\/?s={search_term_string}"},"query-input":"required name=search_term_string"}],"inLanguage":"de-DE"}]}},"_links":{"self":[{"href":"https:\/\/youcat.dev\/de\/wp-json\/wp\/v2\/pages\/2768"}],"collection":[{"href":"https:\/\/youcat.dev\/de\/wp-json\/wp\/v2\/pages"}],"about":[{"href":"https:\/\/youcat.dev\/de\/wp-json\/wp\/v2\/types\/page"}],"author":[{"embeddable":true,"href":"https:\/\/youcat.dev\/de\/wp-json\/wp\/v2\/users\/8"}],"replies":[{"embeddable":true,"href":"https:\/\/youcat.dev\/de\/wp-json\/wp\/v2\/comments?post=2768"}],"version-history":[{"count":4,"href":"https:\/\/youcat.dev\/de\/wp-json\/wp\/v2\/pages\/2768\/revisions"}],"predecessor-version":[{"id":2967,"href":"https:\/\/youcat.dev\/de\/wp-json\/wp\/v2\/pages\/2768\/revisions\/2967"}],"wp:attachment":[{"href":"https:\/\/youcat.dev\/de\/wp-json\/wp\/v2\/media?parent=2768"}],"curies":[{"name":"wp","href":"https:\/\/api.w.org\/{rel}","templated":true}]}}