{"id":2795,"date":"2023-07-24T07:12:49","date_gmt":"2023-07-24T06:12:49","guid":{"rendered":"https:\/\/youcat.dev\/?page_id=2795"},"modified":"2023-07-24T12:19:02","modified_gmt":"2023-07-24T11:19:02","slug":"docat-app","status":"publish","type":"page","link":"https:\/\/youcat.dev\/de\/docat-app\/","title":{"rendered":"DOCAT-App"},"content":{"rendered":"<span><span><a href=\"https:\/\/youcat.dev\/de\/\"><span class=\"icon yc-icon-yc-home-filled\"><\/span><\/a><\/span><\/span>\n\t\t\t\t<img loading=\"lazy\" decoding=\"async\" src=\"https:\/\/youcat.dev\/wp-content\/uploads\/2023\/07\/youcat-docat-app-mockup.webp\" alt=\"youcat-docat-app-mockup\" itemprop=\"image\" height=\"1080\" width=\"1080\" title=\"youcat-docat-app-mockup\" onerror=\"this.style.display='none'\"  \/>\n\t<h1>DOCAT-App<\/h1>\n<p>Mit dieser App kannst Du den DOCAT lesen, anhand von gef\u00fchrten Einheiten (Studyguides) die Soziallehre kennenlernen und Anregungen erhalten, was Du konkret tun kannst, um Deine Umgebung zu ver\u00e4ndern.<\/p>\n\t\t\t\t<a href=\"https:\/\/play.google.com\/store\/apps\/details?id=com.docatapp&#038;hl=en\" target=\"_self\" itemprop=\"url\" rel=\"noopener\">\n\t\t\t\t<img loading=\"lazy\" decoding=\"async\" src=\"https:\/\/youcat.dev\/wp-content\/uploads\/2023\/07\/Google_Play_Store_badge_EN.svg\" alt=\"Google_Play_Store_Abzeichen_DE\" itemprop=\"image\" height=\"53\" width=\"180\" title=\"Google_Play_Store_Abzeichen_DE\" onerror=\"this.style.display='none'\"  \/>\n\t\t\t\t<\/a>\n\t\t\t\t<a href=\"https:\/\/itunes.apple.com\/us\/app\/docat-what-to-do\/id1125955404?mt=8\" target=\"_self\" itemprop=\"url\" rel=\"noopener\">\n\t\t\t\t<img loading=\"lazy\" decoding=\"async\" src=\"https:\/\/youcat.dev\/wp-content\/uploads\/2023\/07\/Download_on_the_App_Store_Badge.svg\" alt=\"Herunterladen_aus_dem_App_Store_Badge\" itemprop=\"image\" height=\"40\" width=\"135\" title=\"Herunterladen_aus_dem_App_Store_Badge\" onerror=\"this.style.display='none'\"  \/>\n\t\t\t\t<\/a>\n\t\t\t\t<img loading=\"lazy\" decoding=\"async\" src=\"https:\/\/youcat.dev\/wp-content\/uploads\/2023\/07\/DOCAT-WYD-card-1.webp\" alt=\"DOCAT-WYD-card-1\" itemprop=\"image\" height=\"340\" width=\"750\" title=\"DOCAT-WYD-card-1\" onerror=\"this.style.display='none'\"  \/>\n\t<h2>1 Read<\/h2>\n<p>Lies den DOCAT, um die Soziallehre zu verstehen und ver\u00e4ndere dein Denken durch das Gebet.<\/p>\n\t\t\t\t<img loading=\"lazy\" decoding=\"async\" src=\"https:\/\/youcat.dev\/wp-content\/uploads\/2023\/07\/DOCAT-WYD-card-2.webp\" alt=\"DOCAT-WYD-card-2\" itemprop=\"image\" height=\"340\" width=\"750\" title=\"DOCAT-WYD-card-2\" onerror=\"this.style.display='none'\"  \/>\n\t<h2 id=\"study\">2 Study<\/h2>\n<p>Lerne in Gruppen mit Freunden und diskutiere, wie du die Probleme in deiner Umgebung angehen kannst.<\/p>\n\t\t\t\t<img loading=\"lazy\" decoding=\"async\" src=\"https:\/\/youcat.dev\/wp-content\/uploads\/2023\/07\/DOCAT-WYD-card-3.webp\" alt=\"DOCAT-WYD-card-3\" itemprop=\"image\" height=\"340\" width=\"750\" title=\"DOCAT-WYD-card-3\" onerror=\"this.style.display='none'\"  \/>\n\t<h2>3 Do!<\/h2>\n<p>Gehe hinaus, um mit Jesus die Probleme der Welt anzugehen und deine Umgebung zu ver\u00e4ndern.<\/p>\n\t<div class=\"BorlabsCookie _brlbs-cb-youtube\"><div class=\"_brlbs-content-blocker\"> <div class=\"_brlbs-embed _brlbs-video-youtube\"> <img class=\"_brlbs-thumbnail\" src=\"https:\/\/youcat.dev\/wp-content\/plugins\/borlabs-cookie\/assets\/images\/cb-no-thumbnail.png\" alt=\"YouTube\"> <div class=\"_brlbs-caption\"> <p>By loading the video, you agree to YouTube's privacy policy.<br><a href=\"https:\/\/policies.google.com\/privacy?hl=en&amp;gl=en\" target=\"_blank\" rel=\"nofollow noopener noreferrer\">Mehr erfahren<\/a><\/p> <p><a class=\"_brlbs-btn _brlbs-icon-play-white\" href=\"#\" data-borlabs-cookie-unblock role=\"button\">Load video<\/a><\/p> <p><label><input type=\"checkbox\" name=\"unblockAll\" value=\"1\" checked> <small>Always unblock YouTube<\/small><\/label><\/p> <\/div> <\/div> <\/div><div class=\"borlabs-hide\" data-borlabs-cookie-type=\"content-blocker\" data-borlabs-cookie-id=\"youtube\"><script type=\"text\/template\">PHA+PGlmcmFtZSBsb2FkaW5nPSJsYXp5IiB0aXRsZT0iWW91VHViZSB2aWRlbyBwbGF5ZXIiIHNyYz0iaHR0cHM6Ly93d3cueW91dHViZS1ub2Nvb2tpZS5jb20vZW1iZWQvdUM3ZHpWejhEMVkiIHdpZHRoPSI4MDAiIGhlaWdodD0iNDIwIiBmcmFtZWJvcmRlcj0iMCIgYWxsb3dmdWxsc2NyZWVuPSJhbGxvd2Z1bGxzY3JlZW4iPjwvaWZyYW1lPjwvcD4=<\/script><\/div><\/div>","protected":false},"excerpt":{"rendered":"<p>DOCAT App With this app you can read DOCAT, get to know social teaching through guided units (study guides) and get suggestions on what you can do to change your surroundings. 1 Read Read the DOCAT to understand the social teaching and transform your mind with prayer. 2 Study Study in groups with friends and&hellip;<\/p>","protected":false},"author":8,"featured_media":0,"parent":0,"menu_order":0,"comment_status":"closed","ping_status":"closed","template":"","meta":{"_acf_changed":false,"inline_featured_image":false,"footnotes":""},"acf":[],"yoast_head":"<!-- This site is optimized with the Yoast SEO plugin v22.5 - https:\/\/yoast.com\/wordpress\/plugins\/seo\/ -->\n<title>DOCAT App - YOUCAT<\/title>\n<meta name=\"robots\" content=\"noindex, follow, max-snippet:-1, max-image-preview:large, max-video-preview:-1\" \/>\n<meta property=\"og:locale\" content=\"de_DE\" \/>\n<meta property=\"og:type\" content=\"article\" \/>\n<meta property=\"og:title\" content=\"DOCAT App - YOUCAT\" \/>\n<meta property=\"og:description\" content=\"DOCAT App With this app you can read DOCAT, get to know social teaching through guided units (study guides) and get suggestions on what you can do to change your surroundings. 1 Read Read the DOCAT to understand the social teaching and transform your mind with prayer. 2 Study Study in groups with friends and&hellip;\" \/>\n<meta property=\"og:url\" content=\"https:\/\/youcat.dev\/de\/docat-app\/\" \/>\n<meta property=\"og:site_name\" content=\"YOUCAT\" \/>\n<meta property=\"article:modified_time\" content=\"2023-07-24T11:19:02+00:00\" \/>\n<meta property=\"og:image\" content=\"https:\/\/youcat.dev\/wp-content\/uploads\/2023\/07\/youcat-docat-app-mockup.webp\" \/>\n<meta name=\"twitter:card\" content=\"summary_large_image\" \/>\n<script type=\"application\/ld+json\" class=\"yoast-schema-graph\">{\"@context\":\"https:\/\/schema.org\",\"@graph\":[{\"@type\":\"WebPage\",\"@id\":\"https:\/\/youcat.dev\/docat-app\/\",\"url\":\"https:\/\/youcat.dev\/docat-app\/\",\"name\":\"DOCAT App - YOUCAT\",\"isPartOf\":{\"@id\":\"https:\/\/youcat.dev\/#website\"},\"primaryImageOfPage\":{\"@id\":\"https:\/\/youcat.dev\/docat-app\/#primaryimage\"},\"image\":{\"@id\":\"https:\/\/youcat.dev\/docat-app\/#primaryimage\"},\"thumbnailUrl\":\"https:\/\/youcat.dev\/wp-content\/uploads\/2023\/07\/youcat-docat-app-mockup.webp\",\"datePublished\":\"2023-07-24T06:12:49+00:00\",\"dateModified\":\"2023-07-24T11:19:02+00:00\",\"breadcrumb\":{\"@id\":\"https:\/\/youcat.dev\/docat-app\/#breadcrumb\"},\"inLanguage\":\"de-DE\",\"potentialAction\":[{\"@type\":\"ReadAction\",\"target\":[\"https:\/\/youcat.dev\/docat-app\/\"]}]},{\"@type\":\"ImageObject\",\"inLanguage\":\"de-DE\",\"@id\":\"https:\/\/youcat.dev\/docat-app\/#primaryimage\",\"url\":\"https:\/\/youcat.dev\/wp-content\/uploads\/2023\/07\/youcat-docat-app-mockup.webp\",\"contentUrl\":\"https:\/\/youcat.dev\/wp-content\/uploads\/2023\/07\/youcat-docat-app-mockup.webp\"},{\"@type\":\"BreadcrumbList\",\"@id\":\"https:\/\/youcat.dev\/docat-app\/#breadcrumb\",\"itemListElement\":[{\"@type\":\"ListItem\",\"position\":1,\"name\":\"\",\"item\":\"https:\/\/youcat.dev\/\"},{\"@type\":\"ListItem\",\"position\":2,\"name\":\"DOCAT App\"}]},{\"@type\":\"WebSite\",\"@id\":\"https:\/\/youcat.dev\/#website\",\"url\":\"https:\/\/youcat.dev\/\",\"name\":\"YOUCAT\",\"description\":\"Der Glaube der katholischen Kirche: anschaulich erkl\u00e4rt, innovativ pr\u00e4sentiert, offiziell best\u00e4tigt.\",\"potentialAction\":[{\"@type\":\"SearchAction\",\"target\":{\"@type\":\"EntryPoint\",\"urlTemplate\":\"https:\/\/youcat.dev\/?s={search_term_string}\"},\"query-input\":\"required name=search_term_string\"}],\"inLanguage\":\"de-DE\"}]}<\/script>\n<!-- \/ Yoast SEO plugin. -->","yoast_head_json":{"title":"DOCAT App - YOUCAT","robots":{"index":"noindex","follow":"follow","max-snippet":"max-snippet:-1","max-image-preview":"max-image-preview:large","max-video-preview":"max-video-preview:-1"},"og_locale":"de_DE","og_type":"article","og_title":"DOCAT App - YOUCAT","og_description":"DOCAT App With this app you can read DOCAT, get to know social teaching through guided units (study guides) and get suggestions on what you can do to change your surroundings. 1 Read Read the DOCAT to understand the social teaching and transform your mind with prayer. 2 Study Study in groups with friends and&hellip;","og_url":"https:\/\/youcat.dev\/de\/docat-app\/","og_site_name":"YOUCAT","article_modified_time":"2023-07-24T11:19:02+00:00","og_image":[{"url":"https:\/\/youcat.dev\/wp-content\/uploads\/2023\/07\/youcat-docat-app-mockup.webp"}],"twitter_card":"summary_large_image","schema":{"@context":"https:\/\/schema.org","@graph":[{"@type":"WebPage","@id":"https:\/\/youcat.dev\/docat-app\/","url":"https:\/\/youcat.dev\/docat-app\/","name":"DOCAT App - YOUCAT","isPartOf":{"@id":"https:\/\/youcat.dev\/#website"},"primaryImageOfPage":{"@id":"https:\/\/youcat.dev\/docat-app\/#primaryimage"},"image":{"@id":"https:\/\/youcat.dev\/docat-app\/#primaryimage"},"thumbnailUrl":"https:\/\/youcat.dev\/wp-content\/uploads\/2023\/07\/youcat-docat-app-mockup.webp","datePublished":"2023-07-24T06:12:49+00:00","dateModified":"2023-07-24T11:19:02+00:00","breadcrumb":{"@id":"https:\/\/youcat.dev\/docat-app\/#breadcrumb"},"inLanguage":"de-DE","potentialAction":[{"@type":"ReadAction","target":["https:\/\/youcat.dev\/docat-app\/"]}]},{"@type":"ImageObject","inLanguage":"de-DE","@id":"https:\/\/youcat.dev\/docat-app\/#primaryimage","url":"https:\/\/youcat.dev\/wp-content\/uploads\/2023\/07\/youcat-docat-app-mockup.webp","contentUrl":"https:\/\/youcat.dev\/wp-content\/uploads\/2023\/07\/youcat-docat-app-mockup.webp"},{"@type":"BreadcrumbList","@id":"https:\/\/youcat.dev\/docat-app\/#breadcrumb","itemListElement":[{"@type":"ListItem","position":1,"name":"","item":"https:\/\/youcat.dev\/"},{"@type":"ListItem","position":2,"name":"DOCAT App"}]},{"@type":"WebSite","@id":"https:\/\/youcat.dev\/#website","url":"https:\/\/youcat.dev\/","name":"YOUCAT","description":"Der Glaube der katholischen Kirche: anschaulich erkl\u00e4rt, innovativ pr\u00e4sentiert, offiziell best\u00e4tigt.","potentialAction":[{"@type":"SearchAction","target":{"@type":"EntryPoint","urlTemplate":"https:\/\/youcat.dev\/?s={search_term_string}"},"query-input":"required name=search_term_string"}],"inLanguage":"de-DE"}]}},"_links":{"self":[{"href":"https:\/\/youcat.dev\/de\/wp-json\/wp\/v2\/pages\/2795"}],"collection":[{"href":"https:\/\/youcat.dev\/de\/wp-json\/wp\/v2\/pages"}],"about":[{"href":"https:\/\/youcat.dev\/de\/wp-json\/wp\/v2\/types\/page"}],"author":[{"embeddable":true,"href":"https:\/\/youcat.dev\/de\/wp-json\/wp\/v2\/users\/8"}],"replies":[{"embeddable":true,"href":"https:\/\/youcat.dev\/de\/wp-json\/wp\/v2\/comments?post=2795"}],"version-history":[{"count":10,"href":"https:\/\/youcat.dev\/de\/wp-json\/wp\/v2\/pages\/2795\/revisions"}],"predecessor-version":[{"id":2964,"href":"https:\/\/youcat.dev\/de\/wp-json\/wp\/v2\/pages\/2795\/revisions\/2964"}],"wp:attachment":[{"href":"https:\/\/youcat.dev\/de\/wp-json\/wp\/v2\/media?parent=2795"}],"curies":[{"name":"wp","href":"https:\/\/api.w.org\/{rel}","templated":true}]}}