{"id":3161,"date":"2023-07-25T19:02:22","date_gmt":"2023-07-25T18:02:22","guid":{"rendered":"https:\/\/youcat.dev\/?page_id=3161"},"modified":"2023-07-30T20:00:32","modified_gmt":"2023-07-30T19:00:32","slug":"newsletter","status":"publish","type":"page","link":"https:\/\/youcat.dev\/de\/newsletter\/","title":{"rendered":"Newsletter"},"content":{"rendered":"<span><span><a href=\"https:\/\/youcat.dev\/de\/\"><span class=\"icon yc-icon-yc-home-filled\"><\/span><\/a><\/span><\/span>\n\t<h1>Abonnieren Sie unseren Newsletter und bleiben Sie \u00fcber alle Neuigkeiten rund um YOUCAT auf dem Laufenden.<\/h1>\n<ul>\n<li>Insides aus der YOUCAT Foundation.<\/li>\n<li>Ermutigende Bibelstellen.<\/li>\n<li>Neue Artikel zu spannenden Themen.<\/li>\n<li>Kostenlose Zusatzmaterialien.<\/li>\n<li class=\" translation-block\"><strong>Tipps<\/strong> on working with our books.<\/li>\n<li>Gebete und die M\u00f6glichkeit, Gebetsanliegen f\u00fcr dich und deine Liebsten einzureichen. Wir w\u00fcrden uns freuen, wenn du das untenstehende Formular ausf\u00fcllst, damit wir dich in unsere Liste der Freunde und Abonnenten aufnehmen k\u00f6nnen.<\/li>\n<\/ul>\n\t<h2>Jetzt anmelden!<\/h2>\n\t<form action=\"https:\/\/youcat.us16.list-manage.com\/subscribe\/post?u=9456a0b431f9cd4ed1bf21863&#038;id=2e0eb241b4\" method=\"post\" id=\"mc-embedded-subscribe-form\" name=\"mc-embedded-subscribe-form\" target=\"_blank\" data-trp-original-action=\"https:\/\/youcat.us16.list-manage.com\/subscribe\/post?u=9456a0b431f9cd4ed1bf21863&amp;id=2e0eb241b4\">\n            <input placeholder=\"First Name\" type=\"text\" value=\"\" name=\"FNAME\" id=\"mce-FNAME\" required=\"\"\/>\n            <input placeholder=\"Last Name\" type=\"text\" value=\"\" name=\"LNAME\" id=\"mce-LNAME\" required=\"\"\/>\n            <input placeholder=\"Email\" type=\"email\" value=\"\" name=\"EMAIL\" id=\"mce-EMAIL\" required=\"\"\/>\n            <select name=\"LANGUAGE\" id=\"mce-group[6843]\" required=\"\">\n                <option value=\"\" selected=\"\" disabled=\"\" hidden=\"\">Language &#8230;<\/option>\n                <option value=\"English\">Language: English<\/option>\n                <option value=\"French\">Langue: Fran\u00e7ais<\/option>\n                <option value=\"German\">Sprache: Deutsch<\/option>\n                <option value=\"Polish\">J\u0119zyk: Polski<\/option>\n                <option value=\"Portuguese\">Langue: Portugais<\/option>\n                <option value=\"Spanish\">Idioma: Espa\u00f1ol<\/option>\n            <\/select>\n            <label for=\"gdpr_27931\">\n                <input type=\"checkbox\" id=\"gdpr_27931\" name=\"gdpr[27931]\" value=\"Y\" required=\"\"\/>\n                Ich m\u00f6chte den YOUCAT-Newsletter erhalten und akzeptiere die <a href=\"https:\/\/youcat.dev\/de\/datenschutz\/\">Data protection conditions<\/a>. Sie k\u00f6nnen sich jederzeit abmelden, indem Sie auf den Link in der Fu\u00dfzeile unserer E-Mails klicken.\n            <\/label>\n            <input type=\"submit\" value=\"Jetzt abonnieren\" name=\"subscribe\" id=\"mc-embedded-subscribe\"\/>\n<input type=\"hidden\" name=\"trp-form-language\" value=\"de\"\/><\/form>\n\t\t\t\t<img loading=\"lazy\" decoding=\"async\" src=\"https:\/\/youcat.dev\/wp-content\/uploads\/2023\/07\/yc-arrow-to-right.svg\" alt=\"yc-pfeil-nach-rechts\" itemprop=\"image\" height=\"86\" width=\"567\" title=\"yc-pfeil-nach-rechts\" onerror=\"this.style.display='none'\"  \/>\n\t\t\t\t<img loading=\"lazy\" decoding=\"async\" src=\"https:\/\/youcat.dev\/wp-content\/uploads\/2023\/07\/yc-arrow-to-left.svg\" alt=\"yc-pfeil-nach-links\" itemprop=\"image\" height=\"86\" width=\"567\" title=\"yc-pfeil-nach-links\" onerror=\"this.style.display='none'\"  \/>\n\t\t\t\t<img loading=\"lazy\" decoding=\"async\" src=\"https:\/\/youcat.dev\/wp-content\/uploads\/2023\/07\/youcat-dialogische-katechese-featured.webp\" alt=\"youcat-dialogische-katechese-featured\" itemprop=\"image\" height=\"733\" width=\"460\" title=\"youcat-dialogische-katechese-featured\" onerror=\"this.style.display='none'\"  \/>\n\t<p>Neu<\/p>\n\t<h2><strong>Dialogische Katechese<\/strong><\/h2>\n<p>Ein innovatives Konzept f\u00fcr die Praxis<\/p>\n\t\t\t<a href=\"https:\/\/youcat.dev\/de\/products\/dialogische-katechese\/\" target=\"_self\" rel=\"noopener\">\n\t\t\t\t\t\t\tJetzt vorbestellen\n\t\t\t<\/a>","protected":false},"excerpt":{"rendered":"<p>Subscribe to our newsletter and stay updated with all the news around YOUCAT. Insides from the YOUCAT Foundation. Encouraging Bible passages. New articles on exciting topics. Free additional materials. Tips on working with our books. Prayers and the possibility to request prayers for you and your beloved ones. We would be happy if you could&hellip;<\/p>","protected":false},"author":6,"featured_media":0,"parent":0,"menu_order":0,"comment_status":"closed","ping_status":"closed","template":"","meta":{"_acf_changed":false,"inline_featured_image":false,"footnotes":""},"acf":[],"yoast_head":"<!-- This site is optimized with the Yoast SEO plugin v22.5 - https:\/\/yoast.com\/wordpress\/plugins\/seo\/ -->\n<title>Newsletter - YOUCAT<\/title>\n<meta name=\"robots\" content=\"noindex, follow, max-snippet:-1, max-image-preview:large, max-video-preview:-1\" \/>\n<meta property=\"og:locale\" content=\"de_DE\" \/>\n<meta property=\"og:type\" content=\"article\" \/>\n<meta property=\"og:title\" content=\"Newsletter - YOUCAT\" \/>\n<meta property=\"og:description\" content=\"Subscribe to our newsletter and stay updated with all the news around YOUCAT. Insides from the YOUCAT Foundation. Encouraging Bible passages. New articles on exciting topics. Free additional materials. Tips on working with our books. Prayers and the possibility to request prayers for you and your beloved ones. We would be happy if you could&hellip;\" \/>\n<meta property=\"og:url\" content=\"https:\/\/youcat.dev\/de\/newsletter\/\" \/>\n<meta property=\"og:site_name\" content=\"YOUCAT\" \/>\n<meta property=\"article:modified_time\" content=\"2023-07-30T19:00:32+00:00\" \/>\n<meta property=\"og:image\" content=\"https:\/\/youcat.dev\/wp-content\/uploads\/2023\/07\/yc-arrow-to-right.svg\" \/>\n<meta name=\"twitter:card\" content=\"summary_large_image\" \/>\n<meta name=\"twitter:label1\" content=\"Gesch\u00e4tzte Lesezeit\" \/>\n\t<meta name=\"twitter:data1\" content=\"1 Minute\" \/>\n<script type=\"application\/ld+json\" class=\"yoast-schema-graph\">{\"@context\":\"https:\/\/schema.org\",\"@graph\":[{\"@type\":\"WebPage\",\"@id\":\"https:\/\/youcat.dev\/newsletter\/\",\"url\":\"https:\/\/youcat.dev\/newsletter\/\",\"name\":\"Newsletter - YOUCAT\",\"isPartOf\":{\"@id\":\"https:\/\/youcat.dev\/#website\"},\"primaryImageOfPage\":{\"@id\":\"https:\/\/youcat.dev\/newsletter\/#primaryimage\"},\"image\":{\"@id\":\"https:\/\/youcat.dev\/newsletter\/#primaryimage\"},\"thumbnailUrl\":\"https:\/\/youcat.dev\/wp-content\/uploads\/2023\/07\/yc-arrow-to-right.svg\",\"datePublished\":\"2023-07-25T18:02:22+00:00\",\"dateModified\":\"2023-07-30T19:00:32+00:00\",\"breadcrumb\":{\"@id\":\"https:\/\/youcat.dev\/newsletter\/#breadcrumb\"},\"inLanguage\":\"de-DE\",\"potentialAction\":[{\"@type\":\"ReadAction\",\"target\":[\"https:\/\/youcat.dev\/newsletter\/\"]}]},{\"@type\":\"ImageObject\",\"inLanguage\":\"de-DE\",\"@id\":\"https:\/\/youcat.dev\/newsletter\/#primaryimage\",\"url\":\"https:\/\/youcat.dev\/wp-content\/uploads\/2023\/07\/yc-arrow-to-right.svg\",\"contentUrl\":\"https:\/\/youcat.dev\/wp-content\/uploads\/2023\/07\/yc-arrow-to-right.svg\"},{\"@type\":\"BreadcrumbList\",\"@id\":\"https:\/\/youcat.dev\/newsletter\/#breadcrumb\",\"itemListElement\":[{\"@type\":\"ListItem\",\"position\":1,\"name\":\"\",\"item\":\"https:\/\/youcat.dev\/\"},{\"@type\":\"ListItem\",\"position\":2,\"name\":\"Newsletter\"}]},{\"@type\":\"WebSite\",\"@id\":\"https:\/\/youcat.dev\/#website\",\"url\":\"https:\/\/youcat.dev\/\",\"name\":\"YOUCAT\",\"description\":\"Der Glaube der katholischen Kirche: anschaulich erkl\u00e4rt, innovativ pr\u00e4sentiert, offiziell best\u00e4tigt.\",\"potentialAction\":[{\"@type\":\"SearchAction\",\"target\":{\"@type\":\"EntryPoint\",\"urlTemplate\":\"https:\/\/youcat.dev\/?s={search_term_string}\"},\"query-input\":\"required name=search_term_string\"}],\"inLanguage\":\"de-DE\"}]}<\/script>\n<!-- \/ Yoast SEO plugin. -->","yoast_head_json":{"title":"Newsletter - YOUCAT","robots":{"index":"noindex","follow":"follow","max-snippet":"max-snippet:-1","max-image-preview":"max-image-preview:large","max-video-preview":"max-video-preview:-1"},"og_locale":"de_DE","og_type":"article","og_title":"Newsletter - YOUCAT","og_description":"Subscribe to our newsletter and stay updated with all the news around YOUCAT. Insides from the YOUCAT Foundation. Encouraging Bible passages. New articles on exciting topics. Free additional materials. Tips on working with our books. Prayers and the possibility to request prayers for you and your beloved ones. We would be happy if you could&hellip;","og_url":"https:\/\/youcat.dev\/de\/newsletter\/","og_site_name":"YOUCAT","article_modified_time":"2023-07-30T19:00:32+00:00","og_image":[{"url":"https:\/\/youcat.dev\/wp-content\/uploads\/2023\/07\/yc-arrow-to-right.svg"}],"twitter_card":"summary_large_image","twitter_misc":{"Gesch\u00e4tzte Lesezeit":"1 Minute"},"schema":{"@context":"https:\/\/schema.org","@graph":[{"@type":"WebPage","@id":"https:\/\/youcat.dev\/newsletter\/","url":"https:\/\/youcat.dev\/newsletter\/","name":"Newsletter - YOUCAT","isPartOf":{"@id":"https:\/\/youcat.dev\/#website"},"primaryImageOfPage":{"@id":"https:\/\/youcat.dev\/newsletter\/#primaryimage"},"image":{"@id":"https:\/\/youcat.dev\/newsletter\/#primaryimage"},"thumbnailUrl":"https:\/\/youcat.dev\/wp-content\/uploads\/2023\/07\/yc-arrow-to-right.svg","datePublished":"2023-07-25T18:02:22+00:00","dateModified":"2023-07-30T19:00:32+00:00","breadcrumb":{"@id":"https:\/\/youcat.dev\/newsletter\/#breadcrumb"},"inLanguage":"de-DE","potentialAction":[{"@type":"ReadAction","target":["https:\/\/youcat.dev\/newsletter\/"]}]},{"@type":"ImageObject","inLanguage":"de-DE","@id":"https:\/\/youcat.dev\/newsletter\/#primaryimage","url":"https:\/\/youcat.dev\/wp-content\/uploads\/2023\/07\/yc-arrow-to-right.svg","contentUrl":"https:\/\/youcat.dev\/wp-content\/uploads\/2023\/07\/yc-arrow-to-right.svg"},{"@type":"BreadcrumbList","@id":"https:\/\/youcat.dev\/newsletter\/#breadcrumb","itemListElement":[{"@type":"ListItem","position":1,"name":"","item":"https:\/\/youcat.dev\/"},{"@type":"ListItem","position":2,"name":"Newsletter"}]},{"@type":"WebSite","@id":"https:\/\/youcat.dev\/#website","url":"https:\/\/youcat.dev\/","name":"YOUCAT","description":"Der Glaube der katholischen Kirche: anschaulich erkl\u00e4rt, innovativ pr\u00e4sentiert, offiziell best\u00e4tigt.","potentialAction":[{"@type":"SearchAction","target":{"@type":"EntryPoint","urlTemplate":"https:\/\/youcat.dev\/?s={search_term_string}"},"query-input":"required name=search_term_string"}],"inLanguage":"de-DE"}]}},"_links":{"self":[{"href":"https:\/\/youcat.dev\/de\/wp-json\/wp\/v2\/pages\/3161"}],"collection":[{"href":"https:\/\/youcat.dev\/de\/wp-json\/wp\/v2\/pages"}],"about":[{"href":"https:\/\/youcat.dev\/de\/wp-json\/wp\/v2\/types\/page"}],"author":[{"embeddable":true,"href":"https:\/\/youcat.dev\/de\/wp-json\/wp\/v2\/users\/6"}],"replies":[{"embeddable":true,"href":"https:\/\/youcat.dev\/de\/wp-json\/wp\/v2\/comments?post=3161"}],"version-history":[{"count":9,"href":"https:\/\/youcat.dev\/de\/wp-json\/wp\/v2\/pages\/3161\/revisions"}],"predecessor-version":[{"id":3236,"href":"https:\/\/youcat.dev\/de\/wp-json\/wp\/v2\/pages\/3161\/revisions\/3236"}],"wp:attachment":[{"href":"https:\/\/youcat.dev\/de\/wp-json\/wp\/v2\/media?parent=3161"}],"curies":[{"name":"wp","href":"https:\/\/api.w.org\/{rel}","templated":true}]}}