{"id":36,"date":"2022-02-03T12:29:21","date_gmt":"2022-02-03T12:29:21","guid":{"rendered":"https:\/\/youcat.dev\/?page_id=36"},"modified":"2024-03-27T10:38:29","modified_gmt":"2024-03-27T10:38:29","slug":"startseite","status":"publish","type":"page","link":"https:\/\/youcat.dev\/de\/","title":{"rendered":"Homepage"},"content":{"rendered":"<img loading=\"lazy\" decoding=\"async\" src=\"https:\/\/youcat.dev\/wp-content\/uploads\/2023\/07\/bildmarke.svg\" alt=\"bildmarke\" itemprop=\"image\" height=\"0\" width=\"0\" title=\"bildmarke\" onerror=\"this.style.display='none'\"  \/>\n\t\t\t\t<img loading=\"lazy\" decoding=\"async\" src=\"https:\/\/youcat.dev\/wp-content\/uploads\/2023\/07\/yc-logo-sw.svg\" alt=\"YOUCAT Logo Schwarz und Wei\u00df\" itemprop=\"image\" height=\"0\" width=\"0\" title=\"yc-logo-sw\" onerror=\"this.style.display='none'\"  \/>\n\t\t\t\t<img loading=\"lazy\" decoding=\"async\" src=\"https:\/\/youcat.dev\/wp-content\/uploads\/2023\/07\/yc-logo.svg\" alt=\"YOUCAT-Logo\" itemprop=\"image\" height=\"0\" width=\"0\" title=\"yc-logo\" onerror=\"this.style.display='none'\"  \/>\n\t\t\t\t<img loading=\"lazy\" decoding=\"async\" src=\"https:\/\/youcat.dev\/wp-content\/uploads\/2023\/07\/yc-logo.svg\" alt=\"YOUCAT-Logo\" itemprop=\"image\" height=\"0\" width=\"0\" title=\"yc-logo\" onerror=\"this.style.display='none'\"  \/>\n\t\t\t\t<a href=\"https:\/\/youcat.dev\/de\/unsere-vision\/\" target=\"_self\" itemprop=\"url\" rel=\"noopener\">\n\t\t\t\t<img loading=\"lazy\" decoding=\"async\" src=\"https:\/\/youcat.dev\/wp-content\/uploads\/2023\/07\/Weltkugel.svg\" alt=\"Weltkugel\" itemprop=\"image\" height=\"506\" width=\"506\" title=\"Weltkugel\" onerror=\"this.style.display='none'\"  \/>\n\t\t\t\t<\/a>\n\t\t<p>Wof\u00fcr steht YOUCAT?<\/p>\n<h1><strong>YOUCAT steht f\u00fcr den Glauben der Katholischen Kirche:<\/strong> anschaulich erkl\u00e4rt, innovativ pr\u00e4sentiert, offiziell best\u00e4tigt.<\/h1>\n<p>Die YOUCAT Foundation publiziert B\u00fccher und entwickelt digitale Produkte in partizipativen Prozessen mit Christinnen und Christen aus der ganzen Weltkirche, damit Menschen Gott begegnen k\u00f6nnen und den Glaubensschatz der katholischen Kirche (kennen-)lernen und lehren k\u00f6nnen.<\/p>\n\t\t\t<a href=\"https:\/\/youcat.dev\/de\/unsere-vision\/\" target=\"_self\" rel=\"noopener\">\n\t\t\t\t\t\t\tMehr \u00fcber die YOUCAT Foundation erfahren\n\t\t\t\t\t<\/a>\n\t\t\t\t<img loading=\"lazy\" decoding=\"async\" src=\"https:\/\/youcat.dev\/wp-content\/uploads\/2023\/07\/yc-arrow-to-right.svg\" alt=\"yc-pfeil-nach-rechts\" itemprop=\"image\" height=\"86\" width=\"567\" title=\"yc-pfeil-nach-rechts\" onerror=\"this.style.display='none'\"  \/>\n\t\t\t\t<img loading=\"lazy\" decoding=\"async\" src=\"https:\/\/youcat.dev\/wp-content\/uploads\/2023\/07\/yc-arrow-to-left.svg\" alt=\"yc-pfeil-nach-links\" itemprop=\"image\" height=\"86\" width=\"567\" title=\"yc-pfeil-nach-links\" onerror=\"this.style.display='none'\"  \/>\n\t\t\t\t<img loading=\"lazy\" decoding=\"async\" src=\"https:\/\/youcat.dev\/wp-content\/uploads\/2023\/07\/youcat-dialogische-katechese-featured.webp\" alt=\"youcat-dialogische-katechese-featured\" itemprop=\"image\" height=\"733\" width=\"460\" title=\"youcat-dialogische-katechese-featured\" onerror=\"this.style.display='none'\"  \/>\n\t<p>Neu<\/p>\n\t<h2><strong>Dialogische Katechese<\/strong><\/h2>\n<p>Ein innovatives Konzept f\u00fcr die Praxis<\/p>\n\t\t\t<a href=\"https:\/\/youcat.dev\/de\/products\/dialogische-katechese\/\" target=\"_self\" rel=\"noopener\">\n\t\t\t\t\t\t\tJetzt bestellen\n\t\t\t<\/a>\n\t\t\t<a href=\"https:\/\/youcat.dev\/de\/products\/\" target=\"_self\" rel=\"noopener\">\n\t\t\t\t\t\t\tAlle B\u00fccher anzeigen\n\t\t\t\t\t<\/a>\n\t<h2><strong>Jetzt anmelden!<\/strong><\/h2>\n<p><strong>Abonnieren Sie unseren Newsletter und bleiben Sie \u00fcber alle Neuigkeiten rund um YOUCAT auf dem Laufenden.<\/strong><\/p>\n<ul>\n<li>Insides aus der YOUCAT Foundation.<\/li>\n<li class=\" translation-block\"><strong>Rabatt-Aktionen<\/strong> und Informationen zu neuen B\u00fcchern.<\/li>\n<li>Ermutigende Bibelstellen.<\/li>\n<li><strong>Neue Artikel<\/strong> zu spannenden Themen.<\/li>\n<li><strong>Kostenlose Zusatzmaterialien.<\/strong><\/li>\n<li class=\" translation-block\"><strong>Tipps<\/strong> on working with our books.<\/li>\n<li>Gebete und die M\u00f6glichkeit, Gebetsanliegen f\u00fcr dich und deine Liebsten einzureichen.<\/li>\n<\/ul>\n<p><strong>Wir freuen uns, dass du Teil der YOUCAT-Community wirst.<\/strong><\/p>\n\t<p><strong>YOUCAT Newsletter<\/strong><\/p>\n\t<form action=\"https:\/\/youcat.us16.list-manage.com\/subscribe\/post?u=9456a0b431f9cd4ed1bf21863&#038;id=2e0eb241b4\" method=\"post\" id=\"mc-embedded-subscribe-form\" name=\"mc-embedded-subscribe-form\" target=\"_blank\" data-trp-original-action=\"https:\/\/youcat.us16.list-manage.com\/subscribe\/post?u=9456a0b431f9cd4ed1bf21863&amp;id=2e0eb241b4\">\n            <input placeholder=\"First Name\" type=\"text\" value=\"\" name=\"FNAME\" id=\"mce-FNAME\" required=\"\"\/>\n            <input placeholder=\"Last Name\" type=\"text\" value=\"\" name=\"LNAME\" id=\"mce-LNAME\" required=\"\"\/>\n            <input placeholder=\"Email\" type=\"email\" value=\"\" name=\"EMAIL\" id=\"mce-EMAIL\" required=\"\"\/>\n            <select name=\"LANGUAGE\" id=\"mce-group[6843]\" required=\"\">\n                <option value=\"\" selected=\"\" disabled=\"\" hidden=\"\">Language &#8230;<\/option>\n                <option value=\"English\">Language: English<\/option>\n                <option value=\"French\">Langue: Fran\u00e7ais<\/option>\n                <option value=\"German\">Sprache: Deutsch<\/option>\n                <option value=\"Polish\">J\u0119zyk: Polski<\/option>\n                <option value=\"Portuguese\">Langue: Portugais<\/option>\n                <option value=\"Spanish\">Idioma: Espa\u00f1ol<\/option>\n            <\/select>\n            <label for=\"gdpr_27931\">\n                <input type=\"checkbox\" id=\"gdpr_27931\" name=\"gdpr[27931]\" value=\"Y\" required=\"\"\/>\n                Ich m\u00f6chte den YOUCAT-Newsletter erhalten und akzeptiere die <a href=\"https:\/\/youcat.dev\/de\/datenschutz\/\">Data protection conditions<\/a>. Sie k\u00f6nnen sich jederzeit abmelden, indem Sie auf den Link in der Fu\u00dfzeile unserer E-Mails klicken.\n            <\/label>\n            <input type=\"submit\" value=\"Jetzt anmelden\" name=\"subscribe\" id=\"mc-embedded-subscribe\"\/>\n<input type=\"hidden\" name=\"trp-form-language\" value=\"de\"\/><\/form>\n\t\t\t\t<img loading=\"lazy\" decoding=\"async\" src=\"https:\/\/youcat.dev\/wp-content\/uploads\/2023\/07\/youcat-homepage-teaser-bonus.webp\" alt=\"Zusatzmaterial\" itemprop=\"image\" height=\"520\" width=\"824\" title=\"youcat-homepage-teaser-bonus\" onerror=\"this.style.display='none'\"  \/>\n\t<h2><strong>Zusatzmaterial<\/strong><\/h2>\n<p>Den Glauben zu entdecken ist ein spannendes Abenteuer. Hier bieten wir kostenlos viele n\u00fctzliche Materialien an.<\/p>\n\t\t\t<a href=\"https:\/\/youcat.dev\/de\/bonus-material\/\" target=\"_self\" rel=\"noopener\">\n\t\t\t\t\t\t\tZusatzmaterial\n\t\t\t<\/a>\n\t\t\t\t<img loading=\"lazy\" decoding=\"async\" src=\"https:\/\/youcat.dev\/wp-content\/uploads\/2023\/07\/youcat-homepage-teaser-verlag.webp\" alt=\"Verlag\" itemprop=\"image\" height=\"520\" width=\"824\" title=\"youcat-homepage-teaser-verlag\" onerror=\"this.style.display='none'\"  \/>\n\t<h2><strong>Der YOUCAT-Verlag <\/strong><\/h2>\n<p>The YOUCAT foundation is a work of new evangelisation which contributes to the Church&#8217;s worldwide renewal through the charism of &#8216;teaching&#8217;.<\/p>\n\t\t\t<a href=\"https:\/\/youcat.dev\/de\/verlag\/\" target=\"_self\" rel=\"noopener\">\n\t\t\t\t\t\t\tInformationen f\u00fcr Verleger\n\t\t\t<\/a>\n\t\t\t\t<img loading=\"lazy\" decoding=\"async\" src=\"https:\/\/youcat.dev\/wp-content\/uploads\/2023\/07\/youcat-homepage-teaser-missionary.webp\" alt=\"Missionary Network\" itemprop=\"image\" height=\"520\" width=\"824\" title=\"youcat-homepage-teaser-missionary\" onerror=\"this.style.display='none'\"  \/>\n\t<h2><strong>Missionary Network<\/strong><\/h2>\nDas YOUCAT Missionary Network ist eine wachsende internationale Gemeinschaft von Katecheten und Missionaren.<strong><br \/>\n<\/strong>\n\t\t\t<a href=\"https:\/\/youcat.dev\/de\/missionary-network\/\" target=\"_self\" rel=\"noopener\">\n\t\t\t\t\t\t\tJetzt anmelden\n\t\t\t<\/a>\n\t\t\t\t<img loading=\"lazy\" decoding=\"async\" src=\"https:\/\/youcat.dev\/wp-content\/uploads\/2023\/07\/youcat-homepage-teaser-digital.webp\" alt=\"Youcat digital\" itemprop=\"image\" height=\"520\" width=\"824\" title=\"youcat-homepage-teaser-digital\" onerror=\"this.style.display='none'\"  \/>\n\t<h2><strong>YOUCAT Digital<br \/>\n<\/strong><\/h2>\n<p>Entdeckt unsere digitalen Produkt, die Euch helfen im Glauben zu wachsen und selbst Missionare zu werden.<\/p>\n\t\t\t<a href=\"https:\/\/youcat.dev\/de\/youcat-digital\/\" target=\"_self\" rel=\"noopener\">\n\t\t\t\t\t\t\tMehr erfahren\n\t\t\t<\/a>","protected":false},"excerpt":{"rendered":"<p>What does YOUCAT stand for? YOUCAT stands for the faith of the Catholic Church: vividly explained, innovatively presented, officially confirmed. The YOUCAT Foundation makes books and develops digital products in participative processes so that people can encounter God and (get to) know and teach the faith treasure of the Catholic Church. Learn more about the&hellip;<\/p>","protected":false},"author":8,"featured_media":0,"parent":0,"menu_order":0,"comment_status":"closed","ping_status":"closed","template":"","meta":{"_acf_changed":false,"inline_featured_image":false,"footnotes":""},"acf":[],"yoast_head":"<!-- This site is optimized with the Yoast SEO plugin v22.5 - https:\/\/yoast.com\/wordpress\/plugins\/seo\/ -->\n<title>Homepage - YOUCAT<\/title>\n<meta name=\"robots\" content=\"noindex, follow, max-snippet:-1, max-image-preview:large, max-video-preview:-1\" \/>\n<meta property=\"og:locale\" content=\"de_DE\" \/>\n<meta property=\"og:type\" content=\"article\" \/>\n<meta property=\"og:title\" content=\"Homepage - YOUCAT\" \/>\n<meta property=\"og:description\" content=\"What does YOUCAT stand for? YOUCAT stands for the faith of the Catholic Church: vividly explained, innovatively presented, officially confirmed. The YOUCAT Foundation makes books and develops digital products in participative processes so that people can encounter God and (get to) know and teach the faith treasure of the Catholic Church. Learn more about the&hellip;\" \/>\n<meta property=\"og:url\" content=\"https:\/\/youcat.dev\/de\/\" \/>\n<meta property=\"og:site_name\" content=\"YOUCAT\" \/>\n<meta property=\"article:modified_time\" content=\"2024-03-27T10:38:29+00:00\" \/>\n<meta property=\"og:image\" content=\"https:\/\/youcat.dev\/wp-content\/uploads\/2023\/07\/bildmarke.svg\" \/>\n<meta name=\"twitter:card\" content=\"summary_large_image\" \/>\n<meta name=\"twitter:label1\" content=\"Gesch\u00e4tzte Lesezeit\" \/>\n\t<meta name=\"twitter:data1\" content=\"5 Minuten\" \/>\n<script type=\"application\/ld+json\" class=\"yoast-schema-graph\">{\"@context\":\"https:\/\/schema.org\",\"@graph\":[{\"@type\":\"WebPage\",\"@id\":\"https:\/\/youcat.dev\/\",\"url\":\"https:\/\/youcat.dev\/\",\"name\":\"Homepage - YOUCAT\",\"isPartOf\":{\"@id\":\"https:\/\/youcat.dev\/#website\"},\"primaryImageOfPage\":{\"@id\":\"https:\/\/youcat.dev\/#primaryimage\"},\"image\":{\"@id\":\"https:\/\/youcat.dev\/#primaryimage\"},\"thumbnailUrl\":\"https:\/\/youcat.dev\/wp-content\/uploads\/2023\/07\/bildmarke.svg\",\"datePublished\":\"2022-02-03T12:29:21+00:00\",\"dateModified\":\"2024-03-27T10:38:29+00:00\",\"breadcrumb\":{\"@id\":\"https:\/\/youcat.dev\/#breadcrumb\"},\"inLanguage\":\"de-DE\",\"potentialAction\":[{\"@type\":\"ReadAction\",\"target\":[\"https:\/\/youcat.dev\/\"]}]},{\"@type\":\"ImageObject\",\"inLanguage\":\"de-DE\",\"@id\":\"https:\/\/youcat.dev\/#primaryimage\",\"url\":\"https:\/\/youcat.dev\/wp-content\/uploads\/2023\/07\/bildmarke.svg\",\"contentUrl\":\"https:\/\/youcat.dev\/wp-content\/uploads\/2023\/07\/bildmarke.svg\"},{\"@type\":\"BreadcrumbList\",\"@id\":\"https:\/\/youcat.dev\/#breadcrumb\",\"itemListElement\":[{\"@type\":\"ListItem\",\"position\":1,\"name\":\"\",\"item\":\"https:\/\/youcat.dev\/\"},{\"@type\":\"ListItem\",\"position\":2,\"name\":\"Homepage\"}]},{\"@type\":\"WebSite\",\"@id\":\"https:\/\/youcat.dev\/#website\",\"url\":\"https:\/\/youcat.dev\/\",\"name\":\"YOUCAT\",\"description\":\"Der Glaube der katholischen Kirche: anschaulich erkl\u00e4rt, innovativ pr\u00e4sentiert, offiziell best\u00e4tigt.\",\"potentialAction\":[{\"@type\":\"SearchAction\",\"target\":{\"@type\":\"EntryPoint\",\"urlTemplate\":\"https:\/\/youcat.dev\/?s={search_term_string}\"},\"query-input\":\"required name=search_term_string\"}],\"inLanguage\":\"de-DE\"}]}<\/script>\n<!-- \/ Yoast SEO plugin. -->","yoast_head_json":{"title":"Homepage - YOUCAT","robots":{"index":"noindex","follow":"follow","max-snippet":"max-snippet:-1","max-image-preview":"max-image-preview:large","max-video-preview":"max-video-preview:-1"},"og_locale":"de_DE","og_type":"article","og_title":"Homepage - YOUCAT","og_description":"What does YOUCAT stand for? YOUCAT stands for the faith of the Catholic Church: vividly explained, innovatively presented, officially confirmed. The YOUCAT Foundation makes books and develops digital products in participative processes so that people can encounter God and (get to) know and teach the faith treasure of the Catholic Church. Learn more about the&hellip;","og_url":"https:\/\/youcat.dev\/de\/","og_site_name":"YOUCAT","article_modified_time":"2024-03-27T10:38:29+00:00","og_image":[{"url":"https:\/\/youcat.dev\/wp-content\/uploads\/2023\/07\/bildmarke.svg"}],"twitter_card":"summary_large_image","twitter_misc":{"Gesch\u00e4tzte Lesezeit":"5 Minuten"},"schema":{"@context":"https:\/\/schema.org","@graph":[{"@type":"WebPage","@id":"https:\/\/youcat.dev\/","url":"https:\/\/youcat.dev\/","name":"Homepage - YOUCAT","isPartOf":{"@id":"https:\/\/youcat.dev\/#website"},"primaryImageOfPage":{"@id":"https:\/\/youcat.dev\/#primaryimage"},"image":{"@id":"https:\/\/youcat.dev\/#primaryimage"},"thumbnailUrl":"https:\/\/youcat.dev\/wp-content\/uploads\/2023\/07\/bildmarke.svg","datePublished":"2022-02-03T12:29:21+00:00","dateModified":"2024-03-27T10:38:29+00:00","breadcrumb":{"@id":"https:\/\/youcat.dev\/#breadcrumb"},"inLanguage":"de-DE","potentialAction":[{"@type":"ReadAction","target":["https:\/\/youcat.dev\/"]}]},{"@type":"ImageObject","inLanguage":"de-DE","@id":"https:\/\/youcat.dev\/#primaryimage","url":"https:\/\/youcat.dev\/wp-content\/uploads\/2023\/07\/bildmarke.svg","contentUrl":"https:\/\/youcat.dev\/wp-content\/uploads\/2023\/07\/bildmarke.svg"},{"@type":"BreadcrumbList","@id":"https:\/\/youcat.dev\/#breadcrumb","itemListElement":[{"@type":"ListItem","position":1,"name":"","item":"https:\/\/youcat.dev\/"},{"@type":"ListItem","position":2,"name":"Homepage"}]},{"@type":"WebSite","@id":"https:\/\/youcat.dev\/#website","url":"https:\/\/youcat.dev\/","name":"YOUCAT","description":"Der Glaube der katholischen Kirche: anschaulich erkl\u00e4rt, innovativ pr\u00e4sentiert, offiziell best\u00e4tigt.","potentialAction":[{"@type":"SearchAction","target":{"@type":"EntryPoint","urlTemplate":"https:\/\/youcat.dev\/?s={search_term_string}"},"query-input":"required name=search_term_string"}],"inLanguage":"de-DE"}]}},"_links":{"self":[{"href":"https:\/\/youcat.dev\/de\/wp-json\/wp\/v2\/pages\/36"}],"collection":[{"href":"https:\/\/youcat.dev\/de\/wp-json\/wp\/v2\/pages"}],"about":[{"href":"https:\/\/youcat.dev\/de\/wp-json\/wp\/v2\/types\/page"}],"author":[{"embeddable":true,"href":"https:\/\/youcat.dev\/de\/wp-json\/wp\/v2\/users\/8"}],"replies":[{"embeddable":true,"href":"https:\/\/youcat.dev\/de\/wp-json\/wp\/v2\/comments?post=36"}],"version-history":[{"count":166,"href":"https:\/\/youcat.dev\/de\/wp-json\/wp\/v2\/pages\/36\/revisions"}],"predecessor-version":[{"id":4518,"href":"https:\/\/youcat.dev\/de\/wp-json\/wp\/v2\/pages\/36\/revisions\/4518"}],"wp:attachment":[{"href":"https:\/\/youcat.dev\/de\/wp-json\/wp\/v2\/media?parent=36"}],"curies":[{"name":"wp","href":"https:\/\/api.w.org\/{rel}","templated":true}]}}