{"id":1584,"date":"2023-07-19T12:15:52","date_gmt":"2023-07-19T11:15:52","guid":{"rendered":"https:\/\/youcat.dev\/?page_id=1584"},"modified":"2023-07-24T15:21:07","modified_gmt":"2023-07-24T14:21:07","slug":"publications","status":"publish","type":"page","link":"https:\/\/youcat.dev\/es\/publications\/","title":{"rendered":"YOUCAT Editores"},"content":{"rendered":"<span><span><a href=\"https:\/\/youcat.dev\/es\/\"><span class=\"icon yc-icon-yc-home-filled\"><\/span><\/a><\/span><\/span>\n\t<h1>YOUCAT Editores<\/h1>\n<p>The YOUCAT foundation is a work of new evangelisation which contributes to the Church&#8217;s worldwide renewal through the charism of &#8216;teaching&#8217;.<\/p>\n\t<h2>YOUCAT Publicaciones compactas<\/h2>\n<ul>\n<li>80 lenguas bajo contrato<\/li>\n<li>Traducido a 60 lenguas<\/li>\n<li>M\u00e1s de 9 millones de copias impresas<\/li>\n<li>Algunos de nuestros libros han sido aprobados por la Conferencia Episcopal Austriaca y el Papa<\/li>\n<\/ul>\n\t\t\t\t<img loading=\"lazy\" decoding=\"async\" src=\"https:\/\/youcat.dev\/wp-content\/uploads\/2023\/07\/YOUCAT_Publications.webp\" alt=\"YOUCAT_Publications\" itemprop=\"image\" height=\"521\" width=\"824\" title=\"YOUCAT_Publications\" onerror=\"this.style.display='none'\"  \/>\n\t<h2>Nuestros libros<\/h2>\n<p>Consulte los detalles del producto y la vista previa en nuestra tienda.<\/p>\n<p><a href=\"https:\/\/youcat.dev\/es\/products\/\">Descubra nuestros libros<\/a><\/p>\n\t<h2>Pedido de libros<\/h2>\n\t\t\t\t\t<a href=\"#\" id=\"fl-accordion--label-0\" tabindex=\"0\" aria-controls=\"fl-accordion--panel-0\">Alemania<\/a>\n\t\t\t\t\t\t\t\t\t\t\t<a href=\"#\" id=\"fl-accordion--icon-0\" tabindex=\"0\" aria-controls=\"fl-accordion--panel-0\"><i>Collapse<\/i><\/a>\n\t\t\t\t\t<strong>Mireille Spenrath<\/strong><br \/>\nTel.: 02832\/929-291<br \/>\nFax: 02832\/929-211\n<p><a href=\"mailto:mireille.spenrath@azb.de\">mireille.spenrath@azb.de<\/a><\/p>\n<strong>AZB Auslieferungszentrum Bercker<\/strong><br \/>\nHoogeweg 100<br \/>\nD-47623 Kevelaer\n\t\t\t\t\t<a href=\"#\" id=\"fl-accordion--label-1\" tabindex=\"0\" aria-controls=\"fl-accordion--panel-1\">Austria<\/a>\n\t\t\t\t\t\t\t\t\t\t\t<a href=\"#\" id=\"fl-accordion--icon-1\" tabindex=\"0\" aria-controls=\"fl-accordion--panel-1\"><i>Expand<\/i><\/a>\n\t\t\t\t\t<strong>Mohr-Morawa Buchvertrieb GmbH<\/strong><br \/>\nPostfach 2 60<br \/>\nA-1101 Wien<br \/>\nSulzengasse 2<br \/>\nA-1230 Wien\nTel.: 01 \/ 6 80 14-0<br \/>\nFax: 01 \/ 6 80 71-30\n<p><a href=\"mailto:bestellung@mohrmorawa.at\">bestellung@mohrmorawa.at<\/a><\/p>\n\t\t\t\t\t<a href=\"#\" id=\"fl-accordion--label-2\" tabindex=\"0\" aria-controls=\"fl-accordion--panel-2\">Suiza<\/a>\n\t\t\t\t\t\t\t\t\t\t\t<a href=\"#\" id=\"fl-accordion--icon-2\" tabindex=\"0\" aria-controls=\"fl-accordion--panel-2\"><i>Expand<\/i><\/a>\n\t\t\t\t\t<strong>Balmer B\u00fccherdienst AG<\/strong><br \/>\nPostfach 64<br \/>\nCH-8840 Einsiedeln<br \/>\nKobiboden<br \/>\nCH-8840 Einsiedeln\nTel.: 055 \/ 418 89 89<br \/>\nFax: 055 \/ 418 89 19\n<p><a href=\"mailto:info@balmer-bd.ch\">info@balmer-bd.ch<\/a><\/p>\n\t<h2>Contacto<\/h2>\n\t\t\t\t<img loading=\"lazy\" decoding=\"async\" src=\"https:\/\/youcat.dev\/wp-content\/uploads\/2023\/07\/youcat-clara-steber.webp\" alt=\"youcat-clara-steber\" itemprop=\"image\" height=\"320\" width=\"320\" title=\"youcat-clara-steber\" onerror=\"this.style.display='none'\"  \/>\n\t<p><strong>Clara Steber<\/strong><\/p>\nTel. +49 (0)821\/410108-10<br \/>\nFax. +49 (0)821\/410108-9\n<p><a href=\"mailto:verlag@youcat.org\">verlag@youcat.org<\/a><\/p>\n\t<h2>Editor &amp; Colaborador<\/h2>","protected":false},"excerpt":{"rendered":"<p>YOUCAT Publications The YOUCAT foundation is a work of new evangelisation which contributes to the Church&#8217;s worldwide renewal through the charism of &#8216;teaching&#8217;. YOUCAT Publications compact 80 languages under contract. 60 translations. More than 9 million copies printed. Some of the books are approved by the Austrian Bishops Conference and the Pope. Our books Please&hellip;<\/p>","protected":false},"author":7,"featured_media":0,"parent":0,"menu_order":0,"comment_status":"closed","ping_status":"closed","template":"","meta":{"_acf_changed":false,"inline_featured_image":false,"footnotes":""},"acf":[],"yoast_head":"<!-- This site is optimized with the Yoast SEO plugin v22.5 - https:\/\/yoast.com\/wordpress\/plugins\/seo\/ -->\n<title>YOUCAT Publications - YOUCAT<\/title>\n<meta name=\"robots\" content=\"noindex, follow, max-snippet:-1, max-image-preview:large, max-video-preview:-1\" \/>\n<meta property=\"og:locale\" content=\"es_ES\" \/>\n<meta property=\"og:type\" content=\"article\" \/>\n<meta property=\"og:title\" content=\"YOUCAT Publications - YOUCAT\" \/>\n<meta property=\"og:description\" content=\"YOUCAT Publications The YOUCAT foundation is a work of new evangelisation which contributes to the Church&#8217;s worldwide renewal through the charism of &#8216;teaching&#8217;. YOUCAT Publications compact 80 languages under contract. 60 translations. More than 9 million copies printed. Some of the books are approved by the Austrian Bishops Conference and the Pope. Our books Please&hellip;\" \/>\n<meta property=\"og:url\" content=\"https:\/\/youcat.dev\/es\/publications\/\" \/>\n<meta property=\"og:site_name\" content=\"YOUCAT\" \/>\n<meta property=\"article:modified_time\" content=\"2023-07-24T14:21:07+00:00\" \/>\n<meta property=\"og:image\" content=\"https:\/\/youcat.dev\/wp-content\/uploads\/2023\/07\/YOUCAT_Publications.webp\" \/>\n<meta name=\"twitter:card\" content=\"summary_large_image\" \/>\n<meta name=\"twitter:label1\" content=\"Tiempo de lectura\" \/>\n\t<meta name=\"twitter:data1\" content=\"2 minutos\" \/>\n<script type=\"application\/ld+json\" class=\"yoast-schema-graph\">{\"@context\":\"https:\/\/schema.org\",\"@graph\":[{\"@type\":\"WebPage\",\"@id\":\"https:\/\/youcat.dev\/publications\/\",\"url\":\"https:\/\/youcat.dev\/publications\/\",\"name\":\"YOUCAT Publications - YOUCAT\",\"isPartOf\":{\"@id\":\"https:\/\/youcat.dev\/#website\"},\"primaryImageOfPage\":{\"@id\":\"https:\/\/youcat.dev\/publications\/#primaryimage\"},\"image\":{\"@id\":\"https:\/\/youcat.dev\/publications\/#primaryimage\"},\"thumbnailUrl\":\"https:\/\/youcat.dev\/wp-content\/uploads\/2023\/07\/YOUCAT_Publications.webp\",\"datePublished\":\"2023-07-19T11:15:52+00:00\",\"dateModified\":\"2023-07-24T14:21:07+00:00\",\"breadcrumb\":{\"@id\":\"https:\/\/youcat.dev\/publications\/#breadcrumb\"},\"inLanguage\":\"es\",\"potentialAction\":[{\"@type\":\"ReadAction\",\"target\":[\"https:\/\/youcat.dev\/publications\/\"]}]},{\"@type\":\"ImageObject\",\"inLanguage\":\"es\",\"@id\":\"https:\/\/youcat.dev\/publications\/#primaryimage\",\"url\":\"https:\/\/youcat.dev\/wp-content\/uploads\/2023\/07\/YOUCAT_Publications.webp\",\"contentUrl\":\"https:\/\/youcat.dev\/wp-content\/uploads\/2023\/07\/YOUCAT_Publications.webp\"},{\"@type\":\"BreadcrumbList\",\"@id\":\"https:\/\/youcat.dev\/publications\/#breadcrumb\",\"itemListElement\":[{\"@type\":\"ListItem\",\"position\":1,\"name\":\"\",\"item\":\"https:\/\/youcat.dev\/\"},{\"@type\":\"ListItem\",\"position\":2,\"name\":\"YOUCAT Publications\"}]},{\"@type\":\"WebSite\",\"@id\":\"https:\/\/youcat.dev\/#website\",\"url\":\"https:\/\/youcat.dev\/\",\"name\":\"YOUCAT\",\"description\":\"Der Glaube der katholischen Kirche: anschaulich erkl\u00e4rt, innovativ pr\u00e4sentiert, offiziell best\u00e4tigt.\",\"potentialAction\":[{\"@type\":\"SearchAction\",\"target\":{\"@type\":\"EntryPoint\",\"urlTemplate\":\"https:\/\/youcat.dev\/?s={search_term_string}\"},\"query-input\":\"required name=search_term_string\"}],\"inLanguage\":\"es\"}]}<\/script>\n<!-- \/ Yoast SEO plugin. -->","yoast_head_json":{"title":"YOUCAT Publications - YOUCAT","robots":{"index":"noindex","follow":"follow","max-snippet":"max-snippet:-1","max-image-preview":"max-image-preview:large","max-video-preview":"max-video-preview:-1"},"og_locale":"es_ES","og_type":"article","og_title":"YOUCAT Publications - YOUCAT","og_description":"YOUCAT Publications The YOUCAT foundation is a work of new evangelisation which contributes to the Church&#8217;s worldwide renewal through the charism of &#8216;teaching&#8217;. YOUCAT Publications compact 80 languages under contract. 60 translations. More than 9 million copies printed. Some of the books are approved by the Austrian Bishops Conference and the Pope. Our books Please&hellip;","og_url":"https:\/\/youcat.dev\/es\/publications\/","og_site_name":"YOUCAT","article_modified_time":"2023-07-24T14:21:07+00:00","og_image":[{"url":"https:\/\/youcat.dev\/wp-content\/uploads\/2023\/07\/YOUCAT_Publications.webp"}],"twitter_card":"summary_large_image","twitter_misc":{"Tiempo de lectura":"2 minutos"},"schema":{"@context":"https:\/\/schema.org","@graph":[{"@type":"WebPage","@id":"https:\/\/youcat.dev\/publications\/","url":"https:\/\/youcat.dev\/publications\/","name":"YOUCAT Publications - YOUCAT","isPartOf":{"@id":"https:\/\/youcat.dev\/#website"},"primaryImageOfPage":{"@id":"https:\/\/youcat.dev\/publications\/#primaryimage"},"image":{"@id":"https:\/\/youcat.dev\/publications\/#primaryimage"},"thumbnailUrl":"https:\/\/youcat.dev\/wp-content\/uploads\/2023\/07\/YOUCAT_Publications.webp","datePublished":"2023-07-19T11:15:52+00:00","dateModified":"2023-07-24T14:21:07+00:00","breadcrumb":{"@id":"https:\/\/youcat.dev\/publications\/#breadcrumb"},"inLanguage":"es","potentialAction":[{"@type":"ReadAction","target":["https:\/\/youcat.dev\/publications\/"]}]},{"@type":"ImageObject","inLanguage":"es","@id":"https:\/\/youcat.dev\/publications\/#primaryimage","url":"https:\/\/youcat.dev\/wp-content\/uploads\/2023\/07\/YOUCAT_Publications.webp","contentUrl":"https:\/\/youcat.dev\/wp-content\/uploads\/2023\/07\/YOUCAT_Publications.webp"},{"@type":"BreadcrumbList","@id":"https:\/\/youcat.dev\/publications\/#breadcrumb","itemListElement":[{"@type":"ListItem","position":1,"name":"","item":"https:\/\/youcat.dev\/"},{"@type":"ListItem","position":2,"name":"YOUCAT Publications"}]},{"@type":"WebSite","@id":"https:\/\/youcat.dev\/#website","url":"https:\/\/youcat.dev\/","name":"YOUCAT","description":"Der Glaube der katholischen Kirche: anschaulich erkl\u00e4rt, innovativ pr\u00e4sentiert, offiziell best\u00e4tigt.","potentialAction":[{"@type":"SearchAction","target":{"@type":"EntryPoint","urlTemplate":"https:\/\/youcat.dev\/?s={search_term_string}"},"query-input":"required name=search_term_string"}],"inLanguage":"es"}]}},"_links":{"self":[{"href":"https:\/\/youcat.dev\/es\/wp-json\/wp\/v2\/pages\/1584"}],"collection":[{"href":"https:\/\/youcat.dev\/es\/wp-json\/wp\/v2\/pages"}],"about":[{"href":"https:\/\/youcat.dev\/es\/wp-json\/wp\/v2\/types\/page"}],"author":[{"embeddable":true,"href":"https:\/\/youcat.dev\/es\/wp-json\/wp\/v2\/users\/7"}],"replies":[{"embeddable":true,"href":"https:\/\/youcat.dev\/es\/wp-json\/wp\/v2\/comments?post=1584"}],"version-history":[{"count":38,"href":"https:\/\/youcat.dev\/es\/wp-json\/wp\/v2\/pages\/1584\/revisions"}],"predecessor-version":[{"id":3015,"href":"https:\/\/youcat.dev\/es\/wp-json\/wp\/v2\/pages\/1584\/revisions\/3015"}],"wp:attachment":[{"href":"https:\/\/youcat.dev\/es\/wp-json\/wp\/v2\/media?parent=1584"}],"curies":[{"name":"wp","href":"https:\/\/api.w.org\/{rel}","templated":true}]}}