{"id":2662,"date":"2023-07-23T19:56:29","date_gmt":"2023-07-23T18:56:29","guid":{"rendered":"https:\/\/youcat.dev\/?page_id=2662"},"modified":"2023-07-24T13:02:18","modified_gmt":"2023-07-24T12:02:18","slug":"youngmissio","status":"publish","type":"page","link":"https:\/\/youcat.dev\/es\/youngmissio\/","title":{"rendered":"MISSIO JOVEN"},"content":{"rendered":"<span><span><a href=\"https:\/\/youcat.dev\/es\/\"><span class=\"icon yc-icon-yc-home-filled\"><\/span><\/a><\/span><\/span>\n\t<h1>Catechists are people &#8230;<\/h1>\n<ul>\n<li>que arden por la difusi\u00f3n de la fe cat\u00f3lica.<\/li>\n<li>que saben las creencias de la Iglesia.<\/li>\n<li>que quieran desarrollarse personalmente en el coaching.<\/li>\n<li>que conocen los m\u00e9todos de fe que pueda transmitirse de coraz\u00f3n a coraz\u00f3n.<\/li>\n<\/ul>\n\t\t\t\t<img loading=\"lazy\" decoding=\"async\" src=\"https:\/\/youcat.dev\/wp-content\/uploads\/2023\/07\/youcat-youngmissio-logo-youcat.webp\" alt=\"youcat-youngmissio-logo-youcat\" itemprop=\"image\" height=\"364\" width=\"568\" title=\"youcat-youngmissio-logo-youcat\" onerror=\"this.style.display='none'\"  \/>\n\t\t\t\t<img loading=\"lazy\" decoding=\"async\" src=\"https:\/\/youcat.dev\/wp-content\/uploads\/2023\/07\/youcat-youngmissio-logo-jugend2000.webp\" alt=\"youcat-youngmissio-logo-jugend2000\" itemprop=\"image\" height=\"364\" width=\"568\" title=\"youcat-youngmissio-logo-jugend2000\" onerror=\"this.style.display='none'\"  \/>\n\t\t\t\t<img loading=\"lazy\" decoding=\"async\" src=\"https:\/\/youcat.dev\/wp-content\/uploads\/2023\/07\/youcat-youngmissio-logo-haus-st-ulrich.webp\" alt=\"youcat-youngmissio-logo-haus-st-ulrich\" itemprop=\"image\" height=\"364\" width=\"568\" title=\"youcat-youngmissio-logo-haus-st-ulrich\" onerror=\"this.style.display='none'\"  \/>\n\t\t\t\t<img loading=\"lazy\" decoding=\"async\" src=\"https:\/\/youcat.dev\/wp-content\/uploads\/2023\/07\/youcat-youngmissio-logo-neuer-anfang.webp\" alt=\"youcat-youngmissio-logo-neuer-anfang\" itemprop=\"image\" height=\"364\" width=\"568\" title=\"youcat-youngmissio-logo-neuer-anfang\" onerror=\"this.style.display='none'\"  \/>\n\t<h2>Overview:<\/h2>\n<ul>\n<li><a href=\"#bin-ich-da-richtig\">Bin ich da richtig?<\/a><\/li>\n<li><a href=\"#was-passiert-da\">Was passiert da?<\/a><\/li>\n<li><a href=\"#was-erwartet-dich\">Was erwartet dich?<\/a><\/li>\n<li><a href=\"#kosten\">Was kostet das?<\/a><\/li>\n<li><a href=\"#was-muss-ich-tun\">Was muss ich tun?<\/a><\/li>\n<li><a href=\"#wann\">Wann geht es los?<\/a><\/li>\n<li><a href=\"#referenten\">Wer sind die Referenten?<\/a><\/li>\n<li><a href=\"#anreise\">Wie komme ich nach Hochaltingen?<\/a><\/li>\n<\/ul>\n\t<h2>Bin ich da richtig?<\/h2>\n<ul>\n<li>Du bist zwischen 18 und 30 Jahren und brennst daf\u00fcr, Deinen katholischen Glauben mit anderen zu teilen und ihn weiterzugeben?<\/li>\n<li>Dann ist der YOUCAT YOUNG-MISSIO-Kurs genau das Richtige f\u00fcr Dich!<\/li>\n<\/ul>\n\t<h2>Was passiert da?<\/h2>\n<ul>\n<li>Du vertiefst Deine Beziehung zu Gott und gewinnst starke Glaubens\u00fcber-zeugungen, die dich ein Leben lang tragen.<\/li>\n<li>Du gehst einen entscheidenden Schritt auf Jesus zu.<\/li>\n<li>In Dir w\u00e4chst eine Vision und Du wirst einer von denen, die f\u00fcr die Sch\u00f6nheit des Glaubens an Gott eintreten.<\/li>\n<li>Du lernst von erfahrenen Lehrern des Glaubens und guten Theologen, die keiner Frage aus dem Weg gehen.<\/li>\n<li>Du bist mit Leuten zusammen, die wie Du missionarische J\u00fcnger sind und f\u00fcr das Evangelium brennen.<\/li>\n<li>Du entdeckst Deine M\u00f6glichkeiten und F\u00e4higkeiten und bekommst die Tools, die Du f\u00fcr die Weitergabe des Glaubens einsetzen kannst.<\/li>\n<li>Du erh\u00e4ltst ein Young Missio Zertifikat, das zeigt, was Du draufhast.<\/li>\n<li>Du kannst selbst Glaubenskurse geben, Dich in der Gemeinde engagieren, Firmkurse halten, bei der Erstkommunion-Vorbereitung helfen.<\/li>\n<\/ul>\n\t<h2>Was erwartet Dich?<\/h2>\n<ul>\n<li>Schokolade und Mystik<\/li>\n<li>Hirnstoff und Seelenfutter<\/li>\n<li>Fly high &amp; bow down<\/li>\n<\/ul>\n\t<h2>Was kostet das?<\/h2>\n<p>Der Kurs (6 WE-Einheiten) kostet insgesamt <strong>480 Euro<\/strong>. Separat rechnest Du mit \u201eHaus Hochaltingen&#8221; \u00dcbernachtung und Vollverpflegung ab. Das kostet zwischen <strong>38 Euro (im DZ), 50 Euro (EZ) bis 65 (EZ mit Dusche)<\/strong> pro Tag.<\/p>\n\t<h2>Was muss ich tun?<\/h2>\n<ul>\n<li>Melde Dich an bei youngmissio(at)youcat.org.<\/li>\n<li>Du bekommst einen Fragebogen zu Deiner Motivation.<\/li>\n<li>Den Fragebogen schickst Du binnen zehn Tagen zur\u00fcck.<\/li>\n<li>Du bekommst Gr\u00fcnes Licht und Du bekommst ein Paket mit B\u00fcchern, die Du die n\u00e4chsten anderthalb Jahre brauchen wirst.<\/li>\n<li>Du packst Deine Koffer und freust Dich.<\/li>\n<\/ul>\n\t<h2>Wann geht es los?<\/h2>\n<p><strong>Start:<\/strong> 02.-04. Juni 2023<\/p>\n<p><strong>Teil 2:<\/strong> 10.-12. November 2023<\/p>\n<p><strong>Teil 3:<\/strong> 01.-03 M\u00e4rz 2024<\/p>\n<p><strong>Teil 4:<\/strong> 07.-09. Juni 2024<\/p>\n<p><strong>Teil 5:<\/strong> 25.-27. Oktober 2024<\/p>\n<p><strong>Teil 6:<\/strong> 14.-16. M\u00e4rz 2025<\/p>\n\t<h2>Wer sind die Referenten?<\/h2>\n<ul>\n<li>Stefan Andrzejewski (YOUCAT)<\/li>\n<li>Dr. Martin Br\u00fcske (Neuer Anfang)<\/li>\n<li>P. Hans Buob SAC (Hochaltingen)<\/li>\n<li>Peter Esser (Neuer Anfang)<\/li>\n<li>Doro Ludwig (Jugend 2000)<\/li>\n<li>Bernhard Meuser (YOUCAT)<\/li>\n<\/ul>\n<p>Dazu kommen zu jedem Treffen \u201especial guests&#8221;, die eine mitrei\u00dfende Glaubensgeschichte zu erz\u00e4hlen haben.<\/p>\n\t<h2>Wie komme ich nach Hochaltingen?<\/h2>\nN\u00e4here Informationen zur Anreise mit Bahn oder Auto erh\u00e4lt Du hier:<br \/>\n<a href=\"https:\/\/www.haus-st-ulrich.org\/\" target=\"blank\" rel=\"noopener\">www.haus-st-ulrich.org<\/a>\n\t\t\t\t<img loading=\"lazy\" decoding=\"async\" src=\"https:\/\/youcat.dev\/wp-content\/uploads\/2023\/07\/yc-arrow-to-right.svg\" alt=\"yc-flecha-derecha\" itemprop=\"image\" height=\"86\" width=\"567\" title=\"yc-flecha-derecha\" onerror=\"this.style.display='none'\"  \/>\n\t\t\t\t<img loading=\"lazy\" decoding=\"async\" src=\"https:\/\/youcat.dev\/wp-content\/uploads\/2023\/07\/yc-arrow-to-left.svg\" alt=\"yc-arrow-to-left\" itemprop=\"image\" height=\"86\" width=\"567\" title=\"yc-arrow-to-left\" onerror=\"this.style.display='none'\"  \/>\n\t\t\t\t<img loading=\"lazy\" decoding=\"async\" src=\"https:\/\/youcat.dev\/wp-content\/uploads\/2023\/07\/YOUCAT-book-cover.png\" alt=\"Portada del libro YOUCAT\" itemprop=\"image\" height=\"700\" width=\"427\" title=\"Portada del libro YOUCAT\" onerror=\"this.style.display='none'\"  \/>\n\t<p>Nuevo<\/p>\n\t<h2><strong>Catequesis Dial\u00f3gica<\/strong><\/h2>\n<p>Un concepto innovador para la pr\u00e1ctica<\/p>\n\t\t\t<a href=\"https:\/\/youcat.dev\/es\/products\/dialogical-catechesis\/\" target=\"_self\" rel=\"noopener\">\n\t\t\t\t\t\t\tReserva ahora\n\t\t\t<\/a>","protected":false},"excerpt":{"rendered":"<p>Catechists are people &#8230; who burn for the transmission of the Catholic faith. they know what the whole church believes. who would like to develop personally in coaching. die know the methods with which faith goes from heart to heart. Overview: Bin ich da richtig? Was passiert da? Was erwartet dich? Was kostet das? Was&hellip;<\/p>","protected":false},"author":8,"featured_media":0,"parent":0,"menu_order":0,"comment_status":"closed","ping_status":"closed","template":"","meta":{"_acf_changed":false,"inline_featured_image":false,"footnotes":""},"acf":[],"yoast_head":"<!-- This site is optimized with the Yoast SEO plugin v22.5 - https:\/\/yoast.com\/wordpress\/plugins\/seo\/ -->\n<title>YOUNG MISSIO - YOUCAT<\/title>\n<meta name=\"robots\" content=\"noindex, follow, max-snippet:-1, max-image-preview:large, max-video-preview:-1\" \/>\n<meta property=\"og:locale\" content=\"es_ES\" \/>\n<meta property=\"og:type\" content=\"article\" \/>\n<meta property=\"og:title\" content=\"YOUNG MISSIO - YOUCAT\" \/>\n<meta property=\"og:description\" content=\"Catechists are people &#8230; who burn for the transmission of the Catholic faith. they know what the whole church believes. who would like to develop personally in coaching. die know the methods with which faith goes from heart to heart. Overview: Bin ich da richtig? Was passiert da? Was erwartet dich? Was kostet das? Was&hellip;\" \/>\n<meta property=\"og:url\" content=\"https:\/\/youcat.dev\/es\/youngmissio\/\" \/>\n<meta property=\"og:site_name\" content=\"YOUCAT\" \/>\n<meta property=\"article:modified_time\" content=\"2023-07-24T12:02:18+00:00\" \/>\n<meta property=\"og:image\" content=\"https:\/\/youcat.dev\/wp-content\/uploads\/2023\/07\/youcat-youngmissio-logo-youcat.webp\" \/>\n<meta name=\"twitter:card\" content=\"summary_large_image\" \/>\n<meta name=\"twitter:label1\" content=\"Tiempo de lectura\" \/>\n\t<meta name=\"twitter:data1\" content=\"4 minutos\" \/>\n<script type=\"application\/ld+json\" class=\"yoast-schema-graph\">{\"@context\":\"https:\/\/schema.org\",\"@graph\":[{\"@type\":\"WebPage\",\"@id\":\"https:\/\/youcat.dev\/youngmissio\/\",\"url\":\"https:\/\/youcat.dev\/youngmissio\/\",\"name\":\"YOUNG MISSIO - YOUCAT\",\"isPartOf\":{\"@id\":\"https:\/\/youcat.dev\/#website\"},\"primaryImageOfPage\":{\"@id\":\"https:\/\/youcat.dev\/youngmissio\/#primaryimage\"},\"image\":{\"@id\":\"https:\/\/youcat.dev\/youngmissio\/#primaryimage\"},\"thumbnailUrl\":\"https:\/\/youcat.dev\/wp-content\/uploads\/2023\/07\/youcat-youngmissio-logo-youcat.webp\",\"datePublished\":\"2023-07-23T18:56:29+00:00\",\"dateModified\":\"2023-07-24T12:02:18+00:00\",\"breadcrumb\":{\"@id\":\"https:\/\/youcat.dev\/youngmissio\/#breadcrumb\"},\"inLanguage\":\"es\",\"potentialAction\":[{\"@type\":\"ReadAction\",\"target\":[\"https:\/\/youcat.dev\/youngmissio\/\"]}]},{\"@type\":\"ImageObject\",\"inLanguage\":\"es\",\"@id\":\"https:\/\/youcat.dev\/youngmissio\/#primaryimage\",\"url\":\"https:\/\/youcat.dev\/wp-content\/uploads\/2023\/07\/youcat-youngmissio-logo-youcat.webp\",\"contentUrl\":\"https:\/\/youcat.dev\/wp-content\/uploads\/2023\/07\/youcat-youngmissio-logo-youcat.webp\"},{\"@type\":\"BreadcrumbList\",\"@id\":\"https:\/\/youcat.dev\/youngmissio\/#breadcrumb\",\"itemListElement\":[{\"@type\":\"ListItem\",\"position\":1,\"name\":\"\",\"item\":\"https:\/\/youcat.dev\/\"},{\"@type\":\"ListItem\",\"position\":2,\"name\":\"YOUNG MISSIO\"}]},{\"@type\":\"WebSite\",\"@id\":\"https:\/\/youcat.dev\/#website\",\"url\":\"https:\/\/youcat.dev\/\",\"name\":\"YOUCAT\",\"description\":\"Der Glaube der katholischen Kirche: anschaulich erkl\u00e4rt, innovativ pr\u00e4sentiert, offiziell best\u00e4tigt.\",\"potentialAction\":[{\"@type\":\"SearchAction\",\"target\":{\"@type\":\"EntryPoint\",\"urlTemplate\":\"https:\/\/youcat.dev\/?s={search_term_string}\"},\"query-input\":\"required name=search_term_string\"}],\"inLanguage\":\"es\"}]}<\/script>\n<!-- \/ Yoast SEO plugin. -->","yoast_head_json":{"title":"YOUNG MISSIO - YOUCAT","robots":{"index":"noindex","follow":"follow","max-snippet":"max-snippet:-1","max-image-preview":"max-image-preview:large","max-video-preview":"max-video-preview:-1"},"og_locale":"es_ES","og_type":"article","og_title":"YOUNG MISSIO - YOUCAT","og_description":"Catechists are people &#8230; who burn for the transmission of the Catholic faith. they know what the whole church believes. who would like to develop personally in coaching. die know the methods with which faith goes from heart to heart. Overview: Bin ich da richtig? Was passiert da? Was erwartet dich? Was kostet das? Was&hellip;","og_url":"https:\/\/youcat.dev\/es\/youngmissio\/","og_site_name":"YOUCAT","article_modified_time":"2023-07-24T12:02:18+00:00","og_image":[{"url":"https:\/\/youcat.dev\/wp-content\/uploads\/2023\/07\/youcat-youngmissio-logo-youcat.webp"}],"twitter_card":"summary_large_image","twitter_misc":{"Tiempo de lectura":"4 minutos"},"schema":{"@context":"https:\/\/schema.org","@graph":[{"@type":"WebPage","@id":"https:\/\/youcat.dev\/youngmissio\/","url":"https:\/\/youcat.dev\/youngmissio\/","name":"YOUNG MISSIO - YOUCAT","isPartOf":{"@id":"https:\/\/youcat.dev\/#website"},"primaryImageOfPage":{"@id":"https:\/\/youcat.dev\/youngmissio\/#primaryimage"},"image":{"@id":"https:\/\/youcat.dev\/youngmissio\/#primaryimage"},"thumbnailUrl":"https:\/\/youcat.dev\/wp-content\/uploads\/2023\/07\/youcat-youngmissio-logo-youcat.webp","datePublished":"2023-07-23T18:56:29+00:00","dateModified":"2023-07-24T12:02:18+00:00","breadcrumb":{"@id":"https:\/\/youcat.dev\/youngmissio\/#breadcrumb"},"inLanguage":"es","potentialAction":[{"@type":"ReadAction","target":["https:\/\/youcat.dev\/youngmissio\/"]}]},{"@type":"ImageObject","inLanguage":"es","@id":"https:\/\/youcat.dev\/youngmissio\/#primaryimage","url":"https:\/\/youcat.dev\/wp-content\/uploads\/2023\/07\/youcat-youngmissio-logo-youcat.webp","contentUrl":"https:\/\/youcat.dev\/wp-content\/uploads\/2023\/07\/youcat-youngmissio-logo-youcat.webp"},{"@type":"BreadcrumbList","@id":"https:\/\/youcat.dev\/youngmissio\/#breadcrumb","itemListElement":[{"@type":"ListItem","position":1,"name":"","item":"https:\/\/youcat.dev\/"},{"@type":"ListItem","position":2,"name":"YOUNG MISSIO"}]},{"@type":"WebSite","@id":"https:\/\/youcat.dev\/#website","url":"https:\/\/youcat.dev\/","name":"YOUCAT","description":"Der Glaube der katholischen Kirche: anschaulich erkl\u00e4rt, innovativ pr\u00e4sentiert, offiziell best\u00e4tigt.","potentialAction":[{"@type":"SearchAction","target":{"@type":"EntryPoint","urlTemplate":"https:\/\/youcat.dev\/?s={search_term_string}"},"query-input":"required name=search_term_string"}],"inLanguage":"es"}]}},"_links":{"self":[{"href":"https:\/\/youcat.dev\/es\/wp-json\/wp\/v2\/pages\/2662"}],"collection":[{"href":"https:\/\/youcat.dev\/es\/wp-json\/wp\/v2\/pages"}],"about":[{"href":"https:\/\/youcat.dev\/es\/wp-json\/wp\/v2\/types\/page"}],"author":[{"embeddable":true,"href":"https:\/\/youcat.dev\/es\/wp-json\/wp\/v2\/users\/8"}],"replies":[{"embeddable":true,"href":"https:\/\/youcat.dev\/es\/wp-json\/wp\/v2\/comments?post=2662"}],"version-history":[{"count":15,"href":"https:\/\/youcat.dev\/es\/wp-json\/wp\/v2\/pages\/2662\/revisions"}],"predecessor-version":[{"id":2984,"href":"https:\/\/youcat.dev\/es\/wp-json\/wp\/v2\/pages\/2662\/revisions\/2984"}],"wp:attachment":[{"href":"https:\/\/youcat.dev\/es\/wp-json\/wp\/v2\/media?parent=2662"}],"curies":[{"name":"wp","href":"https:\/\/api.w.org\/{rel}","templated":true}]}}