{"id":2708,"date":"2023-07-23T21:12:33","date_gmt":"2023-07-23T20:12:33","guid":{"rendered":"https:\/\/youcat.dev\/?page_id=2708"},"modified":"2023-07-25T10:39:45","modified_gmt":"2023-07-25T09:39:45","slug":"youcat-foundation","status":"publish","type":"page","link":"https:\/\/youcat.dev\/es\/youcat-foundation\/","title":{"rendered":"Fundaci\u00f3n YOUCAT"},"content":{"rendered":"<span><span><a href=\"https:\/\/youcat.dev\/es\/\"><span class=\"icon yc-icon-yc-home-filled\"><\/span><\/a><\/span><\/span>\n\t<p>La Fundaci\u00f3n YOUCAT<\/p>\n<h1>Nuestra misi\u00f3n<\/h1>\n<p><strong>Hacemos libros y desarrollamos productos digitales a trav\u00e9s de procesos participativos para que las personas puedan encontrarse con Dios y conocer y ense\u00f1ar los tesoros de fe de la Iglesia Cat\u00f3lica.<\/strong><\/p>\n\t<h2>Sobre YOUCAT<\/h2>\n<p>La Fundaci\u00f3n YOUCAT gGmbH apoya a las personas que viven su fe cat\u00f3lica y la quieren transmitir. Quiere apoyar a las personas en su camino de fe y ofrecerles material para el anuncio del Evangelio.<\/p>\n<p>Cada d\u00eda, la Fundaci\u00f3n YOUCAT llega a miles de j\u00f3venes de todo el mundo con productos digitales e impresos y les ayuda a convertirse en aut\u00e9nticos testigos de la fe cat\u00f3lica. Los libros de YOUCAT se han impreso millones de veces y ya se han traducido a m\u00e1s de 60 idiomas. Gracias a ello se han creado innumerables grupos de estudio.<\/p>\n<p>La Fundaci\u00f3n YOUCAT es una organizaci\u00f3n sin \u00e1nimo de lucro y filial de la fundaci\u00f3n pontificia Ayuda a la Iglesia Necesitada. Act\u00faa desinteresadamente y persigue fines exclusivamente caritativos. No recibe subvenciones de organismos gubernamentales ni eclesi\u00e1sticos y se financia mediante donativos y la venta de libros.<\/p>\n\t\t\t<a href=\"https:\/\/youcat.dev\/es\/products\/\" target=\"_self\" rel=\"noopener\">\n\t\t\t\t\t\t\tMostrar todos los libros\n\t\t\t\t\t<\/a>","protected":false},"excerpt":{"rendered":"<p>The YOUCAT Foundation Mission Statement We make books and develop digital products in participative processes so that people can encounter God and (get to) know and teach the faith treasure of the Catholic Church. About us YOUCAT Foundation gGmbH supports people who live and teach their Catholic. YOUCAT wants to support people on their faith&hellip;<\/p>","protected":false},"author":8,"featured_media":0,"parent":0,"menu_order":0,"comment_status":"closed","ping_status":"closed","template":"","meta":{"_acf_changed":false,"inline_featured_image":false,"footnotes":""},"acf":[],"yoast_head":"<!-- This site is optimized with the Yoast SEO plugin v22.5 - https:\/\/yoast.com\/wordpress\/plugins\/seo\/ -->\n<title>YOUCAT Foundation - YOUCAT<\/title>\n<meta name=\"robots\" content=\"noindex, follow, max-snippet:-1, max-image-preview:large, max-video-preview:-1\" \/>\n<meta property=\"og:locale\" content=\"es_ES\" \/>\n<meta property=\"og:type\" content=\"article\" \/>\n<meta property=\"og:title\" content=\"YOUCAT Foundation - YOUCAT\" \/>\n<meta property=\"og:description\" content=\"The YOUCAT Foundation Mission Statement We make books and develop digital products in participative processes so that people can encounter God and (get to) know and teach the faith treasure of the Catholic Church. About us YOUCAT Foundation gGmbH supports people who live and teach their Catholic. YOUCAT wants to support people on their faith&hellip;\" \/>\n<meta property=\"og:url\" content=\"https:\/\/youcat.dev\/es\/youcat-foundation\/\" \/>\n<meta property=\"og:site_name\" content=\"YOUCAT\" \/>\n<meta property=\"article:modified_time\" content=\"2023-07-25T09:39:45+00:00\" \/>\n<meta name=\"twitter:card\" content=\"summary_large_image\" \/>\n<meta name=\"twitter:label1\" content=\"Tiempo de lectura\" \/>\n\t<meta name=\"twitter:data1\" content=\"1 minuto\" \/>\n<script type=\"application\/ld+json\" class=\"yoast-schema-graph\">{\"@context\":\"https:\/\/schema.org\",\"@graph\":[{\"@type\":\"WebPage\",\"@id\":\"https:\/\/youcat.dev\/youcat-foundation\/\",\"url\":\"https:\/\/youcat.dev\/youcat-foundation\/\",\"name\":\"YOUCAT Foundation - YOUCAT\",\"isPartOf\":{\"@id\":\"https:\/\/youcat.dev\/#website\"},\"datePublished\":\"2023-07-23T20:12:33+00:00\",\"dateModified\":\"2023-07-25T09:39:45+00:00\",\"breadcrumb\":{\"@id\":\"https:\/\/youcat.dev\/youcat-foundation\/#breadcrumb\"},\"inLanguage\":\"es\",\"potentialAction\":[{\"@type\":\"ReadAction\",\"target\":[\"https:\/\/youcat.dev\/youcat-foundation\/\"]}]},{\"@type\":\"BreadcrumbList\",\"@id\":\"https:\/\/youcat.dev\/youcat-foundation\/#breadcrumb\",\"itemListElement\":[{\"@type\":\"ListItem\",\"position\":1,\"name\":\"\",\"item\":\"https:\/\/youcat.dev\/\"},{\"@type\":\"ListItem\",\"position\":2,\"name\":\"YOUCAT Foundation\"}]},{\"@type\":\"WebSite\",\"@id\":\"https:\/\/youcat.dev\/#website\",\"url\":\"https:\/\/youcat.dev\/\",\"name\":\"YOUCAT\",\"description\":\"Der Glaube der katholischen Kirche: anschaulich erkl\u00e4rt, innovativ pr\u00e4sentiert, offiziell best\u00e4tigt.\",\"potentialAction\":[{\"@type\":\"SearchAction\",\"target\":{\"@type\":\"EntryPoint\",\"urlTemplate\":\"https:\/\/youcat.dev\/?s={search_term_string}\"},\"query-input\":\"required name=search_term_string\"}],\"inLanguage\":\"es\"}]}<\/script>\n<!-- \/ Yoast SEO plugin. -->","yoast_head_json":{"title":"YOUCAT Foundation - YOUCAT","robots":{"index":"noindex","follow":"follow","max-snippet":"max-snippet:-1","max-image-preview":"max-image-preview:large","max-video-preview":"max-video-preview:-1"},"og_locale":"es_ES","og_type":"article","og_title":"YOUCAT Foundation - YOUCAT","og_description":"The YOUCAT Foundation Mission Statement We make books and develop digital products in participative processes so that people can encounter God and (get to) know and teach the faith treasure of the Catholic Church. About us YOUCAT Foundation gGmbH supports people who live and teach their Catholic. YOUCAT wants to support people on their faith&hellip;","og_url":"https:\/\/youcat.dev\/es\/youcat-foundation\/","og_site_name":"YOUCAT","article_modified_time":"2023-07-25T09:39:45+00:00","twitter_card":"summary_large_image","twitter_misc":{"Tiempo de lectura":"1 minuto"},"schema":{"@context":"https:\/\/schema.org","@graph":[{"@type":"WebPage","@id":"https:\/\/youcat.dev\/youcat-foundation\/","url":"https:\/\/youcat.dev\/youcat-foundation\/","name":"YOUCAT Foundation - YOUCAT","isPartOf":{"@id":"https:\/\/youcat.dev\/#website"},"datePublished":"2023-07-23T20:12:33+00:00","dateModified":"2023-07-25T09:39:45+00:00","breadcrumb":{"@id":"https:\/\/youcat.dev\/youcat-foundation\/#breadcrumb"},"inLanguage":"es","potentialAction":[{"@type":"ReadAction","target":["https:\/\/youcat.dev\/youcat-foundation\/"]}]},{"@type":"BreadcrumbList","@id":"https:\/\/youcat.dev\/youcat-foundation\/#breadcrumb","itemListElement":[{"@type":"ListItem","position":1,"name":"","item":"https:\/\/youcat.dev\/"},{"@type":"ListItem","position":2,"name":"YOUCAT Foundation"}]},{"@type":"WebSite","@id":"https:\/\/youcat.dev\/#website","url":"https:\/\/youcat.dev\/","name":"YOUCAT","description":"Der Glaube der katholischen Kirche: anschaulich erkl\u00e4rt, innovativ pr\u00e4sentiert, offiziell best\u00e4tigt.","potentialAction":[{"@type":"SearchAction","target":{"@type":"EntryPoint","urlTemplate":"https:\/\/youcat.dev\/?s={search_term_string}"},"query-input":"required name=search_term_string"}],"inLanguage":"es"}]}},"_links":{"self":[{"href":"https:\/\/youcat.dev\/es\/wp-json\/wp\/v2\/pages\/2708"}],"collection":[{"href":"https:\/\/youcat.dev\/es\/wp-json\/wp\/v2\/pages"}],"about":[{"href":"https:\/\/youcat.dev\/es\/wp-json\/wp\/v2\/types\/page"}],"author":[{"embeddable":true,"href":"https:\/\/youcat.dev\/es\/wp-json\/wp\/v2\/users\/8"}],"replies":[{"embeddable":true,"href":"https:\/\/youcat.dev\/es\/wp-json\/wp\/v2\/comments?post=2708"}],"version-history":[{"count":12,"href":"https:\/\/youcat.dev\/es\/wp-json\/wp\/v2\/pages\/2708\/revisions"}],"predecessor-version":[{"id":3039,"href":"https:\/\/youcat.dev\/es\/wp-json\/wp\/v2\/pages\/2708\/revisions\/3039"}],"wp:attachment":[{"href":"https:\/\/youcat.dev\/es\/wp-json\/wp\/v2\/media?parent=2708"}],"curies":[{"name":"wp","href":"https:\/\/api.w.org\/{rel}","templated":true}]}}