{"id":2754,"date":"2023-07-24T06:01:42","date_gmt":"2023-07-24T05:01:42","guid":{"rendered":"https:\/\/youcat.dev\/?page_id=2754"},"modified":"2023-07-24T12:20:42","modified_gmt":"2023-07-24T11:20:42","slug":"copyright","status":"publish","type":"page","link":"https:\/\/youcat.dev\/es\/copyright\/","title":{"rendered":"Copyright"},"content":{"rendered":"<span><span><a href=\"https:\/\/youcat.dev\/es\/\"><span class=\"icon yc-icon-yc-home-filled\"><\/span><\/a><\/span><\/span>\n\t<h1 id=\"shipping-and-payment\">Copyright<\/h1>\n<h2 id=\"shipping\">Texts used on the YOUCAT Daily are copyrighted by:<\/h2>\n<p>A. Lavoratti \u201eLa Biblia. Libro del Pueblo De Dies&#8221; \u00a9 Editorial Verbo Divino und Fundaci\u00f3n Palabra de Vida<\/p>\n<p>United States Conference of Catholic Bishops \u00a9 2002 United States Conference of Catholic Bishops<\/p>\n<p>Escolher uma vers\u00e3o \u00a9 2018 B\u00edblia Cat\u00f3lica Online<\/p>\n<p>Bibleserver \u00a9 2018 ERF Medien<\/p>\n<p>Textes liturgiques AELF \u00a9 Association \u00c9piscopale Liturgique pour les pays Francophones<\/p>\n<p>\u00a9 2011 by Ignatius Press, San Francisco<\/p>\n<p>\u00a9 2014 YOUCAT Foundation gemeinn\u00fctzige GmbH<\/p>\n<p>\u00a9 2011 Ediciones Encuentro<\/p>\n<p>\u00a9 2011 PAULUS Editora<\/p>","protected":false},"excerpt":{"rendered":"<p>Copyright Texts used on the YOUCAT Daily are copyrighted by: A. Lavoratti \u201eLa Biblia. Libro del Pueblo De Dies&#8221; \u00a9 Editorial Verbo Divino und Fundaci\u00f3n Palabra de Vida United States Conference of Catholic Bishops \u00a9 2002 United States Conference of Catholic Bishops Escolher uma vers\u00e3o \u00a9 2018 B\u00edblia Cat\u00f3lica Online Bibleserver \u00a9 2018 ERF Medien&hellip;<\/p>","protected":false},"author":8,"featured_media":0,"parent":0,"menu_order":0,"comment_status":"closed","ping_status":"closed","template":"","meta":{"_acf_changed":false,"inline_featured_image":false,"footnotes":""},"acf":[],"yoast_head":"<!-- This site is optimized with the Yoast SEO plugin v22.5 - https:\/\/yoast.com\/wordpress\/plugins\/seo\/ -->\n<title>Copyright - YOUCAT<\/title>\n<meta name=\"robots\" content=\"noindex, follow, max-snippet:-1, max-image-preview:large, max-video-preview:-1\" \/>\n<meta property=\"og:locale\" content=\"es_ES\" \/>\n<meta property=\"og:type\" content=\"article\" \/>\n<meta property=\"og:title\" content=\"Copyright - YOUCAT\" \/>\n<meta property=\"og:description\" content=\"Copyright Texts used on the YOUCAT Daily are copyrighted by: A. Lavoratti \u201eLa Biblia. Libro del Pueblo De Dies&#8221; \u00a9 Editorial Verbo Divino und Fundaci\u00f3n Palabra de Vida United States Conference of Catholic Bishops \u00a9 2002 United States Conference of Catholic Bishops Escolher uma vers\u00e3o \u00a9 2018 B\u00edblia Cat\u00f3lica Online Bibleserver \u00a9 2018 ERF Medien&hellip;\" \/>\n<meta property=\"og:url\" content=\"https:\/\/youcat.dev\/es\/copyright\/\" \/>\n<meta property=\"og:site_name\" content=\"YOUCAT\" \/>\n<meta property=\"article:modified_time\" content=\"2023-07-24T11:20:42+00:00\" \/>\n<meta name=\"twitter:card\" content=\"summary_large_image\" \/>\n<meta name=\"twitter:label1\" content=\"Tiempo de lectura\" \/>\n\t<meta name=\"twitter:data1\" content=\"1 minuto\" \/>\n<script type=\"application\/ld+json\" class=\"yoast-schema-graph\">{\"@context\":\"https:\/\/schema.org\",\"@graph\":[{\"@type\":\"WebPage\",\"@id\":\"https:\/\/youcat.dev\/copyright\/\",\"url\":\"https:\/\/youcat.dev\/copyright\/\",\"name\":\"Copyright - YOUCAT\",\"isPartOf\":{\"@id\":\"https:\/\/youcat.dev\/#website\"},\"datePublished\":\"2023-07-24T05:01:42+00:00\",\"dateModified\":\"2023-07-24T11:20:42+00:00\",\"breadcrumb\":{\"@id\":\"https:\/\/youcat.dev\/copyright\/#breadcrumb\"},\"inLanguage\":\"es\",\"potentialAction\":[{\"@type\":\"ReadAction\",\"target\":[\"https:\/\/youcat.dev\/copyright\/\"]}]},{\"@type\":\"BreadcrumbList\",\"@id\":\"https:\/\/youcat.dev\/copyright\/#breadcrumb\",\"itemListElement\":[{\"@type\":\"ListItem\",\"position\":1,\"name\":\"\",\"item\":\"https:\/\/youcat.dev\/\"},{\"@type\":\"ListItem\",\"position\":2,\"name\":\"Copyright\"}]},{\"@type\":\"WebSite\",\"@id\":\"https:\/\/youcat.dev\/#website\",\"url\":\"https:\/\/youcat.dev\/\",\"name\":\"YOUCAT\",\"description\":\"Der Glaube der katholischen Kirche: anschaulich erkl\u00e4rt, innovativ pr\u00e4sentiert, offiziell best\u00e4tigt.\",\"potentialAction\":[{\"@type\":\"SearchAction\",\"target\":{\"@type\":\"EntryPoint\",\"urlTemplate\":\"https:\/\/youcat.dev\/?s={search_term_string}\"},\"query-input\":\"required name=search_term_string\"}],\"inLanguage\":\"es\"}]}<\/script>\n<!-- \/ Yoast SEO plugin. -->","yoast_head_json":{"title":"Copyright - YOUCAT","robots":{"index":"noindex","follow":"follow","max-snippet":"max-snippet:-1","max-image-preview":"max-image-preview:large","max-video-preview":"max-video-preview:-1"},"og_locale":"es_ES","og_type":"article","og_title":"Copyright - YOUCAT","og_description":"Copyright Texts used on the YOUCAT Daily are copyrighted by: A. Lavoratti \u201eLa Biblia. Libro del Pueblo De Dies&#8221; \u00a9 Editorial Verbo Divino und Fundaci\u00f3n Palabra de Vida United States Conference of Catholic Bishops \u00a9 2002 United States Conference of Catholic Bishops Escolher uma vers\u00e3o \u00a9 2018 B\u00edblia Cat\u00f3lica Online Bibleserver \u00a9 2018 ERF Medien&hellip;","og_url":"https:\/\/youcat.dev\/es\/copyright\/","og_site_name":"YOUCAT","article_modified_time":"2023-07-24T11:20:42+00:00","twitter_card":"summary_large_image","twitter_misc":{"Tiempo de lectura":"1 minuto"},"schema":{"@context":"https:\/\/schema.org","@graph":[{"@type":"WebPage","@id":"https:\/\/youcat.dev\/copyright\/","url":"https:\/\/youcat.dev\/copyright\/","name":"Copyright - YOUCAT","isPartOf":{"@id":"https:\/\/youcat.dev\/#website"},"datePublished":"2023-07-24T05:01:42+00:00","dateModified":"2023-07-24T11:20:42+00:00","breadcrumb":{"@id":"https:\/\/youcat.dev\/copyright\/#breadcrumb"},"inLanguage":"es","potentialAction":[{"@type":"ReadAction","target":["https:\/\/youcat.dev\/copyright\/"]}]},{"@type":"BreadcrumbList","@id":"https:\/\/youcat.dev\/copyright\/#breadcrumb","itemListElement":[{"@type":"ListItem","position":1,"name":"","item":"https:\/\/youcat.dev\/"},{"@type":"ListItem","position":2,"name":"Copyright"}]},{"@type":"WebSite","@id":"https:\/\/youcat.dev\/#website","url":"https:\/\/youcat.dev\/","name":"YOUCAT","description":"Der Glaube der katholischen Kirche: anschaulich erkl\u00e4rt, innovativ pr\u00e4sentiert, offiziell best\u00e4tigt.","potentialAction":[{"@type":"SearchAction","target":{"@type":"EntryPoint","urlTemplate":"https:\/\/youcat.dev\/?s={search_term_string}"},"query-input":"required name=search_term_string"}],"inLanguage":"es"}]}},"_links":{"self":[{"href":"https:\/\/youcat.dev\/es\/wp-json\/wp\/v2\/pages\/2754"}],"collection":[{"href":"https:\/\/youcat.dev\/es\/wp-json\/wp\/v2\/pages"}],"about":[{"href":"https:\/\/youcat.dev\/es\/wp-json\/wp\/v2\/types\/page"}],"author":[{"embeddable":true,"href":"https:\/\/youcat.dev\/es\/wp-json\/wp\/v2\/users\/8"}],"replies":[{"embeddable":true,"href":"https:\/\/youcat.dev\/es\/wp-json\/wp\/v2\/comments?post=2754"}],"version-history":[{"count":4,"href":"https:\/\/youcat.dev\/es\/wp-json\/wp\/v2\/pages\/2754\/revisions"}],"predecessor-version":[{"id":2971,"href":"https:\/\/youcat.dev\/es\/wp-json\/wp\/v2\/pages\/2754\/revisions\/2971"}],"wp:attachment":[{"href":"https:\/\/youcat.dev\/es\/wp-json\/wp\/v2\/media?parent=2754"}],"curies":[{"name":"wp","href":"https:\/\/api.w.org\/{rel}","templated":true}]}}