{"id":3136,"date":"2023-07-25T17:42:35","date_gmt":"2023-07-25T16:42:35","guid":{"rendered":"https:\/\/youcat.dev\/?page_id=3136"},"modified":"2023-07-25T20:36:54","modified_gmt":"2023-07-25T19:36:54","slug":"missionary-network-newsletter-thank-you","status":"publish","type":"page","link":"https:\/\/youcat.dev\/es\/missionary-network-newsletter-thank-you\/","title":{"rendered":"Missionary Network Newsletter Thank You"},"content":{"rendered":"<h1>suscripci\u00f3n confirmada<\/h1>\n\t<p>Su suscripci\u00f3n a nuestra lista ha sido confirmada.<\/p>\n\t<h3>\u00a1Gracias por suscribirse a nuestro Missionary Network bolet\u00edn!<\/h3>\n\t<p>\u00a1Haga clic en los enlaces a continuaci\u00f3n para ir a nuestra p\u00e1gina de inicio o echar un vistazo a nuestra Missionary Network!<\/p>\n\t\t\t<a href=\"https:\/\/youcat.dev\/es\/\" target=\"_self\" rel=\"noopener\">\n\t\t\t\t\t\t\tHomepage\n\t\t\t\t\t<\/a>\n\t\t\t<a href=\"https:\/\/youcat.dev\/es\/missionary-network\/\" target=\"_self\" rel=\"noopener\">\n\t\t\t\t\t\t\tMissionary Network\n\t\t\t\t\t<\/a>\n\t\t\t\t<img loading=\"lazy\" decoding=\"async\" src=\"https:\/\/youcat.dev\/wp-content\/uploads\/2023\/07\/yc-arrow-to-right.svg\" alt=\"yc-flecha-derecha\" itemprop=\"image\" height=\"86\" width=\"567\" title=\"yc-flecha-derecha\" onerror=\"this.style.display='none'\"  \/>\n\t\t\t\t<img loading=\"lazy\" decoding=\"async\" src=\"https:\/\/youcat.dev\/wp-content\/uploads\/2023\/07\/yc-arrow-to-left.svg\" alt=\"yc-arrow-to-left\" itemprop=\"image\" height=\"86\" width=\"567\" title=\"yc-arrow-to-left\" onerror=\"this.style.display='none'\"  \/>\n\t\t\t\t<img loading=\"lazy\" decoding=\"async\" src=\"https:\/\/youcat.dev\/wp-content\/uploads\/2023\/07\/YOUCAT-book-cover.png\" alt=\"Portada del libro YOUCAT\" itemprop=\"image\" height=\"700\" width=\"427\" title=\"Portada del libro YOUCAT\" onerror=\"this.style.display='none'\"  \/>\n\t<p>Nuevo<\/p>\n\t<h2><strong>Catequesis Dial\u00f3gica<\/strong><\/h2>\n<p>Un concepto innovador para la pr\u00e1ctica<\/p>\n\t\t\t<a href=\"https:\/\/youcat.dev\/es\/products\/dialogical-catechesis\/\" target=\"_self\" rel=\"noopener\">\n\t\t\t\t\t\t\tReserva ahora\n\t\t\t<\/a>","protected":false},"excerpt":{"rendered":"<p>Subscription Confirmed Your subscription to our list has been confirmed. Thank You for subscribing to our Missionary Network Newsletter! Click the links below, to get to our homepage or take a look at our Missionary Network! Homepage Missionary Network New Dialogical Catechesis An Innovative Concept for Practice Preorder now<\/p>","protected":false},"author":6,"featured_media":0,"parent":0,"menu_order":0,"comment_status":"closed","ping_status":"closed","template":"","meta":{"_acf_changed":false,"inline_featured_image":false,"footnotes":""},"acf":[],"yoast_head":"<!-- This site is optimized with the Yoast SEO plugin v22.5 - https:\/\/yoast.com\/wordpress\/plugins\/seo\/ -->\n<title>Missionary Network Newsletter Thank You - YOUCAT<\/title>\n<meta name=\"robots\" content=\"noindex, follow, max-snippet:-1, max-image-preview:large, max-video-preview:-1\" \/>\n<meta property=\"og:locale\" content=\"es_ES\" \/>\n<meta property=\"og:type\" content=\"article\" \/>\n<meta property=\"og:title\" content=\"Missionary Network Newsletter Thank You - YOUCAT\" \/>\n<meta property=\"og:description\" content=\"Subscription Confirmed Your subscription to our list has been confirmed. Thank You for subscribing to our Missionary Network Newsletter! Click the links below, to get to our homepage or take a look at our Missionary Network! Homepage Missionary Network New Dialogical Catechesis An Innovative Concept for Practice Preorder now\" \/>\n<meta property=\"og:url\" content=\"https:\/\/youcat.dev\/es\/missionary-network-newsletter-thank-you\/\" \/>\n<meta property=\"og:site_name\" content=\"YOUCAT\" \/>\n<meta property=\"article:modified_time\" content=\"2023-07-25T19:36:54+00:00\" \/>\n<meta property=\"og:image\" content=\"https:\/\/youcat.dev\/wp-content\/uploads\/2023\/07\/yc-arrow-to-right.svg\" \/>\n<meta name=\"twitter:card\" content=\"summary_large_image\" \/>\n<meta name=\"twitter:label1\" content=\"Tiempo de lectura\" \/>\n\t<meta name=\"twitter:data1\" content=\"1 minuto\" \/>\n<script type=\"application\/ld+json\" class=\"yoast-schema-graph\">{\"@context\":\"https:\/\/schema.org\",\"@graph\":[{\"@type\":\"WebPage\",\"@id\":\"https:\/\/youcat.dev\/missionary-network-newsletter-thank-you\/\",\"url\":\"https:\/\/youcat.dev\/missionary-network-newsletter-thank-you\/\",\"name\":\"Missionary Network Newsletter Thank You - YOUCAT\",\"isPartOf\":{\"@id\":\"https:\/\/youcat.dev\/#website\"},\"primaryImageOfPage\":{\"@id\":\"https:\/\/youcat.dev\/missionary-network-newsletter-thank-you\/#primaryimage\"},\"image\":{\"@id\":\"https:\/\/youcat.dev\/missionary-network-newsletter-thank-you\/#primaryimage\"},\"thumbnailUrl\":\"https:\/\/youcat.dev\/wp-content\/uploads\/2023\/07\/yc-arrow-to-right.svg\",\"datePublished\":\"2023-07-25T16:42:35+00:00\",\"dateModified\":\"2023-07-25T19:36:54+00:00\",\"breadcrumb\":{\"@id\":\"https:\/\/youcat.dev\/missionary-network-newsletter-thank-you\/#breadcrumb\"},\"inLanguage\":\"es\",\"potentialAction\":[{\"@type\":\"ReadAction\",\"target\":[\"https:\/\/youcat.dev\/missionary-network-newsletter-thank-you\/\"]}]},{\"@type\":\"ImageObject\",\"inLanguage\":\"es\",\"@id\":\"https:\/\/youcat.dev\/missionary-network-newsletter-thank-you\/#primaryimage\",\"url\":\"https:\/\/youcat.dev\/wp-content\/uploads\/2023\/07\/yc-arrow-to-right.svg\",\"contentUrl\":\"https:\/\/youcat.dev\/wp-content\/uploads\/2023\/07\/yc-arrow-to-right.svg\"},{\"@type\":\"BreadcrumbList\",\"@id\":\"https:\/\/youcat.dev\/missionary-network-newsletter-thank-you\/#breadcrumb\",\"itemListElement\":[{\"@type\":\"ListItem\",\"position\":1,\"name\":\"\",\"item\":\"https:\/\/youcat.dev\/\"},{\"@type\":\"ListItem\",\"position\":2,\"name\":\"Missionary Network Newsletter Thank You\"}]},{\"@type\":\"WebSite\",\"@id\":\"https:\/\/youcat.dev\/#website\",\"url\":\"https:\/\/youcat.dev\/\",\"name\":\"YOUCAT\",\"description\":\"Der Glaube der katholischen Kirche: anschaulich erkl\u00e4rt, innovativ pr\u00e4sentiert, offiziell best\u00e4tigt.\",\"potentialAction\":[{\"@type\":\"SearchAction\",\"target\":{\"@type\":\"EntryPoint\",\"urlTemplate\":\"https:\/\/youcat.dev\/?s={search_term_string}\"},\"query-input\":\"required name=search_term_string\"}],\"inLanguage\":\"es\"}]}<\/script>\n<!-- \/ Yoast SEO plugin. -->","yoast_head_json":{"title":"Missionary Network Newsletter Thank You - YOUCAT","robots":{"index":"noindex","follow":"follow","max-snippet":"max-snippet:-1","max-image-preview":"max-image-preview:large","max-video-preview":"max-video-preview:-1"},"og_locale":"es_ES","og_type":"article","og_title":"Missionary Network Newsletter Thank You - YOUCAT","og_description":"Subscription Confirmed Your subscription to our list has been confirmed. Thank You for subscribing to our Missionary Network Newsletter! Click the links below, to get to our homepage or take a look at our Missionary Network! Homepage Missionary Network New Dialogical Catechesis An Innovative Concept for Practice Preorder now","og_url":"https:\/\/youcat.dev\/es\/missionary-network-newsletter-thank-you\/","og_site_name":"YOUCAT","article_modified_time":"2023-07-25T19:36:54+00:00","og_image":[{"url":"https:\/\/youcat.dev\/wp-content\/uploads\/2023\/07\/yc-arrow-to-right.svg"}],"twitter_card":"summary_large_image","twitter_misc":{"Tiempo de lectura":"1 minuto"},"schema":{"@context":"https:\/\/schema.org","@graph":[{"@type":"WebPage","@id":"https:\/\/youcat.dev\/missionary-network-newsletter-thank-you\/","url":"https:\/\/youcat.dev\/missionary-network-newsletter-thank-you\/","name":"Missionary Network Newsletter Thank You - YOUCAT","isPartOf":{"@id":"https:\/\/youcat.dev\/#website"},"primaryImageOfPage":{"@id":"https:\/\/youcat.dev\/missionary-network-newsletter-thank-you\/#primaryimage"},"image":{"@id":"https:\/\/youcat.dev\/missionary-network-newsletter-thank-you\/#primaryimage"},"thumbnailUrl":"https:\/\/youcat.dev\/wp-content\/uploads\/2023\/07\/yc-arrow-to-right.svg","datePublished":"2023-07-25T16:42:35+00:00","dateModified":"2023-07-25T19:36:54+00:00","breadcrumb":{"@id":"https:\/\/youcat.dev\/missionary-network-newsletter-thank-you\/#breadcrumb"},"inLanguage":"es","potentialAction":[{"@type":"ReadAction","target":["https:\/\/youcat.dev\/missionary-network-newsletter-thank-you\/"]}]},{"@type":"ImageObject","inLanguage":"es","@id":"https:\/\/youcat.dev\/missionary-network-newsletter-thank-you\/#primaryimage","url":"https:\/\/youcat.dev\/wp-content\/uploads\/2023\/07\/yc-arrow-to-right.svg","contentUrl":"https:\/\/youcat.dev\/wp-content\/uploads\/2023\/07\/yc-arrow-to-right.svg"},{"@type":"BreadcrumbList","@id":"https:\/\/youcat.dev\/missionary-network-newsletter-thank-you\/#breadcrumb","itemListElement":[{"@type":"ListItem","position":1,"name":"","item":"https:\/\/youcat.dev\/"},{"@type":"ListItem","position":2,"name":"Missionary Network Newsletter Thank You"}]},{"@type":"WebSite","@id":"https:\/\/youcat.dev\/#website","url":"https:\/\/youcat.dev\/","name":"YOUCAT","description":"Der Glaube der katholischen Kirche: anschaulich erkl\u00e4rt, innovativ pr\u00e4sentiert, offiziell best\u00e4tigt.","potentialAction":[{"@type":"SearchAction","target":{"@type":"EntryPoint","urlTemplate":"https:\/\/youcat.dev\/?s={search_term_string}"},"query-input":"required name=search_term_string"}],"inLanguage":"es"}]}},"_links":{"self":[{"href":"https:\/\/youcat.dev\/es\/wp-json\/wp\/v2\/pages\/3136"}],"collection":[{"href":"https:\/\/youcat.dev\/es\/wp-json\/wp\/v2\/pages"}],"about":[{"href":"https:\/\/youcat.dev\/es\/wp-json\/wp\/v2\/types\/page"}],"author":[{"embeddable":true,"href":"https:\/\/youcat.dev\/es\/wp-json\/wp\/v2\/users\/6"}],"replies":[{"embeddable":true,"href":"https:\/\/youcat.dev\/es\/wp-json\/wp\/v2\/comments?post=3136"}],"version-history":[{"count":6,"href":"https:\/\/youcat.dev\/es\/wp-json\/wp\/v2\/pages\/3136\/revisions"}],"predecessor-version":[{"id":3186,"href":"https:\/\/youcat.dev\/es\/wp-json\/wp\/v2\/pages\/3136\/revisions\/3186"}],"wp:attachment":[{"href":"https:\/\/youcat.dev\/es\/wp-json\/wp\/v2\/media?parent=3136"}],"curies":[{"name":"wp","href":"https:\/\/api.w.org\/{rel}","templated":true}]}}