{"id":36,"date":"2022-02-03T12:29:21","date_gmt":"2022-02-03T12:29:21","guid":{"rendered":"https:\/\/youcat.dev\/?page_id=36"},"modified":"2024-03-27T10:38:29","modified_gmt":"2024-03-27T10:38:29","slug":"startseite","status":"publish","type":"page","link":"https:\/\/youcat.dev\/es\/","title":{"rendered":"Homepage"},"content":{"rendered":"<img loading=\"lazy\" decoding=\"async\" src=\"https:\/\/youcat.dev\/wp-content\/uploads\/2023\/07\/bildmarke.svg\" alt=\"bildmarke\" itemprop=\"image\" height=\"0\" width=\"0\" title=\"bildmarke\" onerror=\"this.style.display='none'\"  \/>\n\t\t\t\t<img loading=\"lazy\" decoding=\"async\" src=\"https:\/\/youcat.dev\/wp-content\/uploads\/2023\/07\/yc-logo-sw.svg\" alt=\"YOUCAT Logo Negro y Blanco\" itemprop=\"image\" height=\"0\" width=\"0\" title=\"yc-logo-sw\" onerror=\"this.style.display='none'\"  \/>\n\t\t\t\t<img loading=\"lazy\" decoding=\"async\" src=\"https:\/\/youcat.dev\/wp-content\/uploads\/2023\/07\/yc-logo.svg\" alt=\"Logotipo YOUCAT\" itemprop=\"image\" height=\"0\" width=\"0\" title=\"yc-logo\" onerror=\"this.style.display='none'\"  \/>\n\t\t\t\t<img loading=\"lazy\" decoding=\"async\" src=\"https:\/\/youcat.dev\/wp-content\/uploads\/2023\/07\/yc-logo.svg\" alt=\"Logotipo YOUCAT\" itemprop=\"image\" height=\"0\" width=\"0\" title=\"yc-logo\" onerror=\"this.style.display='none'\"  \/>\n\t\t\t\t<a href=\"https:\/\/youcat.dev\/es\/youcat-foundation\/\" target=\"_self\" itemprop=\"url\" rel=\"noopener\">\n\t\t\t\t<img loading=\"lazy\" decoding=\"async\" src=\"https:\/\/youcat.dev\/wp-content\/uploads\/2023\/07\/Weltkugel.svg\" alt=\"Weltkugel\" itemprop=\"image\" height=\"506\" width=\"506\" title=\"Weltkugel\" onerror=\"this.style.display='none'\"  \/>\n\t\t\t\t<\/a>\n\t\t<p>\u00bfQu\u00e9 es YOUCAT?<\/p>\n<h1><strong>La fe de la Iglesia Cat\u00f3lica:<\/strong> explicada v\u00edvidamente, presentada de manera innovadora, confirmada oficialmente.<\/h1>\n<p>Hacemos libros y desarrollamos productos digitales en procesos participativos para que la gente pueda encontrarse con Dios, y conocer y ense\u00f1ar el tesoro de la fe de la Iglesia cat\u00f3lica.<\/p>\n\t\t\t<a href=\"https:\/\/youcat.dev\/es\/youcat-foundation\/\" target=\"_self\" rel=\"noopener\">\n\t\t\t\t\t\t\tM\u00e1s informaci\u00f3n sobre la Fundaci\u00f3n YOUCAT\n\t\t\t\t\t<\/a>\n\t\t\t\t<img loading=\"lazy\" decoding=\"async\" src=\"https:\/\/youcat.dev\/wp-content\/uploads\/2023\/07\/yc-arrow-to-right.svg\" alt=\"yc-flecha-derecha\" itemprop=\"image\" height=\"86\" width=\"567\" title=\"yc-flecha-derecha\" onerror=\"this.style.display='none'\"  \/>\n\t\t\t\t<img loading=\"lazy\" decoding=\"async\" src=\"https:\/\/youcat.dev\/wp-content\/uploads\/2023\/07\/yc-arrow-to-left.svg\" alt=\"yc-arrow-to-left\" itemprop=\"image\" height=\"86\" width=\"567\" title=\"yc-arrow-to-left\" onerror=\"this.style.display='none'\"  \/>\n\t\t\t\t<img loading=\"lazy\" decoding=\"async\" src=\"https:\/\/youcat.dev\/wp-content\/uploads\/2023\/07\/youcat-dialogical-catechesis-featured.webp\" alt=\"youcat-dialogical-catechesis-featured\" itemprop=\"image\" height=\"733\" width=\"460\" title=\"youcat-dialogical-catechesis-featured\" onerror=\"this.style.display='none'\"  \/>\n\t<p>Nuevo<\/p>\n\t<h2><strong>Catequesis Dial\u00f3gica<\/strong><\/h2>\n<p>Un concepto innovador para la pr\u00e1ctica<\/p>\n\t\t\t<a href=\"https:\/\/youcat.dev\/es\/products\/dialogical-catechesis\/\" target=\"_self\" rel=\"noopener\">\n\t\t\t\t\t\t\tOrdenar ahora\n\t\t\t<\/a>\n\t\t\t<a href=\"https:\/\/youcat.dev\/es\/products\/\" target=\"_self\" rel=\"noopener\">\n\t\t\t\t\t\t\tMostrar todos los libros\n\t\t\t\t\t<\/a>\n\t<h2><strong>Register now!<\/strong><\/h2>\n<p><strong>Suscr\u00edbete a nuestro bolet\u00edn y mantente actualizado con todas las noticias sobre YOUCAT.<\/strong><\/p>\n<ul>\n<li>Informaci\u00f3n de la Fundaci\u00f3n YOUCAT.<\/li>\n<li class=\" translation-block\"><strong>Campa\u00f1as de descuentos<\/strong> e informaci\u00f3n sobre novedades editoriales.<\/li>\n<li>Pasajes b\u00edblicos alentadores.<\/li>\n<li><strong>Nuevos art\u00edculos<\/strong> sobre temas interesantes.<\/li>\n<li><strong>Materiales adicionales gratuitos<\/strong><\/li>\n<li class=\" translation-block\"><strong> Consejos<\/strong> para trabajar con nuestros libros y contenido.<\/li>\n<li>Oraciones y la posibilidad de solicitar intenciones de oraci\u00f3n para ti y tus seres queridos.<\/li>\n<\/ul>\n<p><strong>Estamos encantados de darle la bienvenida a la comunidad YOUCAT.<\/strong><\/p>\n\t<p><strong>YOUCAT Newsletter<\/strong><\/p>\n\t<form action=\"https:\/\/youcat.us16.list-manage.com\/subscribe\/post?u=9456a0b431f9cd4ed1bf21863&#038;id=2e0eb241b4\" method=\"post\" id=\"mc-embedded-subscribe-form\" name=\"mc-embedded-subscribe-form\" target=\"_blank\" data-trp-original-action=\"https:\/\/youcat.us16.list-manage.com\/subscribe\/post?u=9456a0b431f9cd4ed1bf21863&amp;id=2e0eb241b4\">\n            <input placeholder=\"First Name\" type=\"text\" value=\"\" name=\"FNAME\" id=\"mce-FNAME\" required=\"\"\/>\n            <input placeholder=\"Last Name\" type=\"text\" value=\"\" name=\"LNAME\" id=\"mce-LNAME\" required=\"\"\/>\n            <input placeholder=\"Email\" type=\"email\" value=\"\" name=\"EMAIL\" id=\"mce-EMAIL\" required=\"\"\/>\n            <select name=\"LANGUAGE\" id=\"mce-group[6843]\" required=\"\">\n                <option value=\"\" selected=\"\" disabled=\"\" hidden=\"\">Language &#8230;<\/option>\n                <option value=\"English\">Language: English<\/option>\n                <option value=\"French\">Langue: Fran\u00e7ais<\/option>\n                <option value=\"German\">Sprache: Deutsch<\/option>\n                <option value=\"Polish\">J\u0119zyk: Polski<\/option>\n                <option value=\"Portuguese\">Langue: Portugais<\/option>\n                <option value=\"Spanish\">Idioma: Espa\u00f1ol<\/option>\n            <\/select>\n            <label for=\"gdpr_27931\">\n                <input type=\"checkbox\" id=\"gdpr_27931\" name=\"gdpr[27931]\" value=\"Y\" required=\"\"\/>\n                Me gustar\u00eda recibir el bolet\u00edn de YOUCAT y aceptar las <a href=\"https:\/\/youcat.dev\/es\/privacy\/\">Data protection conditions<\/a>. Puede cancelar el bolet\u00edn en cualquier momento haciendo clic en el enlace al pie de nuestros correos electr\u00f3nicos.\n            <\/label>\n            <input type=\"submit\" value=\"Register now\" name=\"subscribe\" id=\"mc-embedded-subscribe\"\/>\n<input type=\"hidden\" name=\"trp-form-language\" value=\"es\"\/><\/form>\n\t\t\t\t<img loading=\"lazy\" decoding=\"async\" src=\"https:\/\/youcat.dev\/wp-content\/uploads\/2023\/07\/youcat-homepage-teaser-bonus.webp\" alt=\"Material adicional\" itemprop=\"image\" height=\"520\" width=\"824\" title=\"youcat-homepage-teaser-bonus\" onerror=\"this.style.display='none'\"  \/>\n\t<h2><strong>Material adicional<\/strong><\/h2>\n<p>Descubrir la fe es una aventura emocionante. Aqu\u00ed te ofrecemos muchos materiales que te pueden ser \u00fatiles.<\/p>\n\t\t\t<a href=\"https:\/\/youcat.dev\/es\/bonus-material\/\" target=\"_self\" rel=\"noopener\">\n\t\t\t\t\t\t\tMaterial adicional\n\t\t\t<\/a>\n\t\t\t\t<img loading=\"lazy\" decoding=\"async\" src=\"https:\/\/youcat.dev\/wp-content\/uploads\/2023\/07\/youcat-homepage-teaser-verlag.webp\" alt=\"Editores\" itemprop=\"image\" height=\"520\" width=\"824\" title=\"youcat-homepage-teaser-verlag\" onerror=\"this.style.display='none'\"  \/>\n\t<h2><strong>El editor YOUCAT <\/strong><\/h2>\n<p>The YOUCAT foundation is a work of new evangelisation which contributes to the Church&#8217;s worldwide renewal through the charism of &#8216;teaching&#8217;.<\/p>\n\t\t\t<a href=\"https:\/\/youcat.dev\/es\/publications\/\" target=\"_self\" rel=\"noopener\">\n\t\t\t\t\t\t\tInformaci\u00f3n para editores\n\t\t\t<\/a>\n\t\t\t\t<img loading=\"lazy\" decoding=\"async\" src=\"https:\/\/youcat.dev\/wp-content\/uploads\/2023\/07\/youcat-homepage-teaser-missionary.webp\" alt=\"Missionary Network\" itemprop=\"image\" height=\"520\" width=\"824\" title=\"youcat-homepage-teaser-misionero\" onerror=\"this.style.display='none'\"  \/>\n\t<h2><strong>Missionary Network<\/strong><\/h2>\nLa Red Misionera YOUCAT es una creciente comunidad internacional de Catequistas y Misioneros.<strong><br \/>\n<\/strong>\n\t\t\t<a href=\"https:\/\/youcat.dev\/es\/missionary-network\/\" target=\"_self\" rel=\"noopener\">\n\t\t\t\t\t\t\tRegister now\n\t\t\t<\/a>\n\t\t\t\t<img loading=\"lazy\" decoding=\"async\" src=\"https:\/\/youcat.dev\/wp-content\/uploads\/2023\/07\/youcat-homepage-teaser-digital.webp\" alt=\"Youcat digital\" itemprop=\"image\" height=\"520\" width=\"824\" title=\"youcat-p\u00e1gina-web-teaser-digital\" onerror=\"this.style.display='none'\"  \/>\n\t<h2><strong>YOUCAT Digital<br \/>\n<\/strong><\/h2>\n<p>Descubra nuestros productos digitales que le ayudar\u00e1n a crecer en la fe y a convertirse usted mismo en misionero.<\/p>\n\t\t\t<a href=\"https:\/\/youcat.dev\/es\/youcat-digital\/\" target=\"_self\" rel=\"noopener\">\n\t\t\t\t\t\t\tAprender m\u00e1s\n\t\t\t<\/a>","protected":false},"excerpt":{"rendered":"<p>What does YOUCAT stand for? YOUCAT stands for the faith of the Catholic Church: vividly explained, innovatively presented, officially confirmed. The YOUCAT Foundation makes books and develops digital products in participative processes so that people can encounter God and (get to) know and teach the faith treasure of the Catholic Church. Learn more about the&hellip;<\/p>","protected":false},"author":8,"featured_media":0,"parent":0,"menu_order":0,"comment_status":"closed","ping_status":"closed","template":"","meta":{"_acf_changed":false,"inline_featured_image":false,"footnotes":""},"acf":[],"yoast_head":"<!-- This site is optimized with the Yoast SEO plugin v22.5 - https:\/\/yoast.com\/wordpress\/plugins\/seo\/ -->\n<title>Homepage - YOUCAT<\/title>\n<meta name=\"robots\" content=\"noindex, follow, max-snippet:-1, max-image-preview:large, max-video-preview:-1\" \/>\n<meta property=\"og:locale\" content=\"es_ES\" \/>\n<meta property=\"og:type\" content=\"article\" \/>\n<meta property=\"og:title\" content=\"Homepage - YOUCAT\" \/>\n<meta property=\"og:description\" content=\"What does YOUCAT stand for? YOUCAT stands for the faith of the Catholic Church: vividly explained, innovatively presented, officially confirmed. The YOUCAT Foundation makes books and develops digital products in participative processes so that people can encounter God and (get to) know and teach the faith treasure of the Catholic Church. Learn more about the&hellip;\" \/>\n<meta property=\"og:url\" content=\"https:\/\/youcat.dev\/es\/\" \/>\n<meta property=\"og:site_name\" content=\"YOUCAT\" \/>\n<meta property=\"article:modified_time\" content=\"2024-03-27T10:38:29+00:00\" \/>\n<meta property=\"og:image\" content=\"https:\/\/youcat.dev\/wp-content\/uploads\/2023\/07\/bildmarke.svg\" \/>\n<meta name=\"twitter:card\" content=\"summary_large_image\" \/>\n<meta name=\"twitter:label1\" content=\"Tiempo de lectura\" \/>\n\t<meta name=\"twitter:data1\" content=\"5 minutos\" \/>\n<script type=\"application\/ld+json\" class=\"yoast-schema-graph\">{\"@context\":\"https:\/\/schema.org\",\"@graph\":[{\"@type\":\"WebPage\",\"@id\":\"https:\/\/youcat.dev\/\",\"url\":\"https:\/\/youcat.dev\/\",\"name\":\"Homepage - YOUCAT\",\"isPartOf\":{\"@id\":\"https:\/\/youcat.dev\/#website\"},\"primaryImageOfPage\":{\"@id\":\"https:\/\/youcat.dev\/#primaryimage\"},\"image\":{\"@id\":\"https:\/\/youcat.dev\/#primaryimage\"},\"thumbnailUrl\":\"https:\/\/youcat.dev\/wp-content\/uploads\/2023\/07\/bildmarke.svg\",\"datePublished\":\"2022-02-03T12:29:21+00:00\",\"dateModified\":\"2024-03-27T10:38:29+00:00\",\"breadcrumb\":{\"@id\":\"https:\/\/youcat.dev\/#breadcrumb\"},\"inLanguage\":\"es\",\"potentialAction\":[{\"@type\":\"ReadAction\",\"target\":[\"https:\/\/youcat.dev\/\"]}]},{\"@type\":\"ImageObject\",\"inLanguage\":\"es\",\"@id\":\"https:\/\/youcat.dev\/#primaryimage\",\"url\":\"https:\/\/youcat.dev\/wp-content\/uploads\/2023\/07\/bildmarke.svg\",\"contentUrl\":\"https:\/\/youcat.dev\/wp-content\/uploads\/2023\/07\/bildmarke.svg\"},{\"@type\":\"BreadcrumbList\",\"@id\":\"https:\/\/youcat.dev\/#breadcrumb\",\"itemListElement\":[{\"@type\":\"ListItem\",\"position\":1,\"name\":\"\",\"item\":\"https:\/\/youcat.dev\/\"},{\"@type\":\"ListItem\",\"position\":2,\"name\":\"Homepage\"}]},{\"@type\":\"WebSite\",\"@id\":\"https:\/\/youcat.dev\/#website\",\"url\":\"https:\/\/youcat.dev\/\",\"name\":\"YOUCAT\",\"description\":\"Der Glaube der katholischen Kirche: anschaulich erkl\u00e4rt, innovativ pr\u00e4sentiert, offiziell best\u00e4tigt.\",\"potentialAction\":[{\"@type\":\"SearchAction\",\"target\":{\"@type\":\"EntryPoint\",\"urlTemplate\":\"https:\/\/youcat.dev\/?s={search_term_string}\"},\"query-input\":\"required name=search_term_string\"}],\"inLanguage\":\"es\"}]}<\/script>\n<!-- \/ Yoast SEO plugin. -->","yoast_head_json":{"title":"Homepage - YOUCAT","robots":{"index":"noindex","follow":"follow","max-snippet":"max-snippet:-1","max-image-preview":"max-image-preview:large","max-video-preview":"max-video-preview:-1"},"og_locale":"es_ES","og_type":"article","og_title":"Homepage - YOUCAT","og_description":"What does YOUCAT stand for? YOUCAT stands for the faith of the Catholic Church: vividly explained, innovatively presented, officially confirmed. The YOUCAT Foundation makes books and develops digital products in participative processes so that people can encounter God and (get to) know and teach the faith treasure of the Catholic Church. Learn more about the&hellip;","og_url":"https:\/\/youcat.dev\/es\/","og_site_name":"YOUCAT","article_modified_time":"2024-03-27T10:38:29+00:00","og_image":[{"url":"https:\/\/youcat.dev\/wp-content\/uploads\/2023\/07\/bildmarke.svg"}],"twitter_card":"summary_large_image","twitter_misc":{"Tiempo de lectura":"5 minutos"},"schema":{"@context":"https:\/\/schema.org","@graph":[{"@type":"WebPage","@id":"https:\/\/youcat.dev\/","url":"https:\/\/youcat.dev\/","name":"Homepage - YOUCAT","isPartOf":{"@id":"https:\/\/youcat.dev\/#website"},"primaryImageOfPage":{"@id":"https:\/\/youcat.dev\/#primaryimage"},"image":{"@id":"https:\/\/youcat.dev\/#primaryimage"},"thumbnailUrl":"https:\/\/youcat.dev\/wp-content\/uploads\/2023\/07\/bildmarke.svg","datePublished":"2022-02-03T12:29:21+00:00","dateModified":"2024-03-27T10:38:29+00:00","breadcrumb":{"@id":"https:\/\/youcat.dev\/#breadcrumb"},"inLanguage":"es","potentialAction":[{"@type":"ReadAction","target":["https:\/\/youcat.dev\/"]}]},{"@type":"ImageObject","inLanguage":"es","@id":"https:\/\/youcat.dev\/#primaryimage","url":"https:\/\/youcat.dev\/wp-content\/uploads\/2023\/07\/bildmarke.svg","contentUrl":"https:\/\/youcat.dev\/wp-content\/uploads\/2023\/07\/bildmarke.svg"},{"@type":"BreadcrumbList","@id":"https:\/\/youcat.dev\/#breadcrumb","itemListElement":[{"@type":"ListItem","position":1,"name":"","item":"https:\/\/youcat.dev\/"},{"@type":"ListItem","position":2,"name":"Homepage"}]},{"@type":"WebSite","@id":"https:\/\/youcat.dev\/#website","url":"https:\/\/youcat.dev\/","name":"YOUCAT","description":"Der Glaube der katholischen Kirche: anschaulich erkl\u00e4rt, innovativ pr\u00e4sentiert, offiziell best\u00e4tigt.","potentialAction":[{"@type":"SearchAction","target":{"@type":"EntryPoint","urlTemplate":"https:\/\/youcat.dev\/?s={search_term_string}"},"query-input":"required name=search_term_string"}],"inLanguage":"es"}]}},"_links":{"self":[{"href":"https:\/\/youcat.dev\/es\/wp-json\/wp\/v2\/pages\/36"}],"collection":[{"href":"https:\/\/youcat.dev\/es\/wp-json\/wp\/v2\/pages"}],"about":[{"href":"https:\/\/youcat.dev\/es\/wp-json\/wp\/v2\/types\/page"}],"author":[{"embeddable":true,"href":"https:\/\/youcat.dev\/es\/wp-json\/wp\/v2\/users\/8"}],"replies":[{"embeddable":true,"href":"https:\/\/youcat.dev\/es\/wp-json\/wp\/v2\/comments?post=36"}],"version-history":[{"count":166,"href":"https:\/\/youcat.dev\/es\/wp-json\/wp\/v2\/pages\/36\/revisions"}],"predecessor-version":[{"id":4518,"href":"https:\/\/youcat.dev\/es\/wp-json\/wp\/v2\/pages\/36\/revisions\/4518"}],"wp:attachment":[{"href":"https:\/\/youcat.dev\/es\/wp-json\/wp\/v2\/media?parent=36"}],"curies":[{"name":"wp","href":"https:\/\/api.w.org\/{rel}","templated":true}]}}