{"id":3668,"date":"2024-01-12T08:57:45","date_gmt":"2024-01-12T08:57:45","guid":{"rendered":"https:\/\/youcat.dev\/?page_id=3340"},"modified":"2024-01-20T08:03:20","modified_gmt":"2024-01-20T08:03:20","slug":"create-personal-greeting","status":"publish","type":"page","link":"https:\/\/youcat.dev\/es\/laudatio-meuser\/create-personal-greeting\/","title":{"rendered":"Crear una felicitaci\u00f3n personalizada"},"content":{"rendered":"<h1>Querida comunidad de YOUCAT,<\/h1>\n<p>Les invitamos cordialmente a dejar su reconocimiento, agradecimiento o momentos favoritos con Bernhard aqu\u00ed, en el libro de visitas digital. Den rienda suelta a su creatividad. \u00bfTienen una foto con Bernhard? Entonces s\u00fabanla aqu\u00ed con su saludo:<\/p>\n<h2>\n\t\tTu saludo personal para Bernhard Meuser\n\t<\/h2>\n\t<div class=\"wpforms-container wpforms-container-full wpforms-render-modern\" id=\"wpforms-3663\"><form id=\"wpforms-form-3663\" class=\"wpforms-validate wpforms-form wpforms-ajax-form\" data-formid=\"3663\" method=\"post\" enctype=\"multipart\/form-data\" action=\"\/es\/wp-json\/wp\/v2\/pages\/3668?wpforms_form_id=3663\" data-token=\"5ed008970ee38e4a1c3cf335c7399d56\" data-token-time=\"1776192104\" data-trp-original-action=\"\/es\/wp-json\/wp\/v2\/pages\/3668?wpforms_form_id=3663\"><noscript class=\"wpforms-error-noscript\">Por favor, activa JavaScript en tu navegador para completar este formulario.<\/noscript><div class=\"wpforms-hidden\" id=\"wpforms-error-noscript\">Por favor, activa JavaScript en tu navegador para completar este formulario.<\/div><div class=\"wpforms-field-container\"><div id=\"wpforms-3663-field_1-container\" class=\"wpforms-field wpforms-field-text\" data-field-id=\"1\"><label class=\"wpforms-field-label wpforms-label-hide\" for=\"wpforms-3663-field_1\" aria-hidden=\"false\">Tu nombre <span class=\"wpforms-required-label\" aria-hidden=\"true\">*<\/span><\/label><input type=\"text\" id=\"wpforms-3663-field_1\" class=\"wpforms-field-large wpforms-field-required\" name=\"wpforms[fields][1]\" placeholder=\"Tu nombre\" aria-errormessage=\"wpforms-3663-field_1-error\" required><\/div><div id=\"wpforms-3663-field_2-container\" class=\"wpforms-field wpforms-field-text\" data-field-id=\"2\"><label class=\"wpforms-field-label wpforms-label-hide\" for=\"wpforms-3663-field_2\" aria-hidden=\"false\">Nombre de la empresa (opcional)<\/label><input type=\"text\" id=\"wpforms-3663-field_2\" class=\"wpforms-field-large\" name=\"wpforms[fields][2]\" placeholder=\"Nombre de la empresa (opcional)\" aria-errormessage=\"wpforms-3663-field_2-error\" ><\/div><div id=\"wpforms-3663-field_4-container\" class=\"wpforms-field wpforms-field-file-upload\" data-field-id=\"4\"><label class=\"wpforms-field-label\" for=\"wpforms-3663-field_4\">Subir imagen (opcional)<\/label><div\n\t\tclass=\"wpforms-uploader\"\n\t\tdata-field-id=\"4\"\n\t\tdata-form-id=\"3663\"\n\t\tdata-input-name=\"wpforms_3663_4\"\n\t\tdata-extensions=\"jpg,jpeg,png,webp\"\n\t\tdata-max-size=\"805306368\"\n\t\tdata-max-file-number=\"1\"\n\t\tdata-post-max-size=\"805306368\"\n\t\tdata-max-parallel-uploads=\"4\"\n\t\tdata-parallel-uploads=\"true\"\n\t\tdata-file-chunk-size=\"2097152\">\n\t<div class=\"dz-message\">\n\t\t<svg viewbox=\"0 0 1024 1024\" focusable=\"false\" data-icon=\"inbox\" width=\"50px\" height=\"50px\" fill=\"currentColor\" aria-hidden=\"true\">\n\t\t\t<path d=\"M885.2 446.3l-.2-.8-112.2-285.1c-5-16.1-19.9-27.2-36.8-27.2H281.2c-17 0-32.1 11.3-36.9 27.6L139.4 443l-.3.7-.2.8c-1.3 4.9-1.7 9.9-1 14.8-.1 1.6-.2 3.2-.2 4.8V830a60.9 60.9 0 0 0 60.8 60.8h627.2c33.5 0 60.8-27.3 60.9-60.8V464.1c0-1.3 0-2.6-.1-3.7.4-4.9 0-9.6-1.3-14.1zm-295.8-43l-.3 15.7c-.8 44.9-31.8 75.1-77.1 75.1-22.1 0-41.1-7.1-54.8-20.6S436 441.2 435.6 419l-.3-15.7H229.5L309 210h399.2l81.7 193.3H589.4zm-375 76.8h157.3c24.3 57.1 76 90.8 140.4 90.8 33.7 0 65-9.4 90.3-27.2 22.2-15.6 39.5-37.4 50.7-63.6h156.5V814H214.4V480.1z\"><\/path>\n\t\t<\/svg>\n\t\t<span class=\"modern-title\">Haz clic o arrastra un archivo a esta \u00e1rea para subirlo.<\/span>\n\n\t\t\t<\/div>\n<\/div>\n<input\n\t\ttype=\"text\"\n\t\tautocomplete=\"off\"\n\t\treadonly\n\t\tclass=\"dropzone-input\"\n\t\tstyle=\"position:absolute!important;clip:rect(0,0,0,0)!important;height:1px!important;width:1px!important;border:0!important;overflow:hidden!important;padding:0!important;margin:0!important;\"\n\t\tid=\"wpforms-3663-field_4\"\n\t\tname=\"wpforms_3663_4\" \t\tvalue=\"\">\n<\/div><div id=\"wpforms-3663-field_3-container\" class=\"wpforms-field wpforms-field-textarea\" data-field-id=\"3\"><label class=\"wpforms-field-label wpforms-label-hide\" for=\"wpforms-3663-field_3\" aria-hidden=\"false\">Tu saludo personal <span class=\"wpforms-required-label\" aria-hidden=\"true\">*<\/span><\/label><textarea id=\"wpforms-3663-field_3\" class=\"wpforms-field-large wpforms-field-required\" name=\"wpforms[fields][3]\" placeholder=\"Tu saludo personal\" aria-errormessage=\"wpforms-3663-field_3-error\" required><\/textarea><\/div><div id=\"wpforms-3663-field_5-container\" class=\"wpforms-field wpforms-field-gdpr-checkbox\" data-field-id=\"5\"><label class=\"wpforms-field-label wpforms-label-hide\" aria-hidden=\"false\">GDPR Agreement <span class=\"wpforms-required-label\" aria-hidden=\"true\">*<\/span><\/label><ul id=\"wpforms-3663-field_5\" class=\"wpforms-field-required\"><li class=\"choice-1\"><input type=\"checkbox\" id=\"wpforms-3663-field_5_1\" name=\"wpforms[fields][5][]\" value=\"I have read and accept the &lt;a href=&quot;\/privacy&quot; target=&quot;_blank&quot;&gt;data protection conditions&lt;\/a&gt;.\" aria-errormessage=\"wpforms-3663-field_5_1-error\" required><label class=\"wpforms-field-label-inline\" for=\"wpforms-3663-field_5_1\">He le\u00eddo y acepto las <a href=\"https:\/\/youcat.dev\/es\/privacy\/\" target=\"_blank\">condiciones<\/a>. <span class=\"wpforms-required-label\" aria-hidden=\"true\">*<\/span><\/label><\/li><\/ul><\/div><\/div><!-- .wpforms-field-container --><div class=\"wpforms-recaptcha-container wpforms-is-hcaptcha\" >\t\t<input\n\t\t\t\ttype=\"hidden\"\n\t\t\t\tclass=\"hcaptcha-widget-id\"\n\t\t\t\tname=\"hcaptcha-widget-id\"\n\t\t\t\tvalue=\"eyJzb3VyY2UiOlsid3Bmb3Jtc1wvd3Bmb3Jtcy5waHAiLCJ3cGZvcm1zLWxpdGVcL3dwZm9ybXMucGhwIl0sImZvcm1faWQiOjM2NjN9-8d6f787868a51161b2b46765bb91ba10\">\n\t\t\t\t<div\n\t\t\tclass=\"h-captcha\"\n\t\t\tdata-sitekey=\"4c3eb62b-7cbf-424d-880a-d27150aa86cf\"\n\t\t\tdata-theme=\"light\"\n\t\t\tdata-size=\"normal\"\n\t\t\tdata-auto=\"false\"\n\t\t\tdata-force=\"false\">\n\t\t<\/div>\n\t\t<input type=\"hidden\" id=\"hcaptcha_wpforms_nonce\" name=\"hcaptcha_wpforms_nonce\" value=\"a804835c21\" \/><input type=\"hidden\" name=\"_wp_http_referer\" value=\"\/es\/wp-json\/wp\/v2\/pages\/3668\" \/><\/div><div class=\"wpforms-submit-container\" ><input type=\"hidden\" name=\"wpforms[id]\" value=\"3663\"><input type=\"hidden\" name=\"page_title\" value=\"\"><input type=\"hidden\" name=\"page_url\" value=\"https:\/\/youcat.dev\/es\/wp-json\/wp\/v2\/pages\/3668\"><button type=\"submit\" name=\"wpforms[submit]\" id=\"wpforms-submit-3663\" class=\"wpforms-submit\" data-alt-text=\"Sending...\" data-submit-text=\"Create personal greeting\" aria-live=\"assertive\" value=\"wpforms-submit\">Crear una felicitaci\u00f3n personalizada<\/button><img loading=\"lazy\" decoding=\"async\" src=\"https:\/\/youcat.dev\/wp-content\/plugins\/wpforms\/assets\/images\/submit-spin.svg\" class=\"wpforms-submit-spinner\" style=\"display: none;\" width=\"26\" height=\"26\" alt=\"Cargando\"><\/div><input type=\"hidden\" name=\"trp-form-language\" value=\"es\"\/><\/form><\/div>  <!-- .wpforms-container -->\n\t\t\t<a href=\"https:\/\/youcat.dev\/es\/laudatio-meuser\/\" target=\"_self\" rel=\"noopener\">\n\t\t\t\t\t\tVolver a la p\u00e1gina principal\n\t\t\t\t\t<\/a>","protected":false},"excerpt":{"rendered":"<p>Dear YOUCAT community, We cordially invite you to share your recognition, appreciation or favourite moments with Bernhard in our digital guestbook. Let your creativity flow. Do you have a photo of you with Bernhard? Upload it here with your greeting: Your personal greeting for Bernhard Meuser Back to overview<\/p>","protected":false},"author":7,"featured_media":0,"parent":3667,"menu_order":0,"comment_status":"closed","ping_status":"closed","template":"","meta":{"_acf_changed":false,"inline_featured_image":false,"footnotes":""},"acf":[],"yoast_head":"<!-- This site is optimized with the Yoast SEO plugin v22.5 - https:\/\/yoast.com\/wordpress\/plugins\/seo\/ -->\n<title>Create personal greeting - YOUCAT<\/title>\n<meta name=\"robots\" content=\"noindex, follow, max-snippet:-1, max-image-preview:large, max-video-preview:-1\" \/>\n<meta property=\"og:locale\" content=\"es_ES\" \/>\n<meta property=\"og:type\" content=\"article\" \/>\n<meta property=\"og:title\" content=\"Create personal greeting - YOUCAT\" \/>\n<meta property=\"og:description\" content=\"Dear YOUCAT community, We cordially invite you to share your recognition, appreciation or favourite moments with Bernhard in our digital guestbook. Let your creativity flow. Do you have a photo of you with Bernhard? Upload it here with your greeting: Your personal greeting for Bernhard Meuser Back to overview\" \/>\n<meta property=\"og:url\" content=\"https:\/\/youcat.dev\/es\/laudatio-meuser\/create-personal-greeting\/\" \/>\n<meta property=\"og:site_name\" content=\"YOUCAT\" \/>\n<meta property=\"article:modified_time\" content=\"2024-01-20T08:03:20+00:00\" \/>\n<meta name=\"twitter:card\" content=\"summary_large_image\" \/>\n<meta name=\"twitter:label1\" content=\"Tiempo de lectura\" \/>\n\t<meta name=\"twitter:data1\" content=\"1 minuto\" \/>\n<script type=\"application\/ld+json\" class=\"yoast-schema-graph\">{\"@context\":\"https:\/\/schema.org\",\"@graph\":[{\"@type\":\"WebPage\",\"@id\":\"https:\/\/youcat.dev\/laudatio-meuser\/create-personal-greeting\/\",\"url\":\"https:\/\/youcat.dev\/laudatio-meuser\/create-personal-greeting\/\",\"name\":\"Create personal greeting - YOUCAT\",\"isPartOf\":{\"@id\":\"https:\/\/youcat.dev\/#website\"},\"datePublished\":\"2024-01-12T08:57:45+00:00\",\"dateModified\":\"2024-01-20T08:03:20+00:00\",\"breadcrumb\":{\"@id\":\"https:\/\/youcat.dev\/laudatio-meuser\/create-personal-greeting\/#breadcrumb\"},\"inLanguage\":\"es\",\"potentialAction\":[{\"@type\":\"ReadAction\",\"target\":[\"https:\/\/youcat.dev\/laudatio-meuser\/create-personal-greeting\/\"]}]},{\"@type\":\"BreadcrumbList\",\"@id\":\"https:\/\/youcat.dev\/laudatio-meuser\/create-personal-greeting\/#breadcrumb\",\"itemListElement\":[{\"@type\":\"ListItem\",\"position\":1,\"name\":\"\",\"item\":\"https:\/\/youcat.dev\/\"},{\"@type\":\"ListItem\",\"position\":2,\"name\":\"Laudatio Meuser\",\"item\":\"https:\/\/youcat.dev\/laudatio-meuser\/\"},{\"@type\":\"ListItem\",\"position\":3,\"name\":\"Create personal greeting\"}]},{\"@type\":\"WebSite\",\"@id\":\"https:\/\/youcat.dev\/#website\",\"url\":\"https:\/\/youcat.dev\/\",\"name\":\"YOUCAT\",\"description\":\"Der Glaube der katholischen Kirche: anschaulich erkl\u00e4rt, innovativ pr\u00e4sentiert, offiziell best\u00e4tigt.\",\"potentialAction\":[{\"@type\":\"SearchAction\",\"target\":{\"@type\":\"EntryPoint\",\"urlTemplate\":\"https:\/\/youcat.dev\/?s={search_term_string}\"},\"query-input\":\"required name=search_term_string\"}],\"inLanguage\":\"es\"}]}<\/script>\n<!-- \/ Yoast SEO plugin. -->","yoast_head_json":{"title":"Create personal greeting - YOUCAT","robots":{"index":"noindex","follow":"follow","max-snippet":"max-snippet:-1","max-image-preview":"max-image-preview:large","max-video-preview":"max-video-preview:-1"},"og_locale":"es_ES","og_type":"article","og_title":"Create personal greeting - YOUCAT","og_description":"Dear YOUCAT community, We cordially invite you to share your recognition, appreciation or favourite moments with Bernhard in our digital guestbook. Let your creativity flow. Do you have a photo of you with Bernhard? Upload it here with your greeting: Your personal greeting for Bernhard Meuser Back to overview","og_url":"https:\/\/youcat.dev\/es\/laudatio-meuser\/create-personal-greeting\/","og_site_name":"YOUCAT","article_modified_time":"2024-01-20T08:03:20+00:00","twitter_card":"summary_large_image","twitter_misc":{"Tiempo de lectura":"1 minuto"},"schema":{"@context":"https:\/\/schema.org","@graph":[{"@type":"WebPage","@id":"https:\/\/youcat.dev\/laudatio-meuser\/create-personal-greeting\/","url":"https:\/\/youcat.dev\/laudatio-meuser\/create-personal-greeting\/","name":"Create personal greeting - YOUCAT","isPartOf":{"@id":"https:\/\/youcat.dev\/#website"},"datePublished":"2024-01-12T08:57:45+00:00","dateModified":"2024-01-20T08:03:20+00:00","breadcrumb":{"@id":"https:\/\/youcat.dev\/laudatio-meuser\/create-personal-greeting\/#breadcrumb"},"inLanguage":"es","potentialAction":[{"@type":"ReadAction","target":["https:\/\/youcat.dev\/laudatio-meuser\/create-personal-greeting\/"]}]},{"@type":"BreadcrumbList","@id":"https:\/\/youcat.dev\/laudatio-meuser\/create-personal-greeting\/#breadcrumb","itemListElement":[{"@type":"ListItem","position":1,"name":"","item":"https:\/\/youcat.dev\/"},{"@type":"ListItem","position":2,"name":"Laudatio Meuser","item":"https:\/\/youcat.dev\/laudatio-meuser\/"},{"@type":"ListItem","position":3,"name":"Create personal greeting"}]},{"@type":"WebSite","@id":"https:\/\/youcat.dev\/#website","url":"https:\/\/youcat.dev\/","name":"YOUCAT","description":"Der Glaube der katholischen Kirche: anschaulich erkl\u00e4rt, innovativ pr\u00e4sentiert, offiziell best\u00e4tigt.","potentialAction":[{"@type":"SearchAction","target":{"@type":"EntryPoint","urlTemplate":"https:\/\/youcat.dev\/?s={search_term_string}"},"query-input":"required name=search_term_string"}],"inLanguage":"es"}]}},"_links":{"self":[{"href":"https:\/\/youcat.dev\/es\/wp-json\/wp\/v2\/pages\/3668"}],"collection":[{"href":"https:\/\/youcat.dev\/es\/wp-json\/wp\/v2\/pages"}],"about":[{"href":"https:\/\/youcat.dev\/es\/wp-json\/wp\/v2\/types\/page"}],"author":[{"embeddable":true,"href":"https:\/\/youcat.dev\/es\/wp-json\/wp\/v2\/users\/7"}],"replies":[{"embeddable":true,"href":"https:\/\/youcat.dev\/es\/wp-json\/wp\/v2\/comments?post=3668"}],"version-history":[{"count":4,"href":"https:\/\/youcat.dev\/es\/wp-json\/wp\/v2\/pages\/3668\/revisions"}],"predecessor-version":[{"id":3886,"href":"https:\/\/youcat.dev\/es\/wp-json\/wp\/v2\/pages\/3668\/revisions\/3886"}],"up":[{"embeddable":true,"href":"https:\/\/youcat.dev\/es\/wp-json\/wp\/v2\/pages\/3667"}],"wp:attachment":[{"href":"https:\/\/youcat.dev\/es\/wp-json\/wp\/v2\/media?parent=3668"}],"curies":[{"name":"wp","href":"https:\/\/api.w.org\/{rel}","templated":true}]}}