{"id":1513,"date":"2023-07-19T11:32:09","date_gmt":"2023-07-19T10:32:09","guid":{"rendered":"https:\/\/youcat.dev\/?page_id=1513"},"modified":"2023-07-28T08:46:18","modified_gmt":"2023-07-28T07:46:18","slug":"youcat-digital","status":"publish","type":"page","link":"https:\/\/youcat.dev\/fr\/youcat-digital\/","title":{"rendered":"YOUCAT Digital"},"content":{"rendered":"<span><span><a href=\"https:\/\/youcat.dev\/fr\/\"><span class=\"icon yc-icon-yc-home-filled\"><\/span><\/a><\/span><\/span>\n\t<h1><strong><\/strong><\/h1>\n<p>D\u00e9couvres ici nos produits num\u00e9riques qui t'aideront \u00e0 grandir dans la foi et \u00e0 devenir toi-m\u00eame missionnaire.<\/p>\n\t\t\t\t<img loading=\"lazy\" decoding=\"async\" src=\"https:\/\/youcat.dev\/wp-content\/uploads\/2023\/07\/youcat-daily.webp\" alt=\"Youcat Daily App\" itemprop=\"image\" height=\"690\" width=\"345\" title=\"youcat-daily\" onerror=\"this.style.display='none'\"  \/>\n\t<h2>YOUCAT Daily App<\/h2>\n<p>Continuez \u00e0 grandir dans la foi avec la dose quotidienne de 5 minutes de l'Evangile et une question YOUCAT ou DOCAT.<\/p>\n<a href=\"https:\/\/youcat.dev\/fr\/daily\/\">D\u00e9couvrir <\/a>\n\t\t\t\t<img loading=\"lazy\" decoding=\"async\" src=\"https:\/\/youcat.dev\/wp-content\/uploads\/2023\/07\/docat-app.webp\" alt=\"docat-app\" itemprop=\"image\" height=\"690\" width=\"345\" title=\"docat-app\" onerror=\"this.style.display='none'\"  \/>\n\t<h2>DOCAT App<\/h2>\n<p>Avec cette application, vous pouvez lire DOCAT, vous familiariser avec l'enseignement social gr\u00e2ce \u00e0 des unit\u00e9s guid\u00e9es (guides d'\u00e9tude) et obtenir des suggestions sur ce que vous pouvez faire pour changer votre environnement.<\/p>\n<a href=\"https:\/\/youcat.dev\/fr\/docat-app\/\">D\u00e9couvrir <\/a>\n\t\t\t\t<img loading=\"lazy\" decoding=\"async\" src=\"https:\/\/youcat.dev\/wp-content\/uploads\/2023\/07\/youcat-credopedia.webp\" alt=\"youcat-credopedia\" itemprop=\"image\" height=\"690\" width=\"345\" title=\"youcat-credopedia\" onerror=\"this.style.display='none'\"  \/>\n\t<h2>Credopedia<\/h2>\n<p>Ouvrage de r\u00e9f\u00e9rence en ligne sur la foi Catholique.<\/p>\n<a href=\"https:\/\/youcat.dev\/fr\/credopedia\/\">D\u00e9couvrir Credopedia <\/a>\n\t\t\t\t<img loading=\"lazy\" decoding=\"async\" src=\"https:\/\/youcat.dev\/wp-content\/uploads\/2023\/07\/youcat-minicat.webp\" alt=\"youcat-minicat\" itemprop=\"image\" height=\"690\" width=\"345\" title=\"youcat-minicat\" onerror=\"this.style.display='none'\"  \/>\n\t<h2>Minicat<\/h2>\n<p>Ouvrage de r\u00e9f\u00e9rence en ligne sur l'ann\u00e9e liturgique.<\/p>\n<a href=\"https:\/\/youcat.dev\/fr\/minicat\/\">D\u00e9couvrir Minicat <\/a>\n\t\t\t\t<img loading=\"lazy\" decoding=\"async\" src=\"https:\/\/youcat.dev\/wp-content\/uploads\/2023\/07\/youcat-bonus-materials.webp\" alt=\"youcat-bonus-materials\" itemprop=\"image\" height=\"690\" width=\"345\" title=\"youcat-bonus-materials\" onerror=\"this.style.display='none'\"  \/>\n\t<h2>Mat\u00e9riel suppl\u00e9mentaire<\/h2>\n<p>D\u00e9couvrir la foi est une aventure passionnante. Nous vous proposons de nombreux mat\u00e9riaux utiles.<\/p>\n<a href=\"https:\/\/youcat.dev\/fr\/bonus-material\/\">Mat\u00e9riel suppl\u00e9mentaire <\/a>\n\t\t\t\t<img loading=\"lazy\" decoding=\"async\" src=\"https:\/\/youcat.dev\/wp-content\/uploads\/2023\/07\/youcat-newsletter-mockup.webp\" alt=\"youcat-newsletter-mockup\" itemprop=\"image\" height=\"690\" width=\"345\" title=\"youcat-newsletter-mockup\" onerror=\"this.style.display='none'\"  \/>\n\t<h2>Newsletter<\/h2>\nAbonnez-vous \u00e0 notre newsletter et restez inform\u00e9 de toutes les actualit\u00e9s autour de YOUCAT.\n\n<a href=\"https:\/\/youcat.dev\/fr\/newsletter\/\">Newsletter <\/a>\n\t\t\t\t<img loading=\"lazy\" decoding=\"async\" src=\"https:\/\/youcat.dev\/wp-content\/uploads\/2023\/07\/yc-arrow-to-right.svg\" alt=\"yc-fl\u00e8che-\u00e0-droite\" itemprop=\"image\" height=\"86\" width=\"567\" title=\"yc-fl\u00e8che-\u00e0-droite\" onerror=\"this.style.display='none'\"  \/>\n\t\t\t\t<img loading=\"lazy\" decoding=\"async\" src=\"https:\/\/youcat.dev\/wp-content\/uploads\/2023\/07\/yc-arrow-to-left.svg\" alt=\"yc-fl\u00e8che-\u00e0-gauche\" itemprop=\"image\" height=\"86\" width=\"567\" title=\"yc-fl\u00e8che-\u00e0-gauche\" onerror=\"this.style.display='none'\"  \/>\n\t\t\t\t<img loading=\"lazy\" decoding=\"async\" src=\"https:\/\/youcat.dev\/wp-content\/uploads\/2023\/07\/youcat-dialogical-catechesis-featured.webp\" alt=\"youcat-dialogical-catechesis-featured\" itemprop=\"image\" height=\"733\" width=\"460\" title=\"youcat-dialogical-catechesis-featured\" onerror=\"this.style.display='none'\"  \/>\n\t<p>Nouveau<\/p>\n\t<h2><strong>Dialogical Catechesis<\/strong><\/h2>\n<p>An Innovative Concept for Practice<\/p>\n\t\t\t<a href=\"https:\/\/youcat.dev\/fr\/products\/catechese-dialogique\/\" target=\"_self\" rel=\"noopener\">\n\t\t\t\t\t\t\tCommandez cet article\n\t\t\t<\/a>","protected":false},"excerpt":{"rendered":"<p>Discover our digital products, which will help you to grow in faith and become missionaries yourself. YOUCAT Daily App Keep growing in faith with a daily 5-minute dose of the Holy Gospel from the Y-Bible and a YOUCAT or DOCAT question. Learn more DOCAT App With this app you can read DOCAT, get to know&hellip;<\/p>","protected":false},"author":7,"featured_media":0,"parent":0,"menu_order":0,"comment_status":"closed","ping_status":"closed","template":"","meta":{"_acf_changed":false,"inline_featured_image":false,"footnotes":""},"acf":[],"yoast_head":"<!-- This site is optimized with the Yoast SEO plugin v22.5 - https:\/\/yoast.com\/wordpress\/plugins\/seo\/ -->\n<title>YOUCAT Digital - YOUCAT<\/title>\n<meta name=\"robots\" content=\"noindex, follow, max-snippet:-1, max-image-preview:large, max-video-preview:-1\" \/>\n<meta property=\"og:locale\" content=\"fr_FR\" \/>\n<meta property=\"og:type\" content=\"article\" \/>\n<meta property=\"og:title\" content=\"YOUCAT Digital - YOUCAT\" \/>\n<meta property=\"og:description\" content=\"Discover our digital products, which will help you to grow in faith and become missionaries yourself. YOUCAT Daily App Keep growing in faith with a daily 5-minute dose of the Holy Gospel from the Y-Bible and a YOUCAT or DOCAT question. Learn more DOCAT App With this app you can read DOCAT, get to know&hellip;\" \/>\n<meta property=\"og:url\" content=\"https:\/\/youcat.dev\/fr\/youcat-digital\/\" \/>\n<meta property=\"og:site_name\" content=\"YOUCAT\" \/>\n<meta property=\"article:modified_time\" content=\"2023-07-28T07:46:18+00:00\" \/>\n<meta property=\"og:image\" content=\"https:\/\/youcat.dev\/wp-content\/uploads\/2023\/07\/youcat-daily.webp\" \/>\n<meta name=\"twitter:card\" content=\"summary_large_image\" \/>\n<script type=\"application\/ld+json\" class=\"yoast-schema-graph\">{\"@context\":\"https:\/\/schema.org\",\"@graph\":[{\"@type\":\"WebPage\",\"@id\":\"https:\/\/youcat.dev\/youcat-digital\/\",\"url\":\"https:\/\/youcat.dev\/youcat-digital\/\",\"name\":\"YOUCAT Digital - YOUCAT\",\"isPartOf\":{\"@id\":\"https:\/\/youcat.dev\/#website\"},\"primaryImageOfPage\":{\"@id\":\"https:\/\/youcat.dev\/youcat-digital\/#primaryimage\"},\"image\":{\"@id\":\"https:\/\/youcat.dev\/youcat-digital\/#primaryimage\"},\"thumbnailUrl\":\"https:\/\/youcat.dev\/wp-content\/uploads\/2023\/07\/youcat-daily.webp\",\"datePublished\":\"2023-07-19T10:32:09+00:00\",\"dateModified\":\"2023-07-28T07:46:18+00:00\",\"breadcrumb\":{\"@id\":\"https:\/\/youcat.dev\/youcat-digital\/#breadcrumb\"},\"inLanguage\":\"fr-FR\",\"potentialAction\":[{\"@type\":\"ReadAction\",\"target\":[\"https:\/\/youcat.dev\/youcat-digital\/\"]}]},{\"@type\":\"ImageObject\",\"inLanguage\":\"fr-FR\",\"@id\":\"https:\/\/youcat.dev\/youcat-digital\/#primaryimage\",\"url\":\"https:\/\/youcat.dev\/wp-content\/uploads\/2023\/07\/youcat-daily.webp\",\"contentUrl\":\"https:\/\/youcat.dev\/wp-content\/uploads\/2023\/07\/youcat-daily.webp\"},{\"@type\":\"BreadcrumbList\",\"@id\":\"https:\/\/youcat.dev\/youcat-digital\/#breadcrumb\",\"itemListElement\":[{\"@type\":\"ListItem\",\"position\":1,\"name\":\"\",\"item\":\"https:\/\/youcat.dev\/\"},{\"@type\":\"ListItem\",\"position\":2,\"name\":\"YOUCAT Digital\"}]},{\"@type\":\"WebSite\",\"@id\":\"https:\/\/youcat.dev\/#website\",\"url\":\"https:\/\/youcat.dev\/\",\"name\":\"YOUCAT\",\"description\":\"Der Glaube der katholischen Kirche: anschaulich erkl\u00e4rt, innovativ pr\u00e4sentiert, offiziell best\u00e4tigt.\",\"potentialAction\":[{\"@type\":\"SearchAction\",\"target\":{\"@type\":\"EntryPoint\",\"urlTemplate\":\"https:\/\/youcat.dev\/?s={search_term_string}\"},\"query-input\":\"required name=search_term_string\"}],\"inLanguage\":\"fr-FR\"}]}<\/script>\n<!-- \/ Yoast SEO plugin. -->","yoast_head_json":{"title":"YOUCAT Digital - YOUCAT","robots":{"index":"noindex","follow":"follow","max-snippet":"max-snippet:-1","max-image-preview":"max-image-preview:large","max-video-preview":"max-video-preview:-1"},"og_locale":"fr_FR","og_type":"article","og_title":"YOUCAT Digital - YOUCAT","og_description":"Discover our digital products, which will help you to grow in faith and become missionaries yourself. YOUCAT Daily App Keep growing in faith with a daily 5-minute dose of the Holy Gospel from the Y-Bible and a YOUCAT or DOCAT question. Learn more DOCAT App With this app you can read DOCAT, get to know&hellip;","og_url":"https:\/\/youcat.dev\/fr\/youcat-digital\/","og_site_name":"YOUCAT","article_modified_time":"2023-07-28T07:46:18+00:00","og_image":[{"url":"https:\/\/youcat.dev\/wp-content\/uploads\/2023\/07\/youcat-daily.webp"}],"twitter_card":"summary_large_image","schema":{"@context":"https:\/\/schema.org","@graph":[{"@type":"WebPage","@id":"https:\/\/youcat.dev\/youcat-digital\/","url":"https:\/\/youcat.dev\/youcat-digital\/","name":"YOUCAT Digital - YOUCAT","isPartOf":{"@id":"https:\/\/youcat.dev\/#website"},"primaryImageOfPage":{"@id":"https:\/\/youcat.dev\/youcat-digital\/#primaryimage"},"image":{"@id":"https:\/\/youcat.dev\/youcat-digital\/#primaryimage"},"thumbnailUrl":"https:\/\/youcat.dev\/wp-content\/uploads\/2023\/07\/youcat-daily.webp","datePublished":"2023-07-19T10:32:09+00:00","dateModified":"2023-07-28T07:46:18+00:00","breadcrumb":{"@id":"https:\/\/youcat.dev\/youcat-digital\/#breadcrumb"},"inLanguage":"fr-FR","potentialAction":[{"@type":"ReadAction","target":["https:\/\/youcat.dev\/youcat-digital\/"]}]},{"@type":"ImageObject","inLanguage":"fr-FR","@id":"https:\/\/youcat.dev\/youcat-digital\/#primaryimage","url":"https:\/\/youcat.dev\/wp-content\/uploads\/2023\/07\/youcat-daily.webp","contentUrl":"https:\/\/youcat.dev\/wp-content\/uploads\/2023\/07\/youcat-daily.webp"},{"@type":"BreadcrumbList","@id":"https:\/\/youcat.dev\/youcat-digital\/#breadcrumb","itemListElement":[{"@type":"ListItem","position":1,"name":"","item":"https:\/\/youcat.dev\/"},{"@type":"ListItem","position":2,"name":"YOUCAT Digital"}]},{"@type":"WebSite","@id":"https:\/\/youcat.dev\/#website","url":"https:\/\/youcat.dev\/","name":"YOUCAT","description":"Der Glaube der katholischen Kirche: anschaulich erkl\u00e4rt, innovativ pr\u00e4sentiert, offiziell best\u00e4tigt.","potentialAction":[{"@type":"SearchAction","target":{"@type":"EntryPoint","urlTemplate":"https:\/\/youcat.dev\/?s={search_term_string}"},"query-input":"required name=search_term_string"}],"inLanguage":"fr-FR"}]}},"_links":{"self":[{"href":"https:\/\/youcat.dev\/fr\/wp-json\/wp\/v2\/pages\/1513"}],"collection":[{"href":"https:\/\/youcat.dev\/fr\/wp-json\/wp\/v2\/pages"}],"about":[{"href":"https:\/\/youcat.dev\/fr\/wp-json\/wp\/v2\/types\/page"}],"author":[{"embeddable":true,"href":"https:\/\/youcat.dev\/fr\/wp-json\/wp\/v2\/users\/7"}],"replies":[{"embeddable":true,"href":"https:\/\/youcat.dev\/fr\/wp-json\/wp\/v2\/comments?post=1513"}],"version-history":[{"count":23,"href":"https:\/\/youcat.dev\/fr\/wp-json\/wp\/v2\/pages\/1513\/revisions"}],"predecessor-version":[{"id":3227,"href":"https:\/\/youcat.dev\/fr\/wp-json\/wp\/v2\/pages\/1513\/revisions\/3227"}],"wp:attachment":[{"href":"https:\/\/youcat.dev\/fr\/wp-json\/wp\/v2\/media?parent=1513"}],"curies":[{"name":"wp","href":"https:\/\/api.w.org\/{rel}","templated":true}]}}