{"id":2708,"date":"2023-07-23T21:12:33","date_gmt":"2023-07-23T20:12:33","guid":{"rendered":"https:\/\/youcat.dev\/?page_id=2708"},"modified":"2023-07-25T10:39:45","modified_gmt":"2023-07-25T09:39:45","slug":"youcat-foundation","status":"publish","type":"page","link":"https:\/\/youcat.dev\/fr\/youcat-foundation\/","title":{"rendered":"Fondation YOUCAT"},"content":{"rendered":"<span><span><a href=\"https:\/\/youcat.dev\/fr\/\"><span class=\"icon yc-icon-yc-home-filled\"><\/span><\/a><\/span><\/span>\n\t<p>La Fondation YOUCAT<\/p>\n<h1>D\u00e9claration de mission<\/h1>\n<p><strong>Nous produisons des livres et d\u00e9veloppons des produits digitals dans des processus participatifs pour donner aux gens la possibilit\u00e9 de rencontrer Dieu, de (re)d\u00e9couvrir le tr\u00e9sor de la foi de l'\u00c9glise Catholique et de l'enseigner.<\/strong><\/p>\n\t<h2>\u00c0 propos de nous<\/h2>\n<p>La YOUCAT Foundation gGmbH soutient les personnes qui vivent et enseignent leur foi Catholique. YOUCAT veut soutenir les personnes sur leur chemin de foi et leur donner du mat\u00e9riel pour proclamer l'Evangile.<\/p>\n<p>Chaque jour, la YOUCAT Foundation touche des milliers de jeunes dans le monde entier avec des produits num\u00e9riques et imprim\u00e9s et les aide \u00e0 devenir d'authentiques t\u00e9moins de la foi Catholique. Les livres YOUCAT ont \u00e9t\u00e9 imprim\u00e9s \u00e0 des millions d'exemplaires et ont d\u00e9j\u00e0 \u00e9t\u00e9 traduits dans plus de 60 langues, d'innombrables groupes d'\u00e9tude ont \u00e9t\u00e9 lanc\u00e9s.<\/p>\n<p>La YOUCAT Foundation est une organisation \u00e0 but non lucratif et une filiale de la  fondation pontificale Aide \u00e0 l\u2019\u00c9glise en D\u00e9tresse. Elle est d\u00e9sint\u00e9ress\u00e9e et poursuit exclusivement des objectifs d'utilit\u00e9 publique. Elle ne re\u00e7oit aucune subvention de l'\u00c9tat ou de l'\u00c9glise et est financ\u00e9e par des dons et la vente de livres.<\/p>\n\t\t\t<a href=\"https:\/\/youcat.dev\/fr\/products\/\" target=\"_self\" rel=\"noopener\">\n\t\t\t\t\t\t\tD\u00e9couvrez nos livres\n\t\t\t\t\t<\/a>","protected":false},"excerpt":{"rendered":"<p>The YOUCAT Foundation Mission Statement We make books and develop digital products in participative processes so that people can encounter God and (get to) know and teach the faith treasure of the Catholic Church. About us YOUCAT Foundation gGmbH supports people who live and teach their Catholic. YOUCAT wants to support people on their faith&hellip;<\/p>","protected":false},"author":8,"featured_media":0,"parent":0,"menu_order":0,"comment_status":"closed","ping_status":"closed","template":"","meta":{"_acf_changed":false,"inline_featured_image":false,"footnotes":""},"acf":[],"yoast_head":"<!-- This site is optimized with the Yoast SEO plugin v22.5 - https:\/\/yoast.com\/wordpress\/plugins\/seo\/ -->\n<title>YOUCAT Foundation - YOUCAT<\/title>\n<meta name=\"robots\" content=\"noindex, follow, max-snippet:-1, max-image-preview:large, max-video-preview:-1\" \/>\n<meta property=\"og:locale\" content=\"fr_FR\" \/>\n<meta property=\"og:type\" content=\"article\" \/>\n<meta property=\"og:title\" content=\"YOUCAT Foundation - YOUCAT\" \/>\n<meta property=\"og:description\" content=\"The YOUCAT Foundation Mission Statement We make books and develop digital products in participative processes so that people can encounter God and (get to) know and teach the faith treasure of the Catholic Church. About us YOUCAT Foundation gGmbH supports people who live and teach their Catholic. YOUCAT wants to support people on their faith&hellip;\" \/>\n<meta property=\"og:url\" content=\"https:\/\/youcat.dev\/fr\/youcat-foundation\/\" \/>\n<meta property=\"og:site_name\" content=\"YOUCAT\" \/>\n<meta property=\"article:modified_time\" content=\"2023-07-25T09:39:45+00:00\" \/>\n<meta name=\"twitter:card\" content=\"summary_large_image\" \/>\n<meta name=\"twitter:label1\" content=\"Dur\u00e9e de lecture estim\u00e9e\" \/>\n\t<meta name=\"twitter:data1\" content=\"1 minute\" \/>\n<script type=\"application\/ld+json\" class=\"yoast-schema-graph\">{\"@context\":\"https:\/\/schema.org\",\"@graph\":[{\"@type\":\"WebPage\",\"@id\":\"https:\/\/youcat.dev\/youcat-foundation\/\",\"url\":\"https:\/\/youcat.dev\/youcat-foundation\/\",\"name\":\"YOUCAT Foundation - YOUCAT\",\"isPartOf\":{\"@id\":\"https:\/\/youcat.dev\/#website\"},\"datePublished\":\"2023-07-23T20:12:33+00:00\",\"dateModified\":\"2023-07-25T09:39:45+00:00\",\"breadcrumb\":{\"@id\":\"https:\/\/youcat.dev\/youcat-foundation\/#breadcrumb\"},\"inLanguage\":\"fr-FR\",\"potentialAction\":[{\"@type\":\"ReadAction\",\"target\":[\"https:\/\/youcat.dev\/youcat-foundation\/\"]}]},{\"@type\":\"BreadcrumbList\",\"@id\":\"https:\/\/youcat.dev\/youcat-foundation\/#breadcrumb\",\"itemListElement\":[{\"@type\":\"ListItem\",\"position\":1,\"name\":\"\",\"item\":\"https:\/\/youcat.dev\/\"},{\"@type\":\"ListItem\",\"position\":2,\"name\":\"YOUCAT Foundation\"}]},{\"@type\":\"WebSite\",\"@id\":\"https:\/\/youcat.dev\/#website\",\"url\":\"https:\/\/youcat.dev\/\",\"name\":\"YOUCAT\",\"description\":\"Der Glaube der katholischen Kirche: anschaulich erkl\u00e4rt, innovativ pr\u00e4sentiert, offiziell best\u00e4tigt.\",\"potentialAction\":[{\"@type\":\"SearchAction\",\"target\":{\"@type\":\"EntryPoint\",\"urlTemplate\":\"https:\/\/youcat.dev\/?s={search_term_string}\"},\"query-input\":\"required name=search_term_string\"}],\"inLanguage\":\"fr-FR\"}]}<\/script>\n<!-- \/ Yoast SEO plugin. -->","yoast_head_json":{"title":"YOUCAT Foundation - YOUCAT","robots":{"index":"noindex","follow":"follow","max-snippet":"max-snippet:-1","max-image-preview":"max-image-preview:large","max-video-preview":"max-video-preview:-1"},"og_locale":"fr_FR","og_type":"article","og_title":"YOUCAT Foundation - YOUCAT","og_description":"The YOUCAT Foundation Mission Statement We make books and develop digital products in participative processes so that people can encounter God and (get to) know and teach the faith treasure of the Catholic Church. About us YOUCAT Foundation gGmbH supports people who live and teach their Catholic. YOUCAT wants to support people on their faith&hellip;","og_url":"https:\/\/youcat.dev\/fr\/youcat-foundation\/","og_site_name":"YOUCAT","article_modified_time":"2023-07-25T09:39:45+00:00","twitter_card":"summary_large_image","twitter_misc":{"Dur\u00e9e de lecture estim\u00e9e":"1 minute"},"schema":{"@context":"https:\/\/schema.org","@graph":[{"@type":"WebPage","@id":"https:\/\/youcat.dev\/youcat-foundation\/","url":"https:\/\/youcat.dev\/youcat-foundation\/","name":"YOUCAT Foundation - YOUCAT","isPartOf":{"@id":"https:\/\/youcat.dev\/#website"},"datePublished":"2023-07-23T20:12:33+00:00","dateModified":"2023-07-25T09:39:45+00:00","breadcrumb":{"@id":"https:\/\/youcat.dev\/youcat-foundation\/#breadcrumb"},"inLanguage":"fr-FR","potentialAction":[{"@type":"ReadAction","target":["https:\/\/youcat.dev\/youcat-foundation\/"]}]},{"@type":"BreadcrumbList","@id":"https:\/\/youcat.dev\/youcat-foundation\/#breadcrumb","itemListElement":[{"@type":"ListItem","position":1,"name":"","item":"https:\/\/youcat.dev\/"},{"@type":"ListItem","position":2,"name":"YOUCAT Foundation"}]},{"@type":"WebSite","@id":"https:\/\/youcat.dev\/#website","url":"https:\/\/youcat.dev\/","name":"YOUCAT","description":"Der Glaube der katholischen Kirche: anschaulich erkl\u00e4rt, innovativ pr\u00e4sentiert, offiziell best\u00e4tigt.","potentialAction":[{"@type":"SearchAction","target":{"@type":"EntryPoint","urlTemplate":"https:\/\/youcat.dev\/?s={search_term_string}"},"query-input":"required name=search_term_string"}],"inLanguage":"fr-FR"}]}},"_links":{"self":[{"href":"https:\/\/youcat.dev\/fr\/wp-json\/wp\/v2\/pages\/2708"}],"collection":[{"href":"https:\/\/youcat.dev\/fr\/wp-json\/wp\/v2\/pages"}],"about":[{"href":"https:\/\/youcat.dev\/fr\/wp-json\/wp\/v2\/types\/page"}],"author":[{"embeddable":true,"href":"https:\/\/youcat.dev\/fr\/wp-json\/wp\/v2\/users\/8"}],"replies":[{"embeddable":true,"href":"https:\/\/youcat.dev\/fr\/wp-json\/wp\/v2\/comments?post=2708"}],"version-history":[{"count":12,"href":"https:\/\/youcat.dev\/fr\/wp-json\/wp\/v2\/pages\/2708\/revisions"}],"predecessor-version":[{"id":3039,"href":"https:\/\/youcat.dev\/fr\/wp-json\/wp\/v2\/pages\/2708\/revisions\/3039"}],"wp:attachment":[{"href":"https:\/\/youcat.dev\/fr\/wp-json\/wp\/v2\/media?parent=2708"}],"curies":[{"name":"wp","href":"https:\/\/api.w.org\/{rel}","templated":true}]}}