{"id":2757,"date":"2023-07-24T06:04:08","date_gmt":"2023-07-24T05:04:08","guid":{"rendered":"https:\/\/youcat.dev\/?page_id=2757"},"modified":"2023-07-24T12:20:31","modified_gmt":"2023-07-24T11:20:31","slug":"disclaimer","status":"publish","type":"page","link":"https:\/\/youcat.dev\/fr\/disclaimer\/","title":{"rendered":"Clause de non-responsabilit\u00e9"},"content":{"rendered":"<span><span><a href=\"https:\/\/youcat.dev\/fr\/\"><span class=\"icon yc-icon-yc-home-filled\"><\/span><\/a><\/span><\/span>\n\t<h1>Clause de non-responsabilit\u00e9<\/h1>\n<h2>Disponibilit\u00e9 du site<\/h2>\n<p>Nous faisons tout notre possible pour que ce site reste accessible sans interruption. Cependant, m\u00eame avec tout le soin que nous lui apportons, l\u2019\u00e9ventualit\u00e9 d\u2019une indisponibilit\u00e9 temporaire demeure. Nous nous r\u00e9servons \u00e9galement le droit de modifier ou d\u2019interrompre notre offre \u00e0 tout moment. Nous ne pouvons \u00eatre tenus responsables de toute interruption ou de tout dysfonctionnement caus\u00e9s par des fichiers ou des formats cr\u00e9\u00e9s ou structur\u00e9s de mani\u00e8re imparfaite.<\/p>\n<h2>Responsabilit\u00e9 applicable au contenu<\/h2>\n<p>Les contributions publi\u00e9es sur nos pages sont r\u00e9dig\u00e9es avec le plus grand soin. Toutefois, elles sont fournies \u00e0 titre informatif et peuvent ne pas convenir \u00e0 des cas particuliers. Nous nous effor\u00e7ons de faire en sorte que toutes les informations et les donn\u00e9es contenues sur ce site soient correctes et mises \u00e0 jour en accord avec les termes du \u00a7 7 Paragraphe1 de la loi allemande sur les t\u00e9l\u00e9m\u00e9dia (TMG). Nous ne pouvons donner aucune garantie concernant l\u2019exactitude, la compl\u00e9tude et l\u2019actualit\u00e9 des informations et donn\u00e9es fournies. Notre responsabilit\u00e9 concernant le contenu des informations disponibles est exclue, sauf en cas de d\u00e9sinformation intentionnelle ou de n\u00e9gligence flagrante. Conform\u00e9ment aux paragraphes 8 \u00e0 10 du TMG notamment, nous ne sommes pas oblig\u00e9s de contr\u00f4ler les informations externes transmises et stock\u00e9es ni \u00e0 rechercher les circonstances indiquant une activit\u00e9 ill\u00e9gale, \u00e0 l\u2019exclusion des obligations de retrait de l\u2019information en accord avec la loi. Cependant, notre responsabilit\u00e9 \u00e0 cet \u00e9gard est possible uniquement \u00e0 partir du moment o\u00f9 nous avons connaissance d\u2019une violation effective de la loi.<\/p>\n<p>Dans ce cas, nous retirerions imm\u00e9diatement les contenus concern\u00e9s. Les contributions sign\u00e9es du nom de leurs auteurs refl\u00e8tent l\u2019opinion de celui-ci et pas toujours notre opinion. L\u2019utilisation de ce site ne cr\u00e9e aucune relation contractuelle entre l\u2019utilisation et YOUCAT.<\/p>\n<h2>Responsabilit\u00e9 concernant les liens<\/h2>\n<p>Nous ne sommes pas responsables du contenu des sites internet accessibles par hyperlien depuis notre site. Les cr\u00e9ateurs des pages li\u00e9es sont les seuls responsables de leurs contenus. Les contenus de ces pages web ne sont pas les n\u00f4tres. Comme les hyperliens sont des r\u00e9f\u00e9rences dynamiques, nous ne pouvons garantir l\u2019exactitude, la compl\u00e9tude et la disponibilit\u00e9 des contenus, m\u00eame si nous v\u00e9rifions tous les contenus externes avant de cr\u00e9er les liens, en contr\u00f4lant en particulier si une responsabilit\u00e9 civile ou p\u00e9nale peut \u00eatre concern\u00e9e par ladite r\u00e9f\u00e9rence. Cependant, nous ne v\u00e9rifions pas constamment les contenus de ces liens. Si nous nous apercevons ou sommes inform\u00e9s par un tiers qu\u2019un lien est en infraction, nous retirerons imm\u00e9diatement le lien concern\u00e9.<\/p>\n<h2>Copyright<\/h2>\n<p>Tous les contenus, \u0153uvres et structures de ces pages sont soumises \u00e0 la loi allemande sur le copyright et la propri\u00e9t\u00e9 intellectuelle. La publication sur le web ou sur d\u2019autres services internet ne constitue pas une autorisation d\u2019utilisation par des tiers. La duplication, la modification, la distribution et l\u2019exploitation de quelque sorte que ce soit en dehors des limites accord\u00e9es par le copyright requi\u00e8rent l\u2019autorisation \u00e9crite de l\u2019auteur ou du d\u00e9tenteur des droits. Les copies de ces pages sont autoris\u00e9es pour une utilisation personnelle et non commerciale.<\/p>\n<p>Dans la mesure o\u00f9 les contenus de ce site ne sont pas cr\u00e9\u00e9s par l\u2019op\u00e9rateur, les copyrights des tiers sont respect\u00e9s, en particulier les contenus indiqu\u00e9s comme tels. Si vous remarquez une atteinte aux droits d\u2019auteur, nous vous remercions de nous en informer. Bien s\u00fbr, nous retirerons ces contenus imm\u00e9diatement d\u00e8s que nous aurons \u00e9t\u00e9 avertis de toute infraction.<\/p>\n<p>Confidentialit\u00e9 <a href=\"https:\/\/youcat.dev\/fr\/privacy\/\">Cliquez ici pour la politique de confidentialit\u00e9<\/a><\/p>","protected":false},"excerpt":{"rendered":"<p>Disclaimer Availability of the website We make every effort to keep this website as accessible as possible without interruption. However, even with all due care, downtimes cannot be ruled out. We also reserve the right to change or discontinue our offer at any time. We cannot accept any liability for interruptions or other malfunctions caused&hellip;<\/p>","protected":false},"author":8,"featured_media":0,"parent":0,"menu_order":0,"comment_status":"closed","ping_status":"closed","template":"","meta":{"_acf_changed":false,"inline_featured_image":false,"footnotes":""},"acf":[],"yoast_head":"<!-- This site is optimized with the Yoast SEO plugin v22.5 - https:\/\/yoast.com\/wordpress\/plugins\/seo\/ -->\n<title>Disclaimer - YOUCAT<\/title>\n<meta name=\"robots\" content=\"noindex, follow, max-snippet:-1, max-image-preview:large, max-video-preview:-1\" \/>\n<meta property=\"og:locale\" content=\"fr_FR\" \/>\n<meta property=\"og:type\" content=\"article\" \/>\n<meta property=\"og:title\" content=\"Disclaimer - YOUCAT\" \/>\n<meta property=\"og:description\" content=\"Disclaimer Availability of the website We make every effort to keep this website as accessible as possible without interruption. However, even with all due care, downtimes cannot be ruled out. We also reserve the right to change or discontinue our offer at any time. We cannot accept any liability for interruptions or other malfunctions caused&hellip;\" \/>\n<meta property=\"og:url\" content=\"https:\/\/youcat.dev\/fr\/disclaimer\/\" \/>\n<meta property=\"og:site_name\" content=\"YOUCAT\" \/>\n<meta property=\"article:modified_time\" content=\"2023-07-24T11:20:31+00:00\" \/>\n<meta name=\"twitter:card\" content=\"summary_large_image\" \/>\n<meta name=\"twitter:label1\" content=\"Dur\u00e9e de lecture estim\u00e9e\" \/>\n\t<meta name=\"twitter:data1\" content=\"1 minute\" \/>\n<script type=\"application\/ld+json\" class=\"yoast-schema-graph\">{\"@context\":\"https:\/\/schema.org\",\"@graph\":[{\"@type\":\"WebPage\",\"@id\":\"https:\/\/youcat.dev\/disclaimer\/\",\"url\":\"https:\/\/youcat.dev\/disclaimer\/\",\"name\":\"Disclaimer - YOUCAT\",\"isPartOf\":{\"@id\":\"https:\/\/youcat.dev\/#website\"},\"datePublished\":\"2023-07-24T05:04:08+00:00\",\"dateModified\":\"2023-07-24T11:20:31+00:00\",\"breadcrumb\":{\"@id\":\"https:\/\/youcat.dev\/disclaimer\/#breadcrumb\"},\"inLanguage\":\"fr-FR\",\"potentialAction\":[{\"@type\":\"ReadAction\",\"target\":[\"https:\/\/youcat.dev\/disclaimer\/\"]}]},{\"@type\":\"BreadcrumbList\",\"@id\":\"https:\/\/youcat.dev\/disclaimer\/#breadcrumb\",\"itemListElement\":[{\"@type\":\"ListItem\",\"position\":1,\"name\":\"\",\"item\":\"https:\/\/youcat.dev\/\"},{\"@type\":\"ListItem\",\"position\":2,\"name\":\"Disclaimer\"}]},{\"@type\":\"WebSite\",\"@id\":\"https:\/\/youcat.dev\/#website\",\"url\":\"https:\/\/youcat.dev\/\",\"name\":\"YOUCAT\",\"description\":\"Der Glaube der katholischen Kirche: anschaulich erkl\u00e4rt, innovativ pr\u00e4sentiert, offiziell best\u00e4tigt.\",\"potentialAction\":[{\"@type\":\"SearchAction\",\"target\":{\"@type\":\"EntryPoint\",\"urlTemplate\":\"https:\/\/youcat.dev\/?s={search_term_string}\"},\"query-input\":\"required name=search_term_string\"}],\"inLanguage\":\"fr-FR\"}]}<\/script>\n<!-- \/ Yoast SEO plugin. -->","yoast_head_json":{"title":"Disclaimer - YOUCAT","robots":{"index":"noindex","follow":"follow","max-snippet":"max-snippet:-1","max-image-preview":"max-image-preview:large","max-video-preview":"max-video-preview:-1"},"og_locale":"fr_FR","og_type":"article","og_title":"Disclaimer - YOUCAT","og_description":"Disclaimer Availability of the website We make every effort to keep this website as accessible as possible without interruption. However, even with all due care, downtimes cannot be ruled out. We also reserve the right to change or discontinue our offer at any time. We cannot accept any liability for interruptions or other malfunctions caused&hellip;","og_url":"https:\/\/youcat.dev\/fr\/disclaimer\/","og_site_name":"YOUCAT","article_modified_time":"2023-07-24T11:20:31+00:00","twitter_card":"summary_large_image","twitter_misc":{"Dur\u00e9e de lecture estim\u00e9e":"1 minute"},"schema":{"@context":"https:\/\/schema.org","@graph":[{"@type":"WebPage","@id":"https:\/\/youcat.dev\/disclaimer\/","url":"https:\/\/youcat.dev\/disclaimer\/","name":"Disclaimer - YOUCAT","isPartOf":{"@id":"https:\/\/youcat.dev\/#website"},"datePublished":"2023-07-24T05:04:08+00:00","dateModified":"2023-07-24T11:20:31+00:00","breadcrumb":{"@id":"https:\/\/youcat.dev\/disclaimer\/#breadcrumb"},"inLanguage":"fr-FR","potentialAction":[{"@type":"ReadAction","target":["https:\/\/youcat.dev\/disclaimer\/"]}]},{"@type":"BreadcrumbList","@id":"https:\/\/youcat.dev\/disclaimer\/#breadcrumb","itemListElement":[{"@type":"ListItem","position":1,"name":"","item":"https:\/\/youcat.dev\/"},{"@type":"ListItem","position":2,"name":"Disclaimer"}]},{"@type":"WebSite","@id":"https:\/\/youcat.dev\/#website","url":"https:\/\/youcat.dev\/","name":"YOUCAT","description":"Der Glaube der katholischen Kirche: anschaulich erkl\u00e4rt, innovativ pr\u00e4sentiert, offiziell best\u00e4tigt.","potentialAction":[{"@type":"SearchAction","target":{"@type":"EntryPoint","urlTemplate":"https:\/\/youcat.dev\/?s={search_term_string}"},"query-input":"required name=search_term_string"}],"inLanguage":"fr-FR"}]}},"_links":{"self":[{"href":"https:\/\/youcat.dev\/fr\/wp-json\/wp\/v2\/pages\/2757"}],"collection":[{"href":"https:\/\/youcat.dev\/fr\/wp-json\/wp\/v2\/pages"}],"about":[{"href":"https:\/\/youcat.dev\/fr\/wp-json\/wp\/v2\/types\/page"}],"author":[{"embeddable":true,"href":"https:\/\/youcat.dev\/fr\/wp-json\/wp\/v2\/users\/8"}],"replies":[{"embeddable":true,"href":"https:\/\/youcat.dev\/fr\/wp-json\/wp\/v2\/comments?post=2757"}],"version-history":[{"count":5,"href":"https:\/\/youcat.dev\/fr\/wp-json\/wp\/v2\/pages\/2757\/revisions"}],"predecessor-version":[{"id":2970,"href":"https:\/\/youcat.dev\/fr\/wp-json\/wp\/v2\/pages\/2757\/revisions\/2970"}],"wp:attachment":[{"href":"https:\/\/youcat.dev\/fr\/wp-json\/wp\/v2\/media?parent=2757"}],"curies":[{"name":"wp","href":"https:\/\/api.w.org\/{rel}","templated":true}]}}