{"id":3123,"date":"2023-07-25T17:36:57","date_gmt":"2023-07-25T16:36:57","guid":{"rendered":"https:\/\/youcat.dev\/?page_id=3123"},"modified":"2023-07-25T20:32:37","modified_gmt":"2023-07-25T19:32:37","slug":"newsletter-thank-you","status":"publish","type":"page","link":"https:\/\/youcat.dev\/fr\/newsletter-thank-you\/","title":{"rendered":"Newsletter Thank You"},"content":{"rendered":"<h1>Inscription Confirm\u00e9e<\/h1>\n\t<p>Votre inscription \u00e0 notre liste a \u00e9t\u00e9 confirm\u00e9e.<\/p>\n\t<h3>Merci de vous \u00eatre abonn\u00e9!<\/h3>\n\t<p>Cliquez sur les liens ci-dessous pour acc\u00e9der \u00e0 notre page d'accueil ou jeter un \u0153il \u00e0 nos livres !<\/p>\n\t\t\t<a href=\"https:\/\/youcat.dev\/fr\/\" target=\"_self\" rel=\"noopener\">\n\t\t\t\t\t\t\tHomepage\n\t\t\t\t\t<\/a>\n\t\t\t<a href=\"https:\/\/youcat.dev\/fr\/scorg\/product-archive\/\" target=\"_self\" rel=\"noopener\">\n\t\t\t\t\t\t\tTo our books\n\t\t\t\t\t<\/a>\n\t\t\t\t<img loading=\"lazy\" decoding=\"async\" src=\"https:\/\/youcat.dev\/wp-content\/uploads\/2023\/07\/yc-arrow-to-right.svg\" alt=\"yc-fl\u00e8che-\u00e0-droite\" itemprop=\"image\" height=\"86\" width=\"567\" title=\"yc-fl\u00e8che-\u00e0-droite\" onerror=\"this.style.display='none'\"  \/>\n\t\t\t\t<img loading=\"lazy\" decoding=\"async\" src=\"https:\/\/youcat.dev\/wp-content\/uploads\/2023\/07\/yc-arrow-to-left.svg\" alt=\"yc-fl\u00e8che-\u00e0-gauche\" itemprop=\"image\" height=\"86\" width=\"567\" title=\"yc-fl\u00e8che-\u00e0-gauche\" onerror=\"this.style.display='none'\"  \/>\n\t\t\t\t<img loading=\"lazy\" decoding=\"async\" src=\"https:\/\/youcat.dev\/wp-content\/uploads\/2023\/07\/YOUCAT-book-cover.png\" alt=\"Couverture du livre YOUCAT\" itemprop=\"image\" height=\"700\" width=\"427\" title=\"Couverture du livre YOUCAT\" onerror=\"this.style.display='none'\"  \/>\n\t<p>Nouveau<\/p>\n\t<h2><strong>Dialogical Catechesis<\/strong><\/h2>\n<p>An Innovative Concept for Practice<\/p>\n\t\t\t<a href=\"https:\/\/youcat.dev\/fr\/products\/catechese-dialogique\/\" target=\"_self\" rel=\"noopener\">\n\t\t\t\t\t\t\tCommandez cet article\n\t\t\t<\/a>","protected":false},"excerpt":{"rendered":"<p>Subscription Confirmed Your subscription to our list has been confirmed. Thank You for subscribing! Click the links below, to get to our homepage or take a look at our books! Homepage To our books New Dialogical Catechesis An Innovative Concept for Practice Preorder now<\/p>","protected":false},"author":6,"featured_media":0,"parent":0,"menu_order":0,"comment_status":"closed","ping_status":"closed","template":"","meta":{"_acf_changed":false,"inline_featured_image":false,"footnotes":""},"acf":[],"yoast_head":"<!-- This site is optimized with the Yoast SEO plugin v22.5 - https:\/\/yoast.com\/wordpress\/plugins\/seo\/ -->\n<title>Newsletter Thank You - YOUCAT<\/title>\n<meta name=\"robots\" content=\"noindex, follow, max-snippet:-1, max-image-preview:large, max-video-preview:-1\" \/>\n<meta property=\"og:locale\" content=\"fr_FR\" \/>\n<meta property=\"og:type\" content=\"article\" \/>\n<meta property=\"og:title\" content=\"Newsletter Thank You - YOUCAT\" \/>\n<meta property=\"og:description\" content=\"Subscription Confirmed Your subscription to our list has been confirmed. Thank You for subscribing! Click the links below, to get to our homepage or take a look at our books! Homepage To our books New Dialogical Catechesis An Innovative Concept for Practice Preorder now\" \/>\n<meta property=\"og:url\" content=\"https:\/\/youcat.dev\/fr\/newsletter-thank-you\/\" \/>\n<meta property=\"og:site_name\" content=\"YOUCAT\" \/>\n<meta property=\"article:modified_time\" content=\"2023-07-25T19:32:37+00:00\" \/>\n<meta property=\"og:image\" content=\"https:\/\/youcat.dev\/wp-content\/uploads\/2023\/07\/yc-arrow-to-right.svg\" \/>\n<meta name=\"twitter:card\" content=\"summary_large_image\" \/>\n<meta name=\"twitter:label1\" content=\"Dur\u00e9e de lecture estim\u00e9e\" \/>\n\t<meta name=\"twitter:data1\" content=\"9 minutes\" \/>\n<script type=\"application\/ld+json\" class=\"yoast-schema-graph\">{\"@context\":\"https:\/\/schema.org\",\"@graph\":[{\"@type\":\"WebPage\",\"@id\":\"https:\/\/youcat.dev\/newsletter-thank-you\/\",\"url\":\"https:\/\/youcat.dev\/newsletter-thank-you\/\",\"name\":\"Newsletter Thank You - YOUCAT\",\"isPartOf\":{\"@id\":\"https:\/\/youcat.dev\/#website\"},\"primaryImageOfPage\":{\"@id\":\"https:\/\/youcat.dev\/newsletter-thank-you\/#primaryimage\"},\"image\":{\"@id\":\"https:\/\/youcat.dev\/newsletter-thank-you\/#primaryimage\"},\"thumbnailUrl\":\"https:\/\/youcat.dev\/wp-content\/uploads\/2023\/07\/yc-arrow-to-right.svg\",\"datePublished\":\"2023-07-25T16:36:57+00:00\",\"dateModified\":\"2023-07-25T19:32:37+00:00\",\"breadcrumb\":{\"@id\":\"https:\/\/youcat.dev\/newsletter-thank-you\/#breadcrumb\"},\"inLanguage\":\"fr-FR\",\"potentialAction\":[{\"@type\":\"ReadAction\",\"target\":[\"https:\/\/youcat.dev\/newsletter-thank-you\/\"]}]},{\"@type\":\"ImageObject\",\"inLanguage\":\"fr-FR\",\"@id\":\"https:\/\/youcat.dev\/newsletter-thank-you\/#primaryimage\",\"url\":\"https:\/\/youcat.dev\/wp-content\/uploads\/2023\/07\/yc-arrow-to-right.svg\",\"contentUrl\":\"https:\/\/youcat.dev\/wp-content\/uploads\/2023\/07\/yc-arrow-to-right.svg\"},{\"@type\":\"BreadcrumbList\",\"@id\":\"https:\/\/youcat.dev\/newsletter-thank-you\/#breadcrumb\",\"itemListElement\":[{\"@type\":\"ListItem\",\"position\":1,\"name\":\"\",\"item\":\"https:\/\/youcat.dev\/\"},{\"@type\":\"ListItem\",\"position\":2,\"name\":\"Newsletter Thank You\"}]},{\"@type\":\"WebSite\",\"@id\":\"https:\/\/youcat.dev\/#website\",\"url\":\"https:\/\/youcat.dev\/\",\"name\":\"YOUCAT\",\"description\":\"Der Glaube der katholischen Kirche: anschaulich erkl\u00e4rt, innovativ pr\u00e4sentiert, offiziell best\u00e4tigt.\",\"potentialAction\":[{\"@type\":\"SearchAction\",\"target\":{\"@type\":\"EntryPoint\",\"urlTemplate\":\"https:\/\/youcat.dev\/?s={search_term_string}\"},\"query-input\":\"required name=search_term_string\"}],\"inLanguage\":\"fr-FR\"}]}<\/script>\n<!-- \/ Yoast SEO plugin. -->","yoast_head_json":{"title":"Newsletter Thank You - YOUCAT","robots":{"index":"noindex","follow":"follow","max-snippet":"max-snippet:-1","max-image-preview":"max-image-preview:large","max-video-preview":"max-video-preview:-1"},"og_locale":"fr_FR","og_type":"article","og_title":"Newsletter Thank You - YOUCAT","og_description":"Subscription Confirmed Your subscription to our list has been confirmed. Thank You for subscribing! Click the links below, to get to our homepage or take a look at our books! Homepage To our books New Dialogical Catechesis An Innovative Concept for Practice Preorder now","og_url":"https:\/\/youcat.dev\/fr\/newsletter-thank-you\/","og_site_name":"YOUCAT","article_modified_time":"2023-07-25T19:32:37+00:00","og_image":[{"url":"https:\/\/youcat.dev\/wp-content\/uploads\/2023\/07\/yc-arrow-to-right.svg"}],"twitter_card":"summary_large_image","twitter_misc":{"Dur\u00e9e de lecture estim\u00e9e":"9 minutes"},"schema":{"@context":"https:\/\/schema.org","@graph":[{"@type":"WebPage","@id":"https:\/\/youcat.dev\/newsletter-thank-you\/","url":"https:\/\/youcat.dev\/newsletter-thank-you\/","name":"Newsletter Thank You - YOUCAT","isPartOf":{"@id":"https:\/\/youcat.dev\/#website"},"primaryImageOfPage":{"@id":"https:\/\/youcat.dev\/newsletter-thank-you\/#primaryimage"},"image":{"@id":"https:\/\/youcat.dev\/newsletter-thank-you\/#primaryimage"},"thumbnailUrl":"https:\/\/youcat.dev\/wp-content\/uploads\/2023\/07\/yc-arrow-to-right.svg","datePublished":"2023-07-25T16:36:57+00:00","dateModified":"2023-07-25T19:32:37+00:00","breadcrumb":{"@id":"https:\/\/youcat.dev\/newsletter-thank-you\/#breadcrumb"},"inLanguage":"fr-FR","potentialAction":[{"@type":"ReadAction","target":["https:\/\/youcat.dev\/newsletter-thank-you\/"]}]},{"@type":"ImageObject","inLanguage":"fr-FR","@id":"https:\/\/youcat.dev\/newsletter-thank-you\/#primaryimage","url":"https:\/\/youcat.dev\/wp-content\/uploads\/2023\/07\/yc-arrow-to-right.svg","contentUrl":"https:\/\/youcat.dev\/wp-content\/uploads\/2023\/07\/yc-arrow-to-right.svg"},{"@type":"BreadcrumbList","@id":"https:\/\/youcat.dev\/newsletter-thank-you\/#breadcrumb","itemListElement":[{"@type":"ListItem","position":1,"name":"","item":"https:\/\/youcat.dev\/"},{"@type":"ListItem","position":2,"name":"Newsletter Thank You"}]},{"@type":"WebSite","@id":"https:\/\/youcat.dev\/#website","url":"https:\/\/youcat.dev\/","name":"YOUCAT","description":"Der Glaube der katholischen Kirche: anschaulich erkl\u00e4rt, innovativ pr\u00e4sentiert, offiziell best\u00e4tigt.","potentialAction":[{"@type":"SearchAction","target":{"@type":"EntryPoint","urlTemplate":"https:\/\/youcat.dev\/?s={search_term_string}"},"query-input":"required name=search_term_string"}],"inLanguage":"fr-FR"}]}},"_links":{"self":[{"href":"https:\/\/youcat.dev\/fr\/wp-json\/wp\/v2\/pages\/3123"}],"collection":[{"href":"https:\/\/youcat.dev\/fr\/wp-json\/wp\/v2\/pages"}],"about":[{"href":"https:\/\/youcat.dev\/fr\/wp-json\/wp\/v2\/types\/page"}],"author":[{"embeddable":true,"href":"https:\/\/youcat.dev\/fr\/wp-json\/wp\/v2\/users\/6"}],"replies":[{"embeddable":true,"href":"https:\/\/youcat.dev\/fr\/wp-json\/wp\/v2\/comments?post=3123"}],"version-history":[{"count":7,"href":"https:\/\/youcat.dev\/fr\/wp-json\/wp\/v2\/pages\/3123\/revisions"}],"predecessor-version":[{"id":3183,"href":"https:\/\/youcat.dev\/fr\/wp-json\/wp\/v2\/pages\/3123\/revisions\/3183"}],"wp:attachment":[{"href":"https:\/\/youcat.dev\/fr\/wp-json\/wp\/v2\/media?parent=3123"}],"curies":[{"name":"wp","href":"https:\/\/api.w.org\/{rel}","templated":true}]}}