{"id":3171,"date":"2023-07-25T19:43:26","date_gmt":"2023-07-25T18:43:26","guid":{"rendered":"https:\/\/youcat.dev\/?page_id=3171"},"modified":"2023-07-25T20:38:21","modified_gmt":"2023-07-25T19:38:21","slug":"confirm-your-e-mail-newsletter","status":"publish","type":"page","link":"https:\/\/youcat.dev\/fr\/confirm-your-e-mail-newsletter\/","title":{"rendered":"Confirm your E-Mail Newsletter"},"content":{"rendered":"<h1>Veuillez v\u00e9rifier vos e-mails pour terminer l'inscription \u00e0 notre newsletter.<\/h1>\n\t<p>Nous devons confirmer votre adresse e-mail.<\/p>\n\t<h3>Pour terminer le processus d'inscription, veuillez cliquer sur le lien dans l'e-mail que nous venons de vous envoyer.<\/h3>\n\tYOUCAT Foundation gGmbH<br \/>\nBischof-Kindermann-Strasse 23<br \/>\nKonigstein im Taunus 61462<br \/>\nAllemagne\n\t\t\t<a href=\"https:\/\/youcat.dev\/fr\/\" target=\"_self\" rel=\"noopener\">\n\t\t\t\t\t\t\tBack to Homepage\n\t\t\t\t\t<\/a>\n\t\t\t\t<img loading=\"lazy\" decoding=\"async\" src=\"https:\/\/youcat.dev\/wp-content\/uploads\/2023\/07\/yc-arrow-to-right.svg\" alt=\"yc-fl\u00e8che-\u00e0-droite\" itemprop=\"image\" height=\"86\" width=\"567\" title=\"yc-fl\u00e8che-\u00e0-droite\" onerror=\"this.style.display='none'\"  \/>\n\t\t\t\t<img loading=\"lazy\" decoding=\"async\" src=\"https:\/\/youcat.dev\/wp-content\/uploads\/2023\/07\/yc-arrow-to-left.svg\" alt=\"yc-fl\u00e8che-\u00e0-gauche\" itemprop=\"image\" height=\"86\" width=\"567\" title=\"yc-fl\u00e8che-\u00e0-gauche\" onerror=\"this.style.display='none'\"  \/>\n\t\t\t\t<img loading=\"lazy\" decoding=\"async\" src=\"https:\/\/youcat.dev\/wp-content\/uploads\/2023\/07\/YOUCAT-book-cover.png\" alt=\"Couverture du livre YOUCAT\" itemprop=\"image\" height=\"700\" width=\"427\" title=\"Couverture du livre YOUCAT\" onerror=\"this.style.display='none'\"  \/>\n\t<p>Nouveau<\/p>\n\t<h2><strong>Dialogical Catechesis<\/strong><\/h2>\n<p>An Innovative Concept for Practice<\/p>\n\t\t\t<a href=\"https:\/\/youcat.dev\/fr\/products\/catechese-dialogique\/\" target=\"_self\" rel=\"noopener\">\n\t\t\t\t\t\t\tCommandez cet article\n\t\t\t<\/a>","protected":false},"excerpt":{"rendered":"<p>Please check your emails to complete the registration to our Newsletter. We need to confirm your email address. To complete the subscription process, please click the link in the email we just sent you. YOUCAT Foundation gGmbH Bischof-Kindermann-Strasse 23 Konigstein im Taunus 61462 Germany Back to Homepage New Dialogical Catechesis An Innovative Concept for Practice&hellip;<\/p>","protected":false},"author":6,"featured_media":0,"parent":0,"menu_order":0,"comment_status":"closed","ping_status":"closed","template":"","meta":{"_acf_changed":false,"inline_featured_image":false,"footnotes":""},"acf":[],"yoast_head":"<!-- This site is optimized with the Yoast SEO plugin v22.5 - https:\/\/yoast.com\/wordpress\/plugins\/seo\/ -->\n<title>Confirm your E-Mail Newsletter - YOUCAT<\/title>\n<meta name=\"robots\" content=\"noindex, follow, max-snippet:-1, max-image-preview:large, max-video-preview:-1\" \/>\n<meta property=\"og:locale\" content=\"fr_FR\" \/>\n<meta property=\"og:type\" content=\"article\" \/>\n<meta property=\"og:title\" content=\"Confirm your E-Mail Newsletter - YOUCAT\" \/>\n<meta property=\"og:description\" content=\"Please check your emails to complete the registration to our Newsletter. We need to confirm your email address. To complete the subscription process, please click the link in the email we just sent you. YOUCAT Foundation gGmbH Bischof-Kindermann-Strasse 23 Konigstein im Taunus 61462 Germany Back to Homepage New Dialogical Catechesis An Innovative Concept for Practice&hellip;\" \/>\n<meta property=\"og:url\" content=\"https:\/\/youcat.dev\/fr\/confirm-your-e-mail-newsletter\/\" \/>\n<meta property=\"og:site_name\" content=\"YOUCAT\" \/>\n<meta property=\"article:modified_time\" content=\"2023-07-25T19:38:21+00:00\" \/>\n<meta property=\"og:image\" content=\"https:\/\/youcat.dev\/wp-content\/uploads\/2023\/07\/yc-arrow-to-right.svg\" \/>\n<meta name=\"twitter:card\" content=\"summary_large_image\" \/>\n<meta name=\"twitter:label1\" content=\"Dur\u00e9e de lecture estim\u00e9e\" \/>\n\t<meta name=\"twitter:data1\" content=\"1 minute\" \/>\n<script type=\"application\/ld+json\" class=\"yoast-schema-graph\">{\"@context\":\"https:\/\/schema.org\",\"@graph\":[{\"@type\":\"WebPage\",\"@id\":\"https:\/\/youcat.dev\/confirm-your-e-mail-newsletter\/\",\"url\":\"https:\/\/youcat.dev\/confirm-your-e-mail-newsletter\/\",\"name\":\"Confirm your E-Mail Newsletter - YOUCAT\",\"isPartOf\":{\"@id\":\"https:\/\/youcat.dev\/#website\"},\"primaryImageOfPage\":{\"@id\":\"https:\/\/youcat.dev\/confirm-your-e-mail-newsletter\/#primaryimage\"},\"image\":{\"@id\":\"https:\/\/youcat.dev\/confirm-your-e-mail-newsletter\/#primaryimage\"},\"thumbnailUrl\":\"https:\/\/youcat.dev\/wp-content\/uploads\/2023\/07\/yc-arrow-to-right.svg\",\"datePublished\":\"2023-07-25T18:43:26+00:00\",\"dateModified\":\"2023-07-25T19:38:21+00:00\",\"breadcrumb\":{\"@id\":\"https:\/\/youcat.dev\/confirm-your-e-mail-newsletter\/#breadcrumb\"},\"inLanguage\":\"fr-FR\",\"potentialAction\":[{\"@type\":\"ReadAction\",\"target\":[\"https:\/\/youcat.dev\/confirm-your-e-mail-newsletter\/\"]}]},{\"@type\":\"ImageObject\",\"inLanguage\":\"fr-FR\",\"@id\":\"https:\/\/youcat.dev\/confirm-your-e-mail-newsletter\/#primaryimage\",\"url\":\"https:\/\/youcat.dev\/wp-content\/uploads\/2023\/07\/yc-arrow-to-right.svg\",\"contentUrl\":\"https:\/\/youcat.dev\/wp-content\/uploads\/2023\/07\/yc-arrow-to-right.svg\"},{\"@type\":\"BreadcrumbList\",\"@id\":\"https:\/\/youcat.dev\/confirm-your-e-mail-newsletter\/#breadcrumb\",\"itemListElement\":[{\"@type\":\"ListItem\",\"position\":1,\"name\":\"\",\"item\":\"https:\/\/youcat.dev\/\"},{\"@type\":\"ListItem\",\"position\":2,\"name\":\"Confirm your E-Mail Newsletter\"}]},{\"@type\":\"WebSite\",\"@id\":\"https:\/\/youcat.dev\/#website\",\"url\":\"https:\/\/youcat.dev\/\",\"name\":\"YOUCAT\",\"description\":\"Der Glaube der katholischen Kirche: anschaulich erkl\u00e4rt, innovativ pr\u00e4sentiert, offiziell best\u00e4tigt.\",\"potentialAction\":[{\"@type\":\"SearchAction\",\"target\":{\"@type\":\"EntryPoint\",\"urlTemplate\":\"https:\/\/youcat.dev\/?s={search_term_string}\"},\"query-input\":\"required name=search_term_string\"}],\"inLanguage\":\"fr-FR\"}]}<\/script>\n<!-- \/ Yoast SEO plugin. -->","yoast_head_json":{"title":"Confirm your E-Mail Newsletter - YOUCAT","robots":{"index":"noindex","follow":"follow","max-snippet":"max-snippet:-1","max-image-preview":"max-image-preview:large","max-video-preview":"max-video-preview:-1"},"og_locale":"fr_FR","og_type":"article","og_title":"Confirm your E-Mail Newsletter - YOUCAT","og_description":"Please check your emails to complete the registration to our Newsletter. We need to confirm your email address. To complete the subscription process, please click the link in the email we just sent you. YOUCAT Foundation gGmbH Bischof-Kindermann-Strasse 23 Konigstein im Taunus 61462 Germany Back to Homepage New Dialogical Catechesis An Innovative Concept for Practice&hellip;","og_url":"https:\/\/youcat.dev\/fr\/confirm-your-e-mail-newsletter\/","og_site_name":"YOUCAT","article_modified_time":"2023-07-25T19:38:21+00:00","og_image":[{"url":"https:\/\/youcat.dev\/wp-content\/uploads\/2023\/07\/yc-arrow-to-right.svg"}],"twitter_card":"summary_large_image","twitter_misc":{"Dur\u00e9e de lecture estim\u00e9e":"1 minute"},"schema":{"@context":"https:\/\/schema.org","@graph":[{"@type":"WebPage","@id":"https:\/\/youcat.dev\/confirm-your-e-mail-newsletter\/","url":"https:\/\/youcat.dev\/confirm-your-e-mail-newsletter\/","name":"Confirm your E-Mail Newsletter - YOUCAT","isPartOf":{"@id":"https:\/\/youcat.dev\/#website"},"primaryImageOfPage":{"@id":"https:\/\/youcat.dev\/confirm-your-e-mail-newsletter\/#primaryimage"},"image":{"@id":"https:\/\/youcat.dev\/confirm-your-e-mail-newsletter\/#primaryimage"},"thumbnailUrl":"https:\/\/youcat.dev\/wp-content\/uploads\/2023\/07\/yc-arrow-to-right.svg","datePublished":"2023-07-25T18:43:26+00:00","dateModified":"2023-07-25T19:38:21+00:00","breadcrumb":{"@id":"https:\/\/youcat.dev\/confirm-your-e-mail-newsletter\/#breadcrumb"},"inLanguage":"fr-FR","potentialAction":[{"@type":"ReadAction","target":["https:\/\/youcat.dev\/confirm-your-e-mail-newsletter\/"]}]},{"@type":"ImageObject","inLanguage":"fr-FR","@id":"https:\/\/youcat.dev\/confirm-your-e-mail-newsletter\/#primaryimage","url":"https:\/\/youcat.dev\/wp-content\/uploads\/2023\/07\/yc-arrow-to-right.svg","contentUrl":"https:\/\/youcat.dev\/wp-content\/uploads\/2023\/07\/yc-arrow-to-right.svg"},{"@type":"BreadcrumbList","@id":"https:\/\/youcat.dev\/confirm-your-e-mail-newsletter\/#breadcrumb","itemListElement":[{"@type":"ListItem","position":1,"name":"","item":"https:\/\/youcat.dev\/"},{"@type":"ListItem","position":2,"name":"Confirm your E-Mail Newsletter"}]},{"@type":"WebSite","@id":"https:\/\/youcat.dev\/#website","url":"https:\/\/youcat.dev\/","name":"YOUCAT","description":"Der Glaube der katholischen Kirche: anschaulich erkl\u00e4rt, innovativ pr\u00e4sentiert, offiziell best\u00e4tigt.","potentialAction":[{"@type":"SearchAction","target":{"@type":"EntryPoint","urlTemplate":"https:\/\/youcat.dev\/?s={search_term_string}"},"query-input":"required name=search_term_string"}],"inLanguage":"fr-FR"}]}},"_links":{"self":[{"href":"https:\/\/youcat.dev\/fr\/wp-json\/wp\/v2\/pages\/3171"}],"collection":[{"href":"https:\/\/youcat.dev\/fr\/wp-json\/wp\/v2\/pages"}],"about":[{"href":"https:\/\/youcat.dev\/fr\/wp-json\/wp\/v2\/types\/page"}],"author":[{"embeddable":true,"href":"https:\/\/youcat.dev\/fr\/wp-json\/wp\/v2\/users\/6"}],"replies":[{"embeddable":true,"href":"https:\/\/youcat.dev\/fr\/wp-json\/wp\/v2\/comments?post=3171"}],"version-history":[{"count":3,"href":"https:\/\/youcat.dev\/fr\/wp-json\/wp\/v2\/pages\/3171\/revisions"}],"predecessor-version":[{"id":3187,"href":"https:\/\/youcat.dev\/fr\/wp-json\/wp\/v2\/pages\/3171\/revisions\/3187"}],"wp:attachment":[{"href":"https:\/\/youcat.dev\/fr\/wp-json\/wp\/v2\/media?parent=3171"}],"curies":[{"name":"wp","href":"https:\/\/api.w.org\/{rel}","templated":true}]}}