{"id":36,"date":"2022-02-03T12:29:21","date_gmt":"2022-02-03T12:29:21","guid":{"rendered":"https:\/\/youcat.dev\/?page_id=36"},"modified":"2024-03-27T10:38:29","modified_gmt":"2024-03-27T10:38:29","slug":"startseite","status":"publish","type":"page","link":"https:\/\/youcat.dev\/fr\/","title":{"rendered":"Homepage"},"content":{"rendered":"<img loading=\"lazy\" decoding=\"async\" src=\"https:\/\/youcat.dev\/wp-content\/uploads\/2023\/07\/bildmarke.svg\" alt=\"bildmarke\" itemprop=\"image\" height=\"0\" width=\"0\" title=\"bildmarke\" onerror=\"this.style.display='none'\"  \/>\n\t\t\t\t<img loading=\"lazy\" decoding=\"async\" src=\"https:\/\/youcat.dev\/wp-content\/uploads\/2023\/07\/yc-logo-sw.svg\" alt=\"Logo YOUCAT noir et blanc\" itemprop=\"image\" height=\"0\" width=\"0\" title=\"yc-logo-sw\" onerror=\"this.style.display='none'\"  \/>\n\t\t\t\t<img loading=\"lazy\" decoding=\"async\" src=\"https:\/\/youcat.dev\/wp-content\/uploads\/2023\/07\/yc-logo.svg\" alt=\"Logo YOUCAT\" itemprop=\"image\" height=\"0\" width=\"0\" title=\"yc-logo\" onerror=\"this.style.display='none'\"  \/>\n\t\t\t\t<img loading=\"lazy\" decoding=\"async\" src=\"https:\/\/youcat.dev\/wp-content\/uploads\/2023\/07\/yc-logo.svg\" alt=\"Logo YOUCAT\" itemprop=\"image\" height=\"0\" width=\"0\" title=\"yc-logo\" onerror=\"this.style.display='none'\"  \/>\n\t\t\t\t<a href=\"https:\/\/youcat.dev\/fr\/youcat-foundation\/\" target=\"_self\" itemprop=\"url\" rel=\"noopener\">\n\t\t\t\t<img loading=\"lazy\" decoding=\"async\" src=\"https:\/\/youcat.dev\/wp-content\/uploads\/2023\/07\/Weltkugel.svg\" alt=\"Weltkugel\" itemprop=\"image\" height=\"506\" width=\"506\" title=\"Weltkugel\" onerror=\"this.style.display='none'\"  \/>\n\t\t\t\t<\/a>\n\t\t<p>Qu'est-ce que YOUCAT?<\/p>\n<h1><strong>YOUCAT repr\u00e9sente la foi de l'\u00c9glise Catholique :<\/strong> expliqu\u00e9e de mani\u00e8re vivante, pr\u00e9sent\u00e9e de mani\u00e8re innovante, officiellement confirm\u00e9e.<\/h1>\n<p>La Fondation YOUCAT produit des livres et d\u00e9veloppons des produits digitals dans des processus participatifs pour donner aux gens la possibilit\u00e9 de rencontrer Dieu, de (re)d\u00e9couvrir le tr\u00e9sor de la foi de l'\u00c9glise Catholique et de l'enseigner.<\/p>\n\t\t\t<a href=\"https:\/\/youcat.dev\/fr\/youcat-foundation\/\" target=\"_self\" rel=\"noopener\">\n\t\t\t\t\t\t\tEn savoir plus sur la Fondation YOUCAT\n\t\t\t\t\t<\/a>\n\t\t\t\t<img loading=\"lazy\" decoding=\"async\" src=\"https:\/\/youcat.dev\/wp-content\/uploads\/2023\/07\/yc-arrow-to-right.svg\" alt=\"yc-fl\u00e8che-\u00e0-droite\" itemprop=\"image\" height=\"86\" width=\"567\" title=\"yc-fl\u00e8che-\u00e0-droite\" onerror=\"this.style.display='none'\"  \/>\n\t\t\t\t<img loading=\"lazy\" decoding=\"async\" src=\"https:\/\/youcat.dev\/wp-content\/uploads\/2023\/07\/yc-arrow-to-left.svg\" alt=\"yc-fl\u00e8che-\u00e0-gauche\" itemprop=\"image\" height=\"86\" width=\"567\" title=\"yc-fl\u00e8che-\u00e0-gauche\" onerror=\"this.style.display='none'\"  \/>\n\t\t\t\t<img loading=\"lazy\" decoding=\"async\" src=\"https:\/\/youcat.dev\/wp-content\/uploads\/2023\/07\/youcat-dialogical-catechesis-featured.webp\" alt=\"youcat-dialogical-catechesis-featured\" itemprop=\"image\" height=\"733\" width=\"460\" title=\"youcat-dialogical-catechesis-featured\" onerror=\"this.style.display='none'\"  \/>\n\t<p>Nouveau<\/p>\n\t<h2><strong>Dialogical Catechesis<\/strong><\/h2>\n<p>An Innovative Concept for Practice<\/p>\n\t\t\t<a href=\"https:\/\/youcat.dev\/fr\/products\/catechese-dialogique\/\" target=\"_self\" rel=\"noopener\">\n\t\t\t\t\t\t\tAcheter cet article\n\t\t\t<\/a>\n\t\t\t<a href=\"https:\/\/youcat.dev\/fr\/products\/\" target=\"_self\" rel=\"noopener\">\n\t\t\t\t\t\t\tD\u00e9couvrez nos livres\n\t\t\t\t\t<\/a>\n\t<h2><strong>Rejoignez-nous!<\/strong><\/h2>\n<p><strong>Abonnez-vous \u00e0 notre newsletter et restez inform\u00e9 de toutes les actualit\u00e9s autour de YOUCAT.<\/strong><\/p>\n<ul>\n<li>Des articles de la fondation YOUCAT.<\/li>\n<li class=\" translation-block\"><strong>Offres de promotion<\/strong> et informations sur les nouveaux libres.<\/li>\n<li>Des passages de la Bible encourageants.<\/li>\n<li><strong>Nouveaux articles<\/strong> sur des sujets passionnants.<\/li>\n<li><strong>Mat\u00e9riel suppl\u00e9mentaire gratuit.<\/strong><\/li>\n<li class=\" translation-block\"><strong>Des conseils<\/strong> pour travailler avec nos livres.<\/li>\n<li>Des pri\u00e8res et la possibilit\u00e9 de demander des pri\u00e8res pour vous et vos proches.<\/li>\n<\/ul>\n<p><strong>Nous sommes heureux que tu fasses partie de la communaut\u00e9 YOUCAT.<\/strong><\/p>\n\t<p><strong>YOUCAT Newsletter<\/strong><\/p>\n\t<form action=\"https:\/\/youcat.us16.list-manage.com\/subscribe\/post?u=9456a0b431f9cd4ed1bf21863&#038;id=2e0eb241b4\" method=\"post\" id=\"mc-embedded-subscribe-form\" name=\"mc-embedded-subscribe-form\" target=\"_blank\" data-trp-original-action=\"https:\/\/youcat.us16.list-manage.com\/subscribe\/post?u=9456a0b431f9cd4ed1bf21863&amp;id=2e0eb241b4\">\n            <input placeholder=\"Pr\u00e9nom\" type=\"text\" value=\"\" name=\"FNAME\" id=\"mce-FNAME\" required=\"\"\/>\n            <input placeholder=\"Nom de famille\" type=\"text\" value=\"\" name=\"LNAME\" id=\"mce-LNAME\" required=\"\"\/>\n            <input placeholder=\"Courriel\" type=\"email\" value=\"\" name=\"EMAIL\" id=\"mce-EMAIL\" required=\"\"\/>\n            <select name=\"LANGUAGE\" id=\"mce-group[6843]\" required=\"\">\n                <option value=\"\" selected=\"\" disabled=\"\" hidden=\"\">Language &#8230;<\/option>\n                <option value=\"English\">Langue : Anglais<\/option>\n                <option value=\"French\">Langue : Fran\u00e7ais<\/option>\n                <option value=\"German\">Sprache : Deutsch<\/option>\n                <option value=\"Polish\">J\u0119zyk : Polski<\/option>\n                <option value=\"Portuguese\">Langue : Portugais<\/option>\n                <option value=\"Spanish\">Idioma : Espa\u00f1ol<\/option>\n            <\/select>\n            <label for=\"gdpr_27931\">\n                <input type=\"checkbox\" id=\"gdpr_27931\" name=\"gdpr[27931]\" value=\"Y\" required=\"\"\/>\n                Je souhaite recevoir la newsletter YOUCAT et j'accepte les <a href=\"https:\/\/youcat.dev\/fr\/privacy\/\">Data protection conditions<\/a>. Vous pouvez annuler la newsletter \u00e0 tout moment en cliquant sur le lien dans le pied de page de nos e-mails.\n            <\/label>\n            <input type=\"submit\" value=\"Rejoignez-nous\" name=\"subscribe\" id=\"mc-embedded-subscribe\"\/>\n<input type=\"hidden\" name=\"trp-form-language\" value=\"fr\"\/><\/form>\n\t\t\t\t<img loading=\"lazy\" decoding=\"async\" src=\"https:\/\/youcat.dev\/wp-content\/uploads\/2023\/07\/youcat-homepage-teaser-bonus.webp\" alt=\"Mat\u00e9riel additionnel\" itemprop=\"image\" height=\"520\" width=\"824\" title=\"youcat-homepage-teaser-bonus\" onerror=\"this.style.display='none'\"  \/>\n\t<h2><strong>Mat\u00e9riel suppl\u00e9mentaire<\/strong><\/h2>\n<p>D\u00e9couvrir la foi est une aventure passionnante. Nous vous proposons de nombreux mat\u00e9riaux utiles.<\/p>\n\t\t\t<a href=\"https:\/\/youcat.dev\/fr\/bonus-material\/\" target=\"_self\" rel=\"noopener\">\n\t\t\t\t\t\t\tMat\u00e9riel suppl\u00e9mentaire\n\t\t\t<\/a>\n\t\t\t\t<img loading=\"lazy\" decoding=\"async\" src=\"https:\/\/youcat.dev\/wp-content\/uploads\/2023\/07\/youcat-homepage-teaser-verlag.webp\" alt=\"Publications\" itemprop=\"image\" height=\"520\" width=\"824\" title=\"youcat-homepage-teaser-verlag\" onerror=\"this.style.display='none'\"  \/>\n\t<h2><strong>L'\u00e9diteur YOUCAT <\/strong><\/h2>\n<p>The YOUCAT foundation is a work of new evangelisation which contributes to the Church&#8217;s worldwide renewal through the charism of &#8216;teaching&#8217;.<\/p>\n\t\t\t<a href=\"https:\/\/youcat.dev\/fr\/publications\/\" target=\"_self\" rel=\"noopener\">\n\t\t\t\t\t\t\tInformations pour \u00e9diteurs\n\t\t\t<\/a>\n\t\t\t\t<img loading=\"lazy\" decoding=\"async\" src=\"https:\/\/youcat.dev\/wp-content\/uploads\/2023\/07\/youcat-homepage-teaser-missionary.webp\" alt=\"Missionary Network\" itemprop=\"image\" height=\"520\" width=\"824\" title=\"youcat-homepage-teaser-missionnaire\" onerror=\"this.style.display='none'\"  \/>\n\t<h2><strong>Missionary Network<\/strong><\/h2>\nLe r\u00e9seau missionnaire YOUCAT est une communaut\u00e9 internationale croissante de cat\u00e9chistes et de missionnaires.<strong><br \/>\n<\/strong>\n\t\t\t<a href=\"https:\/\/youcat.dev\/fr\/missionary-network\/\" target=\"_self\" rel=\"noopener\">\n\t\t\t\t\t\t\tRejoignez-nous\n\t\t\t<\/a>\n\t\t\t\t<img loading=\"lazy\" decoding=\"async\" src=\"https:\/\/youcat.dev\/wp-content\/uploads\/2023\/07\/youcat-homepage-teaser-digital.webp\" alt=\"Youcat digital\" itemprop=\"image\" height=\"520\" width=\"824\" title=\"youcat-homepage-teaser-digital\" onerror=\"this.style.display='none'\"  \/>\n\t<h2><strong>YOUCAT Digital<br \/>\n<\/strong><\/h2>\n<p>D\u00e9couvrez nos produits num\u00e9riques qui vous aideront \u00e0 grandir dans la foi et \u00e0 devenir vous-m\u00eame missionnaire.<\/p>\n\t\t\t<a href=\"https:\/\/youcat.dev\/fr\/youcat-digital\/\" target=\"_self\" rel=\"noopener\">\n\t\t\t\t\t\t\tEn savoir plus\n\t\t\t<\/a>","protected":false},"excerpt":{"rendered":"<p>What does YOUCAT stand for? YOUCAT stands for the faith of the Catholic Church: vividly explained, innovatively presented, officially confirmed. The YOUCAT Foundation makes books and develops digital products in participative processes so that people can encounter God and (get to) know and teach the faith treasure of the Catholic Church. Learn more about the&hellip;<\/p>","protected":false},"author":8,"featured_media":0,"parent":0,"menu_order":0,"comment_status":"closed","ping_status":"closed","template":"","meta":{"_acf_changed":false,"inline_featured_image":false,"footnotes":""},"acf":[],"yoast_head":"<!-- This site is optimized with the Yoast SEO plugin v22.5 - https:\/\/yoast.com\/wordpress\/plugins\/seo\/ -->\n<title>Homepage - YOUCAT<\/title>\n<meta name=\"robots\" content=\"noindex, follow, max-snippet:-1, max-image-preview:large, max-video-preview:-1\" \/>\n<meta property=\"og:locale\" content=\"fr_FR\" \/>\n<meta property=\"og:type\" content=\"article\" \/>\n<meta property=\"og:title\" content=\"Homepage - YOUCAT\" \/>\n<meta property=\"og:description\" content=\"What does YOUCAT stand for? YOUCAT stands for the faith of the Catholic Church: vividly explained, innovatively presented, officially confirmed. The YOUCAT Foundation makes books and develops digital products in participative processes so that people can encounter God and (get to) know and teach the faith treasure of the Catholic Church. Learn more about the&hellip;\" \/>\n<meta property=\"og:url\" content=\"https:\/\/youcat.dev\/fr\/\" \/>\n<meta property=\"og:site_name\" content=\"YOUCAT\" \/>\n<meta property=\"article:modified_time\" content=\"2024-03-27T10:38:29+00:00\" \/>\n<meta property=\"og:image\" content=\"https:\/\/youcat.dev\/wp-content\/uploads\/2023\/07\/bildmarke.svg\" \/>\n<meta name=\"twitter:card\" content=\"summary_large_image\" \/>\n<meta name=\"twitter:label1\" content=\"Dur\u00e9e de lecture estim\u00e9e\" \/>\n\t<meta name=\"twitter:data1\" content=\"5 minutes\" \/>\n<script type=\"application\/ld+json\" class=\"yoast-schema-graph\">{\"@context\":\"https:\/\/schema.org\",\"@graph\":[{\"@type\":\"WebPage\",\"@id\":\"https:\/\/youcat.dev\/\",\"url\":\"https:\/\/youcat.dev\/\",\"name\":\"Homepage - YOUCAT\",\"isPartOf\":{\"@id\":\"https:\/\/youcat.dev\/#website\"},\"primaryImageOfPage\":{\"@id\":\"https:\/\/youcat.dev\/#primaryimage\"},\"image\":{\"@id\":\"https:\/\/youcat.dev\/#primaryimage\"},\"thumbnailUrl\":\"https:\/\/youcat.dev\/wp-content\/uploads\/2023\/07\/bildmarke.svg\",\"datePublished\":\"2022-02-03T12:29:21+00:00\",\"dateModified\":\"2024-03-27T10:38:29+00:00\",\"breadcrumb\":{\"@id\":\"https:\/\/youcat.dev\/#breadcrumb\"},\"inLanguage\":\"fr-FR\",\"potentialAction\":[{\"@type\":\"ReadAction\",\"target\":[\"https:\/\/youcat.dev\/\"]}]},{\"@type\":\"ImageObject\",\"inLanguage\":\"fr-FR\",\"@id\":\"https:\/\/youcat.dev\/#primaryimage\",\"url\":\"https:\/\/youcat.dev\/wp-content\/uploads\/2023\/07\/bildmarke.svg\",\"contentUrl\":\"https:\/\/youcat.dev\/wp-content\/uploads\/2023\/07\/bildmarke.svg\"},{\"@type\":\"BreadcrumbList\",\"@id\":\"https:\/\/youcat.dev\/#breadcrumb\",\"itemListElement\":[{\"@type\":\"ListItem\",\"position\":1,\"name\":\"\",\"item\":\"https:\/\/youcat.dev\/\"},{\"@type\":\"ListItem\",\"position\":2,\"name\":\"Homepage\"}]},{\"@type\":\"WebSite\",\"@id\":\"https:\/\/youcat.dev\/#website\",\"url\":\"https:\/\/youcat.dev\/\",\"name\":\"YOUCAT\",\"description\":\"Der Glaube der katholischen Kirche: anschaulich erkl\u00e4rt, innovativ pr\u00e4sentiert, offiziell best\u00e4tigt.\",\"potentialAction\":[{\"@type\":\"SearchAction\",\"target\":{\"@type\":\"EntryPoint\",\"urlTemplate\":\"https:\/\/youcat.dev\/?s={search_term_string}\"},\"query-input\":\"required name=search_term_string\"}],\"inLanguage\":\"fr-FR\"}]}<\/script>\n<!-- \/ Yoast SEO plugin. -->","yoast_head_json":{"title":"Homepage - YOUCAT","robots":{"index":"noindex","follow":"follow","max-snippet":"max-snippet:-1","max-image-preview":"max-image-preview:large","max-video-preview":"max-video-preview:-1"},"og_locale":"fr_FR","og_type":"article","og_title":"Homepage - YOUCAT","og_description":"What does YOUCAT stand for? YOUCAT stands for the faith of the Catholic Church: vividly explained, innovatively presented, officially confirmed. The YOUCAT Foundation makes books and develops digital products in participative processes so that people can encounter God and (get to) know and teach the faith treasure of the Catholic Church. Learn more about the&hellip;","og_url":"https:\/\/youcat.dev\/fr\/","og_site_name":"YOUCAT","article_modified_time":"2024-03-27T10:38:29+00:00","og_image":[{"url":"https:\/\/youcat.dev\/wp-content\/uploads\/2023\/07\/bildmarke.svg"}],"twitter_card":"summary_large_image","twitter_misc":{"Dur\u00e9e de lecture estim\u00e9e":"5 minutes"},"schema":{"@context":"https:\/\/schema.org","@graph":[{"@type":"WebPage","@id":"https:\/\/youcat.dev\/","url":"https:\/\/youcat.dev\/","name":"Homepage - YOUCAT","isPartOf":{"@id":"https:\/\/youcat.dev\/#website"},"primaryImageOfPage":{"@id":"https:\/\/youcat.dev\/#primaryimage"},"image":{"@id":"https:\/\/youcat.dev\/#primaryimage"},"thumbnailUrl":"https:\/\/youcat.dev\/wp-content\/uploads\/2023\/07\/bildmarke.svg","datePublished":"2022-02-03T12:29:21+00:00","dateModified":"2024-03-27T10:38:29+00:00","breadcrumb":{"@id":"https:\/\/youcat.dev\/#breadcrumb"},"inLanguage":"fr-FR","potentialAction":[{"@type":"ReadAction","target":["https:\/\/youcat.dev\/"]}]},{"@type":"ImageObject","inLanguage":"fr-FR","@id":"https:\/\/youcat.dev\/#primaryimage","url":"https:\/\/youcat.dev\/wp-content\/uploads\/2023\/07\/bildmarke.svg","contentUrl":"https:\/\/youcat.dev\/wp-content\/uploads\/2023\/07\/bildmarke.svg"},{"@type":"BreadcrumbList","@id":"https:\/\/youcat.dev\/#breadcrumb","itemListElement":[{"@type":"ListItem","position":1,"name":"","item":"https:\/\/youcat.dev\/"},{"@type":"ListItem","position":2,"name":"Homepage"}]},{"@type":"WebSite","@id":"https:\/\/youcat.dev\/#website","url":"https:\/\/youcat.dev\/","name":"YOUCAT","description":"Der Glaube der katholischen Kirche: anschaulich erkl\u00e4rt, innovativ pr\u00e4sentiert, offiziell best\u00e4tigt.","potentialAction":[{"@type":"SearchAction","target":{"@type":"EntryPoint","urlTemplate":"https:\/\/youcat.dev\/?s={search_term_string}"},"query-input":"required name=search_term_string"}],"inLanguage":"fr-FR"}]}},"_links":{"self":[{"href":"https:\/\/youcat.dev\/fr\/wp-json\/wp\/v2\/pages\/36"}],"collection":[{"href":"https:\/\/youcat.dev\/fr\/wp-json\/wp\/v2\/pages"}],"about":[{"href":"https:\/\/youcat.dev\/fr\/wp-json\/wp\/v2\/types\/page"}],"author":[{"embeddable":true,"href":"https:\/\/youcat.dev\/fr\/wp-json\/wp\/v2\/users\/8"}],"replies":[{"embeddable":true,"href":"https:\/\/youcat.dev\/fr\/wp-json\/wp\/v2\/comments?post=36"}],"version-history":[{"count":166,"href":"https:\/\/youcat.dev\/fr\/wp-json\/wp\/v2\/pages\/36\/revisions"}],"predecessor-version":[{"id":4518,"href":"https:\/\/youcat.dev\/fr\/wp-json\/wp\/v2\/pages\/36\/revisions\/4518"}],"wp:attachment":[{"href":"https:\/\/youcat.dev\/fr\/wp-json\/wp\/v2\/media?parent=36"}],"curies":[{"name":"wp","href":"https:\/\/api.w.org\/{rel}","templated":true}]}}