{"id":4555,"date":"2024-04-23T09:25:46","date_gmt":"2024-04-23T08:25:46","guid":{"rendered":"https:\/\/youcat.dev\/?page_id=4555"},"modified":"2024-04-23T14:17:13","modified_gmt":"2024-04-23T13:17:13","slug":"the-liturgical-year","status":"publish","type":"page","link":"https:\/\/youcat.dev\/fr\/the-liturgical-year\/","title":{"rendered":"The Liturgical Year"},"content":{"rendered":"<h1>Das Kirchenjahr<\/h1>\n\t<span><span><a href=\"https:\/\/youcat.dev\/fr\/\"><span class=\"icon yc-icon-yc-home-filled\"><\/span><\/a><\/span><\/span>","protected":false},"excerpt":{"rendered":"<p>Das Kirchenjahr<\/p>","protected":false},"author":7,"featured_media":0,"parent":0,"menu_order":0,"comment_status":"closed","ping_status":"closed","template":"","meta":{"_acf_changed":false,"inline_featured_image":false,"footnotes":""},"acf":[],"yoast_head":"<!-- This site is optimized with the Yoast SEO plugin v22.5 - https:\/\/yoast.com\/wordpress\/plugins\/seo\/ -->\n<title>The Liturgical Year - YOUCAT<\/title>\n<meta name=\"robots\" content=\"noindex, follow, max-snippet:-1, max-image-preview:large, max-video-preview:-1\" \/>\n<meta property=\"og:locale\" content=\"fr_FR\" \/>\n<meta property=\"og:type\" content=\"article\" \/>\n<meta property=\"og:title\" content=\"The Liturgical Year - YOUCAT\" \/>\n<meta property=\"og:description\" content=\"Das Kirchenjahr\" \/>\n<meta property=\"og:url\" content=\"https:\/\/youcat.dev\/fr\/the-liturgical-year\/\" \/>\n<meta property=\"og:site_name\" content=\"YOUCAT\" \/>\n<meta property=\"article:modified_time\" content=\"2024-04-23T13:17:13+00:00\" \/>\n<meta name=\"twitter:card\" content=\"summary_large_image\" \/>\n<script type=\"application\/ld+json\" class=\"yoast-schema-graph\">{\"@context\":\"https:\/\/schema.org\",\"@graph\":[{\"@type\":\"WebPage\",\"@id\":\"https:\/\/youcat.dev\/the-liturgical-year\/\",\"url\":\"https:\/\/youcat.dev\/the-liturgical-year\/\",\"name\":\"The Liturgical Year - YOUCAT\",\"isPartOf\":{\"@id\":\"https:\/\/youcat.dev\/#website\"},\"datePublished\":\"2024-04-23T08:25:46+00:00\",\"dateModified\":\"2024-04-23T13:17:13+00:00\",\"breadcrumb\":{\"@id\":\"https:\/\/youcat.dev\/the-liturgical-year\/#breadcrumb\"},\"inLanguage\":\"fr-FR\",\"potentialAction\":[{\"@type\":\"ReadAction\",\"target\":[\"https:\/\/youcat.dev\/the-liturgical-year\/\"]}]},{\"@type\":\"BreadcrumbList\",\"@id\":\"https:\/\/youcat.dev\/the-liturgical-year\/#breadcrumb\",\"itemListElement\":[{\"@type\":\"ListItem\",\"position\":1,\"name\":\"\",\"item\":\"https:\/\/youcat.dev\/\"},{\"@type\":\"ListItem\",\"position\":2,\"name\":\"The Liturgical Year\"}]},{\"@type\":\"WebSite\",\"@id\":\"https:\/\/youcat.dev\/#website\",\"url\":\"https:\/\/youcat.dev\/\",\"name\":\"YOUCAT\",\"description\":\"Der Glaube der katholischen Kirche: anschaulich erkl\u00e4rt, innovativ pr\u00e4sentiert, offiziell best\u00e4tigt.\",\"potentialAction\":[{\"@type\":\"SearchAction\",\"target\":{\"@type\":\"EntryPoint\",\"urlTemplate\":\"https:\/\/youcat.dev\/?s={search_term_string}\"},\"query-input\":\"required name=search_term_string\"}],\"inLanguage\":\"fr-FR\"}]}<\/script>\n<!-- \/ Yoast SEO plugin. -->","yoast_head_json":{"title":"The Liturgical Year - YOUCAT","robots":{"index":"noindex","follow":"follow","max-snippet":"max-snippet:-1","max-image-preview":"max-image-preview:large","max-video-preview":"max-video-preview:-1"},"og_locale":"fr_FR","og_type":"article","og_title":"The Liturgical Year - YOUCAT","og_description":"Das Kirchenjahr","og_url":"https:\/\/youcat.dev\/fr\/the-liturgical-year\/","og_site_name":"YOUCAT","article_modified_time":"2024-04-23T13:17:13+00:00","twitter_card":"summary_large_image","schema":{"@context":"https:\/\/schema.org","@graph":[{"@type":"WebPage","@id":"https:\/\/youcat.dev\/the-liturgical-year\/","url":"https:\/\/youcat.dev\/the-liturgical-year\/","name":"The Liturgical Year - YOUCAT","isPartOf":{"@id":"https:\/\/youcat.dev\/#website"},"datePublished":"2024-04-23T08:25:46+00:00","dateModified":"2024-04-23T13:17:13+00:00","breadcrumb":{"@id":"https:\/\/youcat.dev\/the-liturgical-year\/#breadcrumb"},"inLanguage":"fr-FR","potentialAction":[{"@type":"ReadAction","target":["https:\/\/youcat.dev\/the-liturgical-year\/"]}]},{"@type":"BreadcrumbList","@id":"https:\/\/youcat.dev\/the-liturgical-year\/#breadcrumb","itemListElement":[{"@type":"ListItem","position":1,"name":"","item":"https:\/\/youcat.dev\/"},{"@type":"ListItem","position":2,"name":"The Liturgical Year"}]},{"@type":"WebSite","@id":"https:\/\/youcat.dev\/#website","url":"https:\/\/youcat.dev\/","name":"YOUCAT","description":"Der Glaube der katholischen Kirche: anschaulich erkl\u00e4rt, innovativ pr\u00e4sentiert, offiziell best\u00e4tigt.","potentialAction":[{"@type":"SearchAction","target":{"@type":"EntryPoint","urlTemplate":"https:\/\/youcat.dev\/?s={search_term_string}"},"query-input":"required name=search_term_string"}],"inLanguage":"fr-FR"}]}},"_links":{"self":[{"href":"https:\/\/youcat.dev\/fr\/wp-json\/wp\/v2\/pages\/4555"}],"collection":[{"href":"https:\/\/youcat.dev\/fr\/wp-json\/wp\/v2\/pages"}],"about":[{"href":"https:\/\/youcat.dev\/fr\/wp-json\/wp\/v2\/types\/page"}],"author":[{"embeddable":true,"href":"https:\/\/youcat.dev\/fr\/wp-json\/wp\/v2\/users\/7"}],"replies":[{"embeddable":true,"href":"https:\/\/youcat.dev\/fr\/wp-json\/wp\/v2\/comments?post=4555"}],"version-history":[{"count":3,"href":"https:\/\/youcat.dev\/fr\/wp-json\/wp\/v2\/pages\/4555\/revisions"}],"predecessor-version":[{"id":4591,"href":"https:\/\/youcat.dev\/fr\/wp-json\/wp\/v2\/pages\/4555\/revisions\/4591"}],"wp:attachment":[{"href":"https:\/\/youcat.dev\/fr\/wp-json\/wp\/v2\/media?parent=4555"}],"curies":[{"name":"wp","href":"https:\/\/api.w.org\/{rel}","templated":true}]}}