{"id":2708,"date":"2023-07-23T21:12:33","date_gmt":"2023-07-23T20:12:33","guid":{"rendered":"https:\/\/youcat.dev\/?page_id=2708"},"modified":"2023-07-25T10:39:45","modified_gmt":"2023-07-25T09:39:45","slug":"youcat-foundation","status":"publish","type":"page","link":"https:\/\/youcat.dev\/pl\/youcat-foundation\/","title":{"rendered":"Fundacja YOUCAT"},"content":{"rendered":"<span><span><a href=\"https:\/\/youcat.dev\/pl\/\"><span class=\"icon yc-icon-yc-home-filled\"><\/span><\/a><\/span><\/span>\n\t<p>Fundacja YOUCAT<\/p>\n<h1>Misja<\/h1>\n<p><strong>Nasz\u0105 misj\u0105 jest wydawanie ksi\u0105\u017cek oraz tworzenie produkt\u00f3w cyfrowych w procesach partycypacyjnych, kt\u00f3re umo\u017cliwiaj\u0105 ludziom do\u015bwiadczanie Boga oraz poznawanie skarb\u00f3w wiary i nauczania Ko\u015bcio\u0142a Katolickiego.<\/strong><\/p>\n\t<h2>O nas<\/h2>\n<p>Fundacja YOUCAT gGmbH wspiera ludzi, kt\u00f3rzy \u017cyj\u0105 wiar\u0105 katolick\u0105 i pragn\u0105 j\u0105 przekazywa\u0107 dalej. Naszym celem jest wspieranie ludzi na ich drodze wiary i dostarczanie im materia\u0142\u00f3w do g\u0142oszenia Ewangelii.<\/p>\n<p>Codziennie docieramy z naszymi produktami cyfrowymi i drukowanymi do tysi\u0119cy m\u0142odych ludzi na ca\u0142ym \u015bwiecie, pomagaj\u0105c im sta\u0107 si\u0119 autentycznymi \u015bwiadkami wiary katolickiej. Nasze ksi\u0105\u017cki YOUCAT zosta\u0142y wydrukowane miliony razy i przet\u0142umaczone na ponad 60 j\u0119zyk\u00f3w, co zaowocowa\u0142o powstaniem licznych grup studyjnych.<\/p>\n<p>Jeste\u015bmy organizacj\u0105 non-profit oraz fili\u0105 papieskiej agencji Pomoc Ko\u015bcio\u0142owi w Potrzebie. Nasza dzia\u0142alno\u015b\u0107 opiera si\u0119 na wolontariacie i realizujemy wy\u0142\u0105cznie cele charytatywne. Nie otrzymujemy \u017cadnych dotacji od agencji rz\u0105dowych ani ko\u015bcielnych, finansujemy si\u0119 jedynie ze \u015brodk\u00f3w pochodz\u0105cych z darowizn oraz sprzeda\u017cy naszych ksi\u0105\u017cek.<\/p>\n\t\t\t<a href=\"https:\/\/youcat.dev\/pl\/products\/\" target=\"_self\" rel=\"noopener\">\n\t\t\t\t\t\t\tPoka\u017c wszystkie ksi\u0105\u017cki\n\t\t\t\t\t<\/a>","protected":false},"excerpt":{"rendered":"<p>The YOUCAT Foundation Mission Statement We make books and develop digital products in participative processes so that people can encounter God and (get to) know and teach the faith treasure of the Catholic Church. About us YOUCAT Foundation gGmbH supports people who live and teach their Catholic. YOUCAT wants to support people on their faith&hellip;<\/p>","protected":false},"author":8,"featured_media":0,"parent":0,"menu_order":0,"comment_status":"closed","ping_status":"closed","template":"","meta":{"_acf_changed":false,"inline_featured_image":false,"footnotes":""},"acf":[],"yoast_head":"<!-- This site is optimized with the Yoast SEO plugin v22.5 - https:\/\/yoast.com\/wordpress\/plugins\/seo\/ -->\n<title>YOUCAT Foundation - YOUCAT<\/title>\n<meta name=\"robots\" content=\"noindex, follow, max-snippet:-1, max-image-preview:large, max-video-preview:-1\" \/>\n<meta property=\"og:locale\" content=\"pl_PL\" \/>\n<meta property=\"og:type\" content=\"article\" \/>\n<meta property=\"og:title\" content=\"YOUCAT Foundation - YOUCAT\" \/>\n<meta property=\"og:description\" content=\"The YOUCAT Foundation Mission Statement We make books and develop digital products in participative processes so that people can encounter God and (get to) know and teach the faith treasure of the Catholic Church. About us YOUCAT Foundation gGmbH supports people who live and teach their Catholic. YOUCAT wants to support people on their faith&hellip;\" \/>\n<meta property=\"og:url\" content=\"https:\/\/youcat.dev\/pl\/youcat-foundation\/\" \/>\n<meta property=\"og:site_name\" content=\"YOUCAT\" \/>\n<meta property=\"article:modified_time\" content=\"2023-07-25T09:39:45+00:00\" \/>\n<meta name=\"twitter:card\" content=\"summary_large_image\" \/>\n<meta name=\"twitter:label1\" content=\"Szacowany czas czytania\" \/>\n\t<meta name=\"twitter:data1\" content=\"1 minuta\" \/>\n<script type=\"application\/ld+json\" class=\"yoast-schema-graph\">{\"@context\":\"https:\/\/schema.org\",\"@graph\":[{\"@type\":\"WebPage\",\"@id\":\"https:\/\/youcat.dev\/youcat-foundation\/\",\"url\":\"https:\/\/youcat.dev\/youcat-foundation\/\",\"name\":\"YOUCAT Foundation - YOUCAT\",\"isPartOf\":{\"@id\":\"https:\/\/youcat.dev\/#website\"},\"datePublished\":\"2023-07-23T20:12:33+00:00\",\"dateModified\":\"2023-07-25T09:39:45+00:00\",\"breadcrumb\":{\"@id\":\"https:\/\/youcat.dev\/youcat-foundation\/#breadcrumb\"},\"inLanguage\":\"pl-PL\",\"potentialAction\":[{\"@type\":\"ReadAction\",\"target\":[\"https:\/\/youcat.dev\/youcat-foundation\/\"]}]},{\"@type\":\"BreadcrumbList\",\"@id\":\"https:\/\/youcat.dev\/youcat-foundation\/#breadcrumb\",\"itemListElement\":[{\"@type\":\"ListItem\",\"position\":1,\"name\":\"\",\"item\":\"https:\/\/youcat.dev\/\"},{\"@type\":\"ListItem\",\"position\":2,\"name\":\"YOUCAT Foundation\"}]},{\"@type\":\"WebSite\",\"@id\":\"https:\/\/youcat.dev\/#website\",\"url\":\"https:\/\/youcat.dev\/\",\"name\":\"YOUCAT\",\"description\":\"Der Glaube der katholischen Kirche: anschaulich erkl\u00e4rt, innovativ pr\u00e4sentiert, offiziell best\u00e4tigt.\",\"potentialAction\":[{\"@type\":\"SearchAction\",\"target\":{\"@type\":\"EntryPoint\",\"urlTemplate\":\"https:\/\/youcat.dev\/?s={search_term_string}\"},\"query-input\":\"required name=search_term_string\"}],\"inLanguage\":\"pl-PL\"}]}<\/script>\n<!-- \/ Yoast SEO plugin. -->","yoast_head_json":{"title":"YOUCAT Foundation - YOUCAT","robots":{"index":"noindex","follow":"follow","max-snippet":"max-snippet:-1","max-image-preview":"max-image-preview:large","max-video-preview":"max-video-preview:-1"},"og_locale":"pl_PL","og_type":"article","og_title":"YOUCAT Foundation - YOUCAT","og_description":"The YOUCAT Foundation Mission Statement We make books and develop digital products in participative processes so that people can encounter God and (get to) know and teach the faith treasure of the Catholic Church. About us YOUCAT Foundation gGmbH supports people who live and teach their Catholic. YOUCAT wants to support people on their faith&hellip;","og_url":"https:\/\/youcat.dev\/pl\/youcat-foundation\/","og_site_name":"YOUCAT","article_modified_time":"2023-07-25T09:39:45+00:00","twitter_card":"summary_large_image","twitter_misc":{"Szacowany czas czytania":"1 minuta"},"schema":{"@context":"https:\/\/schema.org","@graph":[{"@type":"WebPage","@id":"https:\/\/youcat.dev\/youcat-foundation\/","url":"https:\/\/youcat.dev\/youcat-foundation\/","name":"YOUCAT Foundation - YOUCAT","isPartOf":{"@id":"https:\/\/youcat.dev\/#website"},"datePublished":"2023-07-23T20:12:33+00:00","dateModified":"2023-07-25T09:39:45+00:00","breadcrumb":{"@id":"https:\/\/youcat.dev\/youcat-foundation\/#breadcrumb"},"inLanguage":"pl-PL","potentialAction":[{"@type":"ReadAction","target":["https:\/\/youcat.dev\/youcat-foundation\/"]}]},{"@type":"BreadcrumbList","@id":"https:\/\/youcat.dev\/youcat-foundation\/#breadcrumb","itemListElement":[{"@type":"ListItem","position":1,"name":"","item":"https:\/\/youcat.dev\/"},{"@type":"ListItem","position":2,"name":"YOUCAT Foundation"}]},{"@type":"WebSite","@id":"https:\/\/youcat.dev\/#website","url":"https:\/\/youcat.dev\/","name":"YOUCAT","description":"Der Glaube der katholischen Kirche: anschaulich erkl\u00e4rt, innovativ pr\u00e4sentiert, offiziell best\u00e4tigt.","potentialAction":[{"@type":"SearchAction","target":{"@type":"EntryPoint","urlTemplate":"https:\/\/youcat.dev\/?s={search_term_string}"},"query-input":"required name=search_term_string"}],"inLanguage":"pl-PL"}]}},"_links":{"self":[{"href":"https:\/\/youcat.dev\/pl\/wp-json\/wp\/v2\/pages\/2708"}],"collection":[{"href":"https:\/\/youcat.dev\/pl\/wp-json\/wp\/v2\/pages"}],"about":[{"href":"https:\/\/youcat.dev\/pl\/wp-json\/wp\/v2\/types\/page"}],"author":[{"embeddable":true,"href":"https:\/\/youcat.dev\/pl\/wp-json\/wp\/v2\/users\/8"}],"replies":[{"embeddable":true,"href":"https:\/\/youcat.dev\/pl\/wp-json\/wp\/v2\/comments?post=2708"}],"version-history":[{"count":12,"href":"https:\/\/youcat.dev\/pl\/wp-json\/wp\/v2\/pages\/2708\/revisions"}],"predecessor-version":[{"id":3039,"href":"https:\/\/youcat.dev\/pl\/wp-json\/wp\/v2\/pages\/2708\/revisions\/3039"}],"wp:attachment":[{"href":"https:\/\/youcat.dev\/pl\/wp-json\/wp\/v2\/media?parent=2708"}],"curies":[{"name":"wp","href":"https:\/\/api.w.org\/{rel}","templated":true}]}}