{"id":2748,"date":"2023-07-24T05:55:48","date_gmt":"2023-07-24T04:55:48","guid":{"rendered":"https:\/\/youcat.dev\/?page_id=2748"},"modified":"2023-07-24T12:20:14","modified_gmt":"2023-07-24T11:20:14","slug":"terms-and-conditions","status":"publish","type":"page","link":"https:\/\/youcat.dev\/pl\/terms-and-conditions\/","title":{"rendered":"Zasady i warunki"},"content":{"rendered":"<span><span><a href=\"https:\/\/youcat.dev\/pl\/\"><span class=\"icon yc-icon-yc-home-filled\"><\/span><\/a><\/span><\/span>\n\t<h1>Zasady i warunki<\/h1>\n<h2>1. Og\u00f3lne warunki<\/h2>\n<p>(1) Poni\u017csze og\u00f3lne warunki maj\u0105 zastosowanie do wszystkich um\u00f3w, dostaw i innych us\u0142ug firmy YOUCAT Foundation gemeinn\u00fctzige GmbH, Bischof-Kindermann-Str. 23, 61462 K\u00f6nigstein im Taunus, (dalej: YOUCAT), wobec swoich klient\u00f3w. Obowi\u0105zuje zawsze wersja Zasad i warunk\u00f3w, obowi\u0105zuj\u0105ca w momencie z\u0142o\u017cenia zam\u00f3wienia.<\/p>\n<p>(2) Zaprzecza si\u0119 odmiennym przepisom klient\u00f3w. YOUCAT uznaje inne warunki tylko wtedy, gdy zosta\u0142o to wyra\u017anie uzgodnione na pi\u015bmie. Umowy zawierane z klientem w indywidualnych przypadkach (w tym umowy dodatkowe, uzupe\u0142nienia i zmiany) maj\u0105 w ka\u017cdym przypadku pierwsze\u0144stwo przed niniejszymi Warunkami.<\/p>\n<p>(3) Business relations within the EU between YOUCAT and merchants, legal entities under public law and special assets under public law shall be governed by the law of the Federal Republic of Germany to the exclusion of the UN Convention on Contracts for the International Sale of Goods. The mandatory consumer protection regulations of the country in which the buyer has his habitual residence are excluded from the choice of law, since in business transactions with consumers within the European Union the law of the consumer&#8217;s place of residence may be applicable, provided that it is a matter of mandatory consumer law provisions.<\/p>\n<p>(4) If YOUCAT enters into business relations with buyers outside the EU, the law of the Federal Republic of Germany shall apply without exception to the exclusion of the UN Convention on Contracts for the International Sale of Goods. In such cases, the place of jurisdiction shall be Augsburg, whereby YOUCAT may also sue at the buyer&#8217;s place of business.<\/p>\n<p>(5) Furthermore, Augsburg shall be the place of jurisdiction for business transactions with merchants, legal entities under public law and special funds under public law within the EU. YOUCAT is also at liberty here to sue at the buyer&#8217;s place of business.<\/p>\n<p>(6) J\u0119zykiem umowy jest j\u0119zyk niemiecki.<\/p>\n<h2>2. Zawarcie umowy<\/h2>\n<p>(1) Umowa zostaje zawarta przez przyj\u0119cie przez nas zam\u00f3wienia poprzez nasze potwierdzenie zam\u00f3wienia, najp\u00f3\u017aniej w momencie wys\u0142ania towaru; akceptacja Og\u00f3lnych warunk\u00f3w jest warunkiem koniecznym do zawarcia umowy. Potwierdzamy otrzymanie zam\u00f3wienia e-mailem. Przed wi\u0105\u017c\u0105cym z\u0142o\u017ceniem zam\u00f3wienia klient mo\u017ce na bie\u017c\u0105co korygowa\u0107 wszystkie wpisy za pomoc\u0105 zwyk\u0142ych funkcji klawiatury i myszy. Ponadto wszystkie wpisy s\u0105 ponownie wy\u015bwietlane w oknie potwierdzenia przed z\u0142o\u017ceniem wi\u0105\u017c\u0105cego zam\u00f3wienia i mo\u017cna je tam r\u00f3wnie\u017c poprawi\u0107 za pomoc\u0105 zwyk\u0142ych funkcji klawiatury i myszy. Wraz z potwierdzeniem zam\u00f3wienia prze\u015blemy tekst umowy i niniejsze og\u00f3lne warunki.<\/p>\n<p>(2) Oferty na tej stronie WEB nie s\u0105 wi\u0105\u017c\u0105ce. Mo\u017cliwe s\u0105 odchylenia i zmiany techniczne w stosunku do ilustracji lub opis\u00f3w.<\/p>\n<h2>3. Dostawa i p\u0142atno\u015b\u0107<\/h2>\n<p>(1) Nie ma ustalonej minimalnej ilo\u015bci zam\u00f3wienia. Wszystkie ceny zawieraj\u0105 podatek VAT. Po z\u0142o\u017ceniu zam\u00f3wienia, klient otrzymuje e-mailem potwierdzenie zam\u00f3wienia, kt\u00f3re zawiera zestawienie zamawianego towaru oraz dane do transferu bankowego. Warto\u015b\u0107 zakupu ma zosta\u0107 zap\u0142acona YOUCAT natychmiast po zawarciu umowy za pomoc\u0105 zwyk\u0142ych \u015brodk\u00f3w p\u0142atniczych, chyba \u017ce indywidualnie uzgodniono inaczej.<\/p>\n<p>(2) YOUCAT wy\u015ble zam\u00f3wiony towar po otrzymaniu warto\u015bci zakupu. O ile nie uzgodniono inaczej, zam\u00f3wiony towar dostarczany jest pod wskazany przez klienta adres. YOUCAT zastrzega sobie prawo do cz\u0119\u015bciowej dostawy, je\u015bli wydaje si\u0119 to korzystne dla szybkiego przetwarzania i nie jest nieuzasadnione dla klienta. Specjalne formy wysy\u0142ki wymagane przez klienta zostan\u0105 zafakturowane wed\u0142ug lokalnej taryfy.<\/p>\n<h2>4. Terminy dostaw<\/h2>\n<p>(1) Terminy dostaw podane s\u0105 w opisach produkt\u00f3w.<\/p>\n<p>(2) YOUCAT reserves the right to release itself from the obligation to fulfil the contract or to withdraw from it if the goods are to be delivered by a supplier on the day of delivery and the delivery is not made in whole or in part. This self-delivery reservation shall only apply if YOUCAT is not responsible for the non-delivery. YOUCAT is not responsible for the absence of performance if a so-called congruent hedging transaction for the fulfilment of contractual obligations was concluded in good time with the supplier. If the goods are not delivered, YOUCAT will immediately inform the customer of this circumstance and refund the purchase price. The customer may determine that the refund amount shall be credited to the customer&#8217;s account and offset against future orders.<\/p>\n<h2>5. Przeniesienie ryzyka<\/h2>\n<p>Je\u015bli klient nie jest konsumentem, ryzyko zgodnie z \u00a7 447 BGB przechodzi na klienta z chwil\u0105 przekazania towaru firmie transportowej. W innym przypadku obowi\u0105zuje \u00a7 446 BGB.<\/p>\n<h2>6. Zastrze\u017cenie w\u0142asno\u015bci, prawo zatrzymania<\/h2>\n<p>(1) The delivered goods shall remain the property of YOUCAT until all claims arising from the contract have been fulfilled; in the event that the customer is a legal entity under public law, a special fund under public law or an entrepreneur in the exercise of his commercial or independent professional activity, the delivered goods shall also remain the property of YOUCAT from the current business relationship until all claims to which YOUCAT is entitled in connection with the contract have been settled. In this case, YOUCAT undertakes to release the securities to which it is entitled at the customer&#8217;s request if their value exceeds the claims to be secured by more than 20%.<\/p>\n<p>(2) Klient jest uprawniony do skorzystania z prawa zatrzymania tylko wtedy, gdy jego roszczenie wzajemne opiera si\u0119 na tym samym stosunku umownym.<\/p>\n<h2>7. Odpowiedzialno\u015b\u0107 za wady fizyczne i wady produktu<\/h2>\n<p>(1) YOUCAT gwarantuje, \u017ce sprzedawane towary s\u0105 wolne od wad materia\u0142owych i produkcyjnych w momencie wysy\u0142ki. Informacje podane przez YOUCAT w katalogach, broszurach i na stronie internetowej nie stanowi\u0105 gwarancji jako\u015bci w rozumieniu \u00a7 443 BGB (niemiecki kodeks cywilny).<\/p>\n<p>(2) Klient mo\u017ce reklamowa\u0107 wady dostarczonego towaru tylko wtedy, gdy powiadomi o tym YOUCAT w ustawowym okresie gwarancyjnym. Decyduj\u0105cy jest czas wys\u0142ania zawiadomienia o wadzie. P\u00f3\u017aniejsze stwierdzenie jest wykluczone. O ile w umowie zaanga\u017cowani s\u0105 tylko kupcy, \u00a7\u00a7 377 i nast. niemieckiego kodeksu cywilnego (BGB), obowi\u0105zuj\u0105 dodatkowo HGB (NIEMIECKI KOD HANDLOWY).<\/p>\n<p>(3) Je\u015bli wady istniej\u0105 i zosta\u0142y zg\u0142oszone w odpowiednim czasie, YOUCAT b\u0119dzie uprawniony do p\u00f3\u017aniejszego wykonania r\u0119kojmi. W przeciwnym razie w zakresie r\u0119kojmi obowi\u0105zuj\u0105 przepisy ustawowe.<\/p>\n<h2>8. Odpowiedzialno\u015b\u0107<\/h2>\n<p>(1) Poza odpowiedzialno\u015bci\u0105 za wady materia\u0142owe i wady tytu\u0142u, YOUCAT ponosi nieograniczon\u0105 odpowiedzialno\u015b\u0107, o ile przyczyna szkody jest spowodowana umy\u015blnym lub ra\u017c\u0105cym zaniedbaniem. Odpowiada r\u00f3wnie\u017c za nieznaczne, niedba\u0142e naruszenie istotnych obowi\u0105zk\u00f3w (tych, kt\u00f3rych naruszenie zagra\u017ca realizacji celu umowy), a tak\u017ce za naruszenie podstawowych obowi\u0105zk\u00f3w (kt\u00f3rych wype\u0142nienie umo\u017cliwia w pierwszej kolejno\u015bci nale\u017cyte wykonanie umowy i na kt\u00f3rych spe\u0142nieniu klient polega), ale w ka\u017cdym przypadku tylko za daj\u0105ce si\u0119 przewidzie\u0107 szkody typowe dla umowy. YOUCAT nie ponosi odpowiedzialno\u015bci za nieznaczne, niedba\u0142e naruszenie obowi\u0105zk\u00f3w innych ni\u017c powy\u017csze.<\/p>\n<p>(2) Ograniczenie odpowiedzialno\u015bci, o kt\u00f3rym mowa w poprzednim paragrafie, nie ma zastosowania w przypadku utraty \u017cycia, uszczerbku na ciele i zdrowiu, w przypadku wady po przyj\u0119ciu gwarancji jako\u015bci produktu oraz w przypadku wad ukrytych w spos\u00f3b oszuka\u0144czy. Odpowiedzialno\u015b\u0107 wynikaj\u0105ca z ustawy o odpowiedzialno\u015bci za produkt pozostaje nienaruszona.<\/p>\n<p>(3) Je\u015bli odpowiedzialno\u015b\u0107 YOUCAT jest wykluczona lub ograniczona, dotyczy to r\u00f3wnie\u017c osobistej odpowiedzialno\u015bci jego pracownik\u00f3w, przedstawicieli i zast\u0119pc\u00f3w.<\/p>\n<h2>9. Przechowywanie danych i ich ochrona<\/h2>\n<p>(1) The customer is aware of and agrees that the personal data required for processing the order will be stored by YOUCAT on data carriers. The customer expressly consents to the collection, processing and use of his personal data. The stored personal data will of course be treated confidentially by YOUCAT. The collection, processing and use of the customer&#8217;s personal data is carried out in compliance with our data protection declaration of the Federal Data Protection Act (BDSG), the Telemedia Act (TMG).<\/p>\n<p>(2) Klient ma prawo w ka\u017cdej chwili odwo\u0142a\u0107 swoj\u0105 zgod\u0119 ze skutkiem na przysz\u0142o\u015b\u0107. W takim przypadku YOUCAT jest zobowi\u0105zany do natychmiastowego usuni\u0119cia danych osobowych klienta. W przypadku trwaj\u0105cych proces\u00f3w zam\u00f3wie\u0144, usuni\u0119cie nast\u0105pi po zako\u0144czeniu procesu zam\u00f3wienia.<\/p>\n<p>(3) We wszystkich innych aspektach odnosimy si\u0119 do naszego o\u015bwiadczenia o ochronie danych w odniesieniu do ochrony danych.<\/p>\n<h2>10. R\u00f3\u017cne<\/h2>\n<p>Wyra\u017anie sprzeciwiamy si\u0119 wykorzystywaniu danych kontaktowych w stopce do reklamy handlowej, je\u015bli nie wyrazili\u015bmy na to wyra\u017anej zgody na pi\u015bmie lub je\u015bli istnieje ju\u017c relacja biznesowa. My i wszystkie osoby wymienione na tej stronie niniejszym sprzeciwiamy si\u0119 komercyjnemu wykorzystaniu i ujawnianiu danych naszych \/ klienta.<\/p>\n<h2>Informacje dotycz\u0105ce korzystania z prawa odst\u0105pienia od umowy dla konsument\u00f3w<\/h2>\n<p>Konsumentom przys\u0142uguje prawo do odst\u0105pienia od umowy pod nast\u0119puj\u0105cymi warunkami, zgodnie z kt\u00f3rymi konsumentem jest ka\u017cda osoba fizyczna, kt\u00f3ra dokonuje czynno\u015bci prawnej w celach, kt\u00f3rych nie mo\u017cna w przewa\u017caj\u0105cej mierze przypisa\u0107 ani jej dzia\u0142alno\u015bci handlowej, ani dzia\u0142alno\u015bci zawodowej prowadzonej na w\u0142asny rachunek.<\/p>\n<h3>Polityka wyp\u0142at<\/h3>\n<h4>Prawo odst\u0105pienia od umowy<\/h4>\n<p>Klient ma prawo odst\u0105pi\u0107 od niniejszej umowy w terminie czternastu dni bez podania przyczyn.<\/p>\n<p>Okres odst\u0105pienia od umowy wynosi czterna\u015bcie dni od dnia, w kt\u00f3rym klient lub wskazana przez niego osoba trzecia, kt\u00f3ra nie jest przewo\u017anikiem, wesz\u0142a w posiadanie ostatniego towaru.<\/p>\n<p>Aby skorzysta\u0107 z prawa do odst\u0105pienia od umowy, nale\u017cy poinformowa\u0107 nas (YOUCAT Foundation gGmbH, Bischof-Kindermann-Str.23, 61462 K\u00f6nigstein im Taunus, telefon 0821-410 108 10, e-mail wideruf@youcat.org) za pomoc\u0105 wyra\u017anego o\u015bwiadczenie (np. list, faks lub e-mail) o swojej decyzji o odst\u0105pieniu od niniejszej umowy. Klient mo\u017ce skorzysta\u0107 z za\u0142\u0105czonego wzoru formularza odst\u0105pienia od umowy, ale nie jest to obowi\u0105zkowe. Je\u015bli klient skorzysta z tej opcji, niezw\u0142ocznie (np. e-mailem) prze\u015blemy potwierdzenie otrzymania takiego odwo\u0142ania.<\/p>\n<p>Aby zachowa\u0107 termin do odst\u0105pienia od umowy, wystarczy, \u017ce klient wy\u015ble powiadomienie o wykonaniu prawa do odst\u0105pienia od umowy przed up\u0142ywem terminu do odst\u0105pienia od umowy.<\/p>\n<h4>Konsekwencje odst\u0105pienia<\/h4>\n<p>W przypadku odst\u0105pienia od niniejszej umowy, zwr\u00f3cimy wszystkie otrzymane od klienta p\u0142atno\u015bci, w tym koszty dostawy (z wyj\u0105tkiem dodatkowych koszt\u00f3w wynikaj\u0105cych z wyboru przez klienta innego sposobu dostawy ni\u017c najta\u0144sza oferowana przez nas dostawa standardowa), niezw\u0142ocznie i na miejscu, najp\u00f3\u017aniej w ci\u0105gu czternastu dni od dnia otrzymania przez nas powiadomienia o odst\u0105pieniu od niniejszej umowy. W przypadku tego zwrotu u\u017cyjemy tych samych sposob\u00f3w p\u0142atno\u015bci, kt\u00f3re zosta\u0142y u\u017cyte w pierwotnej transakcji, chyba \u017ce wyra\u017anie uzgodniono z klientem inaczej; w \u017cadnym wypadku klient nie zostanie obci\u0105\u017cony \u017cadnymi op\u0142atami za ten zwrot. Mo\u017cemy odm\u00f3wi\u0107 zwrotu pieni\u0119dzy, dop\u00f3ki nie otrzymamy towaru z powrotem lub dop\u00f3ki klient nie udowodni, \u017ce zwr\u00f3ci\u0142 towar, w zale\u017cno\u015bci od tego, co nast\u0105pi wcze\u015bniej.<\/p>\n<p>You must return the goods to &#8220;YOUCAT Return&#8221;, Fontis Media GmbH, Baukloh 1, 58515 L\u00fcdenscheid, Germany, immediately and in any case within fourteen days from the day on which you notify us of the revocation of this contract at the latest. The deadline is met if you dispatch the goods before the expiry of the fourteen-day deadline.<\/p>\n<p>Klient ponosi bezpo\u015brednie koszty zwrotu towaru.<\/p>\n<p>Klient jest odpowiedzialny za utrat\u0119 warto\u015bci towar\u00f3w tylko wtedy, gdy taka utrata warto\u015bci wynika z obchodzenia si\u0119 z towarem, tak\u017ce w wyniku sprawdzenia charakteru, w\u0142a\u015bciwo\u015bci i funkcjonowania towaru.<\/p>\n<p>[Koniec polityki wyp\u0142at]<\/p>\n<p>YOUCAT GTC, wersja: 17.5.2017<\/p>","protected":false},"excerpt":{"rendered":"<p>Terms &amp; Conditions 1. General (1) The following general terms and conditions apply to all contracts, deliveries and other services of the company YOUCAT Foundation gemeinn\u00fctzige GmbH, Bischof-Kindermann-Str. 23, 61462 K\u00f6nigstein im Taunus, (hereinafter: YOUCAT), towards its customers. The version of the General Terms and Conditions valid at the time of the order shall always&hellip;<\/p>","protected":false},"author":8,"featured_media":0,"parent":0,"menu_order":0,"comment_status":"closed","ping_status":"closed","template":"","meta":{"_acf_changed":false,"inline_featured_image":false,"footnotes":""},"acf":[],"yoast_head":"<!-- This site is optimized with the Yoast SEO plugin v22.5 - https:\/\/yoast.com\/wordpress\/plugins\/seo\/ -->\n<title>Terms &amp; Conditions - YOUCAT<\/title>\n<meta name=\"robots\" content=\"noindex, follow, max-snippet:-1, max-image-preview:large, max-video-preview:-1\" \/>\n<meta property=\"og:locale\" content=\"pl_PL\" \/>\n<meta property=\"og:type\" content=\"article\" \/>\n<meta property=\"og:title\" content=\"Terms &amp; Conditions - YOUCAT\" \/>\n<meta property=\"og:description\" content=\"Terms &amp; Conditions 1. General (1) The following general terms and conditions apply to all contracts, deliveries and other services of the company YOUCAT Foundation gemeinn\u00fctzige GmbH, Bischof-Kindermann-Str. 23, 61462 K\u00f6nigstein im Taunus, (hereinafter: YOUCAT), towards its customers. The version of the General Terms and Conditions valid at the time of the order shall always&hellip;\" \/>\n<meta property=\"og:url\" content=\"https:\/\/youcat.dev\/pl\/terms-and-conditions\/\" \/>\n<meta property=\"og:site_name\" content=\"YOUCAT\" \/>\n<meta property=\"article:modified_time\" content=\"2023-07-24T11:20:14+00:00\" \/>\n<meta name=\"twitter:card\" content=\"summary_large_image\" \/>\n<meta name=\"twitter:label1\" content=\"Szacowany czas czytania\" \/>\n\t<meta name=\"twitter:data1\" content=\"1 minuta\" \/>\n<script type=\"application\/ld+json\" class=\"yoast-schema-graph\">{\"@context\":\"https:\/\/schema.org\",\"@graph\":[{\"@type\":\"WebPage\",\"@id\":\"https:\/\/youcat.dev\/terms-and-conditions\/\",\"url\":\"https:\/\/youcat.dev\/terms-and-conditions\/\",\"name\":\"Terms &amp; Conditions - YOUCAT\",\"isPartOf\":{\"@id\":\"https:\/\/youcat.dev\/#website\"},\"datePublished\":\"2023-07-24T04:55:48+00:00\",\"dateModified\":\"2023-07-24T11:20:14+00:00\",\"breadcrumb\":{\"@id\":\"https:\/\/youcat.dev\/terms-and-conditions\/#breadcrumb\"},\"inLanguage\":\"pl-PL\",\"potentialAction\":[{\"@type\":\"ReadAction\",\"target\":[\"https:\/\/youcat.dev\/terms-and-conditions\/\"]}]},{\"@type\":\"BreadcrumbList\",\"@id\":\"https:\/\/youcat.dev\/terms-and-conditions\/#breadcrumb\",\"itemListElement\":[{\"@type\":\"ListItem\",\"position\":1,\"name\":\"\",\"item\":\"https:\/\/youcat.dev\/\"},{\"@type\":\"ListItem\",\"position\":2,\"name\":\"Terms &amp; Conditions\"}]},{\"@type\":\"WebSite\",\"@id\":\"https:\/\/youcat.dev\/#website\",\"url\":\"https:\/\/youcat.dev\/\",\"name\":\"YOUCAT\",\"description\":\"Der Glaube der katholischen Kirche: anschaulich erkl\u00e4rt, innovativ pr\u00e4sentiert, offiziell best\u00e4tigt.\",\"potentialAction\":[{\"@type\":\"SearchAction\",\"target\":{\"@type\":\"EntryPoint\",\"urlTemplate\":\"https:\/\/youcat.dev\/?s={search_term_string}\"},\"query-input\":\"required name=search_term_string\"}],\"inLanguage\":\"pl-PL\"}]}<\/script>\n<!-- \/ Yoast SEO plugin. -->","yoast_head_json":{"title":"Terms &amp; Conditions - YOUCAT","robots":{"index":"noindex","follow":"follow","max-snippet":"max-snippet:-1","max-image-preview":"max-image-preview:large","max-video-preview":"max-video-preview:-1"},"og_locale":"pl_PL","og_type":"article","og_title":"Terms &amp; Conditions - YOUCAT","og_description":"Terms &amp; Conditions 1. General (1) The following general terms and conditions apply to all contracts, deliveries and other services of the company YOUCAT Foundation gemeinn\u00fctzige GmbH, Bischof-Kindermann-Str. 23, 61462 K\u00f6nigstein im Taunus, (hereinafter: YOUCAT), towards its customers. The version of the General Terms and Conditions valid at the time of the order shall always&hellip;","og_url":"https:\/\/youcat.dev\/pl\/terms-and-conditions\/","og_site_name":"YOUCAT","article_modified_time":"2023-07-24T11:20:14+00:00","twitter_card":"summary_large_image","twitter_misc":{"Szacowany czas czytania":"1 minuta"},"schema":{"@context":"https:\/\/schema.org","@graph":[{"@type":"WebPage","@id":"https:\/\/youcat.dev\/terms-and-conditions\/","url":"https:\/\/youcat.dev\/terms-and-conditions\/","name":"Terms &amp; Conditions - YOUCAT","isPartOf":{"@id":"https:\/\/youcat.dev\/#website"},"datePublished":"2023-07-24T04:55:48+00:00","dateModified":"2023-07-24T11:20:14+00:00","breadcrumb":{"@id":"https:\/\/youcat.dev\/terms-and-conditions\/#breadcrumb"},"inLanguage":"pl-PL","potentialAction":[{"@type":"ReadAction","target":["https:\/\/youcat.dev\/terms-and-conditions\/"]}]},{"@type":"BreadcrumbList","@id":"https:\/\/youcat.dev\/terms-and-conditions\/#breadcrumb","itemListElement":[{"@type":"ListItem","position":1,"name":"","item":"https:\/\/youcat.dev\/"},{"@type":"ListItem","position":2,"name":"Terms &amp; Conditions"}]},{"@type":"WebSite","@id":"https:\/\/youcat.dev\/#website","url":"https:\/\/youcat.dev\/","name":"YOUCAT","description":"Der Glaube der katholischen Kirche: anschaulich erkl\u00e4rt, innovativ pr\u00e4sentiert, offiziell best\u00e4tigt.","potentialAction":[{"@type":"SearchAction","target":{"@type":"EntryPoint","urlTemplate":"https:\/\/youcat.dev\/?s={search_term_string}"},"query-input":"required name=search_term_string"}],"inLanguage":"pl-PL"}]}},"_links":{"self":[{"href":"https:\/\/youcat.dev\/pl\/wp-json\/wp\/v2\/pages\/2748"}],"collection":[{"href":"https:\/\/youcat.dev\/pl\/wp-json\/wp\/v2\/pages"}],"about":[{"href":"https:\/\/youcat.dev\/pl\/wp-json\/wp\/v2\/types\/page"}],"author":[{"embeddable":true,"href":"https:\/\/youcat.dev\/pl\/wp-json\/wp\/v2\/users\/8"}],"replies":[{"embeddable":true,"href":"https:\/\/youcat.dev\/pl\/wp-json\/wp\/v2\/comments?post=2748"}],"version-history":[{"count":7,"href":"https:\/\/youcat.dev\/pl\/wp-json\/wp\/v2\/pages\/2748\/revisions"}],"predecessor-version":[{"id":2969,"href":"https:\/\/youcat.dev\/pl\/wp-json\/wp\/v2\/pages\/2748\/revisions\/2969"}],"wp:attachment":[{"href":"https:\/\/youcat.dev\/pl\/wp-json\/wp\/v2\/media?parent=2748"}],"curies":[{"name":"wp","href":"https:\/\/api.w.org\/{rel}","templated":true}]}}