{"id":2757,"date":"2023-07-24T06:04:08","date_gmt":"2023-07-24T05:04:08","guid":{"rendered":"https:\/\/youcat.dev\/?page_id=2757"},"modified":"2023-07-24T12:20:31","modified_gmt":"2023-07-24T11:20:31","slug":"disclaimer","status":"publish","type":"page","link":"https:\/\/youcat.dev\/pl\/disclaimer\/","title":{"rendered":"Zrzeczenie si\u0119 praw"},"content":{"rendered":"<span><span><a href=\"https:\/\/youcat.dev\/pl\/\"><span class=\"icon yc-icon-yc-home-filled\"><\/span><\/a><\/span><\/span>\n\t<h1>Zrzeczenie si\u0119 praw<\/h1>\n<h2>Dost\u0119pno\u015b\u0107 strony internetowej<\/h2>\n<p>Dok\u0142adamy wszelkich stara\u0144, aby ta strona internetowa by\u0142a jak najbardziej dost\u0119pna bez zak\u0142\u00f3ce\u0144. Jednak nawet przy nale\u017cytej staranno\u015bci nie mo\u017cna wykluczy\u0107 przestoj\u00f3w. Zastrzegamy sobie r\u00f3wnie\u017c prawo do zmiany lub zaprzestania naszej oferty w dowolnym momencie. Nie mo\u017cemy ponosi\u0107 \u017cadnej odpowiedzialno\u015bci za przerwy lub inne awarie spowodowane przez pliki, kt\u00f3re nie zosta\u0142y utworzone bez b\u0142\u0119d\u00f3w lub formaty, kt\u00f3re nie zosta\u0142y ustrukturyzowane bez b\u0142\u0119d\u00f3w.<\/p>\n<h2>Odpowiedzialno\u015b\u0107 za tre\u015b\u0107<\/h2>\n<p>Tre\u015bci, kt\u00f3re mo\u017cna przywo\u0142a\u0107 na naszych stronach internetowych, s\u0105 przygotowywane z najwy\u017csz\u0105 staranno\u015bci\u0105. S\u0142u\u017c\u0105 one jednak jedynie do og\u00f3lnych informacji, a nie jako porady w konkretnych przypadkach. Dok\u0142adamy wszelkich stara\u0144, aby wszystkie informacje i dane zawarte w serwisie by\u0142y prawid\u0142owe i aktualne, zgodnie z \u00a7 7 ust. 1 TMG. Nie gwarantujemy jednak poprawno\u015bci, kompletno\u015bci i aktualno\u015bci podanych informacji i danych. Odpowiedzialno\u015b\u0107 za tre\u015b\u0107 mo\u017cliwych do odzyskania informacji jest wykluczona, chyba \u017ce s\u0105 to dezinformacje celowe lub wynikaj\u0105ce z ra\u017c\u0105cego niedbalstwa. W szczeg\u00f3lno\u015bci zgodnie z \u00a7\u00a7 8 do 10 TMG nie jeste\u015bmy zobowi\u0105zani do monitorowania przekazywanych lub przechowywanych informacji zewn\u0119trznych ani do badania okoliczno\u015bci wskazuj\u0105cych na nielegaln\u0105 dzia\u0142alno\u015b\u0107. Nie ma to wp\u0142ywu na zobowi\u0105zanie do usuni\u0119cia lub zablokowania korzystania z informacji zgodnie z og\u00f3lnymi przepisami. Odpowiedzialno\u015b\u0107 w tym zakresie jest jednak mo\u017cliwa dopiero od momentu powzi\u0119cia wiadomo\u015bci o konkretnym naruszeniu prawa. Gdy tylko dowiemy si\u0119 o takich naruszeniach prawa, natychmiast usuniemy te tre\u015bci.<\/p>\n<p>Tre\u015bci oznaczone imieniem odzwierciedlaj\u0105 opini\u0119 danego autora, a nie zawsze nasz\u0105 opini\u0119. Korzystanie z samej strony internetowej nie tworzy \u017cadnego stosunku umownego mi\u0119dzy u\u017cytkownikiem a YOUCAT.<\/p>\n<h2>Odpowiedzialno\u015b\u0107 za linki<\/h2>\n<p>Nie odpowiadamy za zawarto\u015b\u0107 stron internetowych, do kt\u00f3rych mo\u017cna uzyska\u0107 dost\u0119p za po\u015brednictwem hiper\u0142\u0105cza. Za tre\u015b\u0107 stron, do kt\u00f3rych prowadz\u0105 linki, odpowiadaj\u0105 wy\u0142\u0105cznie ich w\u0142a\u015bciciele. Wyra\u017anie nie przyjmujemy tre\u015bci tych stron internetowych jako naszych w\u0142asnych. Poniewa\u017c hiper\u0142\u0105cza s\u0105 dynamicznymi (\u017cywymi) odno\u015bnikami, nie mo\u017cemy zagwarantowa\u0107 poprawno\u015bci, kompletno\u015bci i dost\u0119pno\u015bci tre\u015bci, nawet je\u015bli sprawdzimy odpowiednio wszystkie zewn\u0119trzne tre\u015bci przy pierwszym po\u0142\u0105czeniu. Kontrola ta obejmuje r\u00f3wnie\u017c dok\u0142adnie to, czy odniesienie powoduje ewentualn\u0105 odpowiedzialno\u015b\u0107 cywiln\u0105 lub karn\u0105. Jednak nie sprawdzamy stale tre\u015bci, do kt\u00f3rych odsy\u0142amy, na naszej stronie internetowej pod k\u0105tem zmian, kt\u00f3re mog\u0105 spowodowa\u0107 now\u0105 odpowiedzialno\u015b\u0107. Je\u015bli ustalimy lub zostaniemy poinformowani przez inne osoby, \u017ce konkretna oferta, do kt\u00f3rej zamie\u015bcili\u015bmy link, poci\u0105ga za sob\u0105 odpowiedzialno\u015b\u0107 cywiln\u0105 lub karn\u0105, natychmiast usuniemy odniesienie do tej oferty.<\/p>\n<h2>Prawo autorskie<\/h2>\n<p>Wszystkie tre\u015bci, dzie\u0142a i struktury na tych stronach internetowych podlegaj\u0105 niemieckiemu prawu autorskiemu i dodatkowemu prawu autorskiemu. Publikacja w sieci WWW lub innych us\u0142ugach internetowych nie stanowi o\u015bwiadczenia o wyra\u017ceniu zgody na jakiekolwiek inne wykorzystanie przez osoby trzecie. Raczej powielanie, edycja, rozpowszechnianie i wszelkiego rodzaju wykorzystywanie poza granicami praw autorskich wymaga pisemnej zgody odpowiedniego autora lub posiadacza praw. Kopie tych stron s\u0105 dozwolone wy\u0142\u0105cznie do u\u017cytku prywatnego, ale nie do cel\u00f3w komercyjnych.<\/p>\n<p>O ile tre\u015bci na tej stronie nie zosta\u0142y stworzone przez operatora, przestrzegane s\u0105 prawa autorskie os\u00f3b trzecich, w szczeg\u00f3lno\u015bci tre\u015bci os\u00f3b trzecich s\u0105 jako takie oznaczone. Je\u015bli mimo wszystko dowiesz si\u0119 o naruszeniu praw autorskich, poinformuj nas o tym. Oczywi\u015bcie usuniemy takie tre\u015bci natychmiast po uzyskaniu informacji o jakichkolwiek naruszeniach prawa.<\/p>\n<p>Prywatno\u015b\u0107 <a href=\"https:\/\/youcat.dev\/pl\/privacy\/\">Kliknij tutaj, aby zapozna\u0107 si\u0119 z polityk\u0105 prywatno\u015bci<\/a><\/p>","protected":false},"excerpt":{"rendered":"<p>Disclaimer Availability of the website We make every effort to keep this website as accessible as possible without interruption. However, even with all due care, downtimes cannot be ruled out. We also reserve the right to change or discontinue our offer at any time. We cannot accept any liability for interruptions or other malfunctions caused&hellip;<\/p>","protected":false},"author":8,"featured_media":0,"parent":0,"menu_order":0,"comment_status":"closed","ping_status":"closed","template":"","meta":{"_acf_changed":false,"inline_featured_image":false,"footnotes":""},"acf":[],"yoast_head":"<!-- This site is optimized with the Yoast SEO plugin v22.5 - https:\/\/yoast.com\/wordpress\/plugins\/seo\/ -->\n<title>Disclaimer - YOUCAT<\/title>\n<meta name=\"robots\" content=\"noindex, follow, max-snippet:-1, max-image-preview:large, max-video-preview:-1\" \/>\n<meta property=\"og:locale\" content=\"pl_PL\" \/>\n<meta property=\"og:type\" content=\"article\" \/>\n<meta property=\"og:title\" content=\"Disclaimer - YOUCAT\" \/>\n<meta property=\"og:description\" content=\"Disclaimer Availability of the website We make every effort to keep this website as accessible as possible without interruption. However, even with all due care, downtimes cannot be ruled out. We also reserve the right to change or discontinue our offer at any time. We cannot accept any liability for interruptions or other malfunctions caused&hellip;\" \/>\n<meta property=\"og:url\" content=\"https:\/\/youcat.dev\/pl\/disclaimer\/\" \/>\n<meta property=\"og:site_name\" content=\"YOUCAT\" \/>\n<meta property=\"article:modified_time\" content=\"2023-07-24T11:20:31+00:00\" \/>\n<meta name=\"twitter:card\" content=\"summary_large_image\" \/>\n<meta name=\"twitter:label1\" content=\"Szacowany czas czytania\" \/>\n\t<meta name=\"twitter:data1\" content=\"1 minuta\" \/>\n<script type=\"application\/ld+json\" class=\"yoast-schema-graph\">{\"@context\":\"https:\/\/schema.org\",\"@graph\":[{\"@type\":\"WebPage\",\"@id\":\"https:\/\/youcat.dev\/disclaimer\/\",\"url\":\"https:\/\/youcat.dev\/disclaimer\/\",\"name\":\"Disclaimer - YOUCAT\",\"isPartOf\":{\"@id\":\"https:\/\/youcat.dev\/#website\"},\"datePublished\":\"2023-07-24T05:04:08+00:00\",\"dateModified\":\"2023-07-24T11:20:31+00:00\",\"breadcrumb\":{\"@id\":\"https:\/\/youcat.dev\/disclaimer\/#breadcrumb\"},\"inLanguage\":\"pl-PL\",\"potentialAction\":[{\"@type\":\"ReadAction\",\"target\":[\"https:\/\/youcat.dev\/disclaimer\/\"]}]},{\"@type\":\"BreadcrumbList\",\"@id\":\"https:\/\/youcat.dev\/disclaimer\/#breadcrumb\",\"itemListElement\":[{\"@type\":\"ListItem\",\"position\":1,\"name\":\"\",\"item\":\"https:\/\/youcat.dev\/\"},{\"@type\":\"ListItem\",\"position\":2,\"name\":\"Disclaimer\"}]},{\"@type\":\"WebSite\",\"@id\":\"https:\/\/youcat.dev\/#website\",\"url\":\"https:\/\/youcat.dev\/\",\"name\":\"YOUCAT\",\"description\":\"Der Glaube der katholischen Kirche: anschaulich erkl\u00e4rt, innovativ pr\u00e4sentiert, offiziell best\u00e4tigt.\",\"potentialAction\":[{\"@type\":\"SearchAction\",\"target\":{\"@type\":\"EntryPoint\",\"urlTemplate\":\"https:\/\/youcat.dev\/?s={search_term_string}\"},\"query-input\":\"required name=search_term_string\"}],\"inLanguage\":\"pl-PL\"}]}<\/script>\n<!-- \/ Yoast SEO plugin. -->","yoast_head_json":{"title":"Disclaimer - YOUCAT","robots":{"index":"noindex","follow":"follow","max-snippet":"max-snippet:-1","max-image-preview":"max-image-preview:large","max-video-preview":"max-video-preview:-1"},"og_locale":"pl_PL","og_type":"article","og_title":"Disclaimer - YOUCAT","og_description":"Disclaimer Availability of the website We make every effort to keep this website as accessible as possible without interruption. However, even with all due care, downtimes cannot be ruled out. We also reserve the right to change or discontinue our offer at any time. We cannot accept any liability for interruptions or other malfunctions caused&hellip;","og_url":"https:\/\/youcat.dev\/pl\/disclaimer\/","og_site_name":"YOUCAT","article_modified_time":"2023-07-24T11:20:31+00:00","twitter_card":"summary_large_image","twitter_misc":{"Szacowany czas czytania":"1 minuta"},"schema":{"@context":"https:\/\/schema.org","@graph":[{"@type":"WebPage","@id":"https:\/\/youcat.dev\/disclaimer\/","url":"https:\/\/youcat.dev\/disclaimer\/","name":"Disclaimer - YOUCAT","isPartOf":{"@id":"https:\/\/youcat.dev\/#website"},"datePublished":"2023-07-24T05:04:08+00:00","dateModified":"2023-07-24T11:20:31+00:00","breadcrumb":{"@id":"https:\/\/youcat.dev\/disclaimer\/#breadcrumb"},"inLanguage":"pl-PL","potentialAction":[{"@type":"ReadAction","target":["https:\/\/youcat.dev\/disclaimer\/"]}]},{"@type":"BreadcrumbList","@id":"https:\/\/youcat.dev\/disclaimer\/#breadcrumb","itemListElement":[{"@type":"ListItem","position":1,"name":"","item":"https:\/\/youcat.dev\/"},{"@type":"ListItem","position":2,"name":"Disclaimer"}]},{"@type":"WebSite","@id":"https:\/\/youcat.dev\/#website","url":"https:\/\/youcat.dev\/","name":"YOUCAT","description":"Der Glaube der katholischen Kirche: anschaulich erkl\u00e4rt, innovativ pr\u00e4sentiert, offiziell best\u00e4tigt.","potentialAction":[{"@type":"SearchAction","target":{"@type":"EntryPoint","urlTemplate":"https:\/\/youcat.dev\/?s={search_term_string}"},"query-input":"required name=search_term_string"}],"inLanguage":"pl-PL"}]}},"_links":{"self":[{"href":"https:\/\/youcat.dev\/pl\/wp-json\/wp\/v2\/pages\/2757"}],"collection":[{"href":"https:\/\/youcat.dev\/pl\/wp-json\/wp\/v2\/pages"}],"about":[{"href":"https:\/\/youcat.dev\/pl\/wp-json\/wp\/v2\/types\/page"}],"author":[{"embeddable":true,"href":"https:\/\/youcat.dev\/pl\/wp-json\/wp\/v2\/users\/8"}],"replies":[{"embeddable":true,"href":"https:\/\/youcat.dev\/pl\/wp-json\/wp\/v2\/comments?post=2757"}],"version-history":[{"count":5,"href":"https:\/\/youcat.dev\/pl\/wp-json\/wp\/v2\/pages\/2757\/revisions"}],"predecessor-version":[{"id":2970,"href":"https:\/\/youcat.dev\/pl\/wp-json\/wp\/v2\/pages\/2757\/revisions\/2970"}],"wp:attachment":[{"href":"https:\/\/youcat.dev\/pl\/wp-json\/wp\/v2\/media?parent=2757"}],"curies":[{"name":"wp","href":"https:\/\/api.w.org\/{rel}","templated":true}]}}