{"id":3161,"date":"2023-07-25T19:02:22","date_gmt":"2023-07-25T18:02:22","guid":{"rendered":"https:\/\/youcat.dev\/?page_id=3161"},"modified":"2023-07-30T20:00:32","modified_gmt":"2023-07-30T19:00:32","slug":"newsletter","status":"publish","type":"page","link":"https:\/\/youcat.dev\/pl\/newsletter\/","title":{"rendered":"Newsletter"},"content":{"rendered":"<span><span><a href=\"https:\/\/youcat.dev\/pl\/\"><span class=\"icon yc-icon-yc-home-filled\"><\/span><\/a><\/span><\/span>\n\t<h1>Zapisz si\u0119 do naszego newslettera i b\u0105d\u017a na bie\u017c\u0105co ze wszystkimi nowo\u015bciami dotycz\u0105cymi YOUCAT.<\/h1>\n<ul>\n<li>Artyku\u0142y z fundacji YOUCAT.<\/li>\n<li>Zach\u0119caj\u0105ce fragmenty Biblii.<\/li>\n<li>Nowe artyku\u0142y na interesuj\u0105ce tematy.<\/li>\n<li>Darmowe materia\u0142y bonusowe.<\/li>\n<li class=\" translation-block\"><strong> Wskaz\u00f3wki<\/strong> dotycz\u0105ce pracy z naszymi ksi\u0105\u017ckami.<\/li>\n<li>Modlitwy i mo\u017cliwo\u015b\u0107 przesy\u0142ania pr\u00f3\u015bb o modlitw\u0119 za Ciebie i Twoich bliskich. Chcieliby\u015bmy, aby\u015b wype\u0142ni\u0142 poni\u017cszy formularz, aby\u015bmy mogli doda\u0107 Ci\u0119 do naszej listy przyjaci\u00f3\u0142 i subskrybent\u00f3w.<\/li>\n<\/ul>\n\t<h2>Register now!<\/h2>\n\t<form action=\"https:\/\/youcat.us16.list-manage.com\/subscribe\/post?u=9456a0b431f9cd4ed1bf21863&#038;id=2e0eb241b4\" method=\"post\" id=\"mc-embedded-subscribe-form\" name=\"mc-embedded-subscribe-form\" target=\"_blank\" data-trp-original-action=\"https:\/\/youcat.us16.list-manage.com\/subscribe\/post?u=9456a0b431f9cd4ed1bf21863&amp;id=2e0eb241b4\">\n            <input placeholder=\"First Name\" type=\"text\" value=\"\" name=\"FNAME\" id=\"mce-FNAME\" required=\"\"\/>\n            <input placeholder=\"Last Name\" type=\"text\" value=\"\" name=\"LNAME\" id=\"mce-LNAME\" required=\"\"\/>\n            <input placeholder=\"Email\" type=\"email\" value=\"\" name=\"EMAIL\" id=\"mce-EMAIL\" required=\"\"\/>\n            <select name=\"LANGUAGE\" id=\"mce-group[6843]\" required=\"\">\n                <option value=\"\" selected=\"\" disabled=\"\" hidden=\"\">Language &#8230;<\/option>\n                <option value=\"English\">Language: English<\/option>\n                <option value=\"French\">Langue: Fran\u00e7ais<\/option>\n                <option value=\"German\">Sprache: Deutsch<\/option>\n                <option value=\"Polish\">J\u0119zyk: Polski<\/option>\n                <option value=\"Portuguese\">Langue: Portugais<\/option>\n                <option value=\"Spanish\">Idioma: Espa\u00f1ol<\/option>\n            <\/select>\n            <label for=\"gdpr_27931\">\n                <input type=\"checkbox\" id=\"gdpr_27931\" name=\"gdpr[27931]\" value=\"Y\" required=\"\"\/>\n                Chcia\u0142bym otrzymywa\u0107 newsletter YOUCAT i zaakceptuj\u0119 warunki <a href=\"https:\/\/youcat.dev\/pl\/privacy\/\">Data protection conditions<\/a>. W ka\u017cdej chwili mog\u0119 zrezygnowa\u0107 z newslettera klikaj\u0105c na link w stopce e-maila.\n            <\/label>\n            <input type=\"submit\" value=\"Zapisz si\u0119 teraz\" name=\"subscribe\" id=\"mc-embedded-subscribe\"\/>\n<input type=\"hidden\" name=\"trp-form-language\" value=\"pl\"\/><\/form>\n\t\t\t\t<img loading=\"lazy\" decoding=\"async\" src=\"https:\/\/youcat.dev\/wp-content\/uploads\/2023\/07\/yc-arrow-to-right.svg\" alt=\"yc-arrow-to-right\" itemprop=\"image\" height=\"86\" width=\"567\" title=\"yc-arrow-to-right\" onerror=\"this.style.display='none'\"  \/>\n\t\t\t\t<img loading=\"lazy\" decoding=\"async\" src=\"https:\/\/youcat.dev\/wp-content\/uploads\/2023\/07\/yc-arrow-to-left.svg\" alt=\"yc-arrow-to-left\" itemprop=\"image\" height=\"86\" width=\"567\" title=\"yc-arrow-to-left\" onerror=\"this.style.display='none'\"  \/>\n\t\t\t\t<img loading=\"lazy\" decoding=\"async\" src=\"https:\/\/youcat.dev\/wp-content\/uploads\/2023\/07\/youcat-dialogical-catechesis-featured.webp\" alt=\"youcat-dialogical-catechesis-featured\" itemprop=\"image\" height=\"733\" width=\"460\" title=\"youcat-dialogical-catechesis-featured\" onerror=\"this.style.display='none'\"  \/>\n\t<p>Nowo\u015b\u0107<\/p>\n\t<h2><strong>Katecheza dialogowana<\/strong><\/h2>\n<p>An Innovative Concept for Practice<\/p>\n\t\t\t<a href=\"https:\/\/youcat.dev\/pl\/products\/katecheza-dialogowana\/\" target=\"_self\" rel=\"noopener\">\n\t\t\t\t\t\t\tZam\u00f3w wcze\u015bniej\n\t\t\t<\/a>","protected":false},"excerpt":{"rendered":"<p>Subscribe to our newsletter and stay updated with all the news around YOUCAT. Insides from the YOUCAT Foundation. Encouraging Bible passages. New articles on exciting topics. Free additional materials. Tips on working with our books. Prayers and the possibility to request prayers for you and your beloved ones. We would be happy if you could&hellip;<\/p>","protected":false},"author":6,"featured_media":0,"parent":0,"menu_order":0,"comment_status":"closed","ping_status":"closed","template":"","meta":{"_acf_changed":false,"inline_featured_image":false,"footnotes":""},"acf":[],"yoast_head":"<!-- This site is optimized with the Yoast SEO plugin v22.5 - https:\/\/yoast.com\/wordpress\/plugins\/seo\/ -->\n<title>Newsletter - YOUCAT<\/title>\n<meta name=\"robots\" content=\"noindex, follow, max-snippet:-1, max-image-preview:large, max-video-preview:-1\" \/>\n<meta property=\"og:locale\" content=\"pl_PL\" \/>\n<meta property=\"og:type\" content=\"article\" \/>\n<meta property=\"og:title\" content=\"Newsletter - YOUCAT\" \/>\n<meta property=\"og:description\" content=\"Subscribe to our newsletter and stay updated with all the news around YOUCAT. Insides from the YOUCAT Foundation. Encouraging Bible passages. New articles on exciting topics. Free additional materials. Tips on working with our books. Prayers and the possibility to request prayers for you and your beloved ones. We would be happy if you could&hellip;\" \/>\n<meta property=\"og:url\" content=\"https:\/\/youcat.dev\/pl\/newsletter\/\" \/>\n<meta property=\"og:site_name\" content=\"YOUCAT\" \/>\n<meta property=\"article:modified_time\" content=\"2023-07-30T19:00:32+00:00\" \/>\n<meta property=\"og:image\" content=\"https:\/\/youcat.dev\/wp-content\/uploads\/2023\/07\/yc-arrow-to-right.svg\" \/>\n<meta name=\"twitter:card\" content=\"summary_large_image\" \/>\n<meta name=\"twitter:label1\" content=\"Szacowany czas czytania\" \/>\n\t<meta name=\"twitter:data1\" content=\"1 minuta\" \/>\n<script type=\"application\/ld+json\" class=\"yoast-schema-graph\">{\"@context\":\"https:\/\/schema.org\",\"@graph\":[{\"@type\":\"WebPage\",\"@id\":\"https:\/\/youcat.dev\/newsletter\/\",\"url\":\"https:\/\/youcat.dev\/newsletter\/\",\"name\":\"Newsletter - YOUCAT\",\"isPartOf\":{\"@id\":\"https:\/\/youcat.dev\/#website\"},\"primaryImageOfPage\":{\"@id\":\"https:\/\/youcat.dev\/newsletter\/#primaryimage\"},\"image\":{\"@id\":\"https:\/\/youcat.dev\/newsletter\/#primaryimage\"},\"thumbnailUrl\":\"https:\/\/youcat.dev\/wp-content\/uploads\/2023\/07\/yc-arrow-to-right.svg\",\"datePublished\":\"2023-07-25T18:02:22+00:00\",\"dateModified\":\"2023-07-30T19:00:32+00:00\",\"breadcrumb\":{\"@id\":\"https:\/\/youcat.dev\/newsletter\/#breadcrumb\"},\"inLanguage\":\"pl-PL\",\"potentialAction\":[{\"@type\":\"ReadAction\",\"target\":[\"https:\/\/youcat.dev\/newsletter\/\"]}]},{\"@type\":\"ImageObject\",\"inLanguage\":\"pl-PL\",\"@id\":\"https:\/\/youcat.dev\/newsletter\/#primaryimage\",\"url\":\"https:\/\/youcat.dev\/wp-content\/uploads\/2023\/07\/yc-arrow-to-right.svg\",\"contentUrl\":\"https:\/\/youcat.dev\/wp-content\/uploads\/2023\/07\/yc-arrow-to-right.svg\"},{\"@type\":\"BreadcrumbList\",\"@id\":\"https:\/\/youcat.dev\/newsletter\/#breadcrumb\",\"itemListElement\":[{\"@type\":\"ListItem\",\"position\":1,\"name\":\"\",\"item\":\"https:\/\/youcat.dev\/\"},{\"@type\":\"ListItem\",\"position\":2,\"name\":\"Newsletter\"}]},{\"@type\":\"WebSite\",\"@id\":\"https:\/\/youcat.dev\/#website\",\"url\":\"https:\/\/youcat.dev\/\",\"name\":\"YOUCAT\",\"description\":\"Der Glaube der katholischen Kirche: anschaulich erkl\u00e4rt, innovativ pr\u00e4sentiert, offiziell best\u00e4tigt.\",\"potentialAction\":[{\"@type\":\"SearchAction\",\"target\":{\"@type\":\"EntryPoint\",\"urlTemplate\":\"https:\/\/youcat.dev\/?s={search_term_string}\"},\"query-input\":\"required name=search_term_string\"}],\"inLanguage\":\"pl-PL\"}]}<\/script>\n<!-- \/ Yoast SEO plugin. -->","yoast_head_json":{"title":"Newsletter - YOUCAT","robots":{"index":"noindex","follow":"follow","max-snippet":"max-snippet:-1","max-image-preview":"max-image-preview:large","max-video-preview":"max-video-preview:-1"},"og_locale":"pl_PL","og_type":"article","og_title":"Newsletter - YOUCAT","og_description":"Subscribe to our newsletter and stay updated with all the news around YOUCAT. Insides from the YOUCAT Foundation. Encouraging Bible passages. New articles on exciting topics. Free additional materials. Tips on working with our books. Prayers and the possibility to request prayers for you and your beloved ones. We would be happy if you could&hellip;","og_url":"https:\/\/youcat.dev\/pl\/newsletter\/","og_site_name":"YOUCAT","article_modified_time":"2023-07-30T19:00:32+00:00","og_image":[{"url":"https:\/\/youcat.dev\/wp-content\/uploads\/2023\/07\/yc-arrow-to-right.svg"}],"twitter_card":"summary_large_image","twitter_misc":{"Szacowany czas czytania":"1 minuta"},"schema":{"@context":"https:\/\/schema.org","@graph":[{"@type":"WebPage","@id":"https:\/\/youcat.dev\/newsletter\/","url":"https:\/\/youcat.dev\/newsletter\/","name":"Newsletter - YOUCAT","isPartOf":{"@id":"https:\/\/youcat.dev\/#website"},"primaryImageOfPage":{"@id":"https:\/\/youcat.dev\/newsletter\/#primaryimage"},"image":{"@id":"https:\/\/youcat.dev\/newsletter\/#primaryimage"},"thumbnailUrl":"https:\/\/youcat.dev\/wp-content\/uploads\/2023\/07\/yc-arrow-to-right.svg","datePublished":"2023-07-25T18:02:22+00:00","dateModified":"2023-07-30T19:00:32+00:00","breadcrumb":{"@id":"https:\/\/youcat.dev\/newsletter\/#breadcrumb"},"inLanguage":"pl-PL","potentialAction":[{"@type":"ReadAction","target":["https:\/\/youcat.dev\/newsletter\/"]}]},{"@type":"ImageObject","inLanguage":"pl-PL","@id":"https:\/\/youcat.dev\/newsletter\/#primaryimage","url":"https:\/\/youcat.dev\/wp-content\/uploads\/2023\/07\/yc-arrow-to-right.svg","contentUrl":"https:\/\/youcat.dev\/wp-content\/uploads\/2023\/07\/yc-arrow-to-right.svg"},{"@type":"BreadcrumbList","@id":"https:\/\/youcat.dev\/newsletter\/#breadcrumb","itemListElement":[{"@type":"ListItem","position":1,"name":"","item":"https:\/\/youcat.dev\/"},{"@type":"ListItem","position":2,"name":"Newsletter"}]},{"@type":"WebSite","@id":"https:\/\/youcat.dev\/#website","url":"https:\/\/youcat.dev\/","name":"YOUCAT","description":"Der Glaube der katholischen Kirche: anschaulich erkl\u00e4rt, innovativ pr\u00e4sentiert, offiziell best\u00e4tigt.","potentialAction":[{"@type":"SearchAction","target":{"@type":"EntryPoint","urlTemplate":"https:\/\/youcat.dev\/?s={search_term_string}"},"query-input":"required name=search_term_string"}],"inLanguage":"pl-PL"}]}},"_links":{"self":[{"href":"https:\/\/youcat.dev\/pl\/wp-json\/wp\/v2\/pages\/3161"}],"collection":[{"href":"https:\/\/youcat.dev\/pl\/wp-json\/wp\/v2\/pages"}],"about":[{"href":"https:\/\/youcat.dev\/pl\/wp-json\/wp\/v2\/types\/page"}],"author":[{"embeddable":true,"href":"https:\/\/youcat.dev\/pl\/wp-json\/wp\/v2\/users\/6"}],"replies":[{"embeddable":true,"href":"https:\/\/youcat.dev\/pl\/wp-json\/wp\/v2\/comments?post=3161"}],"version-history":[{"count":9,"href":"https:\/\/youcat.dev\/pl\/wp-json\/wp\/v2\/pages\/3161\/revisions"}],"predecessor-version":[{"id":3236,"href":"https:\/\/youcat.dev\/pl\/wp-json\/wp\/v2\/pages\/3161\/revisions\/3236"}],"wp:attachment":[{"href":"https:\/\/youcat.dev\/pl\/wp-json\/wp\/v2\/media?parent=3161"}],"curies":[{"name":"wp","href":"https:\/\/api.w.org\/{rel}","templated":true}]}}