{"id":36,"date":"2022-02-03T12:29:21","date_gmt":"2022-02-03T12:29:21","guid":{"rendered":"https:\/\/youcat.dev\/?page_id=36"},"modified":"2024-03-27T10:38:29","modified_gmt":"2024-03-27T10:38:29","slug":"startseite","status":"publish","type":"page","link":"https:\/\/youcat.dev\/pl\/","title":{"rendered":"Homepage"},"content":{"rendered":"<img loading=\"lazy\" decoding=\"async\" src=\"https:\/\/youcat.dev\/wp-content\/uploads\/2023\/07\/bildmarke.svg\" alt=\"bildmarke\" itemprop=\"image\" height=\"0\" width=\"0\" title=\"bildmarke\" onerror=\"this.style.display='none'\"  \/>\n\t\t\t\t<img loading=\"lazy\" decoding=\"async\" src=\"https:\/\/youcat.dev\/wp-content\/uploads\/2023\/07\/yc-logo-sw.svg\" alt=\"YOUCAT Logo Black and White\" itemprop=\"image\" height=\"0\" width=\"0\" title=\"yc-logo-sw\" onerror=\"this.style.display='none'\"  \/>\n\t\t\t\t<img loading=\"lazy\" decoding=\"async\" src=\"https:\/\/youcat.dev\/wp-content\/uploads\/2023\/07\/yc-logo.svg\" alt=\"Logo YOUCAT\" itemprop=\"image\" height=\"0\" width=\"0\" title=\"yc-logo\" onerror=\"this.style.display='none'\"  \/>\n\t\t\t\t<img loading=\"lazy\" decoding=\"async\" src=\"https:\/\/youcat.dev\/wp-content\/uploads\/2023\/07\/yc-logo.svg\" alt=\"Logo YOUCAT\" itemprop=\"image\" height=\"0\" width=\"0\" title=\"yc-logo\" onerror=\"this.style.display='none'\"  \/>\n\t\t\t\t<a href=\"https:\/\/youcat.dev\/pl\/youcat-foundation\/\" target=\"_self\" itemprop=\"url\" rel=\"noopener\">\n\t\t\t\t<img loading=\"lazy\" decoding=\"async\" src=\"https:\/\/youcat.dev\/wp-content\/uploads\/2023\/07\/Weltkugel.svg\" alt=\"Weltkugel\" itemprop=\"image\" height=\"506\" width=\"506\" title=\"Weltkugel\" onerror=\"this.style.display='none'\"  \/>\n\t\t\t\t<\/a>\n\t\t<p>Czym jest YOUCAT?<\/p>\n<h1><strong>Wiara Ko\u015bcio\u0142a Katolickiego:<\/strong> obrazowo wyja\u015bniona, innowacyjnie przedstawiona, oficjalnie potwierdzona.<\/h1>\n<p>Nasz\u0105 misj\u0105 jest wydawanie ksi\u0105\u017cek oraz tworzenie produkt\u00f3w cyfrowych w procesach partycypacyjnych, kt\u00f3re umo\u017cliwiaj\u0105 ludziom do\u015bwiadczanie Boga oraz poznawanie skarb\u00f3w wiary i nauczania Ko\u015bcio\u0142a Katolickiego.<\/p>\n\t\t\t<a href=\"https:\/\/youcat.dev\/pl\/youcat-foundation\/\" target=\"_self\" rel=\"noopener\">\n\t\t\t\t\t\t\tDowiedz si\u0119 wi\u0119cej o fundacji YOUCAT\n\t\t\t\t\t<\/a>\n\t\t\t\t<img loading=\"lazy\" decoding=\"async\" src=\"https:\/\/youcat.dev\/wp-content\/uploads\/2023\/07\/yc-arrow-to-right.svg\" alt=\"yc-arrow-to-right\" itemprop=\"image\" height=\"86\" width=\"567\" title=\"yc-arrow-to-right\" onerror=\"this.style.display='none'\"  \/>\n\t\t\t\t<img loading=\"lazy\" decoding=\"async\" src=\"https:\/\/youcat.dev\/wp-content\/uploads\/2023\/07\/yc-arrow-to-left.svg\" alt=\"yc-arrow-to-left\" itemprop=\"image\" height=\"86\" width=\"567\" title=\"yc-arrow-to-left\" onerror=\"this.style.display='none'\"  \/>\n\t\t\t\t<img loading=\"lazy\" decoding=\"async\" src=\"https:\/\/youcat.dev\/wp-content\/uploads\/2023\/07\/youcat-dialogical-catechesis-featured.webp\" alt=\"youcat-dialogical-catechesis-featured\" itemprop=\"image\" height=\"733\" width=\"460\" title=\"youcat-dialogical-catechesis-featured\" onerror=\"this.style.display='none'\"  \/>\n\t<p>Nowo\u015b\u0107<\/p>\n\t<h2><strong>Katecheza dialogowana<\/strong><\/h2>\n<p>An Innovative Concept for Practice<\/p>\n\t\t\t<a href=\"https:\/\/youcat.dev\/pl\/products\/katecheza-dialogowana\/\" target=\"_self\" rel=\"noopener\">\n\t\t\t\t\t\t\tZam\u00f3w teraz\n\t\t\t<\/a>\n\t\t\t<a href=\"https:\/\/youcat.dev\/pl\/products\/\" target=\"_self\" rel=\"noopener\">\n\t\t\t\t\t\t\tPoka\u017c wszystkie ksi\u0105\u017cki\n\t\t\t\t\t<\/a>\n\t<h2><strong>Register now!<\/strong><\/h2>\n<p><strong>Zapisz si\u0119 do naszego newslettera i b\u0105d\u017a na bie\u017c\u0105co ze wszystkimi nowo\u015bciami dotycz\u0105cymi YOUCAT.<\/strong><\/p>\n<ul>\n<li>Artyku\u0142y z fundacji YOUCAT.<\/li>\n<li class=\" translation-block\">Aktualne <strong>promocje<\/strong> i nowo\u015bci wydawnicze<\/li>\n<li>Zach\u0119caj\u0105ce fragmenty Biblii.<\/li>\n<li><strong>Nowe artyku\u0142y<\/strong> na interesuj\u0105ce tematy.<\/li>\n<li><strong>Darmowe materia\u0142y bonusowe.<\/strong><\/li>\n<li class=\" translation-block\"><strong> Wskaz\u00f3wki<\/strong> dotycz\u0105ce pracy z naszymi ksi\u0105\u017ckami.<\/li>\n<li>Modlitwy i mo\u017cliwo\u015b\u0107 przesy\u0142ania pr\u00f3\u015bb o modlitw\u0119 za Ciebie i Twoich bliskich.<\/li>\n<\/ul>\n<p><strong>We are delighted to welcome you to the YOUCAT community!<\/strong><\/p>\n\t<p><strong>YOUCAT Newsletter<\/strong><\/p>\n\t<form action=\"https:\/\/youcat.us16.list-manage.com\/subscribe\/post?u=9456a0b431f9cd4ed1bf21863&#038;id=2e0eb241b4\" method=\"post\" id=\"mc-embedded-subscribe-form\" name=\"mc-embedded-subscribe-form\" target=\"_blank\" data-trp-original-action=\"https:\/\/youcat.us16.list-manage.com\/subscribe\/post?u=9456a0b431f9cd4ed1bf21863&amp;id=2e0eb241b4\">\n            <input placeholder=\"First Name\" type=\"text\" value=\"\" name=\"FNAME\" id=\"mce-FNAME\" required=\"\"\/>\n            <input placeholder=\"Last Name\" type=\"text\" value=\"\" name=\"LNAME\" id=\"mce-LNAME\" required=\"\"\/>\n            <input placeholder=\"Email\" type=\"email\" value=\"\" name=\"EMAIL\" id=\"mce-EMAIL\" required=\"\"\/>\n            <select name=\"LANGUAGE\" id=\"mce-group[6843]\" required=\"\">\n                <option value=\"\" selected=\"\" disabled=\"\" hidden=\"\">Language &#8230;<\/option>\n                <option value=\"English\">Language: English<\/option>\n                <option value=\"French\">Langue: Fran\u00e7ais<\/option>\n                <option value=\"German\">Sprache: Deutsch<\/option>\n                <option value=\"Polish\">J\u0119zyk: Polski<\/option>\n                <option value=\"Portuguese\">Langue: Portugais<\/option>\n                <option value=\"Spanish\">Idioma: Espa\u00f1ol<\/option>\n            <\/select>\n            <label for=\"gdpr_27931\">\n                <input type=\"checkbox\" id=\"gdpr_27931\" name=\"gdpr[27931]\" value=\"Y\" required=\"\"\/>\n                Chcia\u0142bym otrzymywa\u0107 newsletter YOUCAT i zaakceptuj\u0119 warunki <a href=\"https:\/\/youcat.dev\/pl\/privacy\/\">Data protection conditions<\/a>. W ka\u017cdej chwili mog\u0119 zrezygnowa\u0107 z newslettera klikaj\u0105c na link w stopce e-maila.\n            <\/label>\n            <input type=\"submit\" value=\"Register now\" name=\"subscribe\" id=\"mc-embedded-subscribe\"\/>\n<input type=\"hidden\" name=\"trp-form-language\" value=\"pl\"\/><\/form>\n\t\t\t\t<img loading=\"lazy\" decoding=\"async\" src=\"https:\/\/youcat.dev\/wp-content\/uploads\/2023\/07\/youcat-homepage-teaser-bonus.webp\" alt=\"Materia\u0142y dodatkowe\" itemprop=\"image\" height=\"520\" width=\"824\" title=\"youcat-homepage-teaser-bonus\" onerror=\"this.style.display='none'\"  \/>\n\t<h2><strong>Materia\u0142y dodatkowe<\/strong><\/h2>\n<p>Odkrywanie wiary to ekscytuj\u0105ca przygoda. Oferujemy wiele przydatnych materia\u0142\u00f3w.<\/p>\n\t\t\t<a href=\"https:\/\/youcat.dev\/pl\/bonus-material\/\" target=\"_self\" rel=\"noopener\">\n\t\t\t\t\t\t\tMateria\u0142y dodatkowe\n\t\t\t<\/a>\n\t\t\t\t<img loading=\"lazy\" decoding=\"async\" src=\"https:\/\/youcat.dev\/wp-content\/uploads\/2023\/07\/youcat-homepage-teaser-verlag.webp\" alt=\"Wydawcy\" itemprop=\"image\" height=\"520\" width=\"824\" title=\"youcat-homepage-teaser-verlag\" onerror=\"this.style.display='none'\"  \/>\n\t<h2><strong>Wydawca YOUCAT <\/strong><\/h2>\n<p>The YOUCAT foundation is a work of new evangelisation which contributes to the Church&#8217;s worldwide renewal through the charism of &#8216;teaching&#8217;.<\/p>\n\t\t\t<a href=\"https:\/\/youcat.dev\/pl\/publications\/\" target=\"_self\" rel=\"noopener\">\n\t\t\t\t\t\t\tInformacje dla wydawc\u00f3w\n\t\t\t<\/a>\n\t\t\t\t<img loading=\"lazy\" decoding=\"async\" src=\"https:\/\/youcat.dev\/wp-content\/uploads\/2023\/07\/youcat-homepage-teaser-missionary.webp\" alt=\"Missionary Network\" itemprop=\"image\" height=\"520\" width=\"824\" title=\"youcat-homepage-teaser-missionary\" onerror=\"this.style.display='none'\"  \/>\n\t<h2><strong>Missionary Network<\/strong><\/h2>\nSie\u0107 Misyjna YOUCAT to rosn\u0105ca mi\u0119dzynarodowa wsp\u00f3lnota katechist\u00f3w i misjonarzy.<strong><br \/>\n<\/strong>\n\t\t\t<a href=\"https:\/\/youcat.dev\/pl\/missionary-network\/\" target=\"_self\" rel=\"noopener\">\n\t\t\t\t\t\t\tRegister now\n\t\t\t<\/a>\n\t\t\t\t<img loading=\"lazy\" decoding=\"async\" src=\"https:\/\/youcat.dev\/wp-content\/uploads\/2023\/07\/youcat-homepage-teaser-digital.webp\" alt=\"Youcat digital\" itemprop=\"image\" height=\"520\" width=\"824\" title=\"youcat-homepage-teaser-digital\" onerror=\"this.style.display='none'\"  \/>\n\t<h2><strong>YOUCAT Digital<br \/>\n<\/strong><\/h2>\n<p>Odkryj nasze produkty cyfrowe, kt\u00f3re pomog\u0105 ci wzrasta\u0107 w wierze i samemu sta\u0107 si\u0119 misjonarzem.<\/p>\n\t\t\t<a href=\"https:\/\/youcat.dev\/pl\/youcat-digital\/\" target=\"_self\" rel=\"noopener\">\n\t\t\t\t\t\t\tDowiedz si\u0119 wi\u0119cej\n\t\t\t<\/a>","protected":false},"excerpt":{"rendered":"<p>What does YOUCAT stand for? YOUCAT stands for the faith of the Catholic Church: vividly explained, innovatively presented, officially confirmed. The YOUCAT Foundation makes books and develops digital products in participative processes so that people can encounter God and (get to) know and teach the faith treasure of the Catholic Church. Learn more about the&hellip;<\/p>","protected":false},"author":8,"featured_media":0,"parent":0,"menu_order":0,"comment_status":"closed","ping_status":"closed","template":"","meta":{"_acf_changed":false,"inline_featured_image":false,"footnotes":""},"acf":[],"yoast_head":"<!-- This site is optimized with the Yoast SEO plugin v22.5 - https:\/\/yoast.com\/wordpress\/plugins\/seo\/ -->\n<title>Homepage - YOUCAT<\/title>\n<meta name=\"robots\" content=\"noindex, follow, max-snippet:-1, max-image-preview:large, max-video-preview:-1\" \/>\n<meta property=\"og:locale\" content=\"pl_PL\" \/>\n<meta property=\"og:type\" content=\"article\" \/>\n<meta property=\"og:title\" content=\"Homepage - YOUCAT\" \/>\n<meta property=\"og:description\" content=\"What does YOUCAT stand for? YOUCAT stands for the faith of the Catholic Church: vividly explained, innovatively presented, officially confirmed. The YOUCAT Foundation makes books and develops digital products in participative processes so that people can encounter God and (get to) know and teach the faith treasure of the Catholic Church. Learn more about the&hellip;\" \/>\n<meta property=\"og:url\" content=\"https:\/\/youcat.dev\/pl\/\" \/>\n<meta property=\"og:site_name\" content=\"YOUCAT\" \/>\n<meta property=\"article:modified_time\" content=\"2024-03-27T10:38:29+00:00\" \/>\n<meta property=\"og:image\" content=\"https:\/\/youcat.dev\/wp-content\/uploads\/2023\/07\/bildmarke.svg\" \/>\n<meta name=\"twitter:card\" content=\"summary_large_image\" \/>\n<meta name=\"twitter:label1\" content=\"Szacowany czas czytania\" \/>\n\t<meta name=\"twitter:data1\" content=\"5 minut\" \/>\n<script type=\"application\/ld+json\" class=\"yoast-schema-graph\">{\"@context\":\"https:\/\/schema.org\",\"@graph\":[{\"@type\":\"WebPage\",\"@id\":\"https:\/\/youcat.dev\/\",\"url\":\"https:\/\/youcat.dev\/\",\"name\":\"Homepage - YOUCAT\",\"isPartOf\":{\"@id\":\"https:\/\/youcat.dev\/#website\"},\"primaryImageOfPage\":{\"@id\":\"https:\/\/youcat.dev\/#primaryimage\"},\"image\":{\"@id\":\"https:\/\/youcat.dev\/#primaryimage\"},\"thumbnailUrl\":\"https:\/\/youcat.dev\/wp-content\/uploads\/2023\/07\/bildmarke.svg\",\"datePublished\":\"2022-02-03T12:29:21+00:00\",\"dateModified\":\"2024-03-27T10:38:29+00:00\",\"breadcrumb\":{\"@id\":\"https:\/\/youcat.dev\/#breadcrumb\"},\"inLanguage\":\"pl-PL\",\"potentialAction\":[{\"@type\":\"ReadAction\",\"target\":[\"https:\/\/youcat.dev\/\"]}]},{\"@type\":\"ImageObject\",\"inLanguage\":\"pl-PL\",\"@id\":\"https:\/\/youcat.dev\/#primaryimage\",\"url\":\"https:\/\/youcat.dev\/wp-content\/uploads\/2023\/07\/bildmarke.svg\",\"contentUrl\":\"https:\/\/youcat.dev\/wp-content\/uploads\/2023\/07\/bildmarke.svg\"},{\"@type\":\"BreadcrumbList\",\"@id\":\"https:\/\/youcat.dev\/#breadcrumb\",\"itemListElement\":[{\"@type\":\"ListItem\",\"position\":1,\"name\":\"\",\"item\":\"https:\/\/youcat.dev\/\"},{\"@type\":\"ListItem\",\"position\":2,\"name\":\"Homepage\"}]},{\"@type\":\"WebSite\",\"@id\":\"https:\/\/youcat.dev\/#website\",\"url\":\"https:\/\/youcat.dev\/\",\"name\":\"YOUCAT\",\"description\":\"Der Glaube der katholischen Kirche: anschaulich erkl\u00e4rt, innovativ pr\u00e4sentiert, offiziell best\u00e4tigt.\",\"potentialAction\":[{\"@type\":\"SearchAction\",\"target\":{\"@type\":\"EntryPoint\",\"urlTemplate\":\"https:\/\/youcat.dev\/?s={search_term_string}\"},\"query-input\":\"required name=search_term_string\"}],\"inLanguage\":\"pl-PL\"}]}<\/script>\n<!-- \/ Yoast SEO plugin. -->","yoast_head_json":{"title":"Homepage - YOUCAT","robots":{"index":"noindex","follow":"follow","max-snippet":"max-snippet:-1","max-image-preview":"max-image-preview:large","max-video-preview":"max-video-preview:-1"},"og_locale":"pl_PL","og_type":"article","og_title":"Homepage - YOUCAT","og_description":"What does YOUCAT stand for? YOUCAT stands for the faith of the Catholic Church: vividly explained, innovatively presented, officially confirmed. The YOUCAT Foundation makes books and develops digital products in participative processes so that people can encounter God and (get to) know and teach the faith treasure of the Catholic Church. Learn more about the&hellip;","og_url":"https:\/\/youcat.dev\/pl\/","og_site_name":"YOUCAT","article_modified_time":"2024-03-27T10:38:29+00:00","og_image":[{"url":"https:\/\/youcat.dev\/wp-content\/uploads\/2023\/07\/bildmarke.svg"}],"twitter_card":"summary_large_image","twitter_misc":{"Szacowany czas czytania":"5 minut"},"schema":{"@context":"https:\/\/schema.org","@graph":[{"@type":"WebPage","@id":"https:\/\/youcat.dev\/","url":"https:\/\/youcat.dev\/","name":"Homepage - YOUCAT","isPartOf":{"@id":"https:\/\/youcat.dev\/#website"},"primaryImageOfPage":{"@id":"https:\/\/youcat.dev\/#primaryimage"},"image":{"@id":"https:\/\/youcat.dev\/#primaryimage"},"thumbnailUrl":"https:\/\/youcat.dev\/wp-content\/uploads\/2023\/07\/bildmarke.svg","datePublished":"2022-02-03T12:29:21+00:00","dateModified":"2024-03-27T10:38:29+00:00","breadcrumb":{"@id":"https:\/\/youcat.dev\/#breadcrumb"},"inLanguage":"pl-PL","potentialAction":[{"@type":"ReadAction","target":["https:\/\/youcat.dev\/"]}]},{"@type":"ImageObject","inLanguage":"pl-PL","@id":"https:\/\/youcat.dev\/#primaryimage","url":"https:\/\/youcat.dev\/wp-content\/uploads\/2023\/07\/bildmarke.svg","contentUrl":"https:\/\/youcat.dev\/wp-content\/uploads\/2023\/07\/bildmarke.svg"},{"@type":"BreadcrumbList","@id":"https:\/\/youcat.dev\/#breadcrumb","itemListElement":[{"@type":"ListItem","position":1,"name":"","item":"https:\/\/youcat.dev\/"},{"@type":"ListItem","position":2,"name":"Homepage"}]},{"@type":"WebSite","@id":"https:\/\/youcat.dev\/#website","url":"https:\/\/youcat.dev\/","name":"YOUCAT","description":"Der Glaube der katholischen Kirche: anschaulich erkl\u00e4rt, innovativ pr\u00e4sentiert, offiziell best\u00e4tigt.","potentialAction":[{"@type":"SearchAction","target":{"@type":"EntryPoint","urlTemplate":"https:\/\/youcat.dev\/?s={search_term_string}"},"query-input":"required name=search_term_string"}],"inLanguage":"pl-PL"}]}},"_links":{"self":[{"href":"https:\/\/youcat.dev\/pl\/wp-json\/wp\/v2\/pages\/36"}],"collection":[{"href":"https:\/\/youcat.dev\/pl\/wp-json\/wp\/v2\/pages"}],"about":[{"href":"https:\/\/youcat.dev\/pl\/wp-json\/wp\/v2\/types\/page"}],"author":[{"embeddable":true,"href":"https:\/\/youcat.dev\/pl\/wp-json\/wp\/v2\/users\/8"}],"replies":[{"embeddable":true,"href":"https:\/\/youcat.dev\/pl\/wp-json\/wp\/v2\/comments?post=36"}],"version-history":[{"count":166,"href":"https:\/\/youcat.dev\/pl\/wp-json\/wp\/v2\/pages\/36\/revisions"}],"predecessor-version":[{"id":4518,"href":"https:\/\/youcat.dev\/pl\/wp-json\/wp\/v2\/pages\/36\/revisions\/4518"}],"wp:attachment":[{"href":"https:\/\/youcat.dev\/pl\/wp-json\/wp\/v2\/media?parent=36"}],"curies":[{"name":"wp","href":"https:\/\/api.w.org\/{rel}","templated":true}]}}