{"id":4559,"date":"2024-04-23T09:27:52","date_gmt":"2024-04-23T08:27:52","guid":{"rendered":"https:\/\/youcat.dev\/?page_id=4559"},"modified":"2024-05-01T16:34:07","modified_gmt":"2024-05-01T15:34:07","slug":"ask-your-question","status":"publish","type":"page","link":"https:\/\/youcat.dev\/pl\/ask-your-question\/","title":{"rendered":"Ask your Question"},"content":{"rendered":"<h1>Ask your\u00a0Question<\/h1>\n\t<span><span><a href=\"https:\/\/youcat.dev\/pl\/\"><span class=\"icon yc-icon-yc-home-filled\"><\/span><\/a><\/span><\/span>\n\t<h2>Submit your question using the form below<\/h2>\n<p>Please feel free to submit any questions you may have using the form below. We collect every question we receive and may create a credopedia article regarding your question.<\/p>\n\t<div class=\"wpforms-container wpforms-container-full wpforms-render-modern\" id=\"wpforms-4596\"><form id=\"wpforms-form-4596\" class=\"wpforms-validate wpforms-form wpforms-ajax-form\" data-formid=\"4596\" method=\"post\" enctype=\"multipart\/form-data\" action=\"\/pl\/wp-json\/wp\/v2\/pages\/4559\" data-token=\"ef69c71970a61cf3224afb70aa0f422b\" data-token-time=\"1776190794\" data-trp-original-action=\"\/pl\/wp-json\/wp\/v2\/pages\/4559\"><noscript class=\"wpforms-error-noscript\">Aby wype\u0142ni\u0107 ten formularz, w\u0142\u0105cz obs\u0142ug\u0119 JavaScript w przegl\u0105darce.<\/noscript><div class=\"wpforms-hidden\" id=\"wpforms-error-noscript\">Aby wype\u0142ni\u0107 ten formularz, w\u0142\u0105cz obs\u0142ug\u0119 JavaScript w przegl\u0105darce.<\/div><div class=\"wpforms-field-container\"><div id=\"wpforms-4596-field_1-container\" class=\"wpforms-field wpforms-field-text\" data-field-id=\"1\"><label class=\"wpforms-field-label wpforms-label-hide\" for=\"wpforms-4596-field_1\" aria-hidden=\"false\">Your name<\/label><input type=\"text\" id=\"wpforms-4596-field_1\" class=\"wpforms-field-large\" name=\"wpforms[fields][1]\" placeholder=\"Your name\" aria-errormessage=\"wpforms-4596-field_1-error\" ><\/div><div id=\"wpforms-4596-field_6-container\" class=\"wpforms-field wpforms-field-email\" data-field-id=\"6\"><label class=\"wpforms-field-label wpforms-label-hide\" for=\"wpforms-4596-field_6\" aria-hidden=\"false\">Your Mail Adress<\/label><input type=\"email\" id=\"wpforms-4596-field_6\" class=\"wpforms-field-medium\" name=\"wpforms[fields][6]\" placeholder=\"Your E-Mail Adress\" spellcheck=\"false\" aria-errormessage=\"wpforms-4596-field_6-error\" ><\/div><div id=\"wpforms-4596-field_3-container\" class=\"wpforms-field wpforms-field-textarea\" data-field-id=\"3\"><label class=\"wpforms-field-label wpforms-label-hide\" for=\"wpforms-4596-field_3\" aria-hidden=\"false\">Your Question <span class=\"wpforms-required-label\" aria-hidden=\"true\">*<\/span><\/label><textarea id=\"wpforms-4596-field_3\" class=\"wpforms-field-large wpforms-field-required\" name=\"wpforms[fields][3]\" placeholder=\"Send us your question here\" aria-errormessage=\"wpforms-4596-field_3-error\" required><\/textarea><\/div><div id=\"wpforms-4596-field_5-container\" class=\"wpforms-field wpforms-field-gdpr-checkbox\" data-field-id=\"5\"><label class=\"wpforms-field-label wpforms-label-hide\" aria-hidden=\"false\">GDPR Agreement <span class=\"wpforms-required-label\" aria-hidden=\"true\">*<\/span><\/label><ul id=\"wpforms-4596-field_5\" class=\"wpforms-field-required\"><li class=\"choice-1\"><input type=\"checkbox\" id=\"wpforms-4596-field_5_1\" name=\"wpforms[fields][5][]\" value=\"I have read and accept the &lt;a href=&quot;\/privacy&quot; target=&quot;_blank&quot;&gt;data protection conditions&lt;\/a&gt;.\" aria-errormessage=\"wpforms-4596-field_5_1-error\" required><label class=\"wpforms-field-label-inline\" for=\"wpforms-4596-field_5_1\">I have read and accept the <a href=\"https:\/\/youcat.dev\/pl\/privacy\/\" target=\"_blank\">data protection conditions<\/a>. <span class=\"wpforms-required-label\" aria-hidden=\"true\">*<\/span><\/label><\/li><\/ul><\/div><\/div><!-- .wpforms-field-container --><div class=\"wpforms-recaptcha-container wpforms-is-hcaptcha\" >\t\t<input\n\t\t\t\ttype=\"hidden\"\n\t\t\t\tclass=\"hcaptcha-widget-id\"\n\t\t\t\tname=\"hcaptcha-widget-id\"\n\t\t\t\tvalue=\"eyJzb3VyY2UiOlsid3Bmb3Jtc1wvd3Bmb3Jtcy5waHAiLCJ3cGZvcm1zLWxpdGVcL3dwZm9ybXMucGhwIl0sImZvcm1faWQiOjQ1OTZ9-2786c323cbe7591595388cc51c542151\">\n\t\t\t\t<div\n\t\t\tclass=\"h-captcha\"\n\t\t\tdata-sitekey=\"4c3eb62b-7cbf-424d-880a-d27150aa86cf\"\n\t\t\tdata-theme=\"light\"\n\t\t\tdata-size=\"normal\"\n\t\t\tdata-auto=\"false\"\n\t\t\tdata-force=\"false\">\n\t\t<\/div>\n\t\t<input type=\"hidden\" id=\"hcaptcha_wpforms_nonce\" name=\"hcaptcha_wpforms_nonce\" value=\"a804835c21\" \/><input type=\"hidden\" name=\"_wp_http_referer\" value=\"\/pl\/wp-json\/wp\/v2\/pages\/4559\" \/><\/div><div class=\"wpforms-submit-container\" ><input type=\"hidden\" name=\"wpforms[id]\" value=\"4596\"><input type=\"hidden\" name=\"page_title\" value=\"\"><input type=\"hidden\" name=\"page_url\" value=\"https:\/\/youcat.dev\/pl\/wp-json\/wp\/v2\/pages\/4559\"><button type=\"submit\" name=\"wpforms[submit]\" id=\"wpforms-submit-4596\" class=\"wpforms-submit\" data-alt-text=\"Sending...\" data-submit-text=\"Send Question\" aria-live=\"assertive\" value=\"wpforms-submit\">Send Question<\/button><img loading=\"lazy\" decoding=\"async\" src=\"https:\/\/youcat.dev\/wp-content\/plugins\/wpforms\/assets\/images\/submit-spin.svg\" class=\"wpforms-submit-spinner\" style=\"display: none;\" width=\"26\" height=\"26\" alt=\"Wczytywanie\"><\/div><input type=\"hidden\" name=\"trp-form-language\" value=\"pl\"\/><\/form><\/div>  <!-- .wpforms-container -->","protected":false},"excerpt":{"rendered":"<p>Ask your\u00a0Question Submit your question using the form below Please feel free to submit any questions you may have using the form below. We collect every question we receive and may create a credopedia article regarding your question.<\/p>","protected":false},"author":7,"featured_media":0,"parent":0,"menu_order":0,"comment_status":"closed","ping_status":"closed","template":"","meta":{"_acf_changed":false,"inline_featured_image":false,"footnotes":""},"acf":[],"yoast_head":"<!-- This site is optimized with the Yoast SEO plugin v22.5 - https:\/\/yoast.com\/wordpress\/plugins\/seo\/ -->\n<title>Ask your Question - YOUCAT<\/title>\n<meta name=\"robots\" content=\"noindex, follow, max-snippet:-1, max-image-preview:large, max-video-preview:-1\" \/>\n<meta property=\"og:locale\" content=\"pl_PL\" \/>\n<meta property=\"og:type\" content=\"article\" \/>\n<meta property=\"og:title\" content=\"Ask your Question - YOUCAT\" \/>\n<meta property=\"og:description\" content=\"Ask your\u00a0Question Submit your question using the form below Please feel free to submit any questions you may have using the form below. We collect every question we receive and may create a credopedia article regarding your question.\" \/>\n<meta property=\"og:url\" content=\"https:\/\/youcat.dev\/pl\/ask-your-question\/\" \/>\n<meta property=\"og:site_name\" content=\"YOUCAT\" \/>\n<meta property=\"article:modified_time\" content=\"2024-05-01T15:34:07+00:00\" \/>\n<meta name=\"twitter:card\" content=\"summary_large_image\" \/>\n<script type=\"application\/ld+json\" class=\"yoast-schema-graph\">{\"@context\":\"https:\/\/schema.org\",\"@graph\":[{\"@type\":\"WebPage\",\"@id\":\"https:\/\/youcat.dev\/ask-your-question\/\",\"url\":\"https:\/\/youcat.dev\/ask-your-question\/\",\"name\":\"Ask your Question - YOUCAT\",\"isPartOf\":{\"@id\":\"https:\/\/youcat.dev\/#website\"},\"datePublished\":\"2024-04-23T08:27:52+00:00\",\"dateModified\":\"2024-05-01T15:34:07+00:00\",\"breadcrumb\":{\"@id\":\"https:\/\/youcat.dev\/ask-your-question\/#breadcrumb\"},\"inLanguage\":\"pl-PL\",\"potentialAction\":[{\"@type\":\"ReadAction\",\"target\":[\"https:\/\/youcat.dev\/ask-your-question\/\"]}]},{\"@type\":\"BreadcrumbList\",\"@id\":\"https:\/\/youcat.dev\/ask-your-question\/#breadcrumb\",\"itemListElement\":[{\"@type\":\"ListItem\",\"position\":1,\"name\":\"\",\"item\":\"https:\/\/youcat.dev\/\"},{\"@type\":\"ListItem\",\"position\":2,\"name\":\"Ask your Question\"}]},{\"@type\":\"WebSite\",\"@id\":\"https:\/\/youcat.dev\/#website\",\"url\":\"https:\/\/youcat.dev\/\",\"name\":\"YOUCAT\",\"description\":\"Der Glaube der katholischen Kirche: anschaulich erkl\u00e4rt, innovativ pr\u00e4sentiert, offiziell best\u00e4tigt.\",\"potentialAction\":[{\"@type\":\"SearchAction\",\"target\":{\"@type\":\"EntryPoint\",\"urlTemplate\":\"https:\/\/youcat.dev\/?s={search_term_string}\"},\"query-input\":\"required name=search_term_string\"}],\"inLanguage\":\"pl-PL\"}]}<\/script>\n<!-- \/ Yoast SEO plugin. -->","yoast_head_json":{"title":"Ask your Question - YOUCAT","robots":{"index":"noindex","follow":"follow","max-snippet":"max-snippet:-1","max-image-preview":"max-image-preview:large","max-video-preview":"max-video-preview:-1"},"og_locale":"pl_PL","og_type":"article","og_title":"Ask your Question - YOUCAT","og_description":"Ask your\u00a0Question Submit your question using the form below Please feel free to submit any questions you may have using the form below. We collect every question we receive and may create a credopedia article regarding your question.","og_url":"https:\/\/youcat.dev\/pl\/ask-your-question\/","og_site_name":"YOUCAT","article_modified_time":"2024-05-01T15:34:07+00:00","twitter_card":"summary_large_image","schema":{"@context":"https:\/\/schema.org","@graph":[{"@type":"WebPage","@id":"https:\/\/youcat.dev\/ask-your-question\/","url":"https:\/\/youcat.dev\/ask-your-question\/","name":"Ask your Question - YOUCAT","isPartOf":{"@id":"https:\/\/youcat.dev\/#website"},"datePublished":"2024-04-23T08:27:52+00:00","dateModified":"2024-05-01T15:34:07+00:00","breadcrumb":{"@id":"https:\/\/youcat.dev\/ask-your-question\/#breadcrumb"},"inLanguage":"pl-PL","potentialAction":[{"@type":"ReadAction","target":["https:\/\/youcat.dev\/ask-your-question\/"]}]},{"@type":"BreadcrumbList","@id":"https:\/\/youcat.dev\/ask-your-question\/#breadcrumb","itemListElement":[{"@type":"ListItem","position":1,"name":"","item":"https:\/\/youcat.dev\/"},{"@type":"ListItem","position":2,"name":"Ask your Question"}]},{"@type":"WebSite","@id":"https:\/\/youcat.dev\/#website","url":"https:\/\/youcat.dev\/","name":"YOUCAT","description":"Der Glaube der katholischen Kirche: anschaulich erkl\u00e4rt, innovativ pr\u00e4sentiert, offiziell best\u00e4tigt.","potentialAction":[{"@type":"SearchAction","target":{"@type":"EntryPoint","urlTemplate":"https:\/\/youcat.dev\/?s={search_term_string}"},"query-input":"required name=search_term_string"}],"inLanguage":"pl-PL"}]}},"_links":{"self":[{"href":"https:\/\/youcat.dev\/pl\/wp-json\/wp\/v2\/pages\/4559"}],"collection":[{"href":"https:\/\/youcat.dev\/pl\/wp-json\/wp\/v2\/pages"}],"about":[{"href":"https:\/\/youcat.dev\/pl\/wp-json\/wp\/v2\/types\/page"}],"author":[{"embeddable":true,"href":"https:\/\/youcat.dev\/pl\/wp-json\/wp\/v2\/users\/7"}],"replies":[{"embeddable":true,"href":"https:\/\/youcat.dev\/pl\/wp-json\/wp\/v2\/comments?post=4559"}],"version-history":[{"count":7,"href":"https:\/\/youcat.dev\/pl\/wp-json\/wp\/v2\/pages\/4559\/revisions"}],"predecessor-version":[{"id":4601,"href":"https:\/\/youcat.dev\/pl\/wp-json\/wp\/v2\/pages\/4559\/revisions\/4601"}],"wp:attachment":[{"href":"https:\/\/youcat.dev\/pl\/wp-json\/wp\/v2\/media?parent=4559"}],"curies":[{"name":"wp","href":"https:\/\/api.w.org\/{rel}","templated":true}]}}