{"id":849,"date":"2023-07-04T13:25:32","date_gmt":"2023-07-04T12:25:32","guid":{"rendered":"https:\/\/youcat.dev\/?page_id=849"},"modified":"2023-09-12T07:23:28","modified_gmt":"2023-09-12T06:23:28","slug":"missionary-network","status":"publish","type":"page","link":"https:\/\/youcat.dev\/pl\/missionary-network\/","title":{"rendered":"Missionary Network"},"content":{"rendered":"<h1>Missionaries wanted<\/h1>\n\t<p>Are you enthusiastic about Jesus and his Church? +++ Are you an Influencer for Christ? +++ Are you a Group Leader? +++ Are you a Missionary? +++ Are you called to be a Missionary? +++ Do you need help for your Missionary Work? +++ Are you ready for New Evangelization? +++&nbsp;<\/p>\n<h2>Join the<\/h2>\n<p><img decoding=\"async\" src=\"https:\/\/youcat.dev\/wp-content\/uploads\/2023\/07\/yc-missionary-logo.svg\" \/><\/p>\n<p>A growing international Community of Catechists and Missionaries<\/p>\n\t<h2>Register now.<\/h2>\n<p>Receive all you need to grow in faith!<\/p>\n\t<form action=\"https:\/\/youcat.us16.list-manage.com\/subscribe\/post?u=9456a0b431f9cd4ed1bf21863&#038;id=717a919f2c&#038;v_id=2580&#038;f_id=005ba4e1f0\" method=\"post\" id=\"mc-embedded-subscribe-form\" name=\"mc-embedded-subscribe-form\" target=\"_blank\" data-trp-original-action=\"https:\/\/youcat.us16.list-manage.com\/subscribe\/post?u=9456a0b431f9cd4ed1bf21863&amp;id=717a919f2c&amp;v_id=2580&amp;f_id=005ba4e1f0\">\n            <input placeholder=\"First Name\" type=\"text\" value=\"\" name=\"FNAME\" id=\"mce-FNAME\" required=\"\"\/>\n            <input placeholder=\"Last Name\" type=\"text\" value=\"\" name=\"LNAME\" id=\"mce-LNAME\" required=\"\"\/>\n            <input placeholder=\"Email\" type=\"email\" value=\"\" name=\"EMAIL\" id=\"mce-EMAIL\" required=\"\"\/>\n            <select name=\"LANGUAGE\" id=\"mce-group[6843]\" required=\"\">\n                <option value=\"\" selected=\"\" disabled=\"\" hidden=\"\">Language &#8230;<\/option>\n                <option value=\"English\">Language: English<\/option>\n                <option value=\"French\">Langue: Fran\u00e7ais<\/option>\n                <option value=\"German\">Sprache: Deutsch<\/option>\n                <option value=\"Polish\">J\u0119zyk: Polski<\/option>\n                <option value=\"Portuguese\">Langue: Portugais<\/option>\n                <option value=\"Spanish\">Idioma: Espa\u00f1ol<\/option>\n            <\/select>\n            <label for=\"gdpr_27931\">\n                <input type=\"checkbox\" id=\"gdpr_27931\" name=\"gdpr[27931]\" value=\"Y\" required=\"\"\/>\n                I would like to receive the YOUCAT Missionary Network newsletter and accept the <a href=\"https:\/\/youcat.dev\/pl\/privacy\/\">data protection conditions<\/a>. You can unsubscribe at any time by clicking the link in the footer of our emails.\n            <\/label>\n            <input type=\"submit\" value=\"Apply\" name=\"subscribe\" id=\"mc-embedded-subscribe\"\/>\n<input type=\"hidden\" name=\"trp-form-language\" value=\"pl\"\/><\/form>\n\t<h2>Out now<\/h2>\n<p>Our new book Dialogical Catechesis is ready for Order.<\/p>\n\t\t\t<a href=\"https:\/\/youcat.dev\/pl\/products\/katecheza-dialogowana\/\" target=\"_self\" rel=\"noopener\">\n\t\t\t\t\t\t\tZam\u00f3w teraz\n\t\t\t\t\t<\/a>\n\t\t\t\t<img loading=\"lazy\" decoding=\"async\" src=\"https:\/\/youcat.dev\/wp-content\/uploads\/2023\/07\/dialogical-catechesis-1.webp\" alt=\"dialogical-catechesis\" itemprop=\"image\" height=\"1170\" width=\"1250\" title=\"dialogical-catechesis\" onerror=\"this.style.display='none'\"  \/>\n\t<h2>Want to know more?<\/h2>\n\t<p>Read the inspiring article by Bernhard Meuser about Missionary Network and all its possibilities!<\/p>\n\t\t\t<a href=\"https:\/\/youcat.dev\/pl\/news\/missionary-network-the-first-missionary-journey-in-the-world\/\" target=\"_self\" rel=\"noopener\">\n\t\t\t\t\t\t\tRead\n\t\t\t\t\t<\/a>","protected":false},"excerpt":{"rendered":"<p>Missionaries wanted Are you enthusiastic about Jesus and his Church? +++ Are you an Influencer for Christ? +++ Are you a Group Leader? +++ Are you a Missionary? +++ Are you called to be a Missionary? +++ Do you need help for your Missionary Work? +++ Are you ready for New Evangelization? +++&nbsp; Join the&hellip;<\/p>","protected":false},"author":7,"featured_media":0,"parent":0,"menu_order":0,"comment_status":"closed","ping_status":"closed","template":"","meta":{"_acf_changed":false,"inline_featured_image":false,"footnotes":""},"acf":[],"yoast_head":"<!-- This site is optimized with the Yoast SEO plugin v22.5 - https:\/\/yoast.com\/wordpress\/plugins\/seo\/ -->\n<title>Missionary Network - YOUCAT<\/title>\n<meta name=\"robots\" content=\"noindex, follow, max-snippet:-1, max-image-preview:large, max-video-preview:-1\" \/>\n<meta property=\"og:locale\" content=\"pl_PL\" \/>\n<meta property=\"og:type\" content=\"article\" \/>\n<meta property=\"og:title\" content=\"Missionary Network - YOUCAT\" \/>\n<meta property=\"og:description\" content=\"Missionaries wanted Are you enthusiastic about Jesus and his Church? +++ Are you an Influencer for Christ? +++ Are you a Group Leader? +++ Are you a Missionary? +++ Are you called to be a Missionary? +++ Do you need help for your Missionary Work? +++ Are you ready for New Evangelization? +++&nbsp; Join the&hellip;\" \/>\n<meta property=\"og:url\" content=\"https:\/\/youcat.dev\/pl\/missionary-network\/\" \/>\n<meta property=\"og:site_name\" content=\"YOUCAT\" \/>\n<meta property=\"article:modified_time\" content=\"2023-09-12T06:23:28+00:00\" \/>\n<meta property=\"og:image\" content=\"https:\/\/youcat.dev\/wp-content\/uploads\/2023\/07\/yc-missionary-logo.svg\" \/>\n<meta name=\"twitter:card\" content=\"summary_large_image\" \/>\n<meta name=\"twitter:label1\" content=\"Szacowany czas czytania\" \/>\n\t<meta name=\"twitter:data1\" content=\"1 minuta\" \/>\n<script type=\"application\/ld+json\" class=\"yoast-schema-graph\">{\"@context\":\"https:\/\/schema.org\",\"@graph\":[{\"@type\":\"WebPage\",\"@id\":\"https:\/\/youcat.dev\/missionary-network\/\",\"url\":\"https:\/\/youcat.dev\/missionary-network\/\",\"name\":\"Missionary Network - YOUCAT\",\"isPartOf\":{\"@id\":\"https:\/\/youcat.dev\/#website\"},\"primaryImageOfPage\":{\"@id\":\"https:\/\/youcat.dev\/missionary-network\/#primaryimage\"},\"image\":{\"@id\":\"https:\/\/youcat.dev\/missionary-network\/#primaryimage\"},\"thumbnailUrl\":\"https:\/\/youcat.dev\/wp-content\/uploads\/2023\/07\/yc-missionary-logo.svg\",\"datePublished\":\"2023-07-04T12:25:32+00:00\",\"dateModified\":\"2023-09-12T06:23:28+00:00\",\"breadcrumb\":{\"@id\":\"https:\/\/youcat.dev\/missionary-network\/#breadcrumb\"},\"inLanguage\":\"pl-PL\",\"potentialAction\":[{\"@type\":\"ReadAction\",\"target\":[\"https:\/\/youcat.dev\/missionary-network\/\"]}]},{\"@type\":\"ImageObject\",\"inLanguage\":\"pl-PL\",\"@id\":\"https:\/\/youcat.dev\/missionary-network\/#primaryimage\",\"url\":\"https:\/\/youcat.dev\/wp-content\/uploads\/2023\/07\/yc-missionary-logo.svg\",\"contentUrl\":\"https:\/\/youcat.dev\/wp-content\/uploads\/2023\/07\/yc-missionary-logo.svg\"},{\"@type\":\"BreadcrumbList\",\"@id\":\"https:\/\/youcat.dev\/missionary-network\/#breadcrumb\",\"itemListElement\":[{\"@type\":\"ListItem\",\"position\":1,\"name\":\"\",\"item\":\"https:\/\/youcat.dev\/\"},{\"@type\":\"ListItem\",\"position\":2,\"name\":\"Missionary Network\"}]},{\"@type\":\"WebSite\",\"@id\":\"https:\/\/youcat.dev\/#website\",\"url\":\"https:\/\/youcat.dev\/\",\"name\":\"YOUCAT\",\"description\":\"Der Glaube der katholischen Kirche: anschaulich erkl\u00e4rt, innovativ pr\u00e4sentiert, offiziell best\u00e4tigt.\",\"potentialAction\":[{\"@type\":\"SearchAction\",\"target\":{\"@type\":\"EntryPoint\",\"urlTemplate\":\"https:\/\/youcat.dev\/?s={search_term_string}\"},\"query-input\":\"required name=search_term_string\"}],\"inLanguage\":\"pl-PL\"}]}<\/script>\n<!-- \/ Yoast SEO plugin. -->","yoast_head_json":{"title":"Missionary Network - YOUCAT","robots":{"index":"noindex","follow":"follow","max-snippet":"max-snippet:-1","max-image-preview":"max-image-preview:large","max-video-preview":"max-video-preview:-1"},"og_locale":"pl_PL","og_type":"article","og_title":"Missionary Network - YOUCAT","og_description":"Missionaries wanted Are you enthusiastic about Jesus and his Church? +++ Are you an Influencer for Christ? +++ Are you a Group Leader? +++ Are you a Missionary? +++ Are you called to be a Missionary? +++ Do you need help for your Missionary Work? +++ Are you ready for New Evangelization? +++&nbsp; Join the&hellip;","og_url":"https:\/\/youcat.dev\/pl\/missionary-network\/","og_site_name":"YOUCAT","article_modified_time":"2023-09-12T06:23:28+00:00","og_image":[{"url":"https:\/\/youcat.dev\/wp-content\/uploads\/2023\/07\/yc-missionary-logo.svg"}],"twitter_card":"summary_large_image","twitter_misc":{"Szacowany czas czytania":"1 minuta"},"schema":{"@context":"https:\/\/schema.org","@graph":[{"@type":"WebPage","@id":"https:\/\/youcat.dev\/missionary-network\/","url":"https:\/\/youcat.dev\/missionary-network\/","name":"Missionary Network - YOUCAT","isPartOf":{"@id":"https:\/\/youcat.dev\/#website"},"primaryImageOfPage":{"@id":"https:\/\/youcat.dev\/missionary-network\/#primaryimage"},"image":{"@id":"https:\/\/youcat.dev\/missionary-network\/#primaryimage"},"thumbnailUrl":"https:\/\/youcat.dev\/wp-content\/uploads\/2023\/07\/yc-missionary-logo.svg","datePublished":"2023-07-04T12:25:32+00:00","dateModified":"2023-09-12T06:23:28+00:00","breadcrumb":{"@id":"https:\/\/youcat.dev\/missionary-network\/#breadcrumb"},"inLanguage":"pl-PL","potentialAction":[{"@type":"ReadAction","target":["https:\/\/youcat.dev\/missionary-network\/"]}]},{"@type":"ImageObject","inLanguage":"pl-PL","@id":"https:\/\/youcat.dev\/missionary-network\/#primaryimage","url":"https:\/\/youcat.dev\/wp-content\/uploads\/2023\/07\/yc-missionary-logo.svg","contentUrl":"https:\/\/youcat.dev\/wp-content\/uploads\/2023\/07\/yc-missionary-logo.svg"},{"@type":"BreadcrumbList","@id":"https:\/\/youcat.dev\/missionary-network\/#breadcrumb","itemListElement":[{"@type":"ListItem","position":1,"name":"","item":"https:\/\/youcat.dev\/"},{"@type":"ListItem","position":2,"name":"Missionary Network"}]},{"@type":"WebSite","@id":"https:\/\/youcat.dev\/#website","url":"https:\/\/youcat.dev\/","name":"YOUCAT","description":"Der Glaube der katholischen Kirche: anschaulich erkl\u00e4rt, innovativ pr\u00e4sentiert, offiziell best\u00e4tigt.","potentialAction":[{"@type":"SearchAction","target":{"@type":"EntryPoint","urlTemplate":"https:\/\/youcat.dev\/?s={search_term_string}"},"query-input":"required name=search_term_string"}],"inLanguage":"pl-PL"}]}},"_links":{"self":[{"href":"https:\/\/youcat.dev\/pl\/wp-json\/wp\/v2\/pages\/849"}],"collection":[{"href":"https:\/\/youcat.dev\/pl\/wp-json\/wp\/v2\/pages"}],"about":[{"href":"https:\/\/youcat.dev\/pl\/wp-json\/wp\/v2\/types\/page"}],"author":[{"embeddable":true,"href":"https:\/\/youcat.dev\/pl\/wp-json\/wp\/v2\/users\/7"}],"replies":[{"embeddable":true,"href":"https:\/\/youcat.dev\/pl\/wp-json\/wp\/v2\/comments?post=849"}],"version-history":[{"count":41,"href":"https:\/\/youcat.dev\/pl\/wp-json\/wp\/v2\/pages\/849\/revisions"}],"predecessor-version":[{"id":3371,"href":"https:\/\/youcat.dev\/pl\/wp-json\/wp\/v2\/pages\/849\/revisions\/3371"}],"wp:attachment":[{"href":"https:\/\/youcat.dev\/pl\/wp-json\/wp\/v2\/media?parent=849"}],"curies":[{"name":"wp","href":"https:\/\/api.w.org\/{rel}","templated":true}]}}