{"id":1169,"date":"2023-07-18T13:07:12","date_gmt":"2023-07-18T12:07:12","guid":{"rendered":"https:\/\/youcat.dev\/?page_id=1169"},"modified":"2023-07-20T15:29:33","modified_gmt":"2023-07-20T14:29:33","slug":"translatepress-tests","status":"publish","type":"page","link":"https:\/\/youcat.dev\/pt\/translatepress-tests\/","title":{"rendered":"TranslatePress Tests"},"content":{"rendered":"<a href=\"https:\/\/www.youtube.com\/\">\n    Link zu YouTube\n<\/a>","protected":false},"excerpt":{"rendered":"<p>Link zu YouTube<\/p>","protected":false},"author":7,"featured_media":0,"parent":0,"menu_order":0,"comment_status":"closed","ping_status":"closed","template":"","meta":{"_acf_changed":false,"inline_featured_image":false,"footnotes":""},"acf":[],"yoast_head":"<!-- This site is optimized with the Yoast SEO plugin v22.5 - https:\/\/yoast.com\/wordpress\/plugins\/seo\/ -->\n<title>TranslatePress Tests - YOUCAT<\/title>\n<meta name=\"robots\" content=\"noindex, follow, max-snippet:-1, max-image-preview:large, max-video-preview:-1\" \/>\n<meta property=\"og:locale\" content=\"pt_PT\" \/>\n<meta property=\"og:type\" content=\"article\" \/>\n<meta property=\"og:title\" content=\"TranslatePress Tests - YOUCAT\" \/>\n<meta property=\"og:description\" content=\"Link zu YouTube\" \/>\n<meta property=\"og:url\" content=\"https:\/\/youcat.dev\/pt\/translatepress-tests\/\" \/>\n<meta property=\"og:site_name\" content=\"YOUCAT\" \/>\n<meta property=\"article:modified_time\" content=\"2023-07-20T14:29:33+00:00\" \/>\n<meta name=\"twitter:card\" content=\"summary_large_image\" \/>\n<meta name=\"twitter:label1\" content=\"Tempo estimado de leitura\" \/>\n\t<meta name=\"twitter:data1\" content=\"1 minuto\" \/>\n<script type=\"application\/ld+json\" class=\"yoast-schema-graph\">{\"@context\":\"https:\/\/schema.org\",\"@graph\":[{\"@type\":\"WebPage\",\"@id\":\"https:\/\/youcat.dev\/translatepress-tests\/\",\"url\":\"https:\/\/youcat.dev\/translatepress-tests\/\",\"name\":\"TranslatePress Tests - YOUCAT\",\"isPartOf\":{\"@id\":\"https:\/\/youcat.dev\/#website\"},\"datePublished\":\"2023-07-18T12:07:12+00:00\",\"dateModified\":\"2023-07-20T14:29:33+00:00\",\"breadcrumb\":{\"@id\":\"https:\/\/youcat.dev\/translatepress-tests\/#breadcrumb\"},\"inLanguage\":\"pt-PT\",\"potentialAction\":[{\"@type\":\"ReadAction\",\"target\":[\"https:\/\/youcat.dev\/translatepress-tests\/\"]}]},{\"@type\":\"BreadcrumbList\",\"@id\":\"https:\/\/youcat.dev\/translatepress-tests\/#breadcrumb\",\"itemListElement\":[{\"@type\":\"ListItem\",\"position\":1,\"name\":\"\",\"item\":\"https:\/\/youcat.dev\/\"},{\"@type\":\"ListItem\",\"position\":2,\"name\":\"TranslatePress Tests\"}]},{\"@type\":\"WebSite\",\"@id\":\"https:\/\/youcat.dev\/#website\",\"url\":\"https:\/\/youcat.dev\/\",\"name\":\"YOUCAT\",\"description\":\"Der Glaube der katholischen Kirche: anschaulich erkl\u00e4rt, innovativ pr\u00e4sentiert, offiziell best\u00e4tigt.\",\"potentialAction\":[{\"@type\":\"SearchAction\",\"target\":{\"@type\":\"EntryPoint\",\"urlTemplate\":\"https:\/\/youcat.dev\/?s={search_term_string}\"},\"query-input\":\"required name=search_term_string\"}],\"inLanguage\":\"pt-PT\"}]}<\/script>\n<!-- \/ Yoast SEO plugin. -->","yoast_head_json":{"title":"TranslatePress Tests - YOUCAT","robots":{"index":"noindex","follow":"follow","max-snippet":"max-snippet:-1","max-image-preview":"max-image-preview:large","max-video-preview":"max-video-preview:-1"},"og_locale":"pt_PT","og_type":"article","og_title":"TranslatePress Tests - YOUCAT","og_description":"Link zu YouTube","og_url":"https:\/\/youcat.dev\/pt\/translatepress-tests\/","og_site_name":"YOUCAT","article_modified_time":"2023-07-20T14:29:33+00:00","twitter_card":"summary_large_image","twitter_misc":{"Tempo estimado de leitura":"1 minuto"},"schema":{"@context":"https:\/\/schema.org","@graph":[{"@type":"WebPage","@id":"https:\/\/youcat.dev\/translatepress-tests\/","url":"https:\/\/youcat.dev\/translatepress-tests\/","name":"TranslatePress Tests - YOUCAT","isPartOf":{"@id":"https:\/\/youcat.dev\/#website"},"datePublished":"2023-07-18T12:07:12+00:00","dateModified":"2023-07-20T14:29:33+00:00","breadcrumb":{"@id":"https:\/\/youcat.dev\/translatepress-tests\/#breadcrumb"},"inLanguage":"pt-PT","potentialAction":[{"@type":"ReadAction","target":["https:\/\/youcat.dev\/translatepress-tests\/"]}]},{"@type":"BreadcrumbList","@id":"https:\/\/youcat.dev\/translatepress-tests\/#breadcrumb","itemListElement":[{"@type":"ListItem","position":1,"name":"","item":"https:\/\/youcat.dev\/"},{"@type":"ListItem","position":2,"name":"TranslatePress Tests"}]},{"@type":"WebSite","@id":"https:\/\/youcat.dev\/#website","url":"https:\/\/youcat.dev\/","name":"YOUCAT","description":"Der Glaube der katholischen Kirche: anschaulich erkl\u00e4rt, innovativ pr\u00e4sentiert, offiziell best\u00e4tigt.","potentialAction":[{"@type":"SearchAction","target":{"@type":"EntryPoint","urlTemplate":"https:\/\/youcat.dev\/?s={search_term_string}"},"query-input":"required name=search_term_string"}],"inLanguage":"pt-PT"}]}},"_links":{"self":[{"href":"https:\/\/youcat.dev\/pt\/wp-json\/wp\/v2\/pages\/1169"}],"collection":[{"href":"https:\/\/youcat.dev\/pt\/wp-json\/wp\/v2\/pages"}],"about":[{"href":"https:\/\/youcat.dev\/pt\/wp-json\/wp\/v2\/types\/page"}],"author":[{"embeddable":true,"href":"https:\/\/youcat.dev\/pt\/wp-json\/wp\/v2\/users\/7"}],"replies":[{"embeddable":true,"href":"https:\/\/youcat.dev\/pt\/wp-json\/wp\/v2\/comments?post=1169"}],"version-history":[{"count":32,"href":"https:\/\/youcat.dev\/pt\/wp-json\/wp\/v2\/pages\/1169\/revisions"}],"predecessor-version":[{"id":1873,"href":"https:\/\/youcat.dev\/pt\/wp-json\/wp\/v2\/pages\/1169\/revisions\/1873"}],"wp:attachment":[{"href":"https:\/\/youcat.dev\/pt\/wp-json\/wp\/v2\/media?parent=1169"}],"curies":[{"name":"wp","href":"https:\/\/api.w.org\/{rel}","templated":true}]}}