{"id":1568,"date":"2023-07-19T11:58:10","date_gmt":"2023-07-19T10:58:10","guid":{"rendered":"https:\/\/youcat.dev\/?page_id=1568"},"modified":"2023-07-26T04:49:06","modified_gmt":"2023-07-26T03:49:06","slug":"donate","status":"publish","type":"page","link":"https:\/\/youcat.dev\/pt\/doacao\/","title":{"rendered":"Doa\u00e7\u00f5es"},"content":{"rendered":"<p>Apoiar o nosso trabalho<\/p>\n<h1><strong>Doar para manter viva a f\u00e9<\/strong><\/h1>\n<p>Do you also dream of youth, young families, and children who are fascinated and excited by what Jesus is saying to us through His Church? Support us in finding new ways to inspire even more young people for Jesus and his church. We create books, websites, apps and other materials with the ambition &#8211; to explain faith in an easy to understand way, to illustrate it visually appealing and to have the support of the Pope.<\/p>\n\t<div class=\"BorlabsCookie _brlbs-cb-donorbox\"><div class=\"_brlbs-content-blocker\"> <div class=\"_brlbs-default\"> <p>Click on the button to load the content from Donorbox.<\/p> <p><a class=\"_brlbs-btn\" href=\"#\" data-borlabs-cookie-unblock role=\"button\">Load Donorbox<\/a><\/p> <p><label><input type=\"checkbox\" name=\"unblockAll\" value=\"1\" checked> <small>Always unblock Donorbox<\/small><\/label><\/p> <\/div> <\/div><div class=\"borlabs-hide\" data-borlabs-cookie-type=\"content-blocker\" data-borlabs-cookie-id=\"donorbox\"><script type=\"text\/template\">PGlmcmFtZSBsb2FkaW5nPSJsYXp5IiBzcmM9Imh0dHBzOi8vZG9ub3Jib3gub3JnL2VtYmVkL3NwZW5kZW4td2Vic2l0ZSIgbmFtZT0iZG9ub3Jib3giIGFsbG93cGF5bWVudHJlcXVlc3Q9ImFsbG93cGF5bWVudHJlcXVlc3QiIHNlYW1sZXNzPSJzZWFtbGVzcyIgZnJhbWVib3JkZXI9IjAiIHNjcm9sbGluZz0ibm8iIGhlaWdodD0iOTAwcHgiIHdpZHRoPSIxMDAlIj48L2lmcmFtZT4=<\/script><\/div><\/div>\n\t\t\t\t<img loading=\"lazy\" decoding=\"async\" src=\"https:\/\/youcat.dev\/wp-content\/uploads\/2023\/07\/youcat-donate-graphic.svg\" alt=\"youcat-donate-graphic\" itemprop=\"image\" height=\"111\" width=\"81\" title=\"youcat-donate-graphic\" onerror=\"this.style.display='none'\"  \/>\n<h2>\n\t\tOutras formas de nos apoiar:\n\t<\/h2>\n\t<h3>Reze por n\u00f3s<\/h3>\n<p>As nossas ac\u00e7\u00f5es est\u00e3o firmemente enraizadas na ora\u00e7\u00e3o. Tamb\u00e9m rezamos todos os dias por todos os utilizadores do material YOUCAT. A sua ora\u00e7\u00e3o por n\u00f3s \u00e9 o apoio mais importante para n\u00f3s.<\/p>\n\t<h3>Doar fora de linha<\/h3>\n<p>Se quiser doar utilizando a sua pr\u00f3pria transfer\u00eancia, Encontrar\u00e1 aqui os nossos dados banc\u00e1rios:<\/p>\n<p><img loading=\"lazy\" decoding=\"async\" src=\"https:\/\/youcat.dev\/wp-content\/uploads\/2023\/07\/youcat-donate-information-300x113.webp\" alt=\"\" width=\"300\" height=\"113\" \/><\/p>\n\t<h3>Volunt\u00e1rio<\/h3>\n<p>Estamos procurando volunt\u00e1rios para ajudar na cria\u00e7\u00e3o e tradu\u00e7\u00e3o de conte\u00fado. Se estiver interessado, inscreva-se em: <a href=\"mailto:account@youcat.org\">account@youcat.org<\/a><\/p>","protected":false},"excerpt":{"rendered":"<p>Support our work Challenging Young People to live the Faith Do you also dream of youth, young families, and children who are fascinated and excited by what Jesus is saying to us through His Church? Support us in finding new ways to inspire even more young people for Jesus and his church. We create books,&hellip;<\/p>","protected":false},"author":9,"featured_media":0,"parent":0,"menu_order":0,"comment_status":"closed","ping_status":"closed","template":"","meta":{"_acf_changed":false,"inline_featured_image":false,"footnotes":""},"acf":[],"yoast_head":"<!-- This site is optimized with the Yoast SEO plugin v22.5 - https:\/\/yoast.com\/wordpress\/plugins\/seo\/ -->\n<title>Donate - YOUCAT<\/title>\n<meta name=\"robots\" content=\"noindex, follow, max-snippet:-1, max-image-preview:large, max-video-preview:-1\" \/>\n<meta property=\"og:locale\" content=\"pt_PT\" \/>\n<meta property=\"og:type\" content=\"article\" \/>\n<meta property=\"og:title\" content=\"Donate - YOUCAT\" \/>\n<meta property=\"og:description\" content=\"Support our work Challenging Young People to live the Faith Do you also dream of youth, young families, and children who are fascinated and excited by what Jesus is saying to us through His Church? Support us in finding new ways to inspire even more young people for Jesus and his church. We create books,&hellip;\" \/>\n<meta property=\"og:url\" content=\"https:\/\/youcat.dev\/pt\/doacao\/\" \/>\n<meta property=\"og:site_name\" content=\"YOUCAT\" \/>\n<meta property=\"article:modified_time\" content=\"2023-07-26T03:49:06+00:00\" \/>\n<meta property=\"og:image\" content=\"https:\/\/youcat.dev\/wp-content\/uploads\/2023\/07\/youcat-donate-graphic.svg\" \/>\n<meta name=\"twitter:card\" content=\"summary_large_image\" \/>\n<script type=\"application\/ld+json\" class=\"yoast-schema-graph\">{\"@context\":\"https:\/\/schema.org\",\"@graph\":[{\"@type\":\"WebPage\",\"@id\":\"https:\/\/youcat.dev\/donate\/\",\"url\":\"https:\/\/youcat.dev\/donate\/\",\"name\":\"Donate - YOUCAT\",\"isPartOf\":{\"@id\":\"https:\/\/youcat.dev\/#website\"},\"primaryImageOfPage\":{\"@id\":\"https:\/\/youcat.dev\/donate\/#primaryimage\"},\"image\":{\"@id\":\"https:\/\/youcat.dev\/donate\/#primaryimage\"},\"thumbnailUrl\":\"https:\/\/youcat.dev\/wp-content\/uploads\/2023\/07\/youcat-donate-graphic.svg\",\"datePublished\":\"2023-07-19T10:58:10+00:00\",\"dateModified\":\"2023-07-26T03:49:06+00:00\",\"breadcrumb\":{\"@id\":\"https:\/\/youcat.dev\/donate\/#breadcrumb\"},\"inLanguage\":\"pt-PT\",\"potentialAction\":[{\"@type\":\"ReadAction\",\"target\":[\"https:\/\/youcat.dev\/donate\/\"]}]},{\"@type\":\"ImageObject\",\"inLanguage\":\"pt-PT\",\"@id\":\"https:\/\/youcat.dev\/donate\/#primaryimage\",\"url\":\"https:\/\/youcat.dev\/wp-content\/uploads\/2023\/07\/youcat-donate-graphic.svg\",\"contentUrl\":\"https:\/\/youcat.dev\/wp-content\/uploads\/2023\/07\/youcat-donate-graphic.svg\"},{\"@type\":\"BreadcrumbList\",\"@id\":\"https:\/\/youcat.dev\/donate\/#breadcrumb\",\"itemListElement\":[{\"@type\":\"ListItem\",\"position\":1,\"name\":\"\",\"item\":\"https:\/\/youcat.dev\/\"},{\"@type\":\"ListItem\",\"position\":2,\"name\":\"Donate\"}]},{\"@type\":\"WebSite\",\"@id\":\"https:\/\/youcat.dev\/#website\",\"url\":\"https:\/\/youcat.dev\/\",\"name\":\"YOUCAT\",\"description\":\"Der Glaube der katholischen Kirche: anschaulich erkl\u00e4rt, innovativ pr\u00e4sentiert, offiziell best\u00e4tigt.\",\"potentialAction\":[{\"@type\":\"SearchAction\",\"target\":{\"@type\":\"EntryPoint\",\"urlTemplate\":\"https:\/\/youcat.dev\/?s={search_term_string}\"},\"query-input\":\"required name=search_term_string\"}],\"inLanguage\":\"pt-PT\"}]}<\/script>\n<!-- \/ Yoast SEO plugin. -->","yoast_head_json":{"title":"Donate - YOUCAT","robots":{"index":"noindex","follow":"follow","max-snippet":"max-snippet:-1","max-image-preview":"max-image-preview:large","max-video-preview":"max-video-preview:-1"},"og_locale":"pt_PT","og_type":"article","og_title":"Donate - YOUCAT","og_description":"Support our work Challenging Young People to live the Faith Do you also dream of youth, young families, and children who are fascinated and excited by what Jesus is saying to us through His Church? Support us in finding new ways to inspire even more young people for Jesus and his church. We create books,&hellip;","og_url":"https:\/\/youcat.dev\/pt\/doacao\/","og_site_name":"YOUCAT","article_modified_time":"2023-07-26T03:49:06+00:00","og_image":[{"url":"https:\/\/youcat.dev\/wp-content\/uploads\/2023\/07\/youcat-donate-graphic.svg"}],"twitter_card":"summary_large_image","schema":{"@context":"https:\/\/schema.org","@graph":[{"@type":"WebPage","@id":"https:\/\/youcat.dev\/donate\/","url":"https:\/\/youcat.dev\/donate\/","name":"Donate - YOUCAT","isPartOf":{"@id":"https:\/\/youcat.dev\/#website"},"primaryImageOfPage":{"@id":"https:\/\/youcat.dev\/donate\/#primaryimage"},"image":{"@id":"https:\/\/youcat.dev\/donate\/#primaryimage"},"thumbnailUrl":"https:\/\/youcat.dev\/wp-content\/uploads\/2023\/07\/youcat-donate-graphic.svg","datePublished":"2023-07-19T10:58:10+00:00","dateModified":"2023-07-26T03:49:06+00:00","breadcrumb":{"@id":"https:\/\/youcat.dev\/donate\/#breadcrumb"},"inLanguage":"pt-PT","potentialAction":[{"@type":"ReadAction","target":["https:\/\/youcat.dev\/donate\/"]}]},{"@type":"ImageObject","inLanguage":"pt-PT","@id":"https:\/\/youcat.dev\/donate\/#primaryimage","url":"https:\/\/youcat.dev\/wp-content\/uploads\/2023\/07\/youcat-donate-graphic.svg","contentUrl":"https:\/\/youcat.dev\/wp-content\/uploads\/2023\/07\/youcat-donate-graphic.svg"},{"@type":"BreadcrumbList","@id":"https:\/\/youcat.dev\/donate\/#breadcrumb","itemListElement":[{"@type":"ListItem","position":1,"name":"","item":"https:\/\/youcat.dev\/"},{"@type":"ListItem","position":2,"name":"Donate"}]},{"@type":"WebSite","@id":"https:\/\/youcat.dev\/#website","url":"https:\/\/youcat.dev\/","name":"YOUCAT","description":"Der Glaube der katholischen Kirche: anschaulich erkl\u00e4rt, innovativ pr\u00e4sentiert, offiziell best\u00e4tigt.","potentialAction":[{"@type":"SearchAction","target":{"@type":"EntryPoint","urlTemplate":"https:\/\/youcat.dev\/?s={search_term_string}"},"query-input":"required name=search_term_string"}],"inLanguage":"pt-PT"}]}},"_links":{"self":[{"href":"https:\/\/youcat.dev\/pt\/wp-json\/wp\/v2\/pages\/1568"}],"collection":[{"href":"https:\/\/youcat.dev\/pt\/wp-json\/wp\/v2\/pages"}],"about":[{"href":"https:\/\/youcat.dev\/pt\/wp-json\/wp\/v2\/types\/page"}],"author":[{"embeddable":true,"href":"https:\/\/youcat.dev\/pt\/wp-json\/wp\/v2\/users\/9"}],"replies":[{"embeddable":true,"href":"https:\/\/youcat.dev\/pt\/wp-json\/wp\/v2\/comments?post=1568"}],"version-history":[{"count":17,"href":"https:\/\/youcat.dev\/pt\/wp-json\/wp\/v2\/pages\/1568\/revisions"}],"predecessor-version":[{"id":3194,"href":"https:\/\/youcat.dev\/pt\/wp-json\/wp\/v2\/pages\/1568\/revisions\/3194"}],"wp:attachment":[{"href":"https:\/\/youcat.dev\/pt\/wp-json\/wp\/v2\/media?parent=1568"}],"curies":[{"name":"wp","href":"https:\/\/api.w.org\/{rel}","templated":true}]}}