{"id":2708,"date":"2023-07-23T21:12:33","date_gmt":"2023-07-23T20:12:33","guid":{"rendered":"https:\/\/youcat.dev\/?page_id=2708"},"modified":"2023-07-25T10:39:45","modified_gmt":"2023-07-25T09:39:45","slug":"youcat-foundation","status":"publish","type":"page","link":"https:\/\/youcat.dev\/pt\/youcat-foundation\/","title":{"rendered":"Funda\u00e7\u00e3o YOUCAT"},"content":{"rendered":"<span><span><a href=\"https:\/\/youcat.dev\/pt\/\"><span class=\"icon yc-icon-yc-home-filled\"><\/span><\/a><\/span><\/span>\n\t<p>A funda\u00e7\u00e3o YOUCAT<\/p>\n<h1>Declara\u00e7\u00e3o de miss\u00e3o<\/h1>\n<p><strong>Editamos livros e desenvolvemos produtos digitais em processos participativos para que todas as pessoas possam encontrar Deus e (possam) conhecer e ensinar o tesouro da f\u00e9 da Igreja Cat\u00f3lica.<\/strong><\/p>\n\t<h2>Sobre n\u00f3s<\/h2>\n<p>A Funda\u00e7\u00e3o YOUCAT apoia todos os que vivem e ensinam o catolicismo. O YOUCAT quer apoiar as pessoas no seu caminho de f\u00e9 e dar-lhes materiais para o an\u00fancio do Evangelho.<\/p>\n<p>A cada dia, a Funda\u00e7\u00e3o YOUCAT alcan\u00e7a milhares de jovens em todo o mundo com materiais digitais e impressos, ajudando-os a tornarem-se aut\u00eanticas testemunhas da f\u00e9 cat\u00f3lica. Os livros do YOUCAT foram impressos milh\u00f5es de vezes e j\u00e1 foram traduzidos para mais de 70 idiomas. In\u00fameros grupos de estudo foram iniciados.<\/p>\n<p>A Funda\u00e7\u00e3o YOUCAT \u00e9 uma organiza\u00e7\u00e3o sem fins lucrativos e subsidi\u00e1ria da funda\u00e7\u00e3o pontif\u00edcia de assist\u00eancia Ajuda \u00e0 Igreja que Sofre. Opera sem fins lucrativos e busca unicamente a caridade. N\u00e3o recebe subs\u00eddios do Governo ou de institui\u00e7\u00f5es eclesi\u00e1sticas, mas \u00e9 financiada por doa\u00e7\u00f5es e vendas de livros.<\/p>\n\t\t\t<a href=\"https:\/\/youcat.dev\/pt\/products\/\" target=\"_self\" rel=\"noopener\">\n\t\t\t\t\t\t\tMostrar todos os livros\n\t\t\t\t\t<\/a>","protected":false},"excerpt":{"rendered":"<p>The YOUCAT Foundation Mission Statement We make books and develop digital products in participative processes so that people can encounter God and (get to) know and teach the faith treasure of the Catholic Church. About us YOUCAT Foundation gGmbH supports people who live and teach their Catholic. YOUCAT wants to support people on their faith&hellip;<\/p>","protected":false},"author":8,"featured_media":0,"parent":0,"menu_order":0,"comment_status":"closed","ping_status":"closed","template":"","meta":{"_acf_changed":false,"inline_featured_image":false,"footnotes":""},"acf":[],"yoast_head":"<!-- This site is optimized with the Yoast SEO plugin v22.5 - https:\/\/yoast.com\/wordpress\/plugins\/seo\/ -->\n<title>YOUCAT Foundation - YOUCAT<\/title>\n<meta name=\"robots\" content=\"noindex, follow, max-snippet:-1, max-image-preview:large, max-video-preview:-1\" \/>\n<meta property=\"og:locale\" content=\"pt_PT\" \/>\n<meta property=\"og:type\" content=\"article\" \/>\n<meta property=\"og:title\" content=\"YOUCAT Foundation - YOUCAT\" \/>\n<meta property=\"og:description\" content=\"The YOUCAT Foundation Mission Statement We make books and develop digital products in participative processes so that people can encounter God and (get to) know and teach the faith treasure of the Catholic Church. About us YOUCAT Foundation gGmbH supports people who live and teach their Catholic. YOUCAT wants to support people on their faith&hellip;\" \/>\n<meta property=\"og:url\" content=\"https:\/\/youcat.dev\/pt\/youcat-foundation\/\" \/>\n<meta property=\"og:site_name\" content=\"YOUCAT\" \/>\n<meta property=\"article:modified_time\" content=\"2023-07-25T09:39:45+00:00\" \/>\n<meta name=\"twitter:card\" content=\"summary_large_image\" \/>\n<meta name=\"twitter:label1\" content=\"Tempo estimado de leitura\" \/>\n\t<meta name=\"twitter:data1\" content=\"1 minuto\" \/>\n<script type=\"application\/ld+json\" class=\"yoast-schema-graph\">{\"@context\":\"https:\/\/schema.org\",\"@graph\":[{\"@type\":\"WebPage\",\"@id\":\"https:\/\/youcat.dev\/youcat-foundation\/\",\"url\":\"https:\/\/youcat.dev\/youcat-foundation\/\",\"name\":\"YOUCAT Foundation - YOUCAT\",\"isPartOf\":{\"@id\":\"https:\/\/youcat.dev\/#website\"},\"datePublished\":\"2023-07-23T20:12:33+00:00\",\"dateModified\":\"2023-07-25T09:39:45+00:00\",\"breadcrumb\":{\"@id\":\"https:\/\/youcat.dev\/youcat-foundation\/#breadcrumb\"},\"inLanguage\":\"pt-PT\",\"potentialAction\":[{\"@type\":\"ReadAction\",\"target\":[\"https:\/\/youcat.dev\/youcat-foundation\/\"]}]},{\"@type\":\"BreadcrumbList\",\"@id\":\"https:\/\/youcat.dev\/youcat-foundation\/#breadcrumb\",\"itemListElement\":[{\"@type\":\"ListItem\",\"position\":1,\"name\":\"\",\"item\":\"https:\/\/youcat.dev\/\"},{\"@type\":\"ListItem\",\"position\":2,\"name\":\"YOUCAT Foundation\"}]},{\"@type\":\"WebSite\",\"@id\":\"https:\/\/youcat.dev\/#website\",\"url\":\"https:\/\/youcat.dev\/\",\"name\":\"YOUCAT\",\"description\":\"Der Glaube der katholischen Kirche: anschaulich erkl\u00e4rt, innovativ pr\u00e4sentiert, offiziell best\u00e4tigt.\",\"potentialAction\":[{\"@type\":\"SearchAction\",\"target\":{\"@type\":\"EntryPoint\",\"urlTemplate\":\"https:\/\/youcat.dev\/?s={search_term_string}\"},\"query-input\":\"required name=search_term_string\"}],\"inLanguage\":\"pt-PT\"}]}<\/script>\n<!-- \/ Yoast SEO plugin. -->","yoast_head_json":{"title":"YOUCAT Foundation - YOUCAT","robots":{"index":"noindex","follow":"follow","max-snippet":"max-snippet:-1","max-image-preview":"max-image-preview:large","max-video-preview":"max-video-preview:-1"},"og_locale":"pt_PT","og_type":"article","og_title":"YOUCAT Foundation - YOUCAT","og_description":"The YOUCAT Foundation Mission Statement We make books and develop digital products in participative processes so that people can encounter God and (get to) know and teach the faith treasure of the Catholic Church. About us YOUCAT Foundation gGmbH supports people who live and teach their Catholic. YOUCAT wants to support people on their faith&hellip;","og_url":"https:\/\/youcat.dev\/pt\/youcat-foundation\/","og_site_name":"YOUCAT","article_modified_time":"2023-07-25T09:39:45+00:00","twitter_card":"summary_large_image","twitter_misc":{"Tempo estimado de leitura":"1 minuto"},"schema":{"@context":"https:\/\/schema.org","@graph":[{"@type":"WebPage","@id":"https:\/\/youcat.dev\/youcat-foundation\/","url":"https:\/\/youcat.dev\/youcat-foundation\/","name":"YOUCAT Foundation - YOUCAT","isPartOf":{"@id":"https:\/\/youcat.dev\/#website"},"datePublished":"2023-07-23T20:12:33+00:00","dateModified":"2023-07-25T09:39:45+00:00","breadcrumb":{"@id":"https:\/\/youcat.dev\/youcat-foundation\/#breadcrumb"},"inLanguage":"pt-PT","potentialAction":[{"@type":"ReadAction","target":["https:\/\/youcat.dev\/youcat-foundation\/"]}]},{"@type":"BreadcrumbList","@id":"https:\/\/youcat.dev\/youcat-foundation\/#breadcrumb","itemListElement":[{"@type":"ListItem","position":1,"name":"","item":"https:\/\/youcat.dev\/"},{"@type":"ListItem","position":2,"name":"YOUCAT Foundation"}]},{"@type":"WebSite","@id":"https:\/\/youcat.dev\/#website","url":"https:\/\/youcat.dev\/","name":"YOUCAT","description":"Der Glaube der katholischen Kirche: anschaulich erkl\u00e4rt, innovativ pr\u00e4sentiert, offiziell best\u00e4tigt.","potentialAction":[{"@type":"SearchAction","target":{"@type":"EntryPoint","urlTemplate":"https:\/\/youcat.dev\/?s={search_term_string}"},"query-input":"required name=search_term_string"}],"inLanguage":"pt-PT"}]}},"_links":{"self":[{"href":"https:\/\/youcat.dev\/pt\/wp-json\/wp\/v2\/pages\/2708"}],"collection":[{"href":"https:\/\/youcat.dev\/pt\/wp-json\/wp\/v2\/pages"}],"about":[{"href":"https:\/\/youcat.dev\/pt\/wp-json\/wp\/v2\/types\/page"}],"author":[{"embeddable":true,"href":"https:\/\/youcat.dev\/pt\/wp-json\/wp\/v2\/users\/8"}],"replies":[{"embeddable":true,"href":"https:\/\/youcat.dev\/pt\/wp-json\/wp\/v2\/comments?post=2708"}],"version-history":[{"count":12,"href":"https:\/\/youcat.dev\/pt\/wp-json\/wp\/v2\/pages\/2708\/revisions"}],"predecessor-version":[{"id":3039,"href":"https:\/\/youcat.dev\/pt\/wp-json\/wp\/v2\/pages\/2708\/revisions\/3039"}],"wp:attachment":[{"href":"https:\/\/youcat.dev\/pt\/wp-json\/wp\/v2\/media?parent=2708"}],"curies":[{"name":"wp","href":"https:\/\/api.w.org\/{rel}","templated":true}]}}