{"id":2741,"date":"2023-07-24T05:40:49","date_gmt":"2023-07-24T04:40:49","guid":{"rendered":"https:\/\/youcat.dev\/?page_id=2741"},"modified":"2023-07-24T12:20:01","modified_gmt":"2023-07-24T11:20:01","slug":"shipping-and-payment-conditions","status":"publish","type":"page","link":"https:\/\/youcat.dev\/pt\/shipping-and-payment-conditions\/","title":{"rendered":"Expedi\u00e7\u00e3o e pagamento"},"content":{"rendered":"<span><span><a href=\"https:\/\/youcat.dev\/pt\/\"><span class=\"icon yc-icon-yc-home-filled\"><\/span><\/a><\/span><\/span>\n\t<h1 id=\"shipping-and-payment\">Expedi\u00e7\u00e3o e pagamento<\/h1>\n<h2 id=\"shipping\">Shipping<\/h2>\n<p>We ship to the following countries: Germany, Austria and Switzerland.<\/p>\n<p>Shipping in Germany is free of charge.<\/p>\n<p>Shipment is by post, by DPD or DHL. You will automatically receive an e-mail with shipping information as soon as your order has left our supplier&#8217;s warehouse.<\/p>\n<p>Please note: Your delivery will be delivered by Butzon &amp; Bercker GmbH Hoogeweg 100, D-47623 Kevelaer.<\/p>\n<h2 id=\"payment\">Payment<\/h2>\n<h3 id=\"paypal\">Paypal<\/h3>\n<p><a href=\"https:\/\/www.paypal.com\/de\/cgi-bin\/webscr?cmd=xpt\/cps\/popup\/OLCWhatIsPayPal-outside\">Information about PayPal<\/a><\/p>\n<h3 id=\"credit-card-visa-and-mastercard\">Credit Card (VISA and MasterCard)<\/h3>\n<p>Stripe<\/p>\n<p>The payment via credit card is processed by<\/p>\n<p>Stripe, Inc. 510 Townsend Street San Francisco, CA 94103, USA<\/p>\n<p>Contact e-mail: support@stripe.com<\/p>\n<p><a href=\"https:\/\/stripe.com\/de\/payments\" target=\"_blank\" rel=\"noopener\">Information about Stripe<\/a><\/p>\n<h3 id=\"sofort-uberweisung\">SOFORT \u00dcberweisung<\/h3>\n<p><a href=\"https:\/\/www.sofort.com\/de\/mit-sofort-bezahlen\/\" target=\"_blank\" rel=\"noopener\">Information about SOFORT \u00dcberweisung<\/a><\/p>","protected":false},"excerpt":{"rendered":"<p>Shipping and Payment Shipping We ship to the following countries: Germany, Austria and Switzerland. Shipping in Germany is free of charge. Shipment is by post, by DPD or DHL. You will automatically receive an e-mail with shipping information as soon as your order has left our supplier&#8217;s warehouse. Please note: Your delivery will be delivered&hellip;<\/p>","protected":false},"author":8,"featured_media":0,"parent":0,"menu_order":0,"comment_status":"closed","ping_status":"closed","template":"","meta":{"_acf_changed":false,"inline_featured_image":false,"footnotes":""},"acf":[],"yoast_head":"<!-- This site is optimized with the Yoast SEO plugin v22.5 - https:\/\/yoast.com\/wordpress\/plugins\/seo\/ -->\n<title>Shipping and Payment - YOUCAT<\/title>\n<meta name=\"robots\" content=\"noindex, follow, max-snippet:-1, max-image-preview:large, max-video-preview:-1\" \/>\n<meta property=\"og:locale\" content=\"pt_PT\" \/>\n<meta property=\"og:type\" content=\"article\" \/>\n<meta property=\"og:title\" content=\"Shipping and Payment - YOUCAT\" \/>\n<meta property=\"og:description\" content=\"Shipping and Payment Shipping We ship to the following countries: Germany, Austria and Switzerland. Shipping in Germany is free of charge. Shipment is by post, by DPD or DHL. You will automatically receive an e-mail with shipping information as soon as your order has left our supplier&#8217;s warehouse. Please note: Your delivery will be delivered&hellip;\" \/>\n<meta property=\"og:url\" content=\"https:\/\/youcat.dev\/pt\/shipping-and-payment-conditions\/\" \/>\n<meta property=\"og:site_name\" content=\"YOUCAT\" \/>\n<meta property=\"article:modified_time\" content=\"2023-07-24T11:20:01+00:00\" \/>\n<meta name=\"twitter:card\" content=\"summary_large_image\" \/>\n<meta name=\"twitter:label1\" content=\"Tempo estimado de leitura\" \/>\n\t<meta name=\"twitter:data1\" content=\"1 minuto\" \/>\n<script type=\"application\/ld+json\" class=\"yoast-schema-graph\">{\"@context\":\"https:\/\/schema.org\",\"@graph\":[{\"@type\":\"WebPage\",\"@id\":\"https:\/\/youcat.dev\/shipping-and-payment-conditions\/\",\"url\":\"https:\/\/youcat.dev\/shipping-and-payment-conditions\/\",\"name\":\"Shipping and Payment - YOUCAT\",\"isPartOf\":{\"@id\":\"https:\/\/youcat.dev\/#website\"},\"datePublished\":\"2023-07-24T04:40:49+00:00\",\"dateModified\":\"2023-07-24T11:20:01+00:00\",\"breadcrumb\":{\"@id\":\"https:\/\/youcat.dev\/shipping-and-payment-conditions\/#breadcrumb\"},\"inLanguage\":\"pt-PT\",\"potentialAction\":[{\"@type\":\"ReadAction\",\"target\":[\"https:\/\/youcat.dev\/shipping-and-payment-conditions\/\"]}]},{\"@type\":\"BreadcrumbList\",\"@id\":\"https:\/\/youcat.dev\/shipping-and-payment-conditions\/#breadcrumb\",\"itemListElement\":[{\"@type\":\"ListItem\",\"position\":1,\"name\":\"\",\"item\":\"https:\/\/youcat.dev\/\"},{\"@type\":\"ListItem\",\"position\":2,\"name\":\"Shipping and Payment\"}]},{\"@type\":\"WebSite\",\"@id\":\"https:\/\/youcat.dev\/#website\",\"url\":\"https:\/\/youcat.dev\/\",\"name\":\"YOUCAT\",\"description\":\"Der Glaube der katholischen Kirche: anschaulich erkl\u00e4rt, innovativ pr\u00e4sentiert, offiziell best\u00e4tigt.\",\"potentialAction\":[{\"@type\":\"SearchAction\",\"target\":{\"@type\":\"EntryPoint\",\"urlTemplate\":\"https:\/\/youcat.dev\/?s={search_term_string}\"},\"query-input\":\"required name=search_term_string\"}],\"inLanguage\":\"pt-PT\"}]}<\/script>\n<!-- \/ Yoast SEO plugin. -->","yoast_head_json":{"title":"Shipping and Payment - YOUCAT","robots":{"index":"noindex","follow":"follow","max-snippet":"max-snippet:-1","max-image-preview":"max-image-preview:large","max-video-preview":"max-video-preview:-1"},"og_locale":"pt_PT","og_type":"article","og_title":"Shipping and Payment - YOUCAT","og_description":"Shipping and Payment Shipping We ship to the following countries: Germany, Austria and Switzerland. Shipping in Germany is free of charge. Shipment is by post, by DPD or DHL. You will automatically receive an e-mail with shipping information as soon as your order has left our supplier&#8217;s warehouse. Please note: Your delivery will be delivered&hellip;","og_url":"https:\/\/youcat.dev\/pt\/shipping-and-payment-conditions\/","og_site_name":"YOUCAT","article_modified_time":"2023-07-24T11:20:01+00:00","twitter_card":"summary_large_image","twitter_misc":{"Tempo estimado de leitura":"1 minuto"},"schema":{"@context":"https:\/\/schema.org","@graph":[{"@type":"WebPage","@id":"https:\/\/youcat.dev\/shipping-and-payment-conditions\/","url":"https:\/\/youcat.dev\/shipping-and-payment-conditions\/","name":"Shipping and Payment - YOUCAT","isPartOf":{"@id":"https:\/\/youcat.dev\/#website"},"datePublished":"2023-07-24T04:40:49+00:00","dateModified":"2023-07-24T11:20:01+00:00","breadcrumb":{"@id":"https:\/\/youcat.dev\/shipping-and-payment-conditions\/#breadcrumb"},"inLanguage":"pt-PT","potentialAction":[{"@type":"ReadAction","target":["https:\/\/youcat.dev\/shipping-and-payment-conditions\/"]}]},{"@type":"BreadcrumbList","@id":"https:\/\/youcat.dev\/shipping-and-payment-conditions\/#breadcrumb","itemListElement":[{"@type":"ListItem","position":1,"name":"","item":"https:\/\/youcat.dev\/"},{"@type":"ListItem","position":2,"name":"Shipping and Payment"}]},{"@type":"WebSite","@id":"https:\/\/youcat.dev\/#website","url":"https:\/\/youcat.dev\/","name":"YOUCAT","description":"Der Glaube der katholischen Kirche: anschaulich erkl\u00e4rt, innovativ pr\u00e4sentiert, offiziell best\u00e4tigt.","potentialAction":[{"@type":"SearchAction","target":{"@type":"EntryPoint","urlTemplate":"https:\/\/youcat.dev\/?s={search_term_string}"},"query-input":"required name=search_term_string"}],"inLanguage":"pt-PT"}]}},"_links":{"self":[{"href":"https:\/\/youcat.dev\/pt\/wp-json\/wp\/v2\/pages\/2741"}],"collection":[{"href":"https:\/\/youcat.dev\/pt\/wp-json\/wp\/v2\/pages"}],"about":[{"href":"https:\/\/youcat.dev\/pt\/wp-json\/wp\/v2\/types\/page"}],"author":[{"embeddable":true,"href":"https:\/\/youcat.dev\/pt\/wp-json\/wp\/v2\/users\/8"}],"replies":[{"embeddable":true,"href":"https:\/\/youcat.dev\/pt\/wp-json\/wp\/v2\/comments?post=2741"}],"version-history":[{"count":6,"href":"https:\/\/youcat.dev\/pt\/wp-json\/wp\/v2\/pages\/2741\/revisions"}],"predecessor-version":[{"id":2968,"href":"https:\/\/youcat.dev\/pt\/wp-json\/wp\/v2\/pages\/2741\/revisions\/2968"}],"wp:attachment":[{"href":"https:\/\/youcat.dev\/pt\/wp-json\/wp\/v2\/media?parent=2741"}],"curies":[{"name":"wp","href":"https:\/\/api.w.org\/{rel}","templated":true}]}}