{"id":3161,"date":"2023-07-25T19:02:22","date_gmt":"2023-07-25T18:02:22","guid":{"rendered":"https:\/\/youcat.dev\/?page_id=3161"},"modified":"2023-07-30T20:00:32","modified_gmt":"2023-07-30T19:00:32","slug":"newsletter","status":"publish","type":"page","link":"https:\/\/youcat.dev\/pt\/newsletter\/","title":{"rendered":"Newsletter"},"content":{"rendered":"<span><span><a href=\"https:\/\/youcat.dev\/pt\/\"><span class=\"icon yc-icon-yc-home-filled\"><\/span><\/a><\/span><\/span>\n\t<h1>Assine nossa newsletter e fique por dentro de todas as novidades do YOUCAT.<\/h1>\n<ul>\n<li>Informa\u00e7\u00f5es internas da Funda\u00e7\u00e3o YOUCAT.<\/li>\n<li>Passagens b\u00edblicas encorajadoras.<\/li>\n<li>Novos artigos sobre temas excitantes.<\/li>\n<li>Materiais adicionais gratuitos.<\/li>\n<li class=\" translation-block\"><strong>Dicas<\/strong> sobre como trabalhar com os nossos livros.<\/li>\n<li>Ora\u00e7\u00f5es e a possibilidade de pedir ora\u00e7\u00f5es por si e pelos seus entes queridos. Ficar\u00edamos felizes se pudesses preencher o formul\u00e1rio abaixo para que possamos incluir-te na nossa lista de amigos e subscritores.<\/li>\n<\/ul>\n\t<h2>Register now!<\/h2>\n\t<form action=\"https:\/\/youcat.us16.list-manage.com\/subscribe\/post?u=9456a0b431f9cd4ed1bf21863&#038;id=2e0eb241b4\" method=\"post\" id=\"mc-embedded-subscribe-form\" name=\"mc-embedded-subscribe-form\" target=\"_blank\" data-trp-original-action=\"https:\/\/youcat.us16.list-manage.com\/subscribe\/post?u=9456a0b431f9cd4ed1bf21863&amp;id=2e0eb241b4\">\n            <input placeholder=\"First Name\" type=\"text\" value=\"\" name=\"FNAME\" id=\"mce-FNAME\" required=\"\"\/>\n            <input placeholder=\"Last Name\" type=\"text\" value=\"\" name=\"LNAME\" id=\"mce-LNAME\" required=\"\"\/>\n            <input placeholder=\"Email\" type=\"email\" value=\"\" name=\"EMAIL\" id=\"mce-EMAIL\" required=\"\"\/>\n            <select name=\"LANGUAGE\" id=\"mce-group[6843]\" required=\"\">\n                <option value=\"\" selected=\"\" disabled=\"\" hidden=\"\">Language &#8230;<\/option>\n                <option value=\"English\">Language: English<\/option>\n                <option value=\"French\">Langue: Fran\u00e7ais<\/option>\n                <option value=\"German\">Sprache: Deutsch<\/option>\n                <option value=\"Polish\">J\u0119zyk: Polski<\/option>\n                <option value=\"Portuguese\">Langue: Portugais<\/option>\n                <option value=\"Spanish\">Idioma: Espa\u00f1ol<\/option>\n            <\/select>\n            <label for=\"gdpr_27931\">\n                <input type=\"checkbox\" id=\"gdpr_27931\" name=\"gdpr[27931]\" value=\"Y\" required=\"\"\/>\n                Gostaria de receber o boletim informativo YOUCAT e aceitar as <a href=\"https:\/\/youcat.dev\/pt\/privacy\/\">Data protection conditions<\/a>. Pode cancelar a newsletter em qualquer altura, clicando no link no rodap\u00e9 dos nossos e-mails.\n            <\/label>\n            <input type=\"submit\" value=\"Inscreva-se agora\" name=\"subscribe\" id=\"mc-embedded-subscribe\"\/>\n<input type=\"hidden\" name=\"trp-form-language\" value=\"pt\"\/><\/form>\n\t\t\t\t<img loading=\"lazy\" decoding=\"async\" src=\"https:\/\/youcat.dev\/wp-content\/uploads\/2023\/07\/yc-arrow-to-right.svg\" alt=\"yc-arrow-to-right\" itemprop=\"image\" height=\"86\" width=\"567\" title=\"yc-arrow-to-right\" onerror=\"this.style.display='none'\"  \/>\n\t\t\t\t<img loading=\"lazy\" decoding=\"async\" src=\"https:\/\/youcat.dev\/wp-content\/uploads\/2023\/07\/yc-arrow-to-left.svg\" alt=\"yc-arrow-to-left\" itemprop=\"image\" height=\"86\" width=\"567\" title=\"yc-arrow-to-left\" onerror=\"this.style.display='none'\"  \/>\n\t\t\t\t<img loading=\"lazy\" decoding=\"async\" src=\"https:\/\/youcat.dev\/wp-content\/uploads\/2023\/07\/youcat-dialogical-catechesis-featured.webp\" alt=\"youcat-dialogical-catechesis-featured\" itemprop=\"image\" height=\"733\" width=\"460\" title=\"youcat-dialogical-catechesis-featured\" onerror=\"this.style.display='none'\"  \/>\n\t<p>Novo<\/p>\n\t<h2><strong>Catequesis Conversacional<\/strong><\/h2>\n<p>An Innovative Concept for Practice<\/p>\n\t\t\t<a href=\"https:\/\/youcat.dev\/pt\/products\/dialogical-catechesis\/\" target=\"_self\" rel=\"noopener\">\n\t\t\t\t\t\t\tEcomendar\n\t\t\t<\/a>","protected":false},"excerpt":{"rendered":"<p>Subscribe to our newsletter and stay updated with all the news around YOUCAT. Insides from the YOUCAT Foundation. Encouraging Bible passages. New articles on exciting topics. Free additional materials. Tips on working with our books. Prayers and the possibility to request prayers for you and your beloved ones. We would be happy if you could&hellip;<\/p>","protected":false},"author":6,"featured_media":0,"parent":0,"menu_order":0,"comment_status":"closed","ping_status":"closed","template":"","meta":{"_acf_changed":false,"inline_featured_image":false,"footnotes":""},"acf":[],"yoast_head":"<!-- This site is optimized with the Yoast SEO plugin v22.5 - https:\/\/yoast.com\/wordpress\/plugins\/seo\/ -->\n<title>Newsletter - YOUCAT<\/title>\n<meta name=\"robots\" content=\"noindex, follow, max-snippet:-1, max-image-preview:large, max-video-preview:-1\" \/>\n<meta property=\"og:locale\" content=\"pt_PT\" \/>\n<meta property=\"og:type\" content=\"article\" \/>\n<meta property=\"og:title\" content=\"Newsletter - YOUCAT\" \/>\n<meta property=\"og:description\" content=\"Subscribe to our newsletter and stay updated with all the news around YOUCAT. Insides from the YOUCAT Foundation. Encouraging Bible passages. New articles on exciting topics. Free additional materials. Tips on working with our books. Prayers and the possibility to request prayers for you and your beloved ones. We would be happy if you could&hellip;\" \/>\n<meta property=\"og:url\" content=\"https:\/\/youcat.dev\/pt\/newsletter\/\" \/>\n<meta property=\"og:site_name\" content=\"YOUCAT\" \/>\n<meta property=\"article:modified_time\" content=\"2023-07-30T19:00:32+00:00\" \/>\n<meta property=\"og:image\" content=\"https:\/\/youcat.dev\/wp-content\/uploads\/2023\/07\/yc-arrow-to-right.svg\" \/>\n<meta name=\"twitter:card\" content=\"summary_large_image\" \/>\n<meta name=\"twitter:label1\" content=\"Tempo estimado de leitura\" \/>\n\t<meta name=\"twitter:data1\" content=\"1 minuto\" \/>\n<script type=\"application\/ld+json\" class=\"yoast-schema-graph\">{\"@context\":\"https:\/\/schema.org\",\"@graph\":[{\"@type\":\"WebPage\",\"@id\":\"https:\/\/youcat.dev\/newsletter\/\",\"url\":\"https:\/\/youcat.dev\/newsletter\/\",\"name\":\"Newsletter - YOUCAT\",\"isPartOf\":{\"@id\":\"https:\/\/youcat.dev\/#website\"},\"primaryImageOfPage\":{\"@id\":\"https:\/\/youcat.dev\/newsletter\/#primaryimage\"},\"image\":{\"@id\":\"https:\/\/youcat.dev\/newsletter\/#primaryimage\"},\"thumbnailUrl\":\"https:\/\/youcat.dev\/wp-content\/uploads\/2023\/07\/yc-arrow-to-right.svg\",\"datePublished\":\"2023-07-25T18:02:22+00:00\",\"dateModified\":\"2023-07-30T19:00:32+00:00\",\"breadcrumb\":{\"@id\":\"https:\/\/youcat.dev\/newsletter\/#breadcrumb\"},\"inLanguage\":\"pt-PT\",\"potentialAction\":[{\"@type\":\"ReadAction\",\"target\":[\"https:\/\/youcat.dev\/newsletter\/\"]}]},{\"@type\":\"ImageObject\",\"inLanguage\":\"pt-PT\",\"@id\":\"https:\/\/youcat.dev\/newsletter\/#primaryimage\",\"url\":\"https:\/\/youcat.dev\/wp-content\/uploads\/2023\/07\/yc-arrow-to-right.svg\",\"contentUrl\":\"https:\/\/youcat.dev\/wp-content\/uploads\/2023\/07\/yc-arrow-to-right.svg\"},{\"@type\":\"BreadcrumbList\",\"@id\":\"https:\/\/youcat.dev\/newsletter\/#breadcrumb\",\"itemListElement\":[{\"@type\":\"ListItem\",\"position\":1,\"name\":\"\",\"item\":\"https:\/\/youcat.dev\/\"},{\"@type\":\"ListItem\",\"position\":2,\"name\":\"Newsletter\"}]},{\"@type\":\"WebSite\",\"@id\":\"https:\/\/youcat.dev\/#website\",\"url\":\"https:\/\/youcat.dev\/\",\"name\":\"YOUCAT\",\"description\":\"Der Glaube der katholischen Kirche: anschaulich erkl\u00e4rt, innovativ pr\u00e4sentiert, offiziell best\u00e4tigt.\",\"potentialAction\":[{\"@type\":\"SearchAction\",\"target\":{\"@type\":\"EntryPoint\",\"urlTemplate\":\"https:\/\/youcat.dev\/?s={search_term_string}\"},\"query-input\":\"required name=search_term_string\"}],\"inLanguage\":\"pt-PT\"}]}<\/script>\n<!-- \/ Yoast SEO plugin. -->","yoast_head_json":{"title":"Newsletter - YOUCAT","robots":{"index":"noindex","follow":"follow","max-snippet":"max-snippet:-1","max-image-preview":"max-image-preview:large","max-video-preview":"max-video-preview:-1"},"og_locale":"pt_PT","og_type":"article","og_title":"Newsletter - YOUCAT","og_description":"Subscribe to our newsletter and stay updated with all the news around YOUCAT. Insides from the YOUCAT Foundation. Encouraging Bible passages. New articles on exciting topics. Free additional materials. Tips on working with our books. Prayers and the possibility to request prayers for you and your beloved ones. We would be happy if you could&hellip;","og_url":"https:\/\/youcat.dev\/pt\/newsletter\/","og_site_name":"YOUCAT","article_modified_time":"2023-07-30T19:00:32+00:00","og_image":[{"url":"https:\/\/youcat.dev\/wp-content\/uploads\/2023\/07\/yc-arrow-to-right.svg"}],"twitter_card":"summary_large_image","twitter_misc":{"Tempo estimado de leitura":"1 minuto"},"schema":{"@context":"https:\/\/schema.org","@graph":[{"@type":"WebPage","@id":"https:\/\/youcat.dev\/newsletter\/","url":"https:\/\/youcat.dev\/newsletter\/","name":"Newsletter - YOUCAT","isPartOf":{"@id":"https:\/\/youcat.dev\/#website"},"primaryImageOfPage":{"@id":"https:\/\/youcat.dev\/newsletter\/#primaryimage"},"image":{"@id":"https:\/\/youcat.dev\/newsletter\/#primaryimage"},"thumbnailUrl":"https:\/\/youcat.dev\/wp-content\/uploads\/2023\/07\/yc-arrow-to-right.svg","datePublished":"2023-07-25T18:02:22+00:00","dateModified":"2023-07-30T19:00:32+00:00","breadcrumb":{"@id":"https:\/\/youcat.dev\/newsletter\/#breadcrumb"},"inLanguage":"pt-PT","potentialAction":[{"@type":"ReadAction","target":["https:\/\/youcat.dev\/newsletter\/"]}]},{"@type":"ImageObject","inLanguage":"pt-PT","@id":"https:\/\/youcat.dev\/newsletter\/#primaryimage","url":"https:\/\/youcat.dev\/wp-content\/uploads\/2023\/07\/yc-arrow-to-right.svg","contentUrl":"https:\/\/youcat.dev\/wp-content\/uploads\/2023\/07\/yc-arrow-to-right.svg"},{"@type":"BreadcrumbList","@id":"https:\/\/youcat.dev\/newsletter\/#breadcrumb","itemListElement":[{"@type":"ListItem","position":1,"name":"","item":"https:\/\/youcat.dev\/"},{"@type":"ListItem","position":2,"name":"Newsletter"}]},{"@type":"WebSite","@id":"https:\/\/youcat.dev\/#website","url":"https:\/\/youcat.dev\/","name":"YOUCAT","description":"Der Glaube der katholischen Kirche: anschaulich erkl\u00e4rt, innovativ pr\u00e4sentiert, offiziell best\u00e4tigt.","potentialAction":[{"@type":"SearchAction","target":{"@type":"EntryPoint","urlTemplate":"https:\/\/youcat.dev\/?s={search_term_string}"},"query-input":"required name=search_term_string"}],"inLanguage":"pt-PT"}]}},"_links":{"self":[{"href":"https:\/\/youcat.dev\/pt\/wp-json\/wp\/v2\/pages\/3161"}],"collection":[{"href":"https:\/\/youcat.dev\/pt\/wp-json\/wp\/v2\/pages"}],"about":[{"href":"https:\/\/youcat.dev\/pt\/wp-json\/wp\/v2\/types\/page"}],"author":[{"embeddable":true,"href":"https:\/\/youcat.dev\/pt\/wp-json\/wp\/v2\/users\/6"}],"replies":[{"embeddable":true,"href":"https:\/\/youcat.dev\/pt\/wp-json\/wp\/v2\/comments?post=3161"}],"version-history":[{"count":9,"href":"https:\/\/youcat.dev\/pt\/wp-json\/wp\/v2\/pages\/3161\/revisions"}],"predecessor-version":[{"id":3236,"href":"https:\/\/youcat.dev\/pt\/wp-json\/wp\/v2\/pages\/3161\/revisions\/3236"}],"wp:attachment":[{"href":"https:\/\/youcat.dev\/pt\/wp-json\/wp\/v2\/media?parent=3161"}],"curies":[{"name":"wp","href":"https:\/\/api.w.org\/{rel}","templated":true}]}}