{"id":36,"date":"2022-02-03T12:29:21","date_gmt":"2022-02-03T12:29:21","guid":{"rendered":"https:\/\/youcat.dev\/?page_id=36"},"modified":"2024-03-27T10:38:29","modified_gmt":"2024-03-27T10:38:29","slug":"startseite","status":"publish","type":"page","link":"https:\/\/youcat.dev\/pt\/","title":{"rendered":"Homepage"},"content":{"rendered":"<img loading=\"lazy\" decoding=\"async\" src=\"https:\/\/youcat.dev\/wp-content\/uploads\/2023\/07\/bildmarke.svg\" alt=\"bildmarke\" itemprop=\"image\" height=\"0\" width=\"0\" title=\"bildmarke\" onerror=\"this.style.display='none'\"  \/>\n\t\t\t\t<img loading=\"lazy\" decoding=\"async\" src=\"https:\/\/youcat.dev\/wp-content\/uploads\/2023\/07\/yc-logo-sw.svg\" alt=\"Log\u00f3tipo YOUCAT Preto e branco\" itemprop=\"image\" height=\"0\" width=\"0\" title=\"yc-logo-sw\" onerror=\"this.style.display='none'\"  \/>\n\t\t\t\t<img loading=\"lazy\" decoding=\"async\" src=\"https:\/\/youcat.dev\/wp-content\/uploads\/2023\/07\/yc-logo.svg\" alt=\"Log\u00f3tipo YOUCAT\" itemprop=\"image\" height=\"0\" width=\"0\" title=\"log\u00f3tipo yc\" onerror=\"this.style.display='none'\"  \/>\n\t\t\t\t<img loading=\"lazy\" decoding=\"async\" src=\"https:\/\/youcat.dev\/wp-content\/uploads\/2023\/07\/yc-logo.svg\" alt=\"Log\u00f3tipo YOUCAT\" itemprop=\"image\" height=\"0\" width=\"0\" title=\"log\u00f3tipo yc\" onerror=\"this.style.display='none'\"  \/>\n\t\t\t\t<a href=\"https:\/\/youcat.dev\/pt\/youcat-foundation\/\" target=\"_self\" itemprop=\"url\" rel=\"noopener\">\n\t\t\t\t<img loading=\"lazy\" decoding=\"async\" src=\"https:\/\/youcat.dev\/wp-content\/uploads\/2023\/07\/Weltkugel.svg\" alt=\"Weltkugel\" itemprop=\"image\" height=\"506\" width=\"506\" title=\"Weltkugel\" onerror=\"this.style.display='none'\"  \/>\n\t\t\t\t<\/a>\n\t\t<p>Sobre o YOUCAT<\/p>\n<h1><strong>A f\u00e9 da Igreja Cat\u00f3lica:<\/strong> vividamente explicada, apresentada de forma inovadora, oficialmente confirmada.<\/h1>\n<p>Fazemos livros e desenvolvemos produtos digitais em processos participativos para que as pessoas possam encontrar a Deus, e conhecer e ensinar o tesouro da f\u00e9 da Igreja Cat\u00f3lica.<\/p>\n\t\t\t<a href=\"https:\/\/youcat.dev\/pt\/youcat-foundation\/\" target=\"_self\" rel=\"noopener\">\n\t\t\t\t\t\t\tSaiba mais sobre a Funda\u00e7\u00e3o YOUCAT\n\t\t\t\t\t<\/a>\n\t\t\t\t<img loading=\"lazy\" decoding=\"async\" src=\"https:\/\/youcat.dev\/wp-content\/uploads\/2023\/07\/yc-arrow-to-right.svg\" alt=\"yc-arrow-to-right\" itemprop=\"image\" height=\"86\" width=\"567\" title=\"yc-arrow-to-right\" onerror=\"this.style.display='none'\"  \/>\n\t\t\t\t<img loading=\"lazy\" decoding=\"async\" src=\"https:\/\/youcat.dev\/wp-content\/uploads\/2023\/07\/yc-arrow-to-left.svg\" alt=\"yc-arrow-to-left\" itemprop=\"image\" height=\"86\" width=\"567\" title=\"yc-arrow-to-left\" onerror=\"this.style.display='none'\"  \/>\n\t\t\t\t<img loading=\"lazy\" decoding=\"async\" src=\"https:\/\/youcat.dev\/wp-content\/uploads\/2023\/07\/youcat-dialogical-catechesis-featured.webp\" alt=\"youcat-dialogical-catechesis-featured\" itemprop=\"image\" height=\"733\" width=\"460\" title=\"youcat-dialogical-catechesis-featured\" onerror=\"this.style.display='none'\"  \/>\n\t<p>Novo<\/p>\n\t<h2><strong>Catequesis Conversacional<\/strong><\/h2>\n<p>An Innovative Concept for Practice<\/p>\n\t\t\t<a href=\"https:\/\/youcat.dev\/pt\/products\/dialogical-catechesis\/\" target=\"_self\" rel=\"noopener\">\n\t\t\t\t\t\t\tPe\u00e7a agora\n\t\t\t<\/a>\n\t\t\t<a href=\"https:\/\/youcat.dev\/pt\/products\/\" target=\"_self\" rel=\"noopener\">\n\t\t\t\t\t\t\tMostrar todos os livros\n\t\t\t\t\t<\/a>\n\t<h2><strong>Register now!<\/strong><\/h2>\n<p><strong>Assine nossa newsletter e fique por dentro de todas as novidades do YOUCAT.<\/strong><\/p>\n<ul>\n<li>Informa\u00e7\u00f5es internas da Funda\u00e7\u00e3o YOUCAT.<\/li>\n<li class=\" translation-block\"><strong>Campanhas de desconto<\/strong> e informa\u00e7\u00f5es sobre novos livros.<\/li>\n<li>Passagens b\u00edblicas encorajadoras.<\/li>\n<li><strong>Novos artigos<\/strong> sobre temas excitantes.<\/li>\n<li><strong>Materiais adicionais gratuitos.<\/strong><\/li>\n<li class=\" translation-block\"><strong>Dicas<\/strong> sobre como trabalhar com os nossos livros.<\/li>\n<li>Ora\u00e7\u00f5es e a possibilidade de pedir ora\u00e7\u00f5es por si e pelos seus entes queridos.<\/li>\n<\/ul>\n<p><strong>Temos o prazer de receb\u00ea-lo na comunidade YOUCAT.<\/strong><\/p>\n\t<p><strong>YOUCAT Newsletter<\/strong><\/p>\n\t<form action=\"https:\/\/youcat.us16.list-manage.com\/subscribe\/post?u=9456a0b431f9cd4ed1bf21863&#038;id=2e0eb241b4\" method=\"post\" id=\"mc-embedded-subscribe-form\" name=\"mc-embedded-subscribe-form\" target=\"_blank\" data-trp-original-action=\"https:\/\/youcat.us16.list-manage.com\/subscribe\/post?u=9456a0b431f9cd4ed1bf21863&amp;id=2e0eb241b4\">\n            <input placeholder=\"First Name\" type=\"text\" value=\"\" name=\"FNAME\" id=\"mce-FNAME\" required=\"\"\/>\n            <input placeholder=\"Last Name\" type=\"text\" value=\"\" name=\"LNAME\" id=\"mce-LNAME\" required=\"\"\/>\n            <input placeholder=\"Email\" type=\"email\" value=\"\" name=\"EMAIL\" id=\"mce-EMAIL\" required=\"\"\/>\n            <select name=\"LANGUAGE\" id=\"mce-group[6843]\" required=\"\">\n                <option value=\"\" selected=\"\" disabled=\"\" hidden=\"\">Language &#8230;<\/option>\n                <option value=\"English\">Language: English<\/option>\n                <option value=\"French\">Langue: Fran\u00e7ais<\/option>\n                <option value=\"German\">Sprache: Deutsch<\/option>\n                <option value=\"Polish\">J\u0119zyk: Polski<\/option>\n                <option value=\"Portuguese\">Langue: Portugais<\/option>\n                <option value=\"Spanish\">Idioma: Espa\u00f1ol<\/option>\n            <\/select>\n            <label for=\"gdpr_27931\">\n                <input type=\"checkbox\" id=\"gdpr_27931\" name=\"gdpr[27931]\" value=\"Y\" required=\"\"\/>\n                Gostaria de receber o boletim informativo YOUCAT e aceitar as <a href=\"https:\/\/youcat.dev\/pt\/privacy\/\">Data protection conditions<\/a>. Pode cancelar a newsletter em qualquer altura, clicando no link no rodap\u00e9 dos nossos e-mails.\n            <\/label>\n            <input type=\"submit\" value=\"Register now\" name=\"subscribe\" id=\"mc-embedded-subscribe\"\/>\n<input type=\"hidden\" name=\"trp-form-language\" value=\"pt\"\/><\/form>\n\t\t\t\t<img loading=\"lazy\" decoding=\"async\" src=\"https:\/\/youcat.dev\/wp-content\/uploads\/2023\/07\/youcat-homepage-teaser-bonus.webp\" alt=\"Materiais de Estudo\" itemprop=\"image\" height=\"520\" width=\"824\" title=\"youcat-homepage-teaser-bonus\" onerror=\"this.style.display='none'\"  \/>\n\t<h2><strong>Material b\u00f3nus<\/strong><\/h2>\n<p>Descubra a emocionante aventura da f\u00e9. N\u00f3s oferecemos diversos materiais \u00fateis.<\/p>\n\t\t\t<a href=\"https:\/\/youcat.dev\/pt\/bonus-material\/\" target=\"_self\" rel=\"noopener\">\n\t\t\t\t\t\t\tMaterial b\u00f3nus\n\t\t\t<\/a>\n\t\t\t\t<img loading=\"lazy\" decoding=\"async\" src=\"https:\/\/youcat.dev\/wp-content\/uploads\/2023\/07\/youcat-homepage-teaser-verlag.webp\" alt=\"Publica\u00e7\u00f5es\" itemprop=\"image\" height=\"520\" width=\"824\" title=\"youcat-homepage-teaser-verlag\" onerror=\"this.style.display='none'\"  \/>\n\t<h2><strong>O editor do YOUCAT <\/strong><\/h2>\n<p>The YOUCAT foundation is a work of new evangelisation which contributes to the Church&#8217;s worldwide renewal through the charism of &#8216;teaching&#8217;.<\/p>\n\t\t\t<a href=\"https:\/\/youcat.dev\/pt\/publications\/\" target=\"_self\" rel=\"noopener\">\n\t\t\t\t\t\t\tInforma\u00e7\u00f5es para editores\n\t\t\t<\/a>\n\t\t\t\t<img loading=\"lazy\" decoding=\"async\" src=\"https:\/\/youcat.dev\/wp-content\/uploads\/2023\/07\/youcat-homepage-teaser-missionary.webp\" alt=\"Missionary Network\" itemprop=\"image\" height=\"520\" width=\"824\" title=\"youcat-homepage-teaser-mission\u00e1rio\" onerror=\"this.style.display='none'\"  \/>\n\t<h2><strong>Missionary Network<\/strong><\/h2>\nA Rede Mission\u00e1ria YOUCAT \u00e9 uma comunidade internacional crescente de catequistas e mission\u00e1rios.<strong><br \/>\n<\/strong>\n\t\t\t<a href=\"https:\/\/youcat.dev\/pt\/missionary-network\/\" target=\"_self\" rel=\"noopener\">\n\t\t\t\t\t\t\tRegister now\n\t\t\t<\/a>\n\t\t\t\t<img loading=\"lazy\" decoding=\"async\" src=\"https:\/\/youcat.dev\/wp-content\/uploads\/2023\/07\/youcat-homepage-teaser-digital.webp\" alt=\"Youcat digital\" itemprop=\"image\" height=\"520\" width=\"824\" title=\"youcat-homepage-teaser-digital\" onerror=\"this.style.display='none'\"  \/>\n\t<h2><strong>YOUCAT Digital<br \/>\n<\/strong><\/h2>\n<p>Descubra os nossos produtos digitais que o ajudam a crescer na f\u00e9 e a tornar-se mission\u00e1rio.<\/p>\n\t\t\t<a href=\"https:\/\/youcat.dev\/pt\/youcat-digital\/\" target=\"_self\" rel=\"noopener\">\n\t\t\t\t\t\t\tSaiba mais\n\t\t\t<\/a>","protected":false},"excerpt":{"rendered":"<p>What does YOUCAT stand for? YOUCAT stands for the faith of the Catholic Church: vividly explained, innovatively presented, officially confirmed. The YOUCAT Foundation makes books and develops digital products in participative processes so that people can encounter God and (get to) know and teach the faith treasure of the Catholic Church. Learn more about the&hellip;<\/p>","protected":false},"author":8,"featured_media":0,"parent":0,"menu_order":0,"comment_status":"closed","ping_status":"closed","template":"","meta":{"_acf_changed":false,"inline_featured_image":false,"footnotes":""},"acf":[],"yoast_head":"<!-- This site is optimized with the Yoast SEO plugin v22.5 - https:\/\/yoast.com\/wordpress\/plugins\/seo\/ -->\n<title>Homepage - YOUCAT<\/title>\n<meta name=\"robots\" content=\"noindex, follow, max-snippet:-1, max-image-preview:large, max-video-preview:-1\" \/>\n<meta property=\"og:locale\" content=\"pt_PT\" \/>\n<meta property=\"og:type\" content=\"article\" \/>\n<meta property=\"og:title\" content=\"Homepage - YOUCAT\" \/>\n<meta property=\"og:description\" content=\"What does YOUCAT stand for? YOUCAT stands for the faith of the Catholic Church: vividly explained, innovatively presented, officially confirmed. The YOUCAT Foundation makes books and develops digital products in participative processes so that people can encounter God and (get to) know and teach the faith treasure of the Catholic Church. Learn more about the&hellip;\" \/>\n<meta property=\"og:url\" content=\"https:\/\/youcat.dev\/pt\/\" \/>\n<meta property=\"og:site_name\" content=\"YOUCAT\" \/>\n<meta property=\"article:modified_time\" content=\"2024-03-27T10:38:29+00:00\" \/>\n<meta property=\"og:image\" content=\"https:\/\/youcat.dev\/wp-content\/uploads\/2023\/07\/bildmarke.svg\" \/>\n<meta name=\"twitter:card\" content=\"summary_large_image\" \/>\n<meta name=\"twitter:label1\" content=\"Tempo estimado de leitura\" \/>\n\t<meta name=\"twitter:data1\" content=\"5 minutos\" \/>\n<script type=\"application\/ld+json\" class=\"yoast-schema-graph\">{\"@context\":\"https:\/\/schema.org\",\"@graph\":[{\"@type\":\"WebPage\",\"@id\":\"https:\/\/youcat.dev\/\",\"url\":\"https:\/\/youcat.dev\/\",\"name\":\"Homepage - YOUCAT\",\"isPartOf\":{\"@id\":\"https:\/\/youcat.dev\/#website\"},\"primaryImageOfPage\":{\"@id\":\"https:\/\/youcat.dev\/#primaryimage\"},\"image\":{\"@id\":\"https:\/\/youcat.dev\/#primaryimage\"},\"thumbnailUrl\":\"https:\/\/youcat.dev\/wp-content\/uploads\/2023\/07\/bildmarke.svg\",\"datePublished\":\"2022-02-03T12:29:21+00:00\",\"dateModified\":\"2024-03-27T10:38:29+00:00\",\"breadcrumb\":{\"@id\":\"https:\/\/youcat.dev\/#breadcrumb\"},\"inLanguage\":\"pt-PT\",\"potentialAction\":[{\"@type\":\"ReadAction\",\"target\":[\"https:\/\/youcat.dev\/\"]}]},{\"@type\":\"ImageObject\",\"inLanguage\":\"pt-PT\",\"@id\":\"https:\/\/youcat.dev\/#primaryimage\",\"url\":\"https:\/\/youcat.dev\/wp-content\/uploads\/2023\/07\/bildmarke.svg\",\"contentUrl\":\"https:\/\/youcat.dev\/wp-content\/uploads\/2023\/07\/bildmarke.svg\"},{\"@type\":\"BreadcrumbList\",\"@id\":\"https:\/\/youcat.dev\/#breadcrumb\",\"itemListElement\":[{\"@type\":\"ListItem\",\"position\":1,\"name\":\"\",\"item\":\"https:\/\/youcat.dev\/\"},{\"@type\":\"ListItem\",\"position\":2,\"name\":\"Homepage\"}]},{\"@type\":\"WebSite\",\"@id\":\"https:\/\/youcat.dev\/#website\",\"url\":\"https:\/\/youcat.dev\/\",\"name\":\"YOUCAT\",\"description\":\"Der Glaube der katholischen Kirche: anschaulich erkl\u00e4rt, innovativ pr\u00e4sentiert, offiziell best\u00e4tigt.\",\"potentialAction\":[{\"@type\":\"SearchAction\",\"target\":{\"@type\":\"EntryPoint\",\"urlTemplate\":\"https:\/\/youcat.dev\/?s={search_term_string}\"},\"query-input\":\"required name=search_term_string\"}],\"inLanguage\":\"pt-PT\"}]}<\/script>\n<!-- \/ Yoast SEO plugin. -->","yoast_head_json":{"title":"Homepage - YOUCAT","robots":{"index":"noindex","follow":"follow","max-snippet":"max-snippet:-1","max-image-preview":"max-image-preview:large","max-video-preview":"max-video-preview:-1"},"og_locale":"pt_PT","og_type":"article","og_title":"Homepage - YOUCAT","og_description":"What does YOUCAT stand for? YOUCAT stands for the faith of the Catholic Church: vividly explained, innovatively presented, officially confirmed. The YOUCAT Foundation makes books and develops digital products in participative processes so that people can encounter God and (get to) know and teach the faith treasure of the Catholic Church. Learn more about the&hellip;","og_url":"https:\/\/youcat.dev\/pt\/","og_site_name":"YOUCAT","article_modified_time":"2024-03-27T10:38:29+00:00","og_image":[{"url":"https:\/\/youcat.dev\/wp-content\/uploads\/2023\/07\/bildmarke.svg"}],"twitter_card":"summary_large_image","twitter_misc":{"Tempo estimado de leitura":"5 minutos"},"schema":{"@context":"https:\/\/schema.org","@graph":[{"@type":"WebPage","@id":"https:\/\/youcat.dev\/","url":"https:\/\/youcat.dev\/","name":"Homepage - YOUCAT","isPartOf":{"@id":"https:\/\/youcat.dev\/#website"},"primaryImageOfPage":{"@id":"https:\/\/youcat.dev\/#primaryimage"},"image":{"@id":"https:\/\/youcat.dev\/#primaryimage"},"thumbnailUrl":"https:\/\/youcat.dev\/wp-content\/uploads\/2023\/07\/bildmarke.svg","datePublished":"2022-02-03T12:29:21+00:00","dateModified":"2024-03-27T10:38:29+00:00","breadcrumb":{"@id":"https:\/\/youcat.dev\/#breadcrumb"},"inLanguage":"pt-PT","potentialAction":[{"@type":"ReadAction","target":["https:\/\/youcat.dev\/"]}]},{"@type":"ImageObject","inLanguage":"pt-PT","@id":"https:\/\/youcat.dev\/#primaryimage","url":"https:\/\/youcat.dev\/wp-content\/uploads\/2023\/07\/bildmarke.svg","contentUrl":"https:\/\/youcat.dev\/wp-content\/uploads\/2023\/07\/bildmarke.svg"},{"@type":"BreadcrumbList","@id":"https:\/\/youcat.dev\/#breadcrumb","itemListElement":[{"@type":"ListItem","position":1,"name":"","item":"https:\/\/youcat.dev\/"},{"@type":"ListItem","position":2,"name":"Homepage"}]},{"@type":"WebSite","@id":"https:\/\/youcat.dev\/#website","url":"https:\/\/youcat.dev\/","name":"YOUCAT","description":"Der Glaube der katholischen Kirche: anschaulich erkl\u00e4rt, innovativ pr\u00e4sentiert, offiziell best\u00e4tigt.","potentialAction":[{"@type":"SearchAction","target":{"@type":"EntryPoint","urlTemplate":"https:\/\/youcat.dev\/?s={search_term_string}"},"query-input":"required name=search_term_string"}],"inLanguage":"pt-PT"}]}},"_links":{"self":[{"href":"https:\/\/youcat.dev\/pt\/wp-json\/wp\/v2\/pages\/36"}],"collection":[{"href":"https:\/\/youcat.dev\/pt\/wp-json\/wp\/v2\/pages"}],"about":[{"href":"https:\/\/youcat.dev\/pt\/wp-json\/wp\/v2\/types\/page"}],"author":[{"embeddable":true,"href":"https:\/\/youcat.dev\/pt\/wp-json\/wp\/v2\/users\/8"}],"replies":[{"embeddable":true,"href":"https:\/\/youcat.dev\/pt\/wp-json\/wp\/v2\/comments?post=36"}],"version-history":[{"count":166,"href":"https:\/\/youcat.dev\/pt\/wp-json\/wp\/v2\/pages\/36\/revisions"}],"predecessor-version":[{"id":4518,"href":"https:\/\/youcat.dev\/pt\/wp-json\/wp\/v2\/pages\/36\/revisions\/4518"}],"wp:attachment":[{"href":"https:\/\/youcat.dev\/pt\/wp-json\/wp\/v2\/media?parent=36"}],"curies":[{"name":"wp","href":"https:\/\/api.w.org\/{rel}","templated":true}]}}