{"id":3667,"date":"2024-01-12T08:55:14","date_gmt":"2024-01-12T08:55:14","guid":{"rendered":"https:\/\/youcat.dev\/?page_id=3337"},"modified":"2024-01-22T07:05:13","modified_gmt":"2024-01-22T07:05:13","slug":"laudatio-meuser","status":"publish","type":"page","link":"https:\/\/youcat.dev\/pt\/laudatio-meuser\/","title":{"rendered":"Laudatio Meuser"},"content":{"rendered":"<a href=\"https:\/\/youcat.dev\/pt\/laudatio-meuser\/create-personal-greeting\/\" target=\"_self\" itemprop=\"url\" rel=\"noopener\">\n\t\t\t\t<img loading=\"lazy\" decoding=\"async\" src=\"https:\/\/youcat.dev\/wp-content\/uploads\/2024\/01\/youcat_meuser.webp\" alt=\"youcat_meuser\" itemprop=\"image\" height=\"780\" width=\"780\" title=\"youcat_meuser\" onerror=\"this.style.display='none'\"  \/>\n\t\t\t\t<\/a>\n\t\t<p>Laudatio<\/p>\n<h1>Despedida de Bernhard Meuser, principal autor, editor, publicista e \u201cpai\u201d do YOUCAT<\/h1>\n<p>Our admiration and deepest thanks go to Bernhard Meuser, whose thirteen years of work as the &#8220;father&#8221; of YOUCAT, chief author, publisher and managing director have significantly shaped the YOUCAT Foundation.<\/p>\n<p>The YOUCAT publications are not simply books. Rather, they build bridges between God and people, cultures, languages and hearts. Bernhard Meuser&#8217;s achievements were supported by an international community that listened to the guidance of the Holy Spirit, the words of Holy Scripture and the vitality of the Church&#8217;s tradition.<\/p>\n<p>In the coming weeks, we will be bidding farewell to Bernhard Meuser from active professional life. The fruits of his work, however, continue to have an impact &#8211; in over 60 languages.<\/p>\n<p>Querido Bernhard, agradecemos-te o teu incans\u00e1vel trabalho mission\u00e1rio.<\/p>\n<p>Com o nosso profundo reconhecimento e aprecia\u00e7\u00e3o,<\/p>\n<p><strong>A fam\u00edlia e comunidade YOUCAT<\/strong><\/p>\n\t\t\t<a href=\"https:\/\/youcat.dev\/pt\/laudatio-meuser\/create-personal-greeting\/\" target=\"_self\" rel=\"noopener\">\n\t\t\t\t\t\t\tCria a tua sauda\u00e7\u00e3o pessoal\n\t\t\t<\/a>\n            <img decoding=\"async\" src=\"\/wp-content\/uploads\/2024\/01\/YOUCAT_slider-1.webp\"\/>\n            <img decoding=\"async\" src=\"\/wp-content\/uploads\/2024\/01\/YOUCAT_slider-a.webp\"\/>\n            <img decoding=\"async\" src=\"\/wp-content\/uploads\/2024\/01\/YOUCAT_slider-2.webp\"\/>\n            <img decoding=\"async\" src=\"\/wp-content\/uploads\/2024\/01\/YOUCAT_slider-b.webp\"\/>\n            <img decoding=\"async\" src=\"\/wp-content\/uploads\/2024\/01\/YOUCAT_slider-3.webp\"\/>\n            <img decoding=\"async\" src=\"\/wp-content\/uploads\/2024\/01\/YOUCAT_slider-c.webp\"\/>\n            <img decoding=\"async\" src=\"\/wp-content\/uploads\/2023\/07\/docat-product-published.webp\"\/>\n            <img decoding=\"async\" src=\"\/wp-content\/uploads\/2024\/01\/YOUCAT_slider-d.webp\"\/>\n            <img decoding=\"async\" src=\"\/wp-content\/uploads\/2023\/07\/youcat-20180822-mobile.webp\"\/>\n            <img decoding=\"async\" src=\"\/wp-content\/uploads\/2024\/01\/YOUCAT_slider-e.webp\"\/>\n            <img decoding=\"async\" src=\"\/wp-content\/uploads\/2024\/01\/YOUCAT_slider-1.webp\"\/>\n            <img decoding=\"async\" src=\"\/wp-content\/uploads\/2024\/01\/YOUCAT_slider-a.webp\"\/>\n            <img decoding=\"async\" src=\"\/wp-content\/uploads\/2024\/01\/YOUCAT_slider-2.webp\"\/>\n            <img decoding=\"async\" src=\"\/wp-content\/uploads\/2024\/01\/YOUCAT_slider-b.webp\"\/>\n            <img decoding=\"async\" src=\"\/wp-content\/uploads\/2024\/01\/YOUCAT_slider-3.webp\"\/>\n            <img decoding=\"async\" src=\"\/wp-content\/uploads\/2024\/01\/YOUCAT_slider-c.webp\"\/>\n            <img decoding=\"async\" src=\"\/wp-content\/uploads\/2023\/07\/docat-product-published.webp\"\/>\n            <img decoding=\"async\" src=\"\/wp-content\/uploads\/2024\/01\/YOUCAT_slider-d.webp\"\/>\n            <img decoding=\"async\" src=\"\/wp-content\/uploads\/2023\/07\/youcat-20180822-mobile.webp\"\/>\n            <img decoding=\"async\" src=\"\/wp-content\/uploads\/2024\/01\/YOUCAT_slider-e.webp\"\/>\n<h2>\n\t\tCumprimento pessoal a Bernhard Meuser\n\t<\/h2>\n\t\t\t<a href=\"\/pt\/personal-greetings\/\" target=\"_self\" rel=\"noopener\">\n\t\t\t\t\t\t\tMostrar todos os cumprimentos\n\t\t\t<\/a>\n<h2>\n\t\tCRONOLOGIA DAS PUBLICA\u00c7\u00d5ES YOUCAT\n\t<\/h2>\n\t\t\t\t\t\t\t<p>2011 &#8211; YOUCAT Youth Catechism of the Catholic Church <\/p>\n\t\t\t\t\t\t\t<p>O guia completo para tudo o que precisas de saber sobre a f\u00e9 cat\u00f3lica.<\/p>\t\t\t\t\t\t\t\t\t\t\t\t\t\n\t\t\t\t\t\t\t<p>2014 &#8211; YOUCAT Youth Prayer Book<\/p>\n\t\t\t\t\t\t\t<p>This book supports an individual&#8217;s personal life of prayer and leads to a friendship with God.<\/p>\t\t\t\t\t\t\t\t\t\t\t\t\t\n\t\t\t\t\t\t\t<p>2014 &#8211; YOUCAT Confirmation<\/p>\n\t\t\t\t\t\t\t<p>Um curso de prepara\u00e7\u00e3o para o crisma para entusiasmar os jovens para os conte\u00fados da f\u00e9.<\/p>\t\t\t\t\t\t\t\t\t\t\t\t\t\n\t\t\t\t\t\t\t<p>2014 &#8211; YOUCAT Confession Update!<\/p>\n\t\t\t\t\t\t\t<p>Confiss\u00e3o! \u00c9 um companheiro no caminho para receber o Sacramento da Reconcilia\u00e7\u00e3o.<\/p>\t\t\t\t\t\t\t\t\t\t\t\t\t\n\t\t\t\t\t\t\t<p>2016 &#8211; DOCAT Social doctrine of the Catholic Church<\/p>\n\t\t\t\t\t\t\t<p>A receita cat\u00f3lica para um mundo melhor.<\/p>\t\t\t\t\t\t\t\t\t\t\t\t\t\n\t\t\t\t\t\t\t<p>2017 &#8211; YOUCAT Bible<\/p>\n\t\t\t\t\t\t\t<p>Sele\u00e7\u00e3o de passagens b\u00edblicas para jovens com o texto do 2017 Einheits\u00fcbersetzung revisto (tradu\u00e7\u00e3o estandardizada da B\u00edblia em alem\u00e3o).<\/p>\t\t\t\t\t\t\t\t\t\t\t\t\t\n\t\t\t\t\t\t\t<p>2018 &#8211; YOUCAT for kids<\/p>\n\t\t\t\t\t\t\t<p>YOUCAT para crian\u00e7as \u00e9 um livro convidativo e de f\u00e1cil compreens\u00e3o que introduz aos ensinamentos da Igreja Cat\u00f3lica, adequado para crian\u00e7as (8-12 anos de idade) e pais.<\/p>\t\t\t\t\t\t\t\t\t\t\t\t\t\n\t\t\t\t\t\t\t<p>2019 &#8211; YOUCAT Faith Course<\/p>\n\t\t\t\t\t\t\t<p>Uma vis\u00e3o aprofundada sobre a f\u00e9 cat\u00f3lica que encoraja a reflex\u00e3o e discuss\u00e3o sobre a f\u00e9.<\/p>\t\t\t\t\t\t\t\t\t\t\t\t\t\n\t\t\t\t\t\t\t<p>2023 &#8211; DIALOGICAL CATECHESIS &#8211; An Innovative Concept for Practice<\/p>\n\t\t\t\t\t\t\t<p>Um guia pr\u00e1tico de metodologia e pr\u00e1tica da catequese moderna.<\/p>\t\t\t\t\t\t\t\t\t\t\t\t\t\n\t\t\t\t\t\t\t<p>2024 &#8211; YOUCAT Love Forever<\/p>\n\t\t\t\t\t\t\t<p>Dispon\u00edvel em breve<\/p>\t\t\t\t\t\t\t\t\t\t\t\t\t\n\t\t\t<a href=\"https:\/\/youcat.dev\/pt\/laudatio-meuser\/create-personal-greeting\/\" target=\"_self\" rel=\"noopener\">\n\t\t\t\t\t\t\tCria a tua sauda\u00e7\u00e3o pessoal\n\t\t\t<\/a>","protected":false},"excerpt":{"rendered":"<p>Laudatio Solemn farewell to Bernhard Meuser, the father of YOUCAT Our admiration and deepest thanks go to Bernhard Meuser, whose thirteen years of work as the &#8220;father&#8221; of YOUCAT, chief author, publisher and managing director have significantly shaped the YOUCAT Foundation. The YOUCAT publications are not simply books. Rather, they build bridges between God and&hellip;<\/p>","protected":false},"author":7,"featured_media":0,"parent":0,"menu_order":0,"comment_status":"closed","ping_status":"closed","template":"","meta":{"_acf_changed":false,"inline_featured_image":false,"footnotes":""},"acf":[],"yoast_head":"<!-- This site is optimized with the Yoast SEO plugin v22.5 - https:\/\/yoast.com\/wordpress\/plugins\/seo\/ -->\n<title>Laudatio Meuser - YOUCAT<\/title>\n<meta name=\"robots\" content=\"noindex, follow, max-snippet:-1, max-image-preview:large, max-video-preview:-1\" \/>\n<meta property=\"og:locale\" content=\"pt_PT\" \/>\n<meta property=\"og:type\" content=\"article\" \/>\n<meta property=\"og:title\" content=\"Laudatio Meuser - YOUCAT\" \/>\n<meta property=\"og:description\" content=\"Laudatio Solemn farewell to Bernhard Meuser, the father of YOUCAT Our admiration and deepest thanks go to Bernhard Meuser, whose thirteen years of work as the &#8220;father&#8221; of YOUCAT, chief author, publisher and managing director have significantly shaped the YOUCAT Foundation. The YOUCAT publications are not simply books. Rather, they build bridges between God and&hellip;\" \/>\n<meta property=\"og:url\" content=\"https:\/\/youcat.dev\/pt\/laudatio-meuser\/\" \/>\n<meta property=\"og:site_name\" content=\"YOUCAT\" \/>\n<meta property=\"article:modified_time\" content=\"2024-01-22T07:05:13+00:00\" \/>\n<meta property=\"og:image\" content=\"https:\/\/youcat.dev\/wp-content\/uploads\/2024\/01\/youcat_meuser.webp\" \/>\n<meta name=\"twitter:card\" content=\"summary_large_image\" \/>\n<meta name=\"twitter:label1\" content=\"Tempo estimado de leitura\" \/>\n\t<meta name=\"twitter:data1\" content=\"4 minutos\" \/>\n<script type=\"application\/ld+json\" class=\"yoast-schema-graph\">{\"@context\":\"https:\/\/schema.org\",\"@graph\":[{\"@type\":\"WebPage\",\"@id\":\"https:\/\/youcat.dev\/laudatio-meuser\/\",\"url\":\"https:\/\/youcat.dev\/laudatio-meuser\/\",\"name\":\"Laudatio Meuser - YOUCAT\",\"isPartOf\":{\"@id\":\"https:\/\/youcat.dev\/#website\"},\"primaryImageOfPage\":{\"@id\":\"https:\/\/youcat.dev\/laudatio-meuser\/#primaryimage\"},\"image\":{\"@id\":\"https:\/\/youcat.dev\/laudatio-meuser\/#primaryimage\"},\"thumbnailUrl\":\"https:\/\/youcat.dev\/wp-content\/uploads\/2024\/01\/youcat_meuser.webp\",\"datePublished\":\"2024-01-12T08:55:14+00:00\",\"dateModified\":\"2024-01-22T07:05:13+00:00\",\"breadcrumb\":{\"@id\":\"https:\/\/youcat.dev\/laudatio-meuser\/#breadcrumb\"},\"inLanguage\":\"pt-PT\",\"potentialAction\":[{\"@type\":\"ReadAction\",\"target\":[\"https:\/\/youcat.dev\/laudatio-meuser\/\"]}]},{\"@type\":\"ImageObject\",\"inLanguage\":\"pt-PT\",\"@id\":\"https:\/\/youcat.dev\/laudatio-meuser\/#primaryimage\",\"url\":\"https:\/\/youcat.dev\/wp-content\/uploads\/2024\/01\/youcat_meuser.webp\",\"contentUrl\":\"https:\/\/youcat.dev\/wp-content\/uploads\/2024\/01\/youcat_meuser.webp\"},{\"@type\":\"BreadcrumbList\",\"@id\":\"https:\/\/youcat.dev\/laudatio-meuser\/#breadcrumb\",\"itemListElement\":[{\"@type\":\"ListItem\",\"position\":1,\"name\":\"\",\"item\":\"https:\/\/youcat.dev\/\"},{\"@type\":\"ListItem\",\"position\":2,\"name\":\"Laudatio Meuser\"}]},{\"@type\":\"WebSite\",\"@id\":\"https:\/\/youcat.dev\/#website\",\"url\":\"https:\/\/youcat.dev\/\",\"name\":\"YOUCAT\",\"description\":\"Der Glaube der katholischen Kirche: anschaulich erkl\u00e4rt, innovativ pr\u00e4sentiert, offiziell best\u00e4tigt.\",\"potentialAction\":[{\"@type\":\"SearchAction\",\"target\":{\"@type\":\"EntryPoint\",\"urlTemplate\":\"https:\/\/youcat.dev\/?s={search_term_string}\"},\"query-input\":\"required name=search_term_string\"}],\"inLanguage\":\"pt-PT\"}]}<\/script>\n<!-- \/ Yoast SEO plugin. -->","yoast_head_json":{"title":"Laudatio Meuser - YOUCAT","robots":{"index":"noindex","follow":"follow","max-snippet":"max-snippet:-1","max-image-preview":"max-image-preview:large","max-video-preview":"max-video-preview:-1"},"og_locale":"pt_PT","og_type":"article","og_title":"Laudatio Meuser - YOUCAT","og_description":"Laudatio Solemn farewell to Bernhard Meuser, the father of YOUCAT Our admiration and deepest thanks go to Bernhard Meuser, whose thirteen years of work as the &#8220;father&#8221; of YOUCAT, chief author, publisher and managing director have significantly shaped the YOUCAT Foundation. The YOUCAT publications are not simply books. Rather, they build bridges between God and&hellip;","og_url":"https:\/\/youcat.dev\/pt\/laudatio-meuser\/","og_site_name":"YOUCAT","article_modified_time":"2024-01-22T07:05:13+00:00","og_image":[{"url":"https:\/\/youcat.dev\/wp-content\/uploads\/2024\/01\/youcat_meuser.webp"}],"twitter_card":"summary_large_image","twitter_misc":{"Tempo estimado de leitura":"4 minutos"},"schema":{"@context":"https:\/\/schema.org","@graph":[{"@type":"WebPage","@id":"https:\/\/youcat.dev\/laudatio-meuser\/","url":"https:\/\/youcat.dev\/laudatio-meuser\/","name":"Laudatio Meuser - YOUCAT","isPartOf":{"@id":"https:\/\/youcat.dev\/#website"},"primaryImageOfPage":{"@id":"https:\/\/youcat.dev\/laudatio-meuser\/#primaryimage"},"image":{"@id":"https:\/\/youcat.dev\/laudatio-meuser\/#primaryimage"},"thumbnailUrl":"https:\/\/youcat.dev\/wp-content\/uploads\/2024\/01\/youcat_meuser.webp","datePublished":"2024-01-12T08:55:14+00:00","dateModified":"2024-01-22T07:05:13+00:00","breadcrumb":{"@id":"https:\/\/youcat.dev\/laudatio-meuser\/#breadcrumb"},"inLanguage":"pt-PT","potentialAction":[{"@type":"ReadAction","target":["https:\/\/youcat.dev\/laudatio-meuser\/"]}]},{"@type":"ImageObject","inLanguage":"pt-PT","@id":"https:\/\/youcat.dev\/laudatio-meuser\/#primaryimage","url":"https:\/\/youcat.dev\/wp-content\/uploads\/2024\/01\/youcat_meuser.webp","contentUrl":"https:\/\/youcat.dev\/wp-content\/uploads\/2024\/01\/youcat_meuser.webp"},{"@type":"BreadcrumbList","@id":"https:\/\/youcat.dev\/laudatio-meuser\/#breadcrumb","itemListElement":[{"@type":"ListItem","position":1,"name":"","item":"https:\/\/youcat.dev\/"},{"@type":"ListItem","position":2,"name":"Laudatio Meuser"}]},{"@type":"WebSite","@id":"https:\/\/youcat.dev\/#website","url":"https:\/\/youcat.dev\/","name":"YOUCAT","description":"Der Glaube der katholischen Kirche: anschaulich erkl\u00e4rt, innovativ pr\u00e4sentiert, offiziell best\u00e4tigt.","potentialAction":[{"@type":"SearchAction","target":{"@type":"EntryPoint","urlTemplate":"https:\/\/youcat.dev\/?s={search_term_string}"},"query-input":"required name=search_term_string"}],"inLanguage":"pt-PT"}]}},"_links":{"self":[{"href":"https:\/\/youcat.dev\/pt\/wp-json\/wp\/v2\/pages\/3667"}],"collection":[{"href":"https:\/\/youcat.dev\/pt\/wp-json\/wp\/v2\/pages"}],"about":[{"href":"https:\/\/youcat.dev\/pt\/wp-json\/wp\/v2\/types\/page"}],"author":[{"embeddable":true,"href":"https:\/\/youcat.dev\/pt\/wp-json\/wp\/v2\/users\/7"}],"replies":[{"embeddable":true,"href":"https:\/\/youcat.dev\/pt\/wp-json\/wp\/v2\/comments?post=3667"}],"version-history":[{"count":19,"href":"https:\/\/youcat.dev\/pt\/wp-json\/wp\/v2\/pages\/3667\/revisions"}],"predecessor-version":[{"id":4022,"href":"https:\/\/youcat.dev\/pt\/wp-json\/wp\/v2\/pages\/3667\/revisions\/4022"}],"wp:attachment":[{"href":"https:\/\/youcat.dev\/pt\/wp-json\/wp\/v2\/media?parent=3667"}],"curies":[{"name":"wp","href":"https:\/\/api.w.org\/{rel}","templated":true}]}}